{"id":298,"date":"2017-07-03T11:11:52","date_gmt":"2017-07-03T11:11:52","guid":{"rendered":"http:\/\/www.enka.com\/foundation\/schools\/adapazari\/?page_id=298\/"},"modified":"2022-12-15T13:52:33","modified_gmt":"2022-12-15T10:52:33","slug":"school-parents-union","status":"publish","type":"page","link":"https:\/\/www.enka.k12.tr\/adapazari\/en\/schools\/middle-school\/school-parents-union\/","title":{"rendered":"SCHOOL PARENTS UNION"},"content":{"rendered":"<div class=\"wpb-content-wrapper\"><p>[vc_row][vc_column]<div id=\"ultimate-heading-744969e11bb0920f6\" class=\"uvc-heading ult-adjust-bottom-margin ultimate-heading-744969e11bb0920f6 uvc-2010 \" data-hspacer=\"line_with_icon\" data-hline_width=\"auto\" data-hicon_type=\"custom\" data-hborder_style=\"solid\" data-hborder_height=\"3\" data-hborder_color=\"#69b3e7\" data-icon_width=\"200\" data-hfixer=\"30\"  data-halign=\"center\" style=\"text-align:center\"><div class=\"uvc-heading-spacer line_with_icon\" style=\"top\"><div class=\"ult-just-icon-wrapper  \"><div class=\"align-icon\" style=\"text-align:center;\">\n<div class=\"aio-icon-img \" style=\"font-size:200px;display:inline-block;\" >\n\t<img decoding=\"async\" class=\"img-icon\" alt=\"null\" src=\"https:\/\/www.enka.k12.tr\/adapazari\/wp-content\/uploads\/2021\/03\/enka_schools_log_new.jpg\"\/>\n<\/div><\/div><\/div><\/div><div class=\"uvc-sub-heading ult-responsive\"  data-ultimate-target='.uvc-heading.ultimate-heading-744969e11bb0920f6 .uvc-sub-heading '  data-responsive-json-new='{\"font-size\":\"\",\"line-height\":\"\"}'  style=\"font-weight:normal;\"><br \/>\n<\/div><\/div><div class=\"ult-spacer spacer-69e11bb09216f\" data-id=\"69e11bb09216f\" data-height=\"30\" data-height-mobile=\"\" data-height-tab=\"20\" data-height-tab-portrait=\"\" data-height-mobile-landscape=\"10\" style=\"clear:both;display:block;\"><\/div>[\/vc_column][\/vc_row][vc_row][vc_column]<div id=\"ultimate-heading-779569e11bb0921c4\" class=\"uvc-heading ult-adjust-bottom-margin ultimate-heading-779569e11bb0921c4 uvc-8891 \" data-hspacer=\"line_only\"  data-halign=\"left\" style=\"text-align:left\"><div class=\"uvc-main-heading ult-responsive\"  data-ultimate-target='.uvc-heading.ultimate-heading-779569e11bb0921c4 h2'  data-responsive-json-new='{\"font-size\":\"\",\"line-height\":\"\"}' ><h2 style=\"font-weight:normal;margin-top:20px;\">PARENT-TEACHER<\/h2><\/div><div class=\"uvc-sub-heading ult-responsive\"  data-ultimate-target='.uvc-heading.ultimate-heading-779569e11bb0921c4 .uvc-sub-heading '  data-responsive-json-new='{\"font-size\":\"\",\"line-height\":\"\"}'  style=\"font-weight:normal;\"><span style=\"color: #69b3e7;\">ASSOCIATION\u00a0<\/span><\/div><div class=\"uvc-heading-spacer line_only\" style=\"topheight:3px;\"><span class=\"uvc-headings-line\" style=\"border-style:solid;border-bottom-width:3px;border-color:#000000;width:100px;\"><\/span><\/div><\/div><div class=\"ult-spacer spacer-69e11bb09223b\" data-id=\"69e11bb09223b\" data-height=\"30\" data-height-mobile=\"\" data-height-tab=\"20\" data-height-tab-portrait=\"\" data-height-mobile-landscape=\"10\" style=\"clear:both;display:block;\"><\/div>[\/vc_column][\/vc_row][vc_row][vc_column][vc_column_text]School, family and students are the building blocks of education systems. It is only possible for students to become successful and happy individuals through the healthy communication and cooperation of these building blocks.<\/p>\n<p>PTA, which acts as a bridge between parents and school administration of ENKA Schools, continues its activities in accordance with the MEB School Parent Association Regulation and the philosophy of our school. The board of PTA consists of full and alternate members elected at the beginning of the academic year.<\/p>\n<p>PTA cooperates with the school administration, teachers, parents and families in order to educate students in line with the General Purposes and Basic Principles of Turkish National Education and Atat\u00fcrk\u2019s Revolution and Principles. It supports the integration between school and family. It also organizes \u201cWelcome back to school\u201d, \u201cHello to Summer\u201d, Teachers\u2019 Day gatherings, 8 March International Women\u2019s Day, 1 May Labor and Solidarity Day activities, and New Year celebrations that bring parents and teachers closer.\u00a0 It conducts long-term projects to improve the environment of our school. One of these works is \u015ear\u0131k Tara Memorial Grove, which was opened on May 20, 2019.\u00a0 Aiming to leave a legacy of clean and healthy breaths to future generations, PTA has also immortalized the name of our school\u2019s founder, \u015ear\u0131k Tara.<\/p>\n<p>Tekin Aydemir became the President of the Adapazar\u0131 ENKA Middle School PTA for the 2022-2022 Academic Year with the election held on Wednesday, 09.11.2022.PTA awaits your support and suggestions. You can send your comments and suggestions to\u00a0\u00a0<a href=\"mailto:yeliz_avci@yahoo.com\"><strong>yeliz_avci@yahoo.com<\/strong><\/a><\/p>\n<p>The names of PTA members are as follows:<\/p>\n<table width=\"0\">\n<tbody>\n<tr>\n<td width=\"46\"><strong>No<\/strong><\/td>\n<td width=\"179\"><strong>Veli Ad\u0131 Soyad\u0131<\/strong><\/td>\n<\/tr>\n<tr>\n<td width=\"46\"><strong>1<\/strong><\/td>\n<td width=\"179\"><strong>YEL\u0130Z AVCI<\/strong><\/td>\n<\/tr>\n<tr>\n<td width=\"46\"><strong>2<\/strong><\/td>\n<td width=\"179\"><strong>CEM BURAK KAHRAMAN<\/strong><\/td>\n<\/tr>\n<tr>\n<td width=\"46\"><strong>3<\/strong><\/td>\n<td width=\"179\"><strong>BUR\u00c7AK TA\u015e\u00d6Z<\/strong><\/td>\n<\/tr>\n<tr>\n<td width=\"46\"><strong>4<\/strong><\/td>\n<td width=\"179\"><strong>\u015eEN\u0130Z ATAN<\/strong><\/td>\n<\/tr>\n<tr>\n<td width=\"46\"><strong>5<\/strong><\/td>\n<td width=\"179\"><strong>\u00d6ZLEM BAYRAK<\/strong><\/td>\n<\/tr>\n<tr>\n<td width=\"46\"><strong>6<\/strong><\/td>\n<td width=\"179\"><strong>NURAY YILMAZ<\/strong><\/td>\n<\/tr>\n<tr>\n<td width=\"46\"><strong>7<\/strong><\/td>\n<td width=\"179\"><strong>DERYA TU\u011eRUL<\/strong><\/td>\n<\/tr>\n<tr>\n<td width=\"46\"><strong>8<\/strong><\/td>\n<td width=\"179\"><strong>YASEM\u0130N MERT<\/strong><\/td>\n<\/tr>\n<tr>\n<td width=\"46\"><strong>9<\/strong><\/td>\n<td width=\"179\"><strong>SEVCAN DALKAN<\/strong><\/td>\n<\/tr>\n<tr>\n<td width=\"46\"><strong>10<\/strong><\/td>\n<td width=\"179\"><strong>SEMRA HARMANDAR<\/strong><\/td>\n<\/tr>\n<tr>\n<td width=\"46\"><strong>11<\/strong><\/td>\n<td width=\"179\"><strong>\u00d6ZGE GERDAN<\/strong><\/td>\n<\/tr>\n<tr>\n<td width=\"46\"><strong>12<\/strong><\/td>\n<td width=\"179\"><strong>YAL\u00c7IN KARABAYIR<\/strong><\/td>\n<\/tr>\n<tr>\n<td width=\"46\"><strong>13<\/strong><\/td>\n<td width=\"179\"><strong>MEHMET I\u015eIK<\/strong><\/td>\n<\/tr>\n<tr>\n<td width=\"46\"><strong>14<\/strong><\/td>\n<td width=\"179\"><strong>\u00d6V\u00dcN BA\u015eT\u00dcRK<\/strong><\/td>\n<\/tr>\n<tr>\n<td width=\"46\"><strong>15<\/strong><\/td>\n<td width=\"179\"><strong>FULYA G\u00dcRE\u015e\u0130N<\/strong><\/td>\n<\/tr>\n<tr>\n<td width=\"46\"><strong>16<\/strong><\/td>\n<td width=\"179\"><strong>\u0130LKNUR Y\u00dcCEL<\/strong><\/td>\n<\/tr>\n<tr>\n<td width=\"46\"><strong>17<\/strong><\/td>\n<td width=\"179\"><strong>OLGU SAN<\/strong><\/td>\n<\/tr>\n<\/tbody>\n<\/table>\n<p>[\/vc_column_text][\/vc_column][\/vc_row]<\/p>\n<\/div>","protected":false},"excerpt":{"rendered":"<p>[vc_row][vc_column][\/vc_column][\/vc_row][vc_row][vc_column][\/vc_column][\/vc_row][vc_row][vc_column][vc_column_text]School, family and students are the building blocks of education systems. It is only possible for students to become successful and happy individuals through the healthy communication and cooperation of these building blocks. PTA, which acts as a bridge between parents and school administration of ENKA Schools, continues its activities in accordance with the MEB School Parent Association Regulation and the philosophy of our school&#8230;.<\/p>\n","protected":false},"author":2,"featured_media":1265,"parent":251,"menu_order":0,"comment_status":"closed","ping_status":"closed","template":"","meta":{"_acf_changed":false,"om_disable_all_campaigns":false,"inline_featured_image":false,"_monsterinsights_skip_tracking":false,"_monsterinsights_sitenote_active":false,"_monsterinsights_sitenote_note":"","_monsterinsights_sitenote_category":0,"footnotes":""},"class_list":["post-298","page","type-page","status-publish","has-post-thumbnail","hentry","custom-post-type-entry"],"aioseo_notices":[],"acf":[],"_links":{"self":[{"href":"https:\/\/www.enka.k12.tr\/adapazari\/en\/wp-json\/wp\/v2\/pages\/298","targetHints":{"allow":["GET"]}}],"collection":[{"href":"https:\/\/www.enka.k12.tr\/adapazari\/en\/wp-json\/wp\/v2\/pages"}],"about":[{"href":"https:\/\/www.enka.k12.tr\/adapazari\/en\/wp-json\/wp\/v2\/types\/page"}],"author":[{"embeddable":true,"href":"https:\/\/www.enka.k12.tr\/adapazari\/en\/wp-json\/wp\/v2\/users\/2"}],"replies":[{"embeddable":true,"href":"https:\/\/www.enka.k12.tr\/adapazari\/en\/wp-json\/wp\/v2\/comments?post=298"}],"version-history":[{"count":0,"href":"https:\/\/www.enka.k12.tr\/adapazari\/en\/wp-json\/wp\/v2\/pages\/298\/revisions"}],"up":[{"embeddable":true,"href":"https:\/\/www.enka.k12.tr\/adapazari\/en\/wp-json\/wp\/v2\/pages\/251"}],"wp:featuredmedia":[{"embeddable":true,"href":"https:\/\/www.enka.k12.tr\/adapazari\/en\/wp-json\/wp\/v2\/media\/1265"}],"wp:attachment":[{"href":"https:\/\/www.enka.k12.tr\/adapazari\/en\/wp-json\/wp\/v2\/media?parent=298"}],"curies":[{"name":"wp","href":"https:\/\/api.w.org\/{rel}","templated":true}]}}