{"id":322,"date":"2017-07-03T11:24:57","date_gmt":"2017-07-03T08:24:57","guid":{"rendered":"http:\/\/www.enka.com\/foundation\/schools\/adapazari\/?page_id=322\/"},"modified":"2022-01-27T11:59:43","modified_gmt":"2022-01-27T08:59:43","slug":"parent-teacher-association","status":"publish","type":"page","link":"https:\/\/www.enka.k12.tr\/adapazari\/en\/schools\/high-school\/parent-teacher-association\/","title":{"rendered":"PARENT-TEACHER ASSOCIATION"},"content":{"rendered":"<div class=\"wpb-content-wrapper\"><p>[vc_row][vc_column]<div id=\"ultimate-heading-42966a02791f4be82\" class=\"uvc-heading ult-adjust-bottom-margin ultimate-heading-42966a02791f4be82 uvc-5276 \" data-hspacer=\"line_with_icon\" data-hline_width=\"auto\" data-hicon_type=\"custom\" data-hborder_style=\"solid\" data-hborder_height=\"3\" data-hborder_color=\"#69b3e7\" data-icon_width=\"200\" data-hfixer=\"30\"  data-halign=\"center\" style=\"text-align:center\"><div class=\"uvc-heading-spacer line_with_icon\" style=\"top\"><div class=\"ult-just-icon-wrapper  \"><div class=\"align-icon\" style=\"text-align:center;\">\n<div class=\"aio-icon-img \" style=\"font-size:200px;display:inline-block;\" >\n\t<img decoding=\"async\" class=\"img-icon\" alt=\"null\" src=\"https:\/\/www.enka.k12.tr\/adapazari\/wp-content\/uploads\/2021\/03\/enka_schools_log_new.jpg\"\/>\n<\/div><\/div><\/div><\/div><div class=\"uvc-sub-heading ult-responsive\"  data-ultimate-target='.uvc-heading.ultimate-heading-42966a02791f4be82 .uvc-sub-heading '  data-responsive-json-new='{\"font-size\":\"\",\"line-height\":\"\"}'  style=\"font-weight:normal;\"><br \/>\n<\/div><\/div><div class=\"ult-spacer spacer-6a02791f4beea\" data-id=\"6a02791f4beea\" data-height=\"30\" data-height-mobile=\"\" data-height-tab=\"20\" data-height-tab-portrait=\"\" data-height-mobile-landscape=\"10\" style=\"clear:both;display:block;\"><\/div>[\/vc_column][\/vc_row][vc_row gap=&#8221;30&#8243; padding_top=&#8221;40px&#8221; padding_bottom=&#8221;0px&#8221; padding_left=&#8221;10px&#8221; padding_right=&#8221;10px&#8221; bg_type=&#8221;bg_color&#8221; bg_color_value=&#8221;rgba(247,247,247,0.8)&#8221;][vc_column padding_right=&#8221;10px&#8221;]<div id=\"ultimate-heading-49776a02791f4bf46\" class=\"uvc-heading ult-adjust-bottom-margin ultimate-heading-49776a02791f4bf46 uvc-7809 \" data-hspacer=\"line_only\"  data-halign=\"left\" style=\"text-align:left\"><div class=\"uvc-main-heading ult-responsive\"  data-ultimate-target='.uvc-heading.ultimate-heading-49776a02791f4bf46 h2'  data-responsive-json-new='{\"font-size\":\"desktop:20px;\",\"line-height\":\"desktop:50px;\"}' ><h2 style=\"font-weight:normal;color:#000000;\">PARENT-TEACHER<\/h2><\/div><div class=\"uvc-sub-heading ult-responsive\"  data-ultimate-target='.uvc-heading.ultimate-heading-49776a02791f4bf46 .uvc-sub-heading '  data-responsive-json-new='{\"font-size\":\"desktop:50px;tablet:48px;tablet_portrait:46px;mobile_landscape:44px;mobile:42px;\",\"line-height\":\"desktop:50px;tablet:48px;tablet_portrait:46px;mobile_landscape:44px;mobile:42px;\"}'  style=\"font-weight:bold;color:#000000;\"><span style=\"color: #69b3e7;\">ASSOCIATION\u00a0<\/span><\/div><div class=\"uvc-heading-spacer line_only\" style=\"margin-top:10px;height:3px;\"><span class=\"uvc-headings-line\" style=\"border-style:solid;border-bottom-width:3px;border-color:#69b3e7;width:100px;\"><\/span><\/div><\/div>[\/vc_column][\/vc_row][vc_row gap=&#8221;30&#8243; padding_top=&#8221;40px&#8221; padding_bottom=&#8221;0px&#8221; padding_left=&#8221;10px&#8221; padding_right=&#8221;10px&#8221; bg_type=&#8221;bg_color&#8221; bg_color_value=&#8221;rgba(247,247,247,0.8)&#8221;][vc_column padding_left=&#8221;0&#8243;][vc_column_text]<\/p>\n<p style=\"text-align: justify;\">School, family and students are the building blocks of education systems. It is only possible for students to become successful and happy individuals through the healthy communication and cooperation of these building blocks.<\/p>\n<p style=\"text-align: justify;\">PTA, which acts as a bridge between parents and school administration of ENKA Schools, continues its activities in accordance with the MEB School Parent Association Regulation and the philosophy of our school. The board of PTA consists of full and alternate members elected at the beginning of the academic year.<\/p>\n<p style=\"text-align: justify;\">PTA cooperates with the school administration, teachers, parents and families in order to educate students in line with the General Purposes and Basic Principles of Turkish National Education and Atat\u00fcrk&#8217;s Revolution and Principles. It supports the integration between school and family. It also organizes &#8220;Welcome back to school&#8221;, &#8220;Hello to Summer&#8221;, Teachers&#8217; Day gatherings, 8 March International Women&#8217;s Day, 1 May Labor and Solidarity Day activities, and New Year celebrations that bring parents and teachers closer.\u00a0 It conducts long-term projects to improve the environment of our school. One of these works is \u015ear\u0131k Tara Memorial Grove, which was opened on May 20, 2019.\u00a0 Aiming to leave a legacy of clean and healthy breaths to future generations, PTA has also immortalized the name of our school&#8217;s founder, \u015ear\u0131k Tara.<\/p>\n<p style=\"text-align: justify;\">Tekin Aydemir became the President of the Adapazar\u0131 ENKA High School PTA for the 2021-2022 Academic Year with the election held on Thursday, 21.10.2021.PTA awaits your support and suggestions. You can send your comments and suggestions to\u00a0 <strong>aydemirtekin@hotmail.com<\/strong><\/p>\n<p style=\"text-align: justify;\">The names of PTA members and their email addresses are as follows:<\/p>\n<p>&nbsp;<\/p>\n<table width=\"0\">\n<tbody>\n<tr>\n<td width=\"64\"><strong>No<\/strong><\/td>\n<td width=\"276\"><strong>Name &amp; Surname<br \/>\n<\/strong><\/td>\n<td width=\"345\"><strong>E-mail<\/strong><\/td>\n<\/tr>\n<tr>\n<td width=\"46\"><strong>1<\/strong><\/td>\n<td width=\"179\"><strong>TEK\u0130N AYDEM\u0130R<\/strong><\/td>\n<td width=\"288\"><a href=\"mailto:aydemirtekin@hotmail.com\"><strong>aydemirtekin@hotmail.com<\/strong><\/a><\/td>\n<\/tr>\n<tr>\n<td width=\"46\"><strong>2<\/strong><\/td>\n<td width=\"179\"><strong>NURHAN \u00d6ZTOPALO\u011eLU<\/strong><\/td>\n<td width=\"288\"><a href=\"mailto:noztopalogluu@gmail.com\"><strong>noztopalogluu@gmail.com<\/strong><\/a><\/td>\n<\/tr>\n<tr>\n<td width=\"46\"><strong>3<\/strong><\/td>\n<td width=\"179\"><strong>EL\u0130F \u00d6ZCAN<\/strong><\/td>\n<td width=\"288\"><a href=\"mailto:elifzeynepozcan@hotmail.com\"><strong>elifzeynepozcan@hotmail.com<\/strong><\/a><\/td>\n<\/tr>\n<tr>\n<td width=\"46\"><strong>4<\/strong><\/td>\n<td width=\"179\"><strong>\u015eEN\u0130Z ATAN<\/strong><\/td>\n<td width=\"288\"><a href=\"mailto:shuseniz@hotmail.com\"><strong>shuseniz@hotmail.com<\/strong><\/a><\/td>\n<\/tr>\n<tr>\n<td width=\"46\"><strong>5<\/strong><\/td>\n<td width=\"179\"><strong>HAKAN SARI<\/strong><\/td>\n<td width=\"288\"><a href=\"mailto:hakan.sari79@hotmail.com\"><strong>hakan.sari79@hotmail.com<\/strong><\/a><\/td>\n<\/tr>\n<tr>\n<td width=\"46\"><strong>6<\/strong><\/td>\n<td width=\"179\"><strong>MERAL DEM\u0130RC\u0130O\u011eLU<\/strong><\/td>\n<td width=\"288\"><a href=\"mailto:cdemirciogluenka@gmail.com\"><strong>cdemirciogluenka@gmail.com<\/strong><\/a><\/td>\n<\/tr>\n<tr>\n<td width=\"46\"><strong>7<\/strong><\/td>\n<td width=\"179\"><strong>\u015e\u0130R\u0130N SERTOK<\/strong><\/td>\n<td width=\"288\"><a href=\"mailto:sirin-safamurat@hotmail.com\"><strong>sirin-safamurat@hotmail.com<\/strong><\/a><\/td>\n<\/tr>\n<tr>\n<td width=\"46\"><strong>8<\/strong><\/td>\n<td width=\"179\"><strong>E\u015e\u0130N S\u00d6NMEZ<\/strong><\/td>\n<td width=\"288\"><a href=\"mailto:esinsonmez@gmail.com\"><strong>esinsonmez@gmail.com<\/strong><\/a><\/td>\n<\/tr>\n<tr>\n<td width=\"46\"><strong>9<\/strong><\/td>\n<td width=\"179\"><strong>MEL\u0130S \u00c7AKAN<\/strong><\/td>\n<td width=\"288\"><a href=\"mailto:drmeliscakan@gmail.com\"><strong>drmeliscakan@gmail.com<\/strong><\/a><\/td>\n<\/tr>\n<\/tbody>\n<\/table>\n<p>[\/vc_column_text]<div class=\"ult-spacer spacer-6a02791f4bfb8\" data-id=\"6a02791f4bfb8\" data-height=\"30\" data-height-mobile=\"10\" data-height-tab=\"20\" data-height-tab-portrait=\"\" data-height-mobile-landscape=\"\" style=\"clear:both;display:block;\"><\/div>[\/vc_column][\/vc_row]<\/p>\n<\/div>","protected":false},"excerpt":{"rendered":"<p>[vc_row][vc_column][\/vc_column][\/vc_row][vc_row gap=&#8221;30&#8243; padding_top=&#8221;40px&#8221; padding_bottom=&#8221;0px&#8221; padding_left=&#8221;10px&#8221; padding_right=&#8221;10px&#8221; bg_type=&#8221;bg_color&#8221; bg_color_value=&#8221;rgba(247,247,247,0.8)&#8221;][vc_column padding_right=&#8221;10px&#8221;][\/vc_column][\/vc_row][vc_row gap=&#8221;30&#8243; padding_top=&#8221;40px&#8221; padding_bottom=&#8221;0px&#8221; padding_left=&#8221;10px&#8221; padding_right=&#8221;10px&#8221; bg_type=&#8221;bg_color&#8221; bg_color_value=&#8221;rgba(247,247,247,0.8)&#8221;][vc_column padding_left=&#8221;0&#8243;][vc_column_text] School, family and students are the building blocks of education systems. It is only possible for students to become successful and happy individuals through the healthy communication and cooperation of these building blocks. PTA, which acts as a bridge between parents and school administration of ENKA Schools, continues&#8230;<\/p>\n","protected":false},"author":2,"featured_media":1239,"parent":305,"menu_order":0,"comment_status":"closed","ping_status":"closed","template":"","meta":{"_acf_changed":false,"om_disable_all_campaigns":false,"inline_featured_image":false,"_monsterinsights_skip_tracking":false,"_monsterinsights_sitenote_active":false,"_monsterinsights_sitenote_note":"","_monsterinsights_sitenote_category":0,"footnotes":""},"class_list":["post-322","page","type-page","status-publish","has-post-thumbnail","hentry","custom-post-type-entry"],"aioseo_notices":[],"acf":[],"_links":{"self":[{"href":"https:\/\/www.enka.k12.tr\/adapazari\/en\/wp-json\/wp\/v2\/pages\/322","targetHints":{"allow":["GET"]}}],"collection":[{"href":"https:\/\/www.enka.k12.tr\/adapazari\/en\/wp-json\/wp\/v2\/pages"}],"about":[{"href":"https:\/\/www.enka.k12.tr\/adapazari\/en\/wp-json\/wp\/v2\/types\/page"}],"author":[{"embeddable":true,"href":"https:\/\/www.enka.k12.tr\/adapazari\/en\/wp-json\/wp\/v2\/users\/2"}],"replies":[{"embeddable":true,"href":"https:\/\/www.enka.k12.tr\/adapazari\/en\/wp-json\/wp\/v2\/comments?post=322"}],"version-history":[{"count":0,"href":"https:\/\/www.enka.k12.tr\/adapazari\/en\/wp-json\/wp\/v2\/pages\/322\/revisions"}],"up":[{"embeddable":true,"href":"https:\/\/www.enka.k12.tr\/adapazari\/en\/wp-json\/wp\/v2\/pages\/305"}],"wp:featuredmedia":[{"embeddable":true,"href":"https:\/\/www.enka.k12.tr\/adapazari\/en\/wp-json\/wp\/v2\/media\/1239"}],"wp:attachment":[{"href":"https:\/\/www.enka.k12.tr\/adapazari\/en\/wp-json\/wp\/v2\/media?parent=322"}],"curies":[{"name":"wp","href":"https:\/\/api.w.org\/{rel}","templated":true}]}}