{"id":34,"date":"2017-07-03T08:01:57","date_gmt":"2017-07-03T08:01:57","guid":{"rendered":"http:\/\/www.enka.com\/foundation\/schools\/adapazari\/?page_id=34"},"modified":"2021-03-23T10:18:56","modified_gmt":"2021-03-23T07:18:56","slug":"elementary-program","status":"publish","type":"page","link":"https:\/\/www.enka.k12.tr\/adapazari\/en\/ib-programs\/pyp\/elementary-program\/","title":{"rendered":"ELEMENTARY PROGRAM"},"content":{"rendered":"<div class=\"wpb-content-wrapper\"><p>[vc_row][vc_column]<div id=\"ultimate-heading-455869fb767210ff8\" class=\"uvc-heading ult-adjust-bottom-margin ultimate-heading-455869fb767210ff8 uvc-184 \" data-hspacer=\"line_with_icon\" data-hline_width=\"auto\" data-hicon_type=\"custom\" data-hborder_style=\"solid\" data-hborder_height=\"3\" data-hborder_color=\"#69b3e7\" data-icon_width=\"200\" data-hfixer=\"30\"  data-halign=\"center\" style=\"text-align:center\"><div class=\"uvc-heading-spacer line_with_icon\" style=\"top\"><div class=\"ult-just-icon-wrapper  \"><div class=\"align-icon\" style=\"text-align:center;\">\n<div class=\"aio-icon-img \" style=\"font-size:200px;display:inline-block;\" >\n\t<img decoding=\"async\" class=\"img-icon\" alt=\"null\" src=\"https:\/\/www.enka.k12.tr\/adapazari\/wp-content\/uploads\/2021\/03\/enka_schools_log_new.jpg\"\/>\n<\/div><\/div><\/div><\/div><div class=\"uvc-sub-heading ult-responsive\"  data-ultimate-target='.uvc-heading.ultimate-heading-455869fb767210ff8 .uvc-sub-heading '  data-responsive-json-new='{\"font-size\":\"\",\"line-height\":\"\"}'  style=\"font-weight:normal;\"><br \/><\/div><\/div><div class=\"ult-spacer spacer-69fb767211053\" data-id=\"69fb767211053\" data-height=\"24\" data-height-mobile=\"24\" data-height-tab=\"24\" data-height-tab-portrait=\"\" data-height-mobile-landscape=\"\" style=\"clear:both;display:block;\"><\/div>[\/vc_column][\/vc_row][vc_row padding_top=&#8221;30px&#8221; bg_type=&#8221;bg_color&#8221; bg_color_value=&#8221;#f5f5f5&#8243;][vc_column width=&#8221;1\/4&#8243;]<div id=\"ultimate-heading-3169fb7672110a8\" class=\"uvc-heading ult-adjust-bottom-margin ultimate-heading-3169fb7672110a8 uvc-6850 \" data-hspacer=\"line_only\"  data-halign=\"left\" style=\"text-align:left\"><div class=\"uvc-main-heading ult-responsive\"  data-ultimate-target='.uvc-heading.ultimate-heading-3169fb7672110a8 h2'  data-responsive-json-new='{\"font-size\":\"desktop:20px;\",\"line-height\":\"desktop:50px;\"}' ><h2 style=\"font-weight:normal;color:#000000;\">ELEMENTARY<\/h2><\/div><div class=\"uvc-sub-heading ult-responsive\"  data-ultimate-target='.uvc-heading.ultimate-heading-3169fb7672110a8 .uvc-sub-heading '  data-responsive-json-new='{\"font-size\":\"desktop:50px;tablet:48px;tablet_portrait:46px;mobile_landscape:44px;mobile:42px;\",\"line-height\":\"desktop:50px;tablet:48px;tablet_portrait:46px;mobile_landscape:44px;mobile:42px;\"}'  style=\"font-weight:bold;color:#000000;\"><span style=\"color: #69b3e7;\">PROGRAM<\/span><\/div><div class=\"uvc-heading-spacer line_only\" style=\"margin-top:10px;height:3px;\"><span class=\"uvc-headings-line\" style=\"border-style:solid;border-bottom-width:3px;border-color:#000000;width:100px;\"><\/span><\/div><\/div>[\/vc_column][\/vc_row][vc_row padding_top=&#8221;30px&#8221; bg_type=&#8221;bg_color&#8221; bg_color_value=&#8221;#f5f5f5&#8243;][vc_column][vc_column_text]ENKA Schools expects all students from preschool to high school to develop an awareness of service to the community and to take active roles in projects.<\/p>\n<p>In primary school, students in all grades actively participate in community service projects. At these ages, students start developing an awareness of service to the community. They launch initiatives based on the needs of the community, and work towards achieving their goals with enthusiasm. In Grade 4, students also select a real-world issue of local or global significance, and conduct an in-depth inquiry into it as part of their Primary Years Programme (PYP) Exhibition, which is a compulsory component of the PYP. Based on their learning, they take actions to contribute to the solution of the issue.<\/p>\n<p>The Community Service Project, which is a Grade 7 requirement, is spread out to other years too, as our school is now an official Middle Years Programme (MYP) candidate school. Students engage in community service projects which are appropriate to their ages and grades. Teachers supervise students in this process. The projects change as students advance to higher grade levels. For example, we expect Grade 5 students to prepare bulletin boards about endangered animals, whereas Grade 8 students cooperate with students who study at special needs schools and prepare a fair for them.<\/p>\n<p>Service to the community is also included in all grades of high school. Grade 10 students <strong>have to<\/strong> complete at least <strong>40 hours<\/strong> of community service by the end of year. Students start these projects and continue them as a part of their Creativity Activity Service (CAS) studies in Grade 11. The guiding principle for the projects is sustainability.[\/vc_column_text][\/vc_column][\/vc_row][vc_row padding_top=&#8221;30px&#8221; bg_type=&#8221;bg_color&#8221; bg_color_value=&#8221;#f5f5f5&#8243;][vc_column width=&#8221;1\/3&#8243;][vc_single_image image=&#8221;1653&#8243; img_size=&#8221;full&#8221;]<div class=\"ult-spacer spacer-69fb76721111b\" data-id=\"69fb76721111b\" data-height=\"30\" data-height-mobile=\"10\" data-height-tab=\"20\" data-height-tab-portrait=\"\" data-height-mobile-landscape=\"\" style=\"clear:both;display:block;\"><\/div>[\/vc_column][vc_column width=&#8221;2\/3&#8243;][vc_column_text]By engaging in community service projects, students achieve the following learning outcomes:<\/p>\n<ul style=\"list-style-type: disc;\">\n<li>They develop a sense of social responsibility.<\/li>\n<li>They are introduced to different socio-economic cultures.<\/li>\n<li>They develop increased self-confidence.<\/li>\n<li>They develop responsibility skills.<\/li>\n<li>They develop organizational skills.<\/li>\n<li>They experience teamwork and develop the related skills.<\/li>\n<li>They enrich their communication skills.<\/li>\n<li>The students\u2019 strengths are revealed and they are provided with opportunities to work on their weaknesses.<\/li>\n<li>They develop the ability to take the initiative.<\/li>\n<li>They develop creative-thinking and problem-solving skills.<\/li>\n<li>They come to understand the universality of needs around the World.<\/li>\n<li>They get the chance of experiencing and acquiring some of the skills which make an important difference in higher education and in business life.<\/li>\n<\/ul>\n<p>[\/vc_column_text][\/vc_column][\/vc_row][vc_row padding_top=&#8221;30px&#8221; bg_type=&#8221;bg_color&#8221; bg_color_value=&#8221;#f5f5f5&#8243;][vc_column][vc_column_text]ENKA students have completed many community service projects in the past. Some of the community service projects are still active. Some examples are:[\/vc_column_text][\/vc_column][\/vc_row][vc_row padding_top=&#8221;30px&#8221; bg_type=&#8221;bg_color&#8221; bg_color_value=&#8221;#f5f5f5&#8243;][vc_column width=&#8221;1\/2&#8243;][vc_column_text]<\/p>\n<ul style=\"list-style-type: disc;\">\n<li>The Urfa Project<\/li>\n<li>The Bayburt Baks\u0131 Project<\/li>\n<li>The Nepal Project<\/li>\n<li>The Alp \u015een \u0130yilik Project<\/li>\n<li>The Antalya Fenike Project<\/li>\n<li>The Beyo\u011flu Anatolia Culture Foundation Project<\/li>\n<li>The \u015eehit \u00dcste\u011fmen Ali B\u00fcy\u00fckdicle Special Education School Project<\/li>\n<li>The Sar\u0131yer Municipality Youth Centre Project<\/li>\n<li>The Girls in the Field Project<\/li>\n<li>The Support for the Visually Handicapped School Project<\/li>\n<li>No Handicaps Tennis<\/li>\n<li>The Dreamcatcher Club<\/li>\n<li>Community volunteers Club\u00a0\u2013 Support Project for Aziz Nesin Foundation<\/li>\n<\/ul>\n<p>[\/vc_column_text]<div class=\"ult-spacer spacer-69fb767211147\" data-id=\"69fb767211147\" data-height=\"30\" data-height-mobile=\"10\" data-height-tab=\"20\" data-height-tab-portrait=\"\" data-height-mobile-landscape=\"\" style=\"clear:both;display:block;\"><\/div>[\/vc_column][vc_column width=&#8221;1\/2&#8243;][vc_single_image image=&#8221;1614&#8243; img_size=&#8221;full&#8221;]<div class=\"ult-spacer spacer-69fb76721116f\" data-id=\"69fb76721116f\" data-height=\"30\" data-height-mobile=\"10\" data-height-tab=\"20\" data-height-tab-portrait=\"\" data-height-mobile-landscape=\"\" style=\"clear:both;display:block;\"><\/div>[\/vc_column][\/vc_row]<\/p>\n<\/div>","protected":false},"excerpt":{"rendered":"<p>[vc_row][vc_column][\/vc_column][\/vc_row][vc_row padding_top=&#8221;30px&#8221; bg_type=&#8221;bg_color&#8221; bg_color_value=&#8221;#f5f5f5&#8243;][vc_column width=&#8221;1\/4&#8243;][\/vc_column][\/vc_row][vc_row padding_top=&#8221;30px&#8221; bg_type=&#8221;bg_color&#8221; bg_color_value=&#8221;#f5f5f5&#8243;][vc_column][vc_column_text]ENKA Schools expects all students from preschool to high school to develop an awareness of service to the community and to take active roles in projects. In primary school, students in all grades actively participate in community service projects. At these ages, students start developing an awareness of service to the community. They launch initiatives based on the&#8230;<\/p>\n","protected":false},"author":2,"featured_media":1094,"parent":31,"menu_order":0,"comment_status":"closed","ping_status":"closed","template":"","meta":{"_acf_changed":false,"om_disable_all_campaigns":false,"inline_featured_image":false,"_monsterinsights_skip_tracking":false,"_monsterinsights_sitenote_active":false,"_monsterinsights_sitenote_note":"","_monsterinsights_sitenote_category":0,"footnotes":""},"class_list":["post-34","page","type-page","status-publish","has-post-thumbnail","hentry","custom-post-type-entry"],"aioseo_notices":[],"acf":[],"_links":{"self":[{"href":"https:\/\/www.enka.k12.tr\/adapazari\/en\/wp-json\/wp\/v2\/pages\/34","targetHints":{"allow":["GET"]}}],"collection":[{"href":"https:\/\/www.enka.k12.tr\/adapazari\/en\/wp-json\/wp\/v2\/pages"}],"about":[{"href":"https:\/\/www.enka.k12.tr\/adapazari\/en\/wp-json\/wp\/v2\/types\/page"}],"author":[{"embeddable":true,"href":"https:\/\/www.enka.k12.tr\/adapazari\/en\/wp-json\/wp\/v2\/users\/2"}],"replies":[{"embeddable":true,"href":"https:\/\/www.enka.k12.tr\/adapazari\/en\/wp-json\/wp\/v2\/comments?post=34"}],"version-history":[{"count":0,"href":"https:\/\/www.enka.k12.tr\/adapazari\/en\/wp-json\/wp\/v2\/pages\/34\/revisions"}],"up":[{"embeddable":true,"href":"https:\/\/www.enka.k12.tr\/adapazari\/en\/wp-json\/wp\/v2\/pages\/31"}],"wp:featuredmedia":[{"embeddable":true,"href":"https:\/\/www.enka.k12.tr\/adapazari\/en\/wp-json\/wp\/v2\/media\/1094"}],"wp:attachment":[{"href":"https:\/\/www.enka.k12.tr\/adapazari\/en\/wp-json\/wp\/v2\/media?parent=34"}],"curies":[{"name":"wp","href":"https:\/\/api.w.org\/{rel}","templated":true}]}}