{"id":369,"date":"2017-07-03T11:44:01","date_gmt":"2017-07-03T11:44:01","guid":{"rendered":"http:\/\/www.enka.com\/foundation\/schools\/adapazari\/?page_id=369\/"},"modified":"2021-03-23T12:09:54","modified_gmt":"2021-03-23T09:09:54","slug":"silent-reading","status":"publish","type":"page","link":"https:\/\/www.enka.k12.tr\/adapazari\/en\/activities\/silent-reading\/","title":{"rendered":"SILENT READING"},"content":{"rendered":"<div class=\"wpb-content-wrapper\"><p>[vc_row][vc_column]<div id=\"ultimate-heading-42169e11ee6142d7\" class=\"uvc-heading ult-adjust-bottom-margin ultimate-heading-42169e11ee6142d7 uvc-5295 \" data-hspacer=\"line_with_icon\" data-hline_width=\"auto\" data-hicon_type=\"custom\" data-hborder_style=\"solid\" data-hborder_height=\"3\" data-hborder_color=\"#69b3e7\" data-icon_width=\"200\" data-hfixer=\"30\"  data-halign=\"center\" style=\"text-align:center\"><div class=\"uvc-heading-spacer line_with_icon\" style=\"top\"><div class=\"ult-just-icon-wrapper  \"><div class=\"align-icon\" style=\"text-align:center;\">\n<div class=\"aio-icon-img \" style=\"font-size:200px;display:inline-block;\" >\n\t<img decoding=\"async\" class=\"img-icon\" alt=\"null\" src=\"https:\/\/www.enka.k12.tr\/adapazari\/wp-content\/uploads\/2021\/03\/enka_schools_log_new.jpg\"\/>\n<\/div><\/div><\/div><\/div><div class=\"uvc-sub-heading ult-responsive\"  data-ultimate-target='.uvc-heading.ultimate-heading-42169e11ee6142d7 .uvc-sub-heading '  data-responsive-json-new='{\"font-size\":\"\",\"line-height\":\"\"}'  style=\"font-weight:normal;\"><br \/><\/div><\/div><div class=\"ult-spacer spacer-69e11ee614337\" data-id=\"69e11ee614337\" data-height=\"30\" data-height-mobile=\"\" data-height-tab=\"20\" data-height-tab-portrait=\"\" data-height-mobile-landscape=\"10\" style=\"clear:both;display:block;\"><\/div>[\/vc_column][\/vc_row][vc_row gap=&#8221;30&#8243; padding_top=&#8221;40px&#8221; padding_bottom=&#8221;0px&#8221; padding_left=&#8221;10px&#8221; padding_right=&#8221;10px&#8221; bg_type=&#8221;bg_color&#8221; bg_color_value=&#8221;rgba(247,247,247,0.8)&#8221;][vc_column padding_right=&#8221;10px&#8221;]<div id=\"ultimate-heading-566869e11ee6143b3\" class=\"uvc-heading ult-adjust-bottom-margin ultimate-heading-566869e11ee6143b3 uvc-2455 \" data-hspacer=\"line_only\"  data-halign=\"left\" style=\"text-align:left\"><div class=\"uvc-main-heading ult-responsive\"  data-ultimate-target='.uvc-heading.ultimate-heading-566869e11ee6143b3 h2'  data-responsive-json-new='{\"font-size\":\"desktop:20px;\",\"line-height\":\"desktop:50px;\"}' ><h2 style=\"font-weight:normal;color:#000000;\">SILENT<\/h2><\/div><div class=\"uvc-sub-heading ult-responsive\"  data-ultimate-target='.uvc-heading.ultimate-heading-566869e11ee6143b3 .uvc-sub-heading '  data-responsive-json-new='{\"font-size\":\"desktop:50px;tablet:48px;tablet_portrait:46px;mobile_landscape:44px;mobile:42px;\",\"line-height\":\"desktop:50px;tablet:48px;tablet_portrait:46px;mobile_landscape:44px;mobile:42px;\"}'  style=\"font-weight:bold;color:#000000;\"><span style=\"color: #69b3e7;\">READING<\/span><\/div><div class=\"uvc-heading-spacer line_only\" style=\"margin-top:10px;height:3px;\"><span class=\"uvc-headings-line\" style=\"border-style:solid;border-bottom-width:3px;border-color:#000000;width:100px;\"><\/span><\/div><\/div>[\/vc_column][\/vc_row][vc_row gap=&#8221;30&#8243; padding_top=&#8221;40px&#8221; padding_bottom=&#8221;0px&#8221; padding_left=&#8221;10px&#8221; padding_right=&#8221;10px&#8221; bg_type=&#8221;bg_color&#8221; bg_color_value=&#8221;rgba(247,247,247,0.8)&#8221;][vc_column width=&#8221;2\/3&#8243;][vc_column_text]We organised our fifth \u201cSilent Reading Action\u201d, as Adapazar\u0131 ENKA Schools, on Sunday May 26<sup>th<\/sup> 2013. The event took place between 13.00 and 16.00 at the Serdivanpark shopping mall in the city centre of Adapazar\u0131.<\/p>\n<p>It is desirable for individuals, students and society at large to read a lot. Reading makes it possible to be a free individual within society who discovers different worlds, has a critical approach and takes steps for the better.<\/p>\n<p>Our theme was \u201cReading is not a leisure time activity but one of our basic needs.\u201d[\/vc_column_text]<div class=\"ult-spacer spacer-69e11ee614425\" data-id=\"69e11ee614425\" data-height=\"30\" data-height-mobile=\"10\" data-height-tab=\"20\" data-height-tab-portrait=\"\" data-height-mobile-landscape=\"\" style=\"clear:both;display:block;\"><\/div>[\/vc_column][vc_column width=&#8221;1\/3&#8243;][vc_single_image image=&#8221;2270&#8243; img_size=&#8221;full&#8221;][\/vc_column][\/vc_row][vc_row gap=&#8221;30&#8243; padding_top=&#8221;40px&#8221; padding_bottom=&#8221;0px&#8221; padding_left=&#8221;10px&#8221; padding_right=&#8221;10px&#8221; bg_type=&#8221;bg_color&#8221; bg_color_value=&#8221;rgba(247,247,247,0.8)&#8221;][vc_column][vc_column_text]It is extremely important that the necessity to learn is not limited to the confines of educational institutions and that society at large also helps to meet this need.<\/p>\n<p>We are trying to spread the idea that reading a book is possible anywhere if the opportunity is created. We chose to showcase this at the shopping mall. There, students wearing ENKA T-shirts sat in show cases and read books, and free participants supported us by using the common areas. Through this activity, and by reading, we protested at the habit of wasting time, our most precious asset. In our Silent Reading Activity in 2009 and 2010, we read our books at the AdaCenter shopping mall in Adapazar\u0131 city centre and at the Kentpark, shopping centre. It is very easy to participate; all you have to do is come to the activity centre and read a book, magazine, newspaper or e-book, or any other written material. Society can only develop and evolve by reading, which is the cheapest way of learning. We desire to change the perception \u201cI don\u2019t have time for reading books\u201d, and raise awareness of the fact that social development is only possible through books and reading. We extend our thanks to the management of the SerdivanPark shopping mall for supporting us in our activity.<\/p>\n<p>Additional activities included interviews about reading habits, which took place in the Kahve D\u00fcnyas\u0131 coffee shop and \u0130talyan \u0130\u015fi restaurant, and a photography exhibition entitled \u2018Silent Reading Action from Past to Present\u2019, which was held on the ground floor.[\/vc_column_text]<div class=\"ult-spacer spacer-69e11ee614452\" data-id=\"69e11ee614452\" data-height=\"30\" data-height-mobile=\"10\" data-height-tab=\"20\" data-height-tab-portrait=\"\" data-height-mobile-landscape=\"\" style=\"clear:both;display:block;\"><\/div>[\/vc_column][\/vc_row]<\/p>\n<\/div>","protected":false},"excerpt":{"rendered":"<p>[vc_row][vc_column][\/vc_column][\/vc_row][vc_row gap=&#8221;30&#8243; padding_top=&#8221;40px&#8221; padding_bottom=&#8221;0px&#8221; padding_left=&#8221;10px&#8221; padding_right=&#8221;10px&#8221; bg_type=&#8221;bg_color&#8221; bg_color_value=&#8221;rgba(247,247,247,0.8)&#8221;][vc_column padding_right=&#8221;10px&#8221;][\/vc_column][\/vc_row][vc_row gap=&#8221;30&#8243; padding_top=&#8221;40px&#8221; padding_bottom=&#8221;0px&#8221; padding_left=&#8221;10px&#8221; padding_right=&#8221;10px&#8221; bg_type=&#8221;bg_color&#8221; bg_color_value=&#8221;rgba(247,247,247,0.8)&#8221;][vc_column width=&#8221;2\/3&#8243;][vc_column_text]We organised our fifth \u201cSilent Reading Action\u201d, as Adapazar\u0131 ENKA Schools, on Sunday May 26th 2013. The event took place between 13.00 and 16.00 at the Serdivanpark shopping mall in the city centre of Adapazar\u0131. It is desirable for individuals, students and society at large to read a lot&#8230;.<\/p>\n","protected":false},"author":2,"featured_media":1474,"parent":349,"menu_order":0,"comment_status":"closed","ping_status":"closed","template":"","meta":{"_acf_changed":false,"om_disable_all_campaigns":false,"inline_featured_image":false,"_monsterinsights_skip_tracking":false,"_monsterinsights_sitenote_active":false,"_monsterinsights_sitenote_note":"","_monsterinsights_sitenote_category":0,"footnotes":""},"class_list":["post-369","page","type-page","status-publish","has-post-thumbnail","hentry","custom-post-type-entry"],"aioseo_notices":[],"acf":[],"_links":{"self":[{"href":"https:\/\/www.enka.k12.tr\/adapazari\/en\/wp-json\/wp\/v2\/pages\/369","targetHints":{"allow":["GET"]}}],"collection":[{"href":"https:\/\/www.enka.k12.tr\/adapazari\/en\/wp-json\/wp\/v2\/pages"}],"about":[{"href":"https:\/\/www.enka.k12.tr\/adapazari\/en\/wp-json\/wp\/v2\/types\/page"}],"author":[{"embeddable":true,"href":"https:\/\/www.enka.k12.tr\/adapazari\/en\/wp-json\/wp\/v2\/users\/2"}],"replies":[{"embeddable":true,"href":"https:\/\/www.enka.k12.tr\/adapazari\/en\/wp-json\/wp\/v2\/comments?post=369"}],"version-history":[{"count":0,"href":"https:\/\/www.enka.k12.tr\/adapazari\/en\/wp-json\/wp\/v2\/pages\/369\/revisions"}],"up":[{"embeddable":true,"href":"https:\/\/www.enka.k12.tr\/adapazari\/en\/wp-json\/wp\/v2\/pages\/349"}],"wp:featuredmedia":[{"embeddable":true,"href":"https:\/\/www.enka.k12.tr\/adapazari\/en\/wp-json\/wp\/v2\/media\/1474"}],"wp:attachment":[{"href":"https:\/\/www.enka.k12.tr\/adapazari\/en\/wp-json\/wp\/v2\/media?parent=369"}],"curies":[{"name":"wp","href":"https:\/\/api.w.org\/{rel}","templated":true}]}}