{"id":384,"date":"2017-07-03T11:55:42","date_gmt":"2017-07-03T11:55:42","guid":{"rendered":"http:\/\/www.enka.com\/foundation\/schools\/adapazari\/?page_id=384\/"},"modified":"2021-04-20T09:33:36","modified_gmt":"2021-04-20T06:33:36","slug":"guide-prepare-resources","status":"publish","type":"page","link":"https:\/\/www.enka.k12.tr\/adapazari\/en\/library\/guide-prepare-resources\/","title":{"rendered":"GUIDE TO PREPARE RESOURCES"},"content":{"rendered":"<div class=\"wpb-content-wrapper\"><p>[vc_row][vc_column]<div id=\"ultimate-heading-577069e11b9f01b75\" class=\"uvc-heading ult-adjust-bottom-margin ultimate-heading-577069e11b9f01b75 uvc-2604 \" data-hspacer=\"line_with_icon\" data-hline_width=\"auto\" data-hicon_type=\"custom\" data-hborder_style=\"solid\" data-hborder_height=\"3\" data-hborder_color=\"#69b3e7\" data-icon_width=\"200\" data-hfixer=\"30\"  data-halign=\"center\" style=\"text-align:center\"><div class=\"uvc-heading-spacer line_with_icon\" style=\"top\"><div class=\"ult-just-icon-wrapper  \"><div class=\"align-icon\" style=\"text-align:center;\">\n<div class=\"aio-icon-img \" style=\"font-size:200px;display:inline-block;\" >\n\t<img decoding=\"async\" class=\"img-icon\" alt=\"null\" src=\"https:\/\/www.enka.k12.tr\/adapazari\/wp-content\/uploads\/2021\/03\/enka_schools_log_new.jpg\"\/>\n<\/div><\/div><\/div><\/div><div class=\"uvc-sub-heading ult-responsive\"  data-ultimate-target='.uvc-heading.ultimate-heading-577069e11b9f01b75 .uvc-sub-heading '  data-responsive-json-new='{\"font-size\":\"\",\"line-height\":\"\"}'  style=\"font-weight:normal;\"><br \/>\n<\/div><\/div>[\/vc_column][\/vc_row][vc_row gap=&#8221;30&#8243; padding_top=&#8221;40px&#8221; padding_bottom=&#8221;0px&#8221; padding_left=&#8221;10px&#8221; padding_right=&#8221;10px&#8221; bg_type=&#8221;bg_color&#8221; bg_color_value=&#8221;rgba(247,247,247,0.8)&#8221;][vc_column width=&#8221;2\/3&#8243;]<div id=\"ultimate-heading-948369e11b9f01bfa\" class=\"uvc-heading ult-adjust-bottom-margin ultimate-heading-948369e11b9f01bfa uvc-3508 \" data-hspacer=\"line_only\"  data-halign=\"left\" style=\"text-align:left\"><div class=\"uvc-main-heading ult-responsive\"  data-ultimate-target='.uvc-heading.ultimate-heading-948369e11b9f01bfa h2'  data-responsive-json-new='{\"font-size\":\"desktop:20px;\",\"line-height\":\"desktop:50px;\"}' ><h2 style=\"font-weight:normal;color:#000000;\">GUIDE TO<\/h2><\/div><div class=\"uvc-sub-heading ult-responsive\"  data-ultimate-target='.uvc-heading.ultimate-heading-948369e11b9f01bfa .uvc-sub-heading '  data-responsive-json-new='{\"font-size\":\"desktop:50px;tablet:48px;tablet_portrait:46px;mobile_landscape:44px;mobile:42px;\",\"line-height\":\"desktop:50px;tablet:48px;tablet_portrait:46px;mobile_landscape:44px;mobile:42px;\"}'  style=\"font-weight:bold;color:#000000;\"><span style=\"color: #69b3e7;\">REFERENCING <\/span><span style=\"color: #000000;\">SOURCES<\/span><\/div><div class=\"uvc-heading-spacer line_only\" style=\"margin-top:10px;height:3px;\"><span class=\"uvc-headings-line\" style=\"border-style:solid;border-bottom-width:3px;border-color:#000000;width:100px;\"><\/span><\/div><\/div>[\/vc_column][\/vc_row][vc_row gap=&#8221;30&#8243; padding_top=&#8221;40px&#8221; padding_bottom=&#8221;0px&#8221; padding_left=&#8221;10px&#8221; padding_right=&#8221;10px&#8221; bg_type=&#8221;bg_color&#8221; bg_color_value=&#8221;rgba(247,247,247,0.8)&#8221;][vc_column width=&#8221;2\/3&#8243;][vc_column_text]<\/p>\n<h1 style=\"text-align: left;\"><span style=\"font-size: 18pt;\"><strong>MLA Referencing Guidelines<\/strong><strong>\u00a0<\/strong><\/span><\/h1>\n<p style=\"text-align: left;\"><span style=\"font-size: 14pt;\"><strong>1 INTRODUCTION<\/strong><\/span><\/p>\n<p>It is a legal and ethical obligation to indicate the resources used in all studies that are presented orally or in writing. This applies not only to academic work, but to all texts and speeches in which information is shared. In order to ensure the healthy production, diffusion, correction and development of information, and to prevent information pollution, all individuals should take responsibility for their own work. As a precondition of this, they should first give due credit to other producers of information.[\/vc_column_text][\/vc_column][vc_column width=&#8221;1\/3&#8243;][vc_single_image image=&#8221;3356&#8243; img_size=&#8221;full&#8221;][\/vc_column][\/vc_row][vc_row gap=&#8221;30&#8243; padding_top=&#8221;40px&#8221; padding_bottom=&#8221;0px&#8221; padding_left=&#8221;10px&#8221; padding_right=&#8221;10px&#8221; bg_type=&#8221;bg_color&#8221; bg_color_value=&#8221;rgba(247,247,247,0.8)&#8221;][vc_column][vc_column_text]Many international standards have been developed to meet the needs of different disciplines for an orderly way of indicating the resources used. There are important differences among these with regard to appearance, but all share a basic and common principle: <strong>that<\/strong> <strong>the author, title, publication information, date and page numbers of the source should be stated in full<\/strong>. For this reason, a student that learns the correct use of any of the current international rules for giving references will find it easy to switch from this standard to another.<\/p>\n<p>There are two basic approaches to the presentation of resources used:<strong> footnote or endnote presentation<\/strong>, and<strong> references presentation.<\/strong> Here, the widely-used methods of the American Psychological Association (APA) and the Modern Language Association (MLA) will be used.<\/p>\n<p>Both methods have two basic elements:<strong> A short reference is made in the text and a bibliography that gives the details of the resources is included at the end of the text.<\/strong> The resources referred to in the text should all be included in the bibliography.<\/p>\n<p>In preparing our School Academic Honesty (hereinafter referred to as AH) Policy, we will take the rules of the <strong>MLA <\/strong>as the basis for our bibliography format. In adopting this format as a guide to practice in our school, we made us of the web site <a href=\"https:\/\/style.mla.org\/works-cited\/citations-by-format\/\">Citations by Format | MLA Style Center<\/a>.<\/p>\n<p><strong>While applying the MLA format, we encounter two types of criteria:<\/strong><\/p>\n<ul style=\"text-align: justify;\">\n<li><strong>Appearance criteria<\/strong><\/li>\n<li><strong>Content criteria<\/strong><\/li>\n<\/ul>\n<p>[\/vc_column_text][\/vc_column][\/vc_row][vc_row gap=&#8221;30&#8243; padding_top=&#8221;40px&#8221; padding_bottom=&#8221;0px&#8221; padding_left=&#8221;10px&#8221; padding_right=&#8221;10px&#8221; bg_type=&#8221;bg_color&#8221; bg_color_value=&#8221;rgba(247,247,247,0.8)&#8221;][vc_column width=&#8221;1\/2&#8243;][vc_column_text]<span style=\"font-size: 14pt;\"><strong>2 CONTENT CRITERIA<\/strong><\/span><\/p>\n<p><strong>Homework and research paper format<\/strong><\/p>\n<p><strong>The following is the standard for the appearance of the paper we use for daily homework and research work.<\/strong><\/p>\n<ul>\n<li>Margins: 2.5 cm (from bottom, top, right and left)<\/li>\n<li>Font: Times New Roman<\/li>\n<li>Font size: 12-point<\/li>\n<li>Text headings: 12-point, bold, aligned centre<\/li>\n<li>Content text: 12-point, normal<\/li>\n<li>Paragraphs start after a tab space<\/li>\n<li>A separate cover is not used for homework and research papers.<\/li>\n<\/ul>\n<p>[\/vc_column_text][\/vc_column][vc_column width=&#8221;1\/2&#8243; padding_right=&#8221;10px&#8221;]<div class=\"ult-spacer spacer-69e11b9f01c6a\" data-id=\"69e11b9f01c6a\" data-height=\"40\" data-height-mobile=\"10\" data-height-tab=\"20\" data-height-tab-portrait=\"\" data-height-mobile-landscape=\"\" style=\"clear:both;display:block;\"><\/div>[vc_column_text]The following information is written in the upper left corner of the page and the next two lines are left blank:<\/p>\n<p style=\"text-align: left;\">Student Name and Surname<\/p>\n<p style=\"text-align: left;\">Class<\/p>\n<p style=\"text-align: left;\">Teacher Name and Surname<\/p>\n<p style=\"text-align: left;\">Course Name<\/p>\n<p style=\"text-align: left;\">Homework\/Research Dates<\/p>\n<p>[\/vc_column_text][\/vc_column][\/vc_row][vc_row gap=&#8221;30&#8243; padding_top=&#8221;40px&#8221; padding_bottom=&#8221;0px&#8221; padding_left=&#8221;10px&#8221; padding_right=&#8221;10px&#8221; bg_type=&#8221;bg_color&#8221; bg_color_value=&#8221;rgba(247,247,247,0.8)&#8221;][vc_column width=&#8221;1\/2&#8243;][vc_column_text]<\/p>\n<div class=\"wpb_row vc_row clr vc_row-fluid ult-vc-hide-row vc_row-has-fill\" data-rtl=\"false\" data-row-effect-mobile-disable=\"true\">\n<div class=\"clr \">\n<div class=\"vc_col-sm-12 wpb_column column_container \">\n<div class=\"clr \">\n<div class=\"wpb_text_column wpb_content_element \">\n<div class=\"wpb_wrapper\">\n<ul>\n<li>The first letters in the headings are capitalized.<\/li>\n<li>Two lines are left blank between the heading and the text.<\/li>\n<li>The page numbers are positioned at the bottom of the page, in the middle.<\/li>\n<li>The footnotes are immediately above the 2.5 cm margin at the bottom of the page.<\/li>\n<li>The words or concepts to be explained in the footnotes are indicated by adding numbers to them (e.g.: 1).<\/li>\n<li>Footnote numbers continue sequentially (1, 2, 3, 4\u202699\u2026).<\/li>\n<\/ul>\n<\/div>\n<\/div>\n<\/div>\n<\/div>\n<\/div>\n<\/div>\n<p>[\/vc_column_text][\/vc_column][vc_column width=&#8221;1\/2&#8243;][vc_single_image image=&#8221;3352&#8243; img_size=&#8221;medium&#8221;][\/vc_column][\/vc_row][vc_row full_width=&#8221;stretch_row_content_no_spaces&#8221; gap=&#8221;30&#8243; padding_top=&#8221;10px&#8221; padding_bottom=&#8221;40px&#8221; padding_left=&#8221;10px&#8221; padding_right=&#8221;10px&#8221; bg_type=&#8221;bg_color&#8221; bg_color_value=&#8221;rgba(247,247,247,0.8)&#8221;][vc_column padding_right=&#8221;10px&#8221;]<div class=\"ult-spacer spacer-69e11b9f01c9d\" data-id=\"69e11b9f01c9d\" data-height=\"30\" data-height-mobile=\"10\" data-height-tab=\"20\" data-height-tab-portrait=\"\" data-height-mobile-landscape=\"\" style=\"clear:both;display:block;\"><\/div>[vc_tta_accordion style=&#8221;flat&#8221; shape=&#8221;square&#8221; color=&#8221;sky&#8221; spacing=&#8221;3&#8243; active_section=&#8221;0&#8243; no_fill=&#8221;true&#8221; collapsible_all=&#8221;true&#8221;][vc_tta_section title=&#8221;3.1 IN-TEXT REFERENCING&#8221; tab_id=&#8221;in_text&#8221;][vc_column_text]<span style=\"font-size: 14pt;\"><strong>Citation<\/strong><\/span><\/p>\n<p>Citation: To take an expression or a sentence directly from the source and use it in research or homework without any amendment, stating the name of the resource in brief.<\/p>\n<p><span style=\"font-size: 14pt;\"><strong>Citation of a single-author publications<\/strong><\/span><\/p>\n<p>The expression cited is written in quotation marks. The surname of the author and the page number is shown in parentheses and a full stop is used.<\/p>\n<p><span style=\"font-size: 14pt;\"><strong>Example:<\/strong><\/span><\/p>\n<p>\u201ccited expression\u201d (surname\/organization\/body 34)<\/p>\n<p>If the responsible person, body or organization referred to is mentioned in the cited expression, only the page number is written in the parenthesis.<\/p>\n<p><span style=\"font-size: 14pt;\"><strong>Example:<\/strong><\/span><\/p>\n<p>\u201ccited expression\u201d (34).<\/p>\n<p><span style=\"font-size: 14pt;\"><strong>Citation of a two\u2013author publication<\/strong><\/span><\/p>\n<p>The cited expression is written in quotation marks. A comma is put between the surnames of the authors. The page number is shown in the parenthesis and a full stop in added.<\/p>\n<p><span style=\"font-size: 14pt;\"><strong>Example:<\/strong><\/span><\/p>\n<p>\u201ccited expression\u201d (Ko\u00e7, Atakan 34).<\/p>\n<p><span style=\"font-size: 14pt;\"><strong>Citation of a three \u2013 author publication<\/strong><\/span><\/p>\n<p>A comma is put in quotation marks between the surnames of the first two authors, the third author\u2019s name is written with the \u201cand\u201d conjunction, the page number is shown in the parenthesis and a full stop is added.<\/p>\n<p><span style=\"font-size: 14pt;\"><strong>Example:<\/strong><\/span><\/p>\n<p>\u201ccited expression\u201d (Y\u0131lmaz, Atakan and Ko\u00e7 34).<\/p>\n<p><span style=\"font-size: 14pt;\"><strong>Citation of publications with more than three authors<\/strong><\/span><\/p>\n<p>The cited expression is written in quotation marks. The surname of the first author is written, the expression \u201cet al.\u201d is added, the page number is shown in the parenthesis and a full stop is added.<\/p>\n<p><span style=\"font-size: 14pt;\"><strong>Example:<\/strong><\/span><\/p>\n<p>\u201ccited expression\u201d (Ko\u00e7 et al. 34).<\/p>\n<p><span style=\"font-size: 14pt;\"><strong>Citation of publications in which the authors have the same surname<\/strong><\/span><\/p>\n<p>In the works of authors having the same surname, the first letters of both authors are used, and other rules remain the same.<\/p>\n<p><span style=\"font-size: 14pt;\"><strong>Example:<\/strong><\/span><\/p>\n<p>\u201ccited expression\u201d (A. Y\u0131lmaz, B. Y\u0131lmaz 88).<\/p>\n<p><span style=\"font-size: 14pt;\"><strong>Paraphrasing<\/strong><\/span><\/p>\n<p>Paraphrasing: To relay the information in the text in the original source using our own words. When paraphrasing, quotation marks are not used but the person(s) responsible is identified in the same way as for citations.<\/p>\n<p><span style=\"font-size: 14pt;\"><strong>Example:<\/strong><\/span><\/p>\n<p>Paraphrased expression. (surname\/organization\/body 34)[\/vc_column_text][\/vc_tta_section][vc_tta_section title=&#8221;3.2 BIBLIOGRAPHY CITATIONS&#8221; tab_id=&#8221;bibliography_citations&#8221;][vc_column_text]<span style=\"font-size: 14pt;\"><strong>* One Author<\/strong><\/span><\/p>\n<p>Gleick, James. Chaos: Making a New Science. New York: Penguin, 1987.<br \/>\nHenley, Patricia. The Hummingbird House. Denver: MacMurray, 1999.<\/p>\n<p><span style=\"font-size: 14pt;\"><strong>*Two Authors<\/strong><\/span><\/p>\n<p>Gillespie, Paula, and Neal Lerner. The Allyn and Bacon Guide to Peer Tutoring. Boston: Allyn, 2000.<\/p>\n<p><span style=\"font-size: 14pt;\"><strong>*Three Authors<\/strong><\/span><\/p>\n<p>Gillespie, Paula, Neal Lerner and John Dewey. The Allyn and Bacon Guide to Peer Tutoring. Boston: Allyn, 2000.<\/p>\n<p><span style=\"font-size: 14pt;\"><strong>*More Than Three Authors<\/strong><\/span><\/p>\n<p>Wysocki, Anne Frances, et al. Writing New Media: Theory and Applications for Expanding the Teaching of Composition. Logan: Utah State UP, 2004.<\/p>\n<p><span style=\"font-size: 14pt;\"><strong>*Book by a Corporate Author or Organization<\/strong><\/span><\/p>\n<p>American Allergy Association. Allergies in Children. New York: Random, 1998.<\/p>\n<p><span style=\"font-size: 14pt;\"><strong>*Book with No Author<\/strong><\/span><\/p>\n<p>Encyclopedia of Indiana. New York: Somerset, 1993.<\/p>\n<p><span style=\"font-size: 14pt;\"><strong>* Translated Book<\/strong><\/span><\/p>\n<p>Foucault, Michel. Madness and Civilization: A History of Insanity in the Age of Reason. Trans. Richard Howard. New York: Vintage-Random House, 1988.<br \/>\nCrowley, Sharon, and Debra Hawhee. Ancient Rhetorics for Contemporary Students. 3rd ed. New York: Pearson\/Longman, 2004<\/p>\n<p><span style=\"font-size: 14pt;\"><strong>*Work Prepared by an Editor<\/strong><\/span><\/p>\n<p>Bronte, Charlotte. Jane Eyre. Ed. Margaret Smith. Oxford: Oxford UP, 1998.<\/p>\n<p><span style=\"font-size: 14pt;\"><strong>* Encyclopedias<\/strong><\/span><\/p>\n<p>\u201cIdeology.\u201d The American Heritage Dictionary. 3rd ed. 1997.<\/p>\n<p><span style=\"font-size: 14pt;\"><strong>* Multi-Volume Work<\/strong><\/span><\/p>\n<p>Quintilian. Institutio Oratoria. Translated by H. E. Butler, vol. 2, Loeb-Harvard UP, 1980.<\/p>\n<p><span style=\"font-size: 14pt;\">*<strong>Dissertations and Theses<\/strong><\/span><\/p>\n<p>Bishop, Karen Lynn. Documenting Institutional Identity: Strategic Writing in the IUPUI Comprehensive Campaign. Indiana: Purdue University, 2002<\/p>\n<p><span style=\"font-size: 14pt;\"><strong>*Magazines<\/strong><\/span><\/p>\n<p>Krugman, Andrew. \u201cFear of Eating.\u201d New York Times 21 May 2007<\/p>\n<p><span style=\"font-size: 14pt;\"><strong>*Websites<\/strong><\/span><\/p>\n<p>Author \/ Institution \u201cHow to Make Vegetarian Chili.\u201d\u00a0 URL 24.11. 2009 (accession date).<\/p>\n<p><span style=\"font-size: 14pt;\"><strong>*Tweets<\/strong><\/span><\/p>\n<p>Brokaw, Tom (@tombrokaw). \u201cSC demonstrated why all the debates are the engines of this campaign.\u201d 22 January 2012, 3:06 a.m. Tweet.<\/p>\n<p><span style=\"font-size: 14pt;\"><strong>*Youtube Videos<\/strong><\/span><\/p>\n<p>Shimabukuro, Jake. \u201cVideo Title.\u201d Online video clip. YouTube, 22 April 2006. URL. 9.10.2010.<\/p>\n<p><span style=\"font-size: 14pt;\"><strong>* Films<\/strong><\/span><\/p>\n<p>Lucas, George (director). Star Wars\u00a0IV: A New Hope. Twentieth Century Fox, 1977.<\/p>\n<p><span style=\"font-size: 14pt;\"><strong>*Tables<\/strong><\/span><\/p>\n<p>Tables should be numbered in the order they appear as Table 1, Table 2, Table 3, etc..<\/p>\n<p><span style=\"font-size: 14pt;\"><strong>Example:<\/strong><\/span><\/p>\n<p>Table 1: Rate of nursing home residents by sex and age groups, in 1985, 1995, 1997, 1999 (Source: USA Department of Health, Statistics of the older population, 15 March 2015 URL)[\/vc_column_text][\/vc_tta_section][\/vc_tta_accordion][\/vc_column][\/vc_row][vc_row full_width=&#8221;stretch_row_content_no_spaces&#8221; gap=&#8221;30&#8243; padding_top=&#8221;10px&#8221; padding_bottom=&#8221;40px&#8221; padding_left=&#8221;10px&#8221; padding_right=&#8221;10px&#8221; bg_type=&#8221;bg_color&#8221; bg_color_value=&#8221;rgba(247,247,247,0.8)&#8221;][vc_column padding_right=&#8221;10px&#8221;][vc_column_text]<\/p>\n<p style=\"text-align: justify;\"><span style=\"font-size: 14pt;\"><em><strong>Notes:<\/strong><\/em><\/span><\/p>\n<ul style=\"text-align: justify;\">\n<li>The number of your references should correspond to the number of sources you consulted in your paper.<\/li>\n<li>You should put your references in alphabetical order.<\/li>\n<li>References should be placed at the end of the research report.<\/li>\n<li>Remember that the number of \u201creliable information sources\u201d that you use in your research reflects the quality of your research.<\/li>\n<\/ul>\n<p><strong style=\"font-size: 14pt;\"><em><br \/>\nReferences:<\/em><\/strong><\/p>\n<ul style=\"text-align: justify;\">\n<li style=\"text-align: left;\">Online Writing Lab. MLA Formatting and Style Guide.\u00a0<a href=\"https:\/\/owl.english.purdue.edu\/owl\/resource\/747\/01\">https:\/\/owl.english.purdue.edu\/owl\/resource\/747\/01<\/a><\/li>\n<li style=\"text-align: left;\">Adapazar\u0131 ENKA Okullar\u0131. Kaynak\u00e7a Haz\u0131rlama Rehberi <a href=\"https:\/\/www.enka.k12.tr\/adapazari\/kutuphane\/kaynakca-hazirlama-rehberi\/\">KAYNAK\u00c7A HAZIRLAMA REHBER\u0130 | ENKA Okullar\u0131 Adapazar\u0131<\/a><\/li>\n<\/ul>\n<p>[\/vc_column_text][\/vc_column][\/vc_row]<\/p>\n<\/div>","protected":false},"excerpt":{"rendered":"<p>[vc_row][vc_column][\/vc_column][\/vc_row][vc_row gap=&#8221;30&#8243; padding_top=&#8221;40px&#8221; padding_bottom=&#8221;0px&#8221; padding_left=&#8221;10px&#8221; padding_right=&#8221;10px&#8221; bg_type=&#8221;bg_color&#8221; bg_color_value=&#8221;rgba(247,247,247,0.8)&#8221;][vc_column width=&#8221;2\/3&#8243;][\/vc_column][\/vc_row][vc_row gap=&#8221;30&#8243; padding_top=&#8221;40px&#8221; padding_bottom=&#8221;0px&#8221; padding_left=&#8221;10px&#8221; padding_right=&#8221;10px&#8221; bg_type=&#8221;bg_color&#8221; bg_color_value=&#8221;rgba(247,247,247,0.8)&#8221;][vc_column width=&#8221;2\/3&#8243;][vc_column_text] MLA Referencing Guidelines\u00a0 1 INTRODUCTION It is a legal and ethical obligation to indicate the resources used in all studies that are presented orally or in writing. This applies not only to academic work, but to all texts and speeches in which information is shared. In order to&#8230;<\/p>\n","protected":false},"author":2,"featured_media":1176,"parent":377,"menu_order":0,"comment_status":"closed","ping_status":"closed","template":"","meta":{"_acf_changed":false,"om_disable_all_campaigns":false,"inline_featured_image":false,"_monsterinsights_skip_tracking":false,"_monsterinsights_sitenote_active":false,"_monsterinsights_sitenote_note":"","_monsterinsights_sitenote_category":0,"footnotes":""},"class_list":["post-384","page","type-page","status-publish","has-post-thumbnail","hentry","custom-post-type-entry"],"aioseo_notices":[],"acf":[],"_links":{"self":[{"href":"https:\/\/www.enka.k12.tr\/adapazari\/en\/wp-json\/wp\/v2\/pages\/384","targetHints":{"allow":["GET"]}}],"collection":[{"href":"https:\/\/www.enka.k12.tr\/adapazari\/en\/wp-json\/wp\/v2\/pages"}],"about":[{"href":"https:\/\/www.enka.k12.tr\/adapazari\/en\/wp-json\/wp\/v2\/types\/page"}],"author":[{"embeddable":true,"href":"https:\/\/www.enka.k12.tr\/adapazari\/en\/wp-json\/wp\/v2\/users\/2"}],"replies":[{"embeddable":true,"href":"https:\/\/www.enka.k12.tr\/adapazari\/en\/wp-json\/wp\/v2\/comments?post=384"}],"version-history":[{"count":0,"href":"https:\/\/www.enka.k12.tr\/adapazari\/en\/wp-json\/wp\/v2\/pages\/384\/revisions"}],"up":[{"embeddable":true,"href":"https:\/\/www.enka.k12.tr\/adapazari\/en\/wp-json\/wp\/v2\/pages\/377"}],"wp:featuredmedia":[{"embeddable":true,"href":"https:\/\/www.enka.k12.tr\/adapazari\/en\/wp-json\/wp\/v2\/media\/1176"}],"wp:attachment":[{"href":"https:\/\/www.enka.k12.tr\/adapazari\/en\/wp-json\/wp\/v2\/media?parent=384"}],"curies":[{"name":"wp","href":"https:\/\/api.w.org\/{rel}","templated":true}]}}