{"id":446,"date":"2017-07-03T12:18:45","date_gmt":"2017-07-03T12:18:45","guid":{"rendered":"http:\/\/www.enka.com\/foundation\/schools\/adapazari\/?page_id=446\/"},"modified":"2025-06-27T10:23:10","modified_gmt":"2025-06-27T07:23:10","slug":"yazadurmak","status":"publish","type":"page","link":"https:\/\/www.enka.k12.tr\/adapazari\/en\/publications\/yazadurmak\/","title":{"rendered":"YAZADURMAK"},"content":{"rendered":"<div class=\"wpb-content-wrapper\"><p>[vc_row][vc_column]<div id=\"ultimate-heading-688469e11b9cd5529\" class=\"uvc-heading ult-adjust-bottom-margin ultimate-heading-688469e11b9cd5529 uvc-6657 \" data-hspacer=\"line_with_icon\" data-hline_width=\"auto\" data-hicon_type=\"custom\" data-hborder_style=\"solid\" data-hborder_height=\"3\" data-hborder_color=\"#69b3e7\" data-icon_width=\"200\" data-hfixer=\"30\"  data-halign=\"center\" style=\"text-align:center\"><div class=\"uvc-heading-spacer line_with_icon\" style=\"top\"><div class=\"ult-just-icon-wrapper  \"><div class=\"align-icon\" style=\"text-align:center;\">\n<div class=\"aio-icon-img \" style=\"font-size:200px;display:inline-block;\" >\n\t<img decoding=\"async\" class=\"img-icon\" alt=\"null\" src=\"https:\/\/www.enka.k12.tr\/adapazari\/wp-content\/uploads\/2021\/03\/enka_schools_log_newtr.jpg\"\/>\n<\/div><\/div><\/div><\/div><div class=\"uvc-sub-heading ult-responsive\"  data-ultimate-target='.uvc-heading.ultimate-heading-688469e11b9cd5529 .uvc-sub-heading '  data-responsive-json-new='{\"font-size\":\"desktop:40px;\",\"line-height\":\"\"}'  style=\"font-weight:normal;\"><\/p>\n<p>YAZADURMAK<\/p>\n<p><\/div><\/div><div class=\"ult-spacer spacer-69e11b9cd559b\" data-id=\"69e11b9cd559b\" data-height=\"30\" data-height-mobile=\"10\" data-height-tab=\"20\" data-height-tab-portrait=\"\" data-height-mobile-landscape=\"\" style=\"clear:both;display:block;\"><\/div>[\/vc_column][\/vc_row][vc_row gap=&#8221;30&#8243; padding_top=&#8221;40px&#8221; padding_bottom=&#8221;20px&#8221; padding_left=&#8221;10px&#8221; padding_right=&#8221;10px&#8221; bg_type=&#8221;bg_color&#8221; bg_color_value=&#8221;rgba(247,247,247,0.8)&#8221;][vc_column]<div id=\"ultib3-344801697369e11b9cd583b\" class=\" ultb3-box ult-adjust-bottom-margin  ultb3-hover-3\" style=\"background-color: #b3d4e5;border:1px solid #dddddd;\"><div class=\"ultb3-box-overlay\" style=\"background:rgba(255,255,255,0.7);\"><\/div><img decoding=\"async\" src=\"https:\/\/www.enka.k12.tr\/adapazari\/wp-content\/uploads\/2025\/06\/YAZADURMAK_COVER.png\" style=\"\" class=\"ultb3-img ultb3-img-center-right\" alt=\"null\"\/><div id=\"Info-banner-wrap1386\" class=\"ultb3-info ib3-info-left\" data-animation=\"flipInX\" data-animation-delay=\"03\"><div class=\"ultb3-title ult-responsive\"  data-ultimate-target='#Info-banner-wrap1386 .ultb3-title'  data-responsive-json-new='{\"font-size\":\"desktop:18px;\",\"line-height\":\"\"}'  style=\"font-weight:normal;\">YAZADURMAK 2025<\/div><a href=\"https:\/\/www.enka.k12.tr\/adapazari\/externalfiles\/2025\/YAZADURMAK\/WEB\/index.html\" title=\"Adapazar\u0131 \u00d6zel ENKA Okullar\u0131 yazadurmak\" target=\"target=\"_blank\"\"  class=\"ultb3-btn ult-responsive\"  data-ultimate-target='#Info-banner-wrap1386 .ultb3-btn'  data-responsive-json-new='{\"font-size\":\"\",\"line-height\":\"\"}'  style=\"font-weight:normal;\">Learn More<i class=\"Defaults-angle-right\"><\/i><\/a><\/div><\/div><style>\n\t\t\t\t\t#ultib3-344801697369e11b9cd583b {\n\t\t\t\t\t\tmin-height:320px;\n\t\t\t\t\t}\n\t\t\t\t\t#ultib3-344801697369e11b9cd583b img.ultb3-img {\n\t\t\t\t\t\theight: px;\n\t\t\t\t\t}\n\t\t\t\t\t#ultib3-344801697369e11b9cd583b .ultb3-btn {\n\t\t\t\t\t\tborder:2px solid #69b3e7;border-radius:50px;color:#69b3e7;\n\t\t\t\t\t}\n\t\t\t\t\t#ultib3-344801697369e11b9cd583b .ultb3-btn:hover {\n\t\t\t\t\t\tbackground:#69b3e7;color:#ffffff;\n\t\t\t\t\t}\n\t\t\t\t\t#ultib3-344801697369e11b9cd583b .ultb3-btn:focus {\n\t\t\t\t\t\toutline: 2px solid #005fcc;\n\t\t\t\t\t\toutline-offset: 2px;\n\t\t\t\t\t}\n\t\t\t\t<\/style><div class=\"ult-spacer spacer-69e11b9cd58cb\" data-id=\"69e11b9cd58cb\" data-height=\"30\" data-height-mobile=\"10\" data-height-tab=\"20\" data-height-tab-portrait=\"\" data-height-mobile-landscape=\"\" style=\"clear:both;display:block;\"><\/div>[\/vc_column][\/vc_row][vc_row gap=&#8221;30&#8243; padding_top=&#8221;40px&#8221; padding_bottom=&#8221;20px&#8221; padding_left=&#8221;10px&#8221; padding_right=&#8221;10px&#8221; bg_type=&#8221;bg_color&#8221; bg_color_value=&#8221;rgba(247,247,247,0.8)&#8221;][vc_column]<div id=\"ultib3-52270589569e11b9cd5b54\" class=\" ultb3-box ult-adjust-bottom-margin  ultb3-hover-3\" style=\"background-color: #b3d4e5;border:1px solid #dddddd;\"><div class=\"ultb3-box-overlay\" style=\"background:rgba(255,255,255,0.7);\"><\/div><img decoding=\"async\" src=\"https:\/\/www.enka.k12.tr\/adapazari\/wp-content\/uploads\/2024\/06\/YAZADURMAK_COVER-1.jpg\" style=\"\" class=\"ultb3-img ultb3-img-center-right\" alt=\"null\"\/><div id=\"Info-banner-wrap4647\" class=\"ultb3-info ib3-info-left\" data-animation=\"flipInX\" data-animation-delay=\"03\"><div class=\"ultb3-title ult-responsive\"  data-ultimate-target='#Info-banner-wrap4647 .ultb3-title'  data-responsive-json-new='{\"font-size\":\"desktop:18px;\",\"line-height\":\"\"}'  style=\"font-weight:normal;\">YAZADURMAK 2024<\/div><a href=\"https:\/\/www.enka.k12.tr\/adapazari\/externalfiles\/YAZADURMAK\/WEB\/index.html\" title=\"Adapazar\u0131 \u00d6zel ENKA Okullar\u0131 yazadurmak\" target=\"target=\"_blank\"\"  class=\"ultb3-btn ult-responsive\"  data-ultimate-target='#Info-banner-wrap4647 .ultb3-btn'  data-responsive-json-new='{\"font-size\":\"\",\"line-height\":\"\"}'  style=\"font-weight:normal;\">Learn More<i class=\"Defaults-angle-right\"><\/i><\/a><\/div><\/div><style>\n\t\t\t\t\t#ultib3-52270589569e11b9cd5b54 {\n\t\t\t\t\t\tmin-height:320px;\n\t\t\t\t\t}\n\t\t\t\t\t#ultib3-52270589569e11b9cd5b54 img.ultb3-img {\n\t\t\t\t\t\theight: px;\n\t\t\t\t\t}\n\t\t\t\t\t#ultib3-52270589569e11b9cd5b54 .ultb3-btn {\n\t\t\t\t\t\tborder:2px solid #69b3e7;border-radius:50px;color:#69b3e7;\n\t\t\t\t\t}\n\t\t\t\t\t#ultib3-52270589569e11b9cd5b54 .ultb3-btn:hover {\n\t\t\t\t\t\tbackground:#69b3e7;color:#ffffff;\n\t\t\t\t\t}\n\t\t\t\t\t#ultib3-52270589569e11b9cd5b54 .ultb3-btn:focus {\n\t\t\t\t\t\toutline: 2px solid #005fcc;\n\t\t\t\t\t\toutline-offset: 2px;\n\t\t\t\t\t}\n\t\t\t\t<\/style><div class=\"ult-spacer spacer-69e11b9cd5bd6\" data-id=\"69e11b9cd5bd6\" data-height=\"30\" data-height-mobile=\"10\" data-height-tab=\"20\" data-height-tab-portrait=\"\" data-height-mobile-landscape=\"\" style=\"clear:both;display:block;\"><\/div>[\/vc_column][\/vc_row][vc_row gap=&#8221;30&#8243; padding_top=&#8221;40px&#8221; padding_bottom=&#8221;20px&#8221; padding_left=&#8221;10px&#8221; padding_right=&#8221;10px&#8221; bg_type=&#8221;bg_color&#8221; bg_color_value=&#8221;rgba(247,247,247,0.8)&#8221;][vc_column]<div id=\"ultib3-255579138869e11b9cd5e5e\" class=\" ultb3-box ult-adjust-bottom-margin  ultb3-hover-3\" style=\"background-color: #b3d4e5;border:1px solid #dddddd;\"><div class=\"ultb3-box-overlay\" style=\"background:rgba(255,255,255,0.7);\"><\/div><img decoding=\"async\" src=\"https:\/\/www.enka.k12.tr\/adapazari\/wp-content\/uploads\/2023\/06\/shot.jpg\" style=\"\" class=\"ultb3-img ultb3-img-center-right\" alt=\"null\"\/><div id=\"Info-banner-wrap2115\" class=\"ultb3-info ib3-info-left\" data-animation=\"flipInX\" data-animation-delay=\"03\"><div class=\"ultb3-title ult-responsive\"  data-ultimate-target='#Info-banner-wrap2115 .ultb3-title'  data-responsive-json-new='{\"font-size\":\"desktop:18px;\",\"line-height\":\"\"}'  style=\"font-weight:normal;\">YAZADURMAK 2023<\/div><a href=\"https:\/\/www.enka.k12.tr\/adapazari\/wp-content\/uploads\/2023\/06\/2023-YAZADURMAK.pdf\" title=\"Adapazar\u0131 \u00d6zel ENKA Okullar\u0131 yazadurmak\" target=\"target=\"_blank\"\"  class=\"ultb3-btn ult-responsive\"  data-ultimate-target='#Info-banner-wrap2115 .ultb3-btn'  data-responsive-json-new='{\"font-size\":\"\",\"line-height\":\"\"}'  style=\"font-weight:normal;\">Learn More<i class=\"Defaults-angle-right\"><\/i><\/a><\/div><\/div><style>\n\t\t\t\t\t#ultib3-255579138869e11b9cd5e5e {\n\t\t\t\t\t\tmin-height:320px;\n\t\t\t\t\t}\n\t\t\t\t\t#ultib3-255579138869e11b9cd5e5e img.ultb3-img {\n\t\t\t\t\t\theight: px;\n\t\t\t\t\t}\n\t\t\t\t\t#ultib3-255579138869e11b9cd5e5e .ultb3-btn {\n\t\t\t\t\t\tborder:2px solid #69b3e7;border-radius:50px;color:#69b3e7;\n\t\t\t\t\t}\n\t\t\t\t\t#ultib3-255579138869e11b9cd5e5e .ultb3-btn:hover {\n\t\t\t\t\t\tbackground:#69b3e7;color:#ffffff;\n\t\t\t\t\t}\n\t\t\t\t\t#ultib3-255579138869e11b9cd5e5e .ultb3-btn:focus {\n\t\t\t\t\t\toutline: 2px solid #005fcc;\n\t\t\t\t\t\toutline-offset: 2px;\n\t\t\t\t\t}\n\t\t\t\t<\/style><div class=\"ult-spacer spacer-69e11b9cd5ede\" data-id=\"69e11b9cd5ede\" data-height=\"30\" data-height-mobile=\"10\" data-height-tab=\"20\" data-height-tab-portrait=\"\" data-height-mobile-landscape=\"\" style=\"clear:both;display:block;\"><\/div>[\/vc_column][\/vc_row][vc_row gap=&#8221;30&#8243; padding_top=&#8221;40px&#8221; padding_bottom=&#8221;20px&#8221; padding_left=&#8221;10px&#8221; padding_right=&#8221;10px&#8221; bg_type=&#8221;bg_color&#8221; bg_color_value=&#8221;rgba(247,247,247,0.8)&#8221;][vc_column]<div id=\"ultib3-307529233769e11b9cd6155\" class=\" ultb3-box ult-adjust-bottom-margin  ultb3-hover-3\" style=\"background-color: #b3d4e5;border:1px solid #dddddd;\"><div class=\"ultb3-box-overlay\" style=\"background:rgba(255,255,255,0.7);\"><\/div><img decoding=\"async\" src=\"https:\/\/www.enka.k12.tr\/adapazari\/wp-content\/uploads\/2022\/06\/yazadurmak-2022.jpg\" style=\"\" class=\"ultb3-img ultb3-img-center-right\" alt=\"null\"\/><div id=\"Info-banner-wrap6325\" class=\"ultb3-info ib3-info-left\" data-animation=\"flipInX\" data-animation-delay=\"03\"><div class=\"ultb3-title ult-responsive\"  data-ultimate-target='#Info-banner-wrap6325 .ultb3-title'  data-responsive-json-new='{\"font-size\":\"desktop:18px;\",\"line-height\":\"\"}'  style=\"font-weight:normal;\">YAZADURMAK 2022<\/div><a href=\"https:\/\/www.enka.k12.tr\/adapazari\/wp-content\/uploads\/2022\/06\/2022-yazadurmak-17-sayisi.pdf\" title=\"Adapazar\u0131 \u00d6zel ENKA Okullar\u0131 yazadurmak\" target=\"target=\"_blank\"\"  class=\"ultb3-btn ult-responsive\"  data-ultimate-target='#Info-banner-wrap6325 .ultb3-btn'  data-responsive-json-new='{\"font-size\":\"\",\"line-height\":\"\"}'  style=\"font-weight:normal;\">Learn More<i class=\"Defaults-angle-right\"><\/i><\/a><\/div><\/div><style>\n\t\t\t\t\t#ultib3-307529233769e11b9cd6155 {\n\t\t\t\t\t\tmin-height:320px;\n\t\t\t\t\t}\n\t\t\t\t\t#ultib3-307529233769e11b9cd6155 img.ultb3-img {\n\t\t\t\t\t\theight: px;\n\t\t\t\t\t}\n\t\t\t\t\t#ultib3-307529233769e11b9cd6155 .ultb3-btn {\n\t\t\t\t\t\tborder:2px solid #69b3e7;border-radius:50px;color:#69b3e7;\n\t\t\t\t\t}\n\t\t\t\t\t#ultib3-307529233769e11b9cd6155 .ultb3-btn:hover {\n\t\t\t\t\t\tbackground:#69b3e7;color:#ffffff;\n\t\t\t\t\t}\n\t\t\t\t\t#ultib3-307529233769e11b9cd6155 .ultb3-btn:focus {\n\t\t\t\t\t\toutline: 2px solid #005fcc;\n\t\t\t\t\t\toutline-offset: 2px;\n\t\t\t\t\t}\n\t\t\t\t<\/style><div class=\"ult-spacer spacer-69e11b9cd61d2\" data-id=\"69e11b9cd61d2\" data-height=\"30\" data-height-mobile=\"10\" data-height-tab=\"20\" data-height-tab-portrait=\"\" data-height-mobile-landscape=\"\" style=\"clear:both;display:block;\"><\/div>[\/vc_column][\/vc_row][vc_row gap=&#8221;30&#8243; padding_top=&#8221;40px&#8221; padding_bottom=&#8221;20px&#8221; padding_left=&#8221;10px&#8221; padding_right=&#8221;10px&#8221; bg_type=&#8221;bg_color&#8221; bg_color_value=&#8221;rgba(247,247,247,0.8)&#8221;][vc_column]<div id=\"ultib3-155582515469e11b9cd6439\" class=\" ultb3-box ult-adjust-bottom-margin  ultb3-hover-3\" style=\"background-color: #b3d4e5;border:1px solid #dddddd;\"><div class=\"ultb3-box-overlay\" style=\"background:rgba(255,255,255,0.7);\"><\/div><img decoding=\"async\" src=\"https:\/\/www.enka.k12.tr\/adapazari\/wp-content\/uploads\/2021\/06\/yazadurmak.jpg\" style=\"\" class=\"ultb3-img ultb3-img-center-right\" alt=\"null\"\/><div id=\"Info-banner-wrap4464\" class=\"ultb3-info ib3-info-left\" data-animation=\"flipInX\" data-animation-delay=\"03\"><div class=\"ultb3-title ult-responsive\"  data-ultimate-target='#Info-banner-wrap4464 .ultb3-title'  data-responsive-json-new='{\"font-size\":\"desktop:18px;\",\"line-height\":\"\"}'  style=\"font-weight:normal;\">YAZADURMAK 2021<\/div><a href=\"https:\/\/www.enka.k12.tr\/adapazari\/wp-content\/uploads\/2021\/06\/Yazadurmak-m.pdf\" title=\"Adapazar\u0131 \u00d6zel ENKA Okullar\u0131 yazadurmak\" target=\"target=\"_blank\"\"  class=\"ultb3-btn ult-responsive\"  data-ultimate-target='#Info-banner-wrap4464 .ultb3-btn'  data-responsive-json-new='{\"font-size\":\"\",\"line-height\":\"\"}'  style=\"font-weight:normal;\">Learn More<i class=\"Defaults-angle-right\"><\/i><\/a><\/div><\/div><style>\n\t\t\t\t\t#ultib3-155582515469e11b9cd6439 {\n\t\t\t\t\t\tmin-height:320px;\n\t\t\t\t\t}\n\t\t\t\t\t#ultib3-155582515469e11b9cd6439 img.ultb3-img {\n\t\t\t\t\t\theight: px;\n\t\t\t\t\t}\n\t\t\t\t\t#ultib3-155582515469e11b9cd6439 .ultb3-btn {\n\t\t\t\t\t\tborder:2px solid #69b3e7;border-radius:50px;color:#69b3e7;\n\t\t\t\t\t}\n\t\t\t\t\t#ultib3-155582515469e11b9cd6439 .ultb3-btn:hover {\n\t\t\t\t\t\tbackground:#69b3e7;color:#ffffff;\n\t\t\t\t\t}\n\t\t\t\t\t#ultib3-155582515469e11b9cd6439 .ultb3-btn:focus {\n\t\t\t\t\t\toutline: 2px solid #005fcc;\n\t\t\t\t\t\toutline-offset: 2px;\n\t\t\t\t\t}\n\t\t\t\t<\/style><div class=\"ult-spacer spacer-69e11b9cd64b2\" data-id=\"69e11b9cd64b2\" data-height=\"30\" data-height-mobile=\"10\" data-height-tab=\"20\" data-height-tab-portrait=\"\" data-height-mobile-landscape=\"\" style=\"clear:both;display:block;\"><\/div>[\/vc_column][\/vc_row][vc_row gap=&#8221;30&#8243; padding_top=&#8221;40px&#8221; padding_bottom=&#8221;20px&#8221; padding_left=&#8221;10px&#8221; padding_right=&#8221;10px&#8221; bg_type=&#8221;bg_color&#8221; bg_color_value=&#8221;rgba(247,247,247,0.8)&#8221;][vc_column]<div id=\"ultib3-161159079369e11b9cd6755\" class=\" ultb3-box ult-adjust-bottom-margin  ultb3-hover-3\" style=\"background-color: #b3d4e5;border:1px solid #dddddd;\"><div class=\"ultb3-box-overlay\" style=\"background:rgba(255,255,255,0.7);\"><\/div><img decoding=\"async\" src=\"https:\/\/www.enka.k12.tr\/adapazari\/wp-content\/uploads\/2019\/09\/yazadurmak_14-e1569322931984.png\" style=\"\" class=\"ultb3-img ultb3-img-center-right\" alt=\"null\"\/><div id=\"Info-banner-wrap5463\" class=\"ultb3-info ib3-info-left\" data-animation=\"flipInX\" data-animation-delay=\"03\"><div class=\"ultb3-title ult-responsive\"  data-ultimate-target='#Info-banner-wrap5463 .ultb3-title'  data-responsive-json-new='{\"font-size\":\"desktop:18px;\",\"line-height\":\"\"}'  style=\"font-weight:normal;\">YAZADURMAK 2018<\/div><a href=\"https:\/\/www.enka.k12.tr\/adapazari\/wp-content\/uploads\/2019\/09\/Yazadurmak_14_sayi.pdf\" target=\"target=\"_blank\"\"  class=\"ultb3-btn ult-responsive\"  data-ultimate-target='#Info-banner-wrap5463 .ultb3-btn'  data-responsive-json-new='{\"font-size\":\"\",\"line-height\":\"\"}'  style=\"font-weight:normal;\">Learn More<i class=\"Defaults-angle-right\"><\/i><\/a><\/div><\/div><style>\n\t\t\t\t\t#ultib3-161159079369e11b9cd6755 {\n\t\t\t\t\t\tmin-height:320px;\n\t\t\t\t\t}\n\t\t\t\t\t#ultib3-161159079369e11b9cd6755 img.ultb3-img {\n\t\t\t\t\t\theight: px;\n\t\t\t\t\t}\n\t\t\t\t\t#ultib3-161159079369e11b9cd6755 .ultb3-btn {\n\t\t\t\t\t\tborder:2px solid #69b3e7;border-radius:50px;color:#69b3e7;\n\t\t\t\t\t}\n\t\t\t\t\t#ultib3-161159079369e11b9cd6755 .ultb3-btn:hover {\n\t\t\t\t\t\tbackground:#69b3e7;color:#ffffff;\n\t\t\t\t\t}\n\t\t\t\t\t#ultib3-161159079369e11b9cd6755 .ultb3-btn:focus {\n\t\t\t\t\t\toutline: 2px solid #005fcc;\n\t\t\t\t\t\toutline-offset: 2px;\n\t\t\t\t\t}\n\t\t\t\t<\/style><div class=\"ult-spacer spacer-69e11b9cd67d1\" data-id=\"69e11b9cd67d1\" data-height=\"30\" data-height-mobile=\"10\" data-height-tab=\"20\" data-height-tab-portrait=\"\" data-height-mobile-landscape=\"\" style=\"clear:both;display:block;\"><\/div>[\/vc_column][\/vc_row][vc_row gap=&#8221;30&#8243; padding_top=&#8221;40px&#8221; padding_bottom=&#8221;20px&#8221; padding_left=&#8221;10px&#8221; padding_right=&#8221;10px&#8221; bg_type=&#8221;bg_color&#8221; bg_color_value=&#8221;rgba(247,247,247,0.8)&#8221;][vc_column]<div id=\"ultib3-400118464769e11b9cd6a54\" class=\" ultb3-box ult-adjust-bottom-margin  ultb3-hover-3\" style=\"background-color: #b3d4e5;border:1px solid #dddddd;\"><div class=\"ultb3-box-overlay\" style=\"background:rgba(255,255,255,0.7);\"><\/div><img decoding=\"async\" src=\"https:\/\/www.enka.k12.tr\/adapazari\/wp-content\/uploads\/2017\/07\/yazadurmak_new_fi.jpg\" style=\"\" class=\"ultb3-img ultb3-img-center-right\" alt=\"null\"\/><div id=\"Info-banner-wrap2717\" class=\"ultb3-info ib3-info-left\" data-animation=\"flipInX\" data-animation-delay=\"03\"><div class=\"ultb3-title ult-responsive\"  data-ultimate-target='#Info-banner-wrap2717 .ultb3-title'  data-responsive-json-new='{\"font-size\":\"desktop:18px;\",\"line-height\":\"\"}'  style=\"font-weight:normal;\">YAZADURMAK 2017<\/div><a href=\"https:\/\/www.enka.k12.tr\/adapazari\/wp-content\/uploads\/2017\/07\/YAZADURMAK.pdf\" target=\"target=\"_blank\"\"  class=\"ultb3-btn ult-responsive\"  data-ultimate-target='#Info-banner-wrap2717 .ultb3-btn'  data-responsive-json-new='{\"font-size\":\"\",\"line-height\":\"\"}'  style=\"font-weight:normal;\">Learn More<i class=\"Defaults-angle-right\"><\/i><\/a><\/div><\/div><style>\n\t\t\t\t\t#ultib3-400118464769e11b9cd6a54 {\n\t\t\t\t\t\tmin-height:320px;\n\t\t\t\t\t}\n\t\t\t\t\t#ultib3-400118464769e11b9cd6a54 img.ultb3-img {\n\t\t\t\t\t\theight: px;\n\t\t\t\t\t}\n\t\t\t\t\t#ultib3-400118464769e11b9cd6a54 .ultb3-btn {\n\t\t\t\t\t\tborder:2px solid #69b3e7;border-radius:50px;color:#69b3e7;\n\t\t\t\t\t}\n\t\t\t\t\t#ultib3-400118464769e11b9cd6a54 .ultb3-btn:hover {\n\t\t\t\t\t\tbackground:#69b3e7;color:#ffffff;\n\t\t\t\t\t}\n\t\t\t\t\t#ultib3-400118464769e11b9cd6a54 .ultb3-btn:focus {\n\t\t\t\t\t\toutline: 2px solid #005fcc;\n\t\t\t\t\t\toutline-offset: 2px;\n\t\t\t\t\t}\n\t\t\t\t<\/style><div class=\"ult-spacer spacer-69e11b9cd6acd\" data-id=\"69e11b9cd6acd\" data-height=\"30\" data-height-mobile=\"10\" data-height-tab=\"20\" data-height-tab-portrait=\"\" data-height-mobile-landscape=\"\" style=\"clear:both;display:block;\"><\/div>[\/vc_column][\/vc_row]<\/p>\n<\/div>","protected":false},"excerpt":{"rendered":"<p>[vc_row][vc_column][\/vc_column][\/vc_row][vc_row gap=&#8221;30&#8243; padding_top=&#8221;40px&#8221; padding_bottom=&#8221;20px&#8221; padding_left=&#8221;10px&#8221; padding_right=&#8221;10px&#8221; bg_type=&#8221;bg_color&#8221; bg_color_value=&#8221;rgba(247,247,247,0.8)&#8221;][vc_column][\/vc_column][\/vc_row][vc_row gap=&#8221;30&#8243; padding_top=&#8221;40px&#8221; padding_bottom=&#8221;20px&#8221; padding_left=&#8221;10px&#8221; padding_right=&#8221;10px&#8221; bg_type=&#8221;bg_color&#8221; bg_color_value=&#8221;rgba(247,247,247,0.8)&#8221;][vc_column][\/vc_column][\/vc_row][vc_row gap=&#8221;30&#8243; padding_top=&#8221;40px&#8221; padding_bottom=&#8221;20px&#8221; padding_left=&#8221;10px&#8221; padding_right=&#8221;10px&#8221; bg_type=&#8221;bg_color&#8221; bg_color_value=&#8221;rgba(247,247,247,0.8)&#8221;][vc_column][\/vc_column][\/vc_row][vc_row gap=&#8221;30&#8243; padding_top=&#8221;40px&#8221; padding_bottom=&#8221;20px&#8221; padding_left=&#8221;10px&#8221; padding_right=&#8221;10px&#8221; bg_type=&#8221;bg_color&#8221; bg_color_value=&#8221;rgba(247,247,247,0.8)&#8221;][vc_column][\/vc_column][\/vc_row][vc_row gap=&#8221;30&#8243; padding_top=&#8221;40px&#8221; padding_bottom=&#8221;20px&#8221; padding_left=&#8221;10px&#8221; padding_right=&#8221;10px&#8221; bg_type=&#8221;bg_color&#8221; bg_color_value=&#8221;rgba(247,247,247,0.8)&#8221;][vc_column][\/vc_column][\/vc_row][vc_row gap=&#8221;30&#8243; padding_top=&#8221;40px&#8221; padding_bottom=&#8221;20px&#8221; padding_left=&#8221;10px&#8221; padding_right=&#8221;10px&#8221; bg_type=&#8221;bg_color&#8221; bg_color_value=&#8221;rgba(247,247,247,0.8)&#8221;][vc_column][\/vc_column][\/vc_row][vc_row gap=&#8221;30&#8243; padding_top=&#8221;40px&#8221; padding_bottom=&#8221;20px&#8221; padding_left=&#8221;10px&#8221; padding_right=&#8221;10px&#8221; bg_type=&#8221;bg_color&#8221; bg_color_value=&#8221;rgba(247,247,247,0.8)&#8221;][vc_column][\/vc_column][\/vc_row]<\/p>\n","protected":false},"author":2,"featured_media":15569,"parent":438,"menu_order":0,"comment_status":"closed","ping_status":"closed","template":"","meta":{"_acf_changed":false,"om_disable_all_campaigns":false,"inline_featured_image":false,"_monsterinsights_skip_tracking":false,"_monsterinsights_sitenote_active":false,"_monsterinsights_sitenote_note":"","_monsterinsights_sitenote_category":0,"footnotes":""},"class_list":["post-446","page","type-page","status-publish","has-post-thumbnail","hentry","custom-post-type-entry"],"aioseo_notices":[],"acf":[],"_links":{"self":[{"href":"https:\/\/www.enka.k12.tr\/adapazari\/en\/wp-json\/wp\/v2\/pages\/446","targetHints":{"allow":["GET"]}}],"collection":[{"href":"https:\/\/www.enka.k12.tr\/adapazari\/en\/wp-json\/wp\/v2\/pages"}],"about":[{"href":"https:\/\/www.enka.k12.tr\/adapazari\/en\/wp-json\/wp\/v2\/types\/page"}],"author":[{"embeddable":true,"href":"https:\/\/www.enka.k12.tr\/adapazari\/en\/wp-json\/wp\/v2\/users\/2"}],"replies":[{"embeddable":true,"href":"https:\/\/www.enka.k12.tr\/adapazari\/en\/wp-json\/wp\/v2\/comments?post=446"}],"version-history":[{"count":0,"href":"https:\/\/www.enka.k12.tr\/adapazari\/en\/wp-json\/wp\/v2\/pages\/446\/revisions"}],"up":[{"embeddable":true,"href":"https:\/\/www.enka.k12.tr\/adapazari\/en\/wp-json\/wp\/v2\/pages\/438"}],"wp:featuredmedia":[{"embeddable":true,"href":"https:\/\/www.enka.k12.tr\/adapazari\/en\/wp-json\/wp\/v2\/media\/15569"}],"wp:attachment":[{"href":"https:\/\/www.enka.k12.tr\/adapazari\/en\/wp-json\/wp\/v2\/media?parent=446"}],"curies":[{"name":"wp","href":"https:\/\/api.w.org\/{rel}","templated":true}]}}