{"id":121,"date":"2017-07-03T08:23:14","date_gmt":"2017-07-03T05:23:14","guid":{"rendered":"http:\/\/www.enka.com\/foundation\/schools\/adapazari\/home\/"},"modified":"2026-01-05T11:40:42","modified_gmt":"2026-01-05T08:40:42","slug":"anasayfa","status":"publish","type":"page","link":"https:\/\/www.enka.k12.tr\/adapazari\/","title":{"rendered":"ADAPAZARI"},"content":{"rendered":"<div class=\"wpb-content-wrapper\"><p>[vc_row center_row=&#8221;yes&#8221; padding_top=&#8221;10px&#8221; padding_bottom=&#8221;50px&#8221;][vc_column width=&#8221;1\/3&#8243;]<div id=\"ultimate-heading-243069e12ff07f492\" class=\"uvc-heading ult-adjust-bottom-margin ultimate-heading-243069e12ff07f492 uvc-2922 \" data-hspacer=\"line_only\"  data-halign=\"center\" style=\"text-align:center\"><div class=\"uvc-sub-heading ult-responsive\"  data-ultimate-target='.uvc-heading.ultimate-heading-243069e12ff07f492 .uvc-sub-heading '  data-responsive-json-new='{\"font-size\":\"desktop:35px;tablet:33px;\",\"line-height\":\"desktop:35px;tablet:38px;tablet_portrait:36px;mobile_landscape:34px;mobile:32px;\"}'  style=\"font-weight:normal;\"><\/p>\n<p style=\"text-align: center;\">\u0130LKOKUL<\/p>\n<p><\/div><div class=\"uvc-heading-spacer line_only\" style=\"margin-top:20px;height:3px;\"><span class=\"uvc-headings-line\" style=\"border-style:solid;border-bottom-width:3px;border-color:#69b3e7;width:100px;\"><\/span><\/div><\/div><div class=\"ult-spacer spacer-69e12ff07f4f9\" data-id=\"69e12ff07f4f9\" data-height=\"30\" data-height-mobile=\"10\" data-height-tab=\"25\" data-height-tab-portrait=\"20\" data-height-mobile-landscape=\"18\" style=\"clear:both;display:block;\"><\/div><div tabindex=\"0\" class=\"ult-new-ib ult-ib-effect-style5  ult-ib-resp  \" data-min-width=\"768\" data-max-width=\"900\" style=\"background:#62b5e5;\" data-opacity=\"1\" data-hover-opacity=\"0.3\" ><img decoding=\"async\" class=\"ult-new-ib-img\" style=\"opacity:1;\" alt=\"null\" src=\"https:\/\/www.enka.k12.tr\/adapazari\/wp-content\/uploads\/2017\/07\/primary_school_fi.jpg\"   \/><div id=\"interactive-banner-wrap-4432\" class=\"ult-new-ib-desc\" style=\"background:#62b5e5;\"><h2 class=\"ult-new-ib-title ult-responsive\"  data-ultimate-target='#interactive-banner-wrap-4432 .ult-new-ib-title'  data-responsive-json-new='{\"font-size\":\"\",\"line-height\":\"\"}'  style=\"font-weight:normal;color:#ffffff;\">\u0130LKOKUL<\/h2><\/div><a class=\"ult-new-ib-link\" href=\"https:\/\/www.enka.k12.tr\/adapazari\/okullar\/ilkokul\/\"  ><\/a><\/div>[\/vc_column][vc_column width=&#8221;1\/3&#8243;]<div id=\"ultimate-heading-303669e12ff07f8b0\" class=\"uvc-heading ult-adjust-bottom-margin ultimate-heading-303669e12ff07f8b0 uvc-7029 \" data-hspacer=\"line_only\"  data-halign=\"center\" style=\"text-align:center\"><div class=\"uvc-sub-heading ult-responsive\"  data-ultimate-target='.uvc-heading.ultimate-heading-303669e12ff07f8b0 .uvc-sub-heading '  data-responsive-json-new='{\"font-size\":\"desktop:35px;tablet:33px;\",\"line-height\":\"desktop:35px;tablet:38px;tablet_portrait:36px;mobile_landscape:34px;mobile:32px;\"}'  style=\"font-weight:normal;\"><\/p>\n<p style=\"text-align: center;\">ORTAOKUL<\/p>\n<p><\/div><div class=\"uvc-heading-spacer line_only\" style=\"margin-top:20px;height:3px;\"><span class=\"uvc-headings-line\" style=\"border-style:solid;border-bottom-width:3px;border-color:#69b3e7;width:100px;\"><\/span><\/div><\/div><div class=\"ult-spacer spacer-69e12ff07f8fa\" data-id=\"69e12ff07f8fa\" data-height=\"30\" data-height-mobile=\"10\" data-height-tab=\"25\" data-height-tab-portrait=\"20\" data-height-mobile-landscape=\"18\" style=\"clear:both;display:block;\"><\/div><div tabindex=\"0\" class=\"ult-new-ib ult-ib-effect-style5  ult-ib-resp  \" data-min-width=\"768\" data-max-width=\"900\" style=\"background:#009cde;\" data-opacity=\"1\" data-hover-opacity=\"0.3\" ><img decoding=\"async\" class=\"ult-new-ib-img\" style=\"opacity:1;\" alt=\"null\" src=\"https:\/\/www.enka.k12.tr\/adapazari\/wp-content\/uploads\/2017\/07\/middle_school_fi-1.jpg\"   \/><div id=\"interactive-banner-wrap-1606\" class=\"ult-new-ib-desc\" style=\"background:#009cde;\"><h2 class=\"ult-new-ib-title ult-responsive\"  data-ultimate-target='#interactive-banner-wrap-1606 .ult-new-ib-title'  data-responsive-json-new='{\"font-size\":\"\",\"line-height\":\"\"}'  style=\"font-weight:normal;color:#ffffff;\">ORTAOKUL<\/h2><\/div><a class=\"ult-new-ib-link\" href=\"https:\/\/www.enka.k12.tr\/adapazari\/okullar\/ortaokul\/\"  ><\/a><\/div>[\/vc_column][vc_column width=&#8221;1\/3&#8243;]<div id=\"ultimate-heading-264669e12ff07fc1d\" class=\"uvc-heading ult-adjust-bottom-margin ultimate-heading-264669e12ff07fc1d uvc-452 \" data-hspacer=\"line_only\"  data-halign=\"center\" style=\"text-align:center\"><div class=\"uvc-sub-heading ult-responsive\"  data-ultimate-target='.uvc-heading.ultimate-heading-264669e12ff07fc1d .uvc-sub-heading '  data-responsive-json-new='{\"font-size\":\"desktop:35px;tablet:33px;\",\"line-height\":\"desktop:35px;tablet:38px;tablet_portrait:36px;mobile_landscape:34px;mobile:32px;\"}'  style=\"font-weight:normal;\"><\/p>\n<p style=\"text-align: center;\">L\u0130SE<\/p>\n<p><\/div><div class=\"uvc-heading-spacer line_only\" style=\"margin-top:20px;height:3px;\"><span class=\"uvc-headings-line\" style=\"border-style:solid;border-bottom-width:3px;border-color:#69b3e7;width:50px;\"><\/span><\/div><\/div><div class=\"ult-spacer spacer-69e12ff07fc65\" data-id=\"69e12ff07fc65\" data-height=\"30\" data-height-mobile=\"10\" data-height-tab=\"25\" data-height-tab-portrait=\"20\" data-height-mobile-landscape=\"18\" style=\"clear:both;display:block;\"><\/div><div tabindex=\"0\" class=\"ult-new-ib ult-ib-effect-style5  ult-ib-resp  \" data-min-width=\"768\" data-max-width=\"900\" style=\"background:rgba(1,33,105,0.76);\" data-opacity=\"1\" data-hover-opacity=\"0.3\" ><img decoding=\"async\" class=\"ult-new-ib-img\" style=\"opacity:1;\" alt=\"null\" src=\"https:\/\/www.enka.k12.tr\/adapazari\/wp-content\/uploads\/2017\/07\/high_school_fi.jpg\"   \/><div id=\"interactive-banner-wrap-6862\" class=\"ult-new-ib-desc\" style=\"background:#012169;\"><h2 class=\"ult-new-ib-title ult-responsive\"  data-ultimate-target='#interactive-banner-wrap-6862 .ult-new-ib-title'  data-responsive-json-new='{\"font-size\":\"\",\"line-height\":\"\"}'  style=\"font-weight:normal;color:#ffffff;\">L\u0130SE<\/h2><\/div><a class=\"ult-new-ib-link\" href=\"https:\/\/www.enka.k12.tr\/adapazari\/okullar\/lise\/\"  ><\/a><\/div>[\/vc_column][\/vc_row][vc_row center_row=&#8221;yes&#8221; padding_top=&#8221;95px&#8221; padding_bottom=&#8221;80px&#8221; el_class=&#8221;bg-image&#8221;][vc_column]<div id=\"ultimate-heading-276669e12ff07ff8a\" class=\"uvc-heading ult-adjust-bottom-margin ultimate-heading-276669e12ff07ff8a uvc-2659 \" data-hspacer=\"line_only\"  data-halign=\"center\" style=\"text-align:center\"><div class=\"uvc-main-heading ult-responsive\"  data-ultimate-target='.uvc-heading.ultimate-heading-276669e12ff07ff8a h2'  data-responsive-json-new='{\"font-size\":\"desktop:30px;\",\"line-height\":\"\"}' ><h2 style=\"font-weight:normal;\">AKADEM\u0130K FAAL\u0130YETLER<\/h2><\/div><div class=\"uvc-heading-spacer line_only\" style=\"margin-top:20px;margin-bottom:20px;height:2px;\"><span class=\"uvc-headings-line\" style=\"border-style:dashed;border-bottom-width:2px;border-color:#121d69;width:100px;\"><\/span><\/div><div class=\"uvc-sub-heading ult-responsive\"  data-ultimate-target='.uvc-heading.ultimate-heading-276669e12ff07ff8a .uvc-sub-heading '  data-responsive-json-new='{\"font-size\":\"desktop:14px;\",\"line-height\":\"\"}'  style=\"font-weight:normal;margin-bottom:50px;\">ENKA Okullar\u0131 Adapazar\u0131, \u201cne d\u00fc\u015f\u00fcnmeliyim\u201di de\u011fil, \u201cnas\u0131l d\u00fc\u015f\u00fcnmeliyim\u201di \u00f6\u011fretir. \u00d6zg\u00fcr ve soru sormaya te\u015fvik eden bir atmosferde, \u00f6\u011frenci ve \u00f6\u011fretmenler, meydan okuyan varsay\u0131mlar \u00fczerinde titiz \u00e7al\u0131\u015fmalarla desteklenen, uygulamay\u0131 geli\u015ftirmeye y\u00f6nelik bir anlay\u0131\u015f ile m\u00fcnazaralar yap\u0131yor, birlikte \u00e7al\u0131\u015f\u0131yor ve ara\u015ft\u0131rmalar yap\u0131yorlar. Bu e\u015fsiz ENKA e\u011fitimi, bireyleri de\u011fi\u015ftirip, onlar\u0131 d\u00fcnya \u00fczerinde pozitif bir etki yaratmak i\u00e7in haz\u0131rl\u0131yor ve g\u00fc\u00e7lendiriyor.<\/div><\/div><div class=\"ult-spacer spacer-69e12ff07fff4\" data-id=\"69e12ff07fff4\" data-height=\"30\" data-height-mobile=\"10\" data-height-tab=\"25\" data-height-tab-portrait=\"20\" data-height-mobile-landscape=\"18\" style=\"clear:both;display:block;\"><\/div>[vc_row_inner][vc_column_inner width=&#8221;1\/2&#8243;]<div class=\"aio-icon-component    style_1\"><div id=\"Info-box-wrap-5258\" class=\"aio-icon-box left-icon\" style=\"\"  ><div class=\"aio-icon-left\"><div class=\"ult-just-icon-wrapper  \"><div class=\"align-icon\" style=\"text-align:center;\">\n<div class=\"aio-icon-img \" style=\"font-size:32px;background:rgba(255,255,255,0.01);border-style:dashed;border-color:#012169;border-width:2px;padding:20px;border-radius:200px;display:inline-block;\" >\n\t<img decoding=\"async\" class=\"img-icon\" alt=\"null\" src=\"https:\/\/www.enka.k12.tr\/adapazari\/wp-content\/uploads\/2021\/01\/ibdp_logo-1.png\"\/>\n<\/div><\/div><\/div><\/div><div class=\"aio-ibd-block\"><div class=\"aio-icon-header\" ><a class=\"aio-icon-box-link\" href=\"https:\/\/www.enka.k12.tr\/adapazari\/ib-programlari\/\" ><h3 class=\"aio-icon-title ult-responsive\"  data-ultimate-target='#Info-box-wrap-5258 .aio-icon-title'  data-responsive-json-new='{\"font-size\":\"desktop:18px;\",\"line-height\":\"\"}'  style=\"\">IB PROGRAMLARI<\/h3><\/a><\/div> <!-- header --><div class=\"aio-icon-description ult-responsive\"  data-ultimate-target='#Info-box-wrap-5258 .aio-icon-description'  data-responsive-json-new='{\"font-size\":\"\",\"line-height\":\"\"}'  style=\"\"><\/p>\n<p>Geni\u015f \u00e7apta kabul g\u00f6ren Uluslararas\u0131 Bakalorya Program\u0131n\u0131, T\u00fcrk m\u00fcfredat\u0131yla birle\u015ftiren T\u00fcrkiye\u2019deki ilk okullardan biridir.<\/p>\n<p><\/div> <!-- description --><\/div> <!-- aio-ibd-block --><\/div> <!-- aio-icon-box --><\/div> <!-- aio-icon-component --><div class=\"aio-icon-component    style_1\"><div id=\"Info-box-wrap-4609\" class=\"aio-icon-box left-icon\" style=\"\"  ><div class=\"aio-icon-left\"><div class=\"ult-just-icon-wrapper  \"><div class=\"align-icon\" style=\"text-align:center;\">\n<div class=\"aio-icon advanced \"  style=\"color:#012169;background:rgba(255,255,255,0.01);border-style:dashed;border-color:#012169;border-width:2px;width:70px;height:70px;line-height:70px;border-radius:500px;font-size:32px;display:inline-block;\">\n\t<i class=\"Defaults-user\"><\/i>\n<\/div><\/div><\/div><\/div><div class=\"aio-ibd-block\"><div class=\"aio-icon-header\" ><a class=\"aio-icon-box-link\" href=\"https:\/\/www.enka.k12.tr\/adapazari\/etkinlikler\/\" ><h3 class=\"aio-icon-title ult-responsive\"  data-ultimate-target='#Info-box-wrap-4609 .aio-icon-title'  data-responsive-json-new='{\"font-size\":\"desktop:18px;\",\"line-height\":\"\"}'  style=\"\">ETK\u0130NL\u0130KLER<\/h3><\/a><\/div> <!-- header --><div class=\"aio-icon-description ult-responsive\"  data-ultimate-target='#Info-box-wrap-4609 .aio-icon-description'  data-responsive-json-new='{\"font-size\":\"\",\"line-height\":\"\"}'  style=\"\"><\/p>\n<p style=\"text-align: left;\">Kul\u00fcp ve okul sonras\u0131 \u00e7al\u0131\u015fmalar\u0131n\u0131n amac\u0131 \u00f6\u011frencilerin liderlik \u00f6zelliklerini, ileti\u015fim becerilerini, sorumluluk, ke\u015ffetme ve kendilerine g\u00fcven duygular\u0131n\u0131 geli\u015ftirmek, ki\u015fisel beceri ve ilgilerini \u00f6n plana \u00e7\u0131karmak, topluma kar\u015f\u0131 duyarl\u0131l\u0131k ve sorumluluk geli\u015fimine yard\u0131mc\u0131 olmakt\u0131r.<\/p>\n<p><\/div> <!-- description --><\/div> <!-- aio-ibd-block --><\/div> <!-- aio-icon-box --><\/div> <!-- aio-icon-component -->[\/vc_column_inner][vc_column_inner width=&#8221;1\/2&#8243;]<div class=\"aio-icon-component    style_1\"><div id=\"Info-box-wrap-4151\" class=\"aio-icon-box left-icon\" style=\"\"  ><div class=\"aio-icon-left\"><div class=\"ult-just-icon-wrapper  \"><div class=\"align-icon\" style=\"text-align:center;\">\n<div class=\"aio-icon advanced \"  style=\"color:#012169;background:rgba(255,255,255,0.01);border-style:dashed;border-color:#012169;border-width:2px;width:70px;height:70px;line-height:70px;border-radius:500px;font-size:32px;display:inline-block;\">\n\t<i class=\"Defaults-book\"><\/i>\n<\/div><\/div><\/div><\/div><div class=\"aio-ibd-block\"><div class=\"aio-icon-header\" ><a class=\"aio-icon-box-link\" href=\"https:\/\/www.enka.k12.tr\/adapazari\/kutuphane\/\" ><h3 class=\"aio-icon-title ult-responsive\"  data-ultimate-target='#Info-box-wrap-4151 .aio-icon-title'  data-responsive-json-new='{\"font-size\":\"desktop:18px;\",\"line-height\":\"\"}'  style=\"\">K\u00dcT\u00dcPHANELER<\/h3><\/a><\/div> <!-- header --><div class=\"aio-icon-description ult-responsive\"  data-ultimate-target='#Info-box-wrap-4151 .aio-icon-description'  data-responsive-json-new='{\"font-size\":\"\",\"line-height\":\"\"}'  style=\"\">\u00d6\u011frencilerimizin ara\u015ft\u0131rma becerilerini geli\u015ftirmeyi, hayat boyu \u00f6\u011frenme al\u0131\u015fkanl\u0131klar\u0131n\u0131 desteklemeyi ve onlara farkl\u0131 t\u00fcrlerde eserleri okumay\u0131 sevdirmeyi ama\u00e7l\u0131yoruz.<\/div> <!-- description --><\/div> <!-- aio-ibd-block --><\/div> <!-- aio-icon-box --><\/div> <!-- aio-icon-component --><div class=\"aio-icon-component    style_1\"><div id=\"Info-box-wrap-7217\" class=\"aio-icon-box left-icon\" style=\"\"  ><div class=\"aio-icon-left\"><div class=\"ult-just-icon-wrapper  \"><div class=\"align-icon\" style=\"text-align:center;\">\n<div class=\"aio-icon advanced \"  style=\"color:#012169;background:rgba(255,255,255,0.01);border-style:dashed;border-color:#012169;border-width:2px;width:70px;height:70px;line-height:70px;border-radius:500px;font-size:32px;display:inline-block;\">\n\t<i class=\"Defaults-rocket\"><\/i>\n<\/div><\/div><\/div><\/div><div class=\"aio-ibd-block\"><div class=\"aio-icon-header\" ><a class=\"aio-icon-box-link\" href=\"https:\/\/www.enka.k12.tr\/adapazari\/hakkimizda\/teknoloji-kullanimi\/\" ><h3 class=\"aio-icon-title ult-responsive\"  data-ultimate-target='#Info-box-wrap-7217 .aio-icon-title'  data-responsive-json-new='{\"font-size\":\"desktop:18px;\",\"line-height\":\"\"}'  style=\"\">TEKNOLOJ\u0130 KULLANIMI<\/h3><\/a><\/div> <!-- header --><div class=\"aio-icon-description ult-responsive\"  data-ultimate-target='#Info-box-wrap-7217 .aio-icon-description'  data-responsive-json-new='{\"font-size\":\"\",\"line-height\":\"\"}'  style=\"\">Amac\u0131m\u0131z, ENKA toplulug\u0306unun teknolojinin dog\u0306ru, sorumlu, etkin ve etik bir s\u0327ekilde kullan\u0131m\u0131 i\u00e7in istikrarl\u0131 bir anlay\u0131s\u0327 gelis\u0327tirmektir.<\/div> <!-- description --><\/div> <!-- aio-ibd-block --><\/div> <!-- aio-icon-box --><\/div> <!-- aio-icon-component -->[\/vc_column_inner][\/vc_row_inner][\/vc_column][\/vc_row]<\/p>\n<\/div>","protected":false},"excerpt":{"rendered":"<p>[vc_row center_row=&#8221;yes&#8221; padding_top=&#8221;10px&#8221; padding_bottom=&#8221;50px&#8221;][vc_column width=&#8221;1\/3&#8243;][\/vc_column][vc_column width=&#8221;1\/3&#8243;][\/vc_column][vc_column width=&#8221;1\/3&#8243;][\/vc_column][\/vc_row][vc_row center_row=&#8221;yes&#8221; padding_top=&#8221;95px&#8221; padding_bottom=&#8221;80px&#8221; el_class=&#8221;bg-image&#8221;][vc_column][vc_row_inner][vc_column_inner width=&#8221;1\/2&#8243;][\/vc_column_inner][vc_column_inner width=&#8221;1\/2&#8243;][\/vc_column_inner][\/vc_row_inner][\/vc_column][\/vc_row]<\/p>\n","protected":false},"author":2,"featured_media":0,"parent":0,"menu_order":0,"comment_status":"closed","ping_status":"closed","template":"","meta":{"_acf_changed":false,"om_disable_all_campaigns":false,"inline_featured_image":false,"_monsterinsights_skip_tracking":false,"_monsterinsights_sitenote_active":false,"_monsterinsights_sitenote_note":"","_monsterinsights_sitenote_category":0,"footnotes":""},"class_list":["post-121","page","type-page","status-publish","hentry","custom-post-type-entry"],"aioseo_notices":[],"acf":[],"_links":{"self":[{"href":"https:\/\/www.enka.k12.tr\/adapazari\/wp-json\/wp\/v2\/pages\/121","targetHints":{"allow":["GET"]}}],"collection":[{"href":"https:\/\/www.enka.k12.tr\/adapazari\/wp-json\/wp\/v2\/pages"}],"about":[{"href":"https:\/\/www.enka.k12.tr\/adapazari\/wp-json\/wp\/v2\/types\/page"}],"author":[{"embeddable":true,"href":"https:\/\/www.enka.k12.tr\/adapazari\/wp-json\/wp\/v2\/users\/2"}],"replies":[{"embeddable":true,"href":"https:\/\/www.enka.k12.tr\/adapazari\/wp-json\/wp\/v2\/comments?post=121"}],"version-history":[{"count":2,"href":"https:\/\/www.enka.k12.tr\/adapazari\/wp-json\/wp\/v2\/pages\/121\/revisions"}],"predecessor-version":[{"id":28496,"href":"https:\/\/www.enka.k12.tr\/adapazari\/wp-json\/wp\/v2\/pages\/121\/revisions\/28496"}],"wp:attachment":[{"href":"https:\/\/www.enka.k12.tr\/adapazari\/wp-json\/wp\/v2\/media?parent=121"}],"curies":[{"name":"wp","href":"https:\/\/api.w.org\/{rel}","templated":true}]}}