{"id":138,"date":"2017-07-03T08:38:44","date_gmt":"2017-07-03T08:38:44","guid":{"rendered":"http:\/\/www.enka.com\/foundation\/schools\/adapazari\/why-enka\/"},"modified":"2021-03-23T10:12:24","modified_gmt":"2021-03-23T07:12:24","slug":"hakkimizda","status":"publish","type":"page","link":"https:\/\/www.enka.k12.tr\/adapazari\/hakkimizda\/","title":{"rendered":"HAKKIMIZDA"},"content":{"rendered":"<div class=\"wpb-content-wrapper\"><p>[vc_row][vc_column]<div id=\"ultimate-heading-16996a04a25dbca63\" class=\"uvc-heading ult-adjust-bottom-margin ultimate-heading-16996a04a25dbca63 uvc-7496 \" data-hspacer=\"line_with_icon\" data-hline_width=\"auto\" data-hicon_type=\"custom\" data-hborder_style=\"solid\" data-hborder_height=\"3\" data-hborder_color=\"#69b3e7\" data-icon_width=\"200\" data-hfixer=\"30\"  data-halign=\"center\" style=\"text-align:center\"><div class=\"uvc-heading-spacer line_with_icon\" style=\"top\"><div class=\"ult-just-icon-wrapper  \"><div class=\"align-icon\" style=\"text-align:center;\">\n<div class=\"aio-icon-img \" style=\"font-size:200px;display:inline-block;\" >\n\t<img decoding=\"async\" class=\"img-icon\" alt=\"null\" src=\"https:\/\/www.enka.k12.tr\/adapazari\/wp-content\/uploads\/2021\/03\/enka_schools_log_newtr.jpg\"\/>\n<\/div><\/div><\/div><\/div><div class=\"uvc-sub-heading ult-responsive\"  data-ultimate-target='.uvc-heading.ultimate-heading-16996a04a25dbca63 .uvc-sub-heading '  data-responsive-json-new='{\"font-size\":\"\",\"line-height\":\"\"}'  style=\"font-weight:normal;\"><br \/><\/div><\/div><div class=\"ult-spacer spacer-6a04a25dbcad5\" data-id=\"6a04a25dbcad5\" data-height=\"24\" data-height-mobile=\"24\" data-height-tab=\"24\" data-height-tab-portrait=\"\" data-height-mobile-landscape=\"\" style=\"clear:both;display:block;\"><\/div>[\/vc_column][\/vc_row][vc_row padding_top=&#8221;30px&#8221; bg_type=&#8221;bg_color&#8221; bg_color_value=&#8221;#f5f5f5&#8243;][vc_column]<div id=\"ultimate-heading-9336a04a25dbcb31\" class=\"uvc-heading ult-adjust-bottom-margin ultimate-heading-9336a04a25dbcb31 uvc-687 \" data-hspacer=\"line_only\"  data-halign=\"left\" style=\"text-align:left\"><div class=\"uvc-sub-heading ult-responsive\"  data-ultimate-target='.uvc-heading.ultimate-heading-9336a04a25dbcb31 .uvc-sub-heading '  data-responsive-json-new='{\"font-size\":\"desktop:50px;tablet:48px;tablet_portrait:46px;mobile_landscape:44px;mobile:42px;\",\"line-height\":\"desktop:50px;tablet:48px;tablet_portrait:46px;mobile_landscape:44px;mobile:42px;\"}'  style=\"font-weight:bold;color:#000000;\">HAKKIMIZDA<\/div><div class=\"uvc-heading-spacer line_only\" style=\"margin-top:10px;height:3px;\"><span class=\"uvc-headings-line\" style=\"border-style:solid;border-bottom-width:3px;border-color:#69b3e7;width:100px;\"><\/span><\/div><\/div>[\/vc_column][\/vc_row][vc_row padding_top=&#8221;30px&#8221; bg_type=&#8221;bg_color&#8221; bg_color_value=&#8221;#f5f5f5&#8243;][vc_column][vc_column_text]1999 Marmara depreminden hemen sonra, deprem ma\u011fduru \u00e7ocuklara e\u011fitim ve bar\u0131nma imk\u00e2n\u0131 sa\u011flamak amac\u0131yla k\u0131sa s\u00fcre i\u00e7erisinde Adapazar\u0131 ENKA Okullar\u0131 kurulmu\u015f ve e\u011fitim faaliyetlerini s\u00fcrd\u00fcrmektedir.<\/p>\n<p><strong>2016 y\u0131l\u0131 itibar\u0131yla,<\/strong><\/p>\n<p>Okullar\u0131m\u0131zda toplam 165 kadrolu, 18 \u00fccretli \u00e7al\u0131\u015fan\u0131 ve 690 \u00f6\u011frencisi ile ulusal ve uluslararas\u0131 uygulanan akademik programlar\u0131n yan\u0131 s\u0131ra, sportif, sanatsal, k\u00fclt\u00fcrel ve bireyin hayata tam olarak haz\u0131rlanmas\u0131 i\u00e7in geli\u015fmi\u015f programlar uygulanmaktad\u0131r.<\/p>\n<p><strong>\u0130lkokul<\/strong><\/p>\n<p>230 \u00f6\u011frenci, 37 kadrolu \u00f6\u011fretmen ile IB PYP otorize okulu olarak \u00e7al\u0131\u015fmalar\u0131na devam etmektedir.<\/p>\n<p>4. S\u0131n\u0131f \u00f6\u011frencilerimizden olu\u015fan 5 \u00f6\u011frenci ile 2 \u00f6\u011fretmenimiz, y\u0131l boyunca \u00e7al\u0131\u015ft\u0131klar\u0131 \u201cGelece\u011fin Problemlerini \u00c7\u00f6zme Program\u0131 \u2013 Future Problem Solving Program\u201d \u00e7er\u00e7evesinde yap\u0131lan T\u00fcrkiye elemelerini kazanarak okulumuzu Amerika Birle\u015fik Devletleri Michigan State \u00dcniversitesi\u2019nde yap\u0131lan m\u00fcsabakalarda ba\u015far\u0131yla temsil ettiler.<\/p>\n<p><strong>Ortaokul<\/strong><\/p>\n<p>221 \u00f6\u011frenci, 37 kadrolu \u00f6\u011fretmen ve 7 \u00fccretli \u00f6\u011fretmen ile IB MYP otorize okulu olarak \u00e7al\u0131\u015fmalar\u0131na devam etmektedir. Ortaokul b\u00fcnyesinde 2016 y\u0131l\u0131nda g\u00f6sterilen \u00f6nemli ba\u015far\u0131lar \u015fu \u015fekilde s\u0131ralanabilir:<\/p>\n<p>2016 TEOG s\u0131nav\u0131nda Didem MEM\u0130\u015e t\u00fcm sorulara do\u011fru cevap vererek T\u00fcrkiye 1\u2019incisi olmu\u015ftur.<\/p>\n<p>2016 y\u0131l\u0131 i\u00e7erisinde 2 \u00f6\u011fretmenimiz yurt i\u00e7i ve 2 \u00f6\u011fretmenimiz yurt d\u0131\u015f\u0131 MYP \u00e7al\u0131\u015ftaylar\u0131na kat\u0131lm\u0131\u015ft\u0131r.<\/p>\n<p>A\u00e7\u0131 Okullar\u0131 ve Moda Mimar Sinan G\u00fczel Sanatlar Lisesinin d\u00fczenledi\u011fi k\u0131sa film yar\u0131\u015fmas\u0131nda \u2018\u0130roni\u2019 filmi T\u00fcrkiye 1\u2019incisi olmu\u015ftur.<\/p>\n<p>6. s\u0131n\u0131f \u00f6\u011frencimiz Jan Demir Vurdum T\u00fcrkiye Biatlon \u015eampiyonas\u0131\u2019nda T\u00fcrkiye 1\u2019incisi olarak D\u00fcnya \u015eampiyonas\u0131\u2019na kat\u0131lmaya hak kazanm\u0131\u015ft\u0131r.<\/p>\n<p><strong>Anadolu Lisesi<\/strong><\/p>\n<p>242 \u00f6\u011frenci, 38 kadrolu \u00f6\u011fretmen ve 11 \u00fccretli \u00f6\u011fretmen ile IB MYP otorize okulu olarak \u00e7al\u0131\u015fmalar\u0131na devam etmektedir. Anadolu Lisesi b\u00fcnyesinde 2016 y\u0131l\u0131nda g\u00f6sterilen \u00f6nemli ba\u015far\u0131lar \u015fu \u015fekilde s\u0131ralanabilir:<\/p>\n<p>2016 y\u0131l\u0131 i\u00e7erisinde 2 \u00f6\u011fretmenimiz yurt i\u00e7i ve 2 \u00f6\u011fretmenimiz yurt d\u0131\u015f\u0131 MYP \u00e7al\u0131\u015ftaylar\u0131na kat\u0131lm\u0131\u015ft\u0131r.<\/p>\n<p>2016-2017 e\u011fitim \u00f6\u011fretim y\u0131l\u0131ndan itibaren Anadolu Lisesi, Almanya\u2019daki UWC Robert Bosch College ile birlikte ortak e\u011fitim programlar\u0131 y\u00fcr\u00fctmek \u00fczere yeterli bulundu.<\/p>\n<p>2016-2017 e\u011fitim-\u00f6\u011fretim y\u0131l\u0131nda Macaristan, Almanya ve Polonya\u2019da 1\u2019er \u00f6\u011frencimiz AFS de\u011fi\u015fim program\u0131 kapsam\u0131nda e\u011fitimine devam etmektedir.<\/p>\n<p>2016-2017 e\u011fitim-\u00f6\u011fretim y\u0131l\u0131nda Amerika ve Kanada\u2019da 1\u2019er \u00f6\u011frencimiz NCA de\u011fi\u015fim program\u0131 kapsam\u0131nda e\u011fitimine devam etmektedir.<\/p>\n<p>2016 y\u0131l\u0131 i\u00e7inde AFS de\u011fi\u015fim program\u0131 s\u0131nav\u0131n\u0131 12 \u00f6\u011frencimiz, NCA de\u011fi\u015fim program\u0131 s\u0131nav\u0131n\u0131 7 \u00f6\u011frencimiz ba\u015far\u0131 ile ge\u00e7erek; de\u011fi\u015fim program\u0131na kat\u0131lmaya hak kazanm\u0131\u015ft\u0131r.<\/p>\n<p>2016 y\u0131l\u0131nda 10 \u00f6\u011frencimiz ve 1 \u00f6\u011fretmenimiz Toplum Hizmeti kapsam\u0131nda Z\u00fcrih Uluslararas\u0131 Okulu\u2019na gitmi\u015ftir.<\/p>\n<p>28 Temmuz-13 A\u011fustos tarihleri aras\u0131nda Almanya\u2019n\u0131n Freigburg kentinde, UWC Robert Bosch Koleji\u2019nde d\u00fczenlenen kampa 5 \u00f6\u011frencimiz kat\u0131ld\u0131.<\/p>\n<p>Temmuz 2016\u2019da Hindistan\u2019da ger\u00e7ekle\u015fen Linguistik D\u00fcnya \u015eampiyonas\u0131\u2019na 1 \u00f6\u011frencimiz T\u00fcrkiye Tak\u0131m\u0131 ile kat\u0131ld\u0131.<\/p>\n<p>A\u011fustos 2016\u2019da Indian Institute of Science Bangalore\u2019de ger\u00e7ekle\u015fen Asian Science Camp 2016\u2019ya 1 \u00f6\u011f-rencimiz T\u00fcrkiye ekibi ile kat\u0131ld\u0131.<\/p>\n<p>\u0130ngiltere Yaz Okuluna toplam 16 \u00f6\u011frenci kat\u0131lm\u0131\u015ft\u0131r.<\/p>\n<p>Okullar aras\u0131 Gen\u00e7ler Y\u00fczme \u0130l Birincili\u011fi M\u00fcsabakalar\u0131nda Lise erkek y\u00fczme tak\u0131m\u0131m\u0131z Sakarya \u015eampiyonu, T\u00fcrkiye \u015eampiyona\u2019s\u0131 yar\u0131 final gruplar\u0131nda 3. Okullar aras\u0131 Gen\u00e7ler Y\u00fczme T\u00fcrkiye \u015eampiyonas\u0131\u2019nda T\u00fcrkiye 7.\u2019si olma ba\u015far\u0131s\u0131n\u0131 elde etti.<\/p>\n<p>Mart 2016\u2018da yap\u0131lan Okullar aras\u0131 Gen\u00e7ler Y\u00fczme T\u00fcrkiye \u015eampiyonas\u0131\u2019nda, 50 metre S\u0131rt\u00fcst\u00fc gen\u00e7ler kategorisinde 1 \u00f6\u011frencimiz T\u00fcrkiye \u015eampiyonu oldu.<\/p>\n<p>\u015eubat 2016\u2019da 1 \u00f6\u011frencimiz T\u00fcrkiye Atletizm Federasyonu\u2019nun Turkcell Gen\u00e7ler ve B\u00fcy\u00fckler Salon T\u00fcrkiye \u015eampiyonas\u0131 \u0130stanbul\u2019da S\u0131r\u0131kla Atlama kategorisinde 2\u2019nci, Nisan 2016\u2019da Atletizm Gen\u00e7ler Grup Birincili\u011fi M\u00fcsabakalar\u0131nda S\u0131r\u0131kla Atlamada 1. olarak T\u00fcrkiye \u015eampiyonas\u0131\u2019na kat\u0131lma hakk\u0131 kazanm\u0131\u015ft\u0131r. May\u0131s 2016 tarihlerinde \u0130zmir Okullu Gen\u00e7ler T\u00fcrkiye \u015eampiyonas\u0131\u2019nda S\u0131r\u0131kla Atlama kategorisinde 3.40 ile 1. oldu.<\/p>\n<p>Ocak 2016\u2019da d\u00fczenlenen Gen\u00e7ler Ya\u015f Guruplar\u0131 \u0130l Birincili\u011fi Satran\u00e7 Turnuvas\u0131\u2019nda 1 \u00f6\u011frencimiz Sakarya \u015eampiyonu oldu.<\/p>\n<p>Mart 2016\u2019da Okul Sporlar\u0131 Gen\u00e7ler Tenis \u0130l Birincili\u011finde \u015eampiyon olan tak\u0131m\u0131m\u0131z T\u00fcrkiye \u015eampiyonas\u0131\u2019nda il temsilcisi olma hakk\u0131 kazand\u0131.<\/p>\n<p>13 \u00f6\u011frencimiz Colorado Springs School\u2019da ger\u00e7ekle\u015ftirilen MUN konferans\u0131na kat\u0131ld\u0131. 2 \u00f6\u011frencimiz komite \u00e7al\u0131\u015fmalar\u0131ndaki \u00fcst\u00fcn performanslar\u0131ndan dolay\u0131 Onur Belgesi almaya hak kazand\u0131.<\/p>\n<p>May\u0131s 2016\u2019da SEV Amerikan Lisesi 2. SOLEA \u015fenli\u011finde lise ekibimiz 1. oldu.<\/p>\n<p>Okul genelinde toplam 215 \u00f6\u011frencimiz lisansl\u0131 sporcudur. Bran\u015flar: Y\u00fczme, Basketbol, Voleybol, Atletizm, Jimnastik, Satran\u00e7, Masa tenisi, Tenis, Ok\u00e7uluk ve Step-Aerobik.<\/p>\n<p>2016 Eyl\u00fcl ay\u0131nda lise binam\u0131z ve ortaokul ek binas\u0131 e\u011fitime a\u00e7\u0131lm\u0131\u015ft\u0131r.[\/vc_column_text][\/vc_column][\/vc_row][vc_row padding_top=&#8221;30px&#8221; bg_type=&#8221;bg_color&#8221; bg_color_value=&#8221;#f5f5f5&#8243;][vc_column]\n\t\t\t\t<script type=\"text\/javascript\">\n\t\t\t\t\tjQuery(function($){\n\t\t\t\t\t\tif ( $.fn.imagesLoaded != undefined && $.fn.carouFredSel != undefined ) {\n\t\t\t\t\t\t\tvar $carouselContainer = $(\"#caroufredsel-48\");\n\t\t\t\t\t\t\t$carouselContainer.imagesLoaded(function() {\n\t\t\t\t\t\t\t\t$carouselContainer.carouFredSel({\n\t\t\t\t\t\t\t\t\tresponsive : true,\n\t\t\t\t\t\t\t\t\theight: \"variable\",\n\t\t\t\t\t\t\t\t\twidth : \"100%\",\n\t\t\t\t\t\t\t\t\tcircular : true,\n\t\t\t\t\t\t\t\t\tinfinite : true,\n\t\t\t\t\t\t\t\t\tauto : {\n\t\t\t\t\t\t\t\t\t\tplay: false,\n\t\t\t\t\t\t\t\t\t\ttimeoutDuration : 5000,\n\t\t\t\t\t\t\t\t\t},\n\t\t\t\t\t\t\t\t\tswipe : {\n\t\t\t\t\t\t\t\t\t\tonTouch: true,\n\t\t\t\t\t\t\t\t\t\tonMouse: true,\n\t\t\t\t\t\t\t\t\t},prev : \"#prev-48\",next : \"#next-48\",items : {\n\t\t\t\t\t\t\t\t\t\twidth : 400,\n\t\t\t\t\t\t\t\t\t\theight: \"variable\",\n\t\t\t\t\t\t\t\t\t\tvisible : {\n\t\t\t\t\t\t\t\t\t\t\tmin : 1,\n\t\t\t\t\t\t\t\t\t\t\tmax : 4\n\t\t\t\t\t\t\t\t\t\t}\n\t\t\t\t\t\t\t\t\t}\n\t\t\t\t\t\t\t\t});\n\t\t\t\t\t\t\t});\n\t\t\t\t\t\t}$(window).load(function(){\n\t\t\t\t\t\t\t\t$(\".vcex-caroufredsel-loading\").removeClass(\"vcex-caroufredsel-loading\");\n\t\t\t\t\t\t\t});});\n\t\t\t\t<\/script><div class=\"vcex-caroufredsel-wrap clr vcex-caroufredsel-portfolio vcex-caroufredsel-default vcex-caroufredsel-loading\"><div class=\"vcex-caroufredsel vcex-gallery-lightbox \"><ul id=\"caroufredsel-48\"><li class=\"vcex-caroufredsel-slide\"><div class=\"vcex-caroufredsel-entry-media vcex-true\"><a href=\"https:\/\/www.enka.k12.tr\/adapazari\/wp-content\/uploads\/2017\/07\/inter_maindedness450x300_2.jpg\" title=\"\" class=\"vcex-caroufredsel-entry-img gallery-lightbox\"><img decoding=\"async\" src=\"https:\/\/www.enka.k12.tr\/adapazari\/wp-content\/uploads\/2017\/07\/inter_maindedness450x300_2.jpg\" alt=\"\" \/><\/a><!-- .vcex-caroufredsel-entry-img --><\/div><\/li><li class=\"vcex-caroufredsel-slide\"><div class=\"vcex-caroufredsel-entry-media vcex-true\"><a href=\"https:\/\/www.enka.k12.tr\/adapazari\/wp-content\/uploads\/2017\/07\/inter_maindedness450x300.jpg\" title=\"\" class=\"vcex-caroufredsel-entry-img gallery-lightbox\"><img decoding=\"async\" src=\"https:\/\/www.enka.k12.tr\/adapazari\/wp-content\/uploads\/2017\/07\/inter_maindedness450x300.jpg\" alt=\"\" \/><\/a><!-- .vcex-caroufredsel-entry-img --><\/div><\/li><li class=\"vcex-caroufredsel-slide\"><div class=\"vcex-caroufredsel-entry-media vcex-true\"><a href=\"https:\/\/www.enka.k12.tr\/adapazari\/wp-content\/uploads\/2017\/07\/inter_maindedness450x300_1.jpg\" title=\"\" class=\"vcex-caroufredsel-entry-img gallery-lightbox\"><img decoding=\"async\" src=\"https:\/\/www.enka.k12.tr\/adapazari\/wp-content\/uploads\/2017\/07\/inter_maindedness450x300_1.jpg\" alt=\"\" \/><\/a><!-- .vcex-caroufredsel-entry-img --><\/div><\/li><li class=\"vcex-caroufredsel-slide\"><div class=\"vcex-caroufredsel-entry-media vcex-true\"><a href=\"https:\/\/www.enka.k12.tr\/adapazari\/wp-content\/uploads\/2017\/07\/academic_honesty2-450x300.jpg\" title=\"\" class=\"vcex-caroufredsel-entry-img gallery-lightbox\"><img decoding=\"async\" src=\"https:\/\/www.enka.k12.tr\/adapazari\/wp-content\/uploads\/2017\/07\/academic_honesty2-450x300.jpg\" alt=\"\" \/><\/a><!-- .vcex-caroufredsel-entry-img --><\/div><\/li><\/ul><div id=\"prev-48\" class=\"vcex-caroufredsel-prev\"><span class=\"fa fa-chevron-left\"><\/span><\/div><div id=\"next-48\" class=\"vcex-caroufredsel-next\"><span class=\"fa fa-chevron-right\"><\/span><\/div><\/div><\/div><div class=\"vcex-clear-floats\"><\/div><div class=\"ult-spacer spacer-6a04a25dbd6ea\" data-id=\"6a04a25dbd6ea\" data-height=\"24\" data-height-mobile=\"24\" data-height-tab=\"24\" data-height-tab-portrait=\"\" data-height-mobile-landscape=\"\" style=\"clear:both;display:block;\"><\/div>[\/vc_column][\/vc_row]<\/p>\n<\/div>","protected":false},"excerpt":{"rendered":"<p>[vc_row][vc_column][\/vc_column][\/vc_row][vc_row padding_top=&#8221;30px&#8221; bg_type=&#8221;bg_color&#8221; bg_color_value=&#8221;#f5f5f5&#8243;][vc_column][\/vc_column][\/vc_row][vc_row padding_top=&#8221;30px&#8221; bg_type=&#8221;bg_color&#8221; bg_color_value=&#8221;#f5f5f5&#8243;][vc_column][vc_column_text]1999 Marmara depreminden hemen sonra, deprem ma\u011fduru \u00e7ocuklara e\u011fitim ve bar\u0131nma imk\u00e2n\u0131 sa\u011flamak amac\u0131yla k\u0131sa s\u00fcre i\u00e7erisinde Adapazar\u0131 ENKA Okullar\u0131 kurulmu\u015f ve e\u011fitim faaliyetlerini s\u00fcrd\u00fcrmektedir. 2016 y\u0131l\u0131 itibar\u0131yla, Okullar\u0131m\u0131zda toplam 165 kadrolu, 18 \u00fccretli \u00e7al\u0131\u015fan\u0131 ve 690 \u00f6\u011frencisi ile ulusal ve uluslararas\u0131 uygulanan akademik programlar\u0131n yan\u0131 s\u0131ra, sportif, sanatsal, k\u00fclt\u00fcrel ve bireyin hayata tam olarak haz\u0131rlanmas\u0131 i\u00e7in geli\u015fmi\u015f programlar&#8230;<\/p>\n","protected":false},"author":2,"featured_media":1395,"parent":0,"menu_order":0,"comment_status":"closed","ping_status":"closed","template":"","meta":{"_acf_changed":false,"om_disable_all_campaigns":false,"inline_featured_image":false,"_monsterinsights_skip_tracking":false,"_monsterinsights_sitenote_active":false,"_monsterinsights_sitenote_note":"","_monsterinsights_sitenote_category":0,"footnotes":""},"class_list":["post-138","page","type-page","status-publish","has-post-thumbnail","hentry","custom-post-type-entry"],"aioseo_notices":[],"acf":[],"_links":{"self":[{"href":"https:\/\/www.enka.k12.tr\/adapazari\/wp-json\/wp\/v2\/pages\/138","targetHints":{"allow":["GET"]}}],"collection":[{"href":"https:\/\/www.enka.k12.tr\/adapazari\/wp-json\/wp\/v2\/pages"}],"about":[{"href":"https:\/\/www.enka.k12.tr\/adapazari\/wp-json\/wp\/v2\/types\/page"}],"author":[{"embeddable":true,"href":"https:\/\/www.enka.k12.tr\/adapazari\/wp-json\/wp\/v2\/users\/2"}],"replies":[{"embeddable":true,"href":"https:\/\/www.enka.k12.tr\/adapazari\/wp-json\/wp\/v2\/comments?post=138"}],"version-history":[{"count":0,"href":"https:\/\/www.enka.k12.tr\/adapazari\/wp-json\/wp\/v2\/pages\/138\/revisions"}],"wp:featuredmedia":[{"embeddable":true,"href":"https:\/\/www.enka.k12.tr\/adapazari\/wp-json\/wp\/v2\/media\/1395"}],"wp:attachment":[{"href":"https:\/\/www.enka.k12.tr\/adapazari\/wp-json\/wp\/v2\/media?parent=138"}],"curies":[{"name":"wp","href":"https:\/\/api.w.org\/{rel}","templated":true}]}}