{"id":13998,"date":"2017-08-08T12:34:26","date_gmt":"2017-08-08T12:34:26","guid":{"rendered":"http:\/\/www.enka.com\/foundation\/schools\/adapazari\/?page_id=13998\/"},"modified":"2019-12-18T14:30:37","modified_gmt":"2019-12-18T11:30:37","slug":"kullanim-sartlari","status":"publish","type":"page","link":"https:\/\/www.enka.k12.tr\/adapazari\/kullanim-sartlari\/","title":{"rendered":"KULLANIM \u015eARTLARI"},"content":{"rendered":"<div class=\"wpb-content-wrapper\"><p>[vc_row bg_type=&#8221;bg_color&#8221; bg_color_value=&#8221;#ffffff&#8221;][vc_column]<div class=\"ult-spacer spacer-69e03732b9ded\" data-id=\"69e03732b9ded\" data-height=\"30\" data-height-mobile=\"10\" data-height-tab=\"20\" data-height-tab-portrait=\"\" data-height-mobile-landscape=\"\" style=\"clear:both;display:block;\"><\/div>[\/vc_column][\/vc_row][vc_row gap=&#8221;30&#8243; padding_top=&#8221;40px&#8221; padding_bottom=&#8221;40px&#8221; padding_left=&#8221;10px&#8221; padding_right=&#8221;10px&#8221; bg_type=&#8221;bg_color&#8221; bg_color_value=&#8221;rgba(247,247,247,0.8)&#8221;][vc_column padding_right=&#8221;10px&#8221;][vc_column_text]ENKA SPOR E\u011e\u0130T\u0130M VE SOSYAL YARDIM VAKFI \u0130\u015eLETMES\u0130 (Bundan b\u00f6yle \u201c\u0130\u015fletme\u201d olarak an\u0131lacakt\u0131r) bu web sayfas\u0131 i\u00e7erisinde bulunan bilgilerin do\u011fruluklar\u0131n\u0131 sa\u011flamak i\u00e7in gerekli \u00e7abay\u0131 g\u00f6stermekte; ancak web sayfas\u0131 i\u00e7erisindeki donenin do\u011fruluk veya b\u00fct\u00fcnl\u00fc\u011f\u00fc hakk\u0131nda herhangi bir garanti vermemektedir. \u0130\u015fletmemiz, web sayfas\u0131 i\u00e7erisinde bulunan donenin veya a\u00e7\u0131klanan hizmetler \u00fczerinde bildirim yap\u0131lmaks\u0131z\u0131n herhangi bir zamanda de\u011fi\u015fiklik yapma hakk\u0131na sahiptir.<\/p>\n<p>Web sayfas\u0131 kapsam\u0131nda bulunan done herhangi bir ko\u015ful, garanti veya benzer herhangi bir ba\u015fka ko\u015ful olmaks\u0131z\u0131n \u201colduklar\u0131 gibi\u201d g\u00f6sterilmektedir. \u0130\u015fletmemiz, bu do\u011frultuda ve kanunlar\u0131n izin verdi\u011fi \u00f6l\u00e7\u00fcde tatmink\u00e2r kalite yasalar\u0131 taraf\u0131ndan ima edilen ko\u015fullar, yasal tebligat i\u00e7in bu web sayfas\u0131 ile ilgili olarak herhangi bir etkiye sahip olabilecek amaca uygunluk ve makul ihtimam ve becerilerin kullan\u0131mlar\u0131 da d\u00e2hil ancak bunlarla s\u0131n\u0131rl\u0131 olmamak kayd\u0131yla her t\u00fcrl\u00fc beyan, garanti, ko\u015ful ve di\u011fer \u015fartlar\u0131 reddetmektedir.<\/p>\n<p>Bu web sayfas\u0131 i\u00e7erisinde bulunan bilgiler hisseler veya herhangi bir \u00fcr\u00fcn veya hizmet hakk\u0131nda herhangi bir yat\u0131r\u0131m i\u00e7in veya bu say\u0131lanlar\u0131n ticareti i\u00e7in veya \u0130\u015fletmemiz veya ba\u015fka herhangi bir firma ile s\u00f6zle\u015fme yapmak i\u00e7in davet niteli\u011finde de\u011fildir. Burada temin edilen bilgiler, herhangi bir yat\u0131r\u0131m karar\u0131 ile ilgili olarak kullan\u0131lmamal\u0131d\u0131r.<\/p>\n<p>\u0130\u015fletmemizin veya web sayfas\u0131 i\u00e7erisinde at\u0131fta bulunulan ba\u015fka herhangi bir firman\u0131n \u00f6nceki performanslar\u0131, ilerideki performanslar\u0131 i\u00e7in bir k\u0131lavuz olarak ele al\u0131nmamal\u0131d\u0131r. Hisse bedelleri ve bunlardan sa\u011flanan gelirler artabilece\u011fi gibi d\u00fc\u015febilir ve de yat\u0131r\u0131mc\u0131lar ba\u015flang\u0131\u00e7ta yat\u0131rd\u0131klar\u0131 miktarlar\u0131 tazmin edemeyebilirler.<\/p>\n<p>Herhangi bir \u00fc\u00e7\u00fcnc\u00fc tarafa ait bir m\u00fclkiyet bildirimi ile aksinin ifade edildi\u011fi yerler hari\u00e7, \u0130\u015fletmemiz web sayfas\u0131 kapsam\u0131nda yay\u0131nlanan i\u00e7erikler \u00fczerindeki telif haklar\u0131na sahiptir. Ayr\u0131ca resimler, ticari markalar ve di\u011fer markalar ba\u015fka fikri m\u00fclkiyet haklar\u0131 yasalar\u0131 ile korunmakta olup bunlar ilgili sahiplerinin yaz\u0131l\u0131 onaylar\u0131 olmaks\u0131z\u0131n herhangi bir \u015fekilde \u00e7o\u011falt\u0131lamazlar veya sahiplenilemezler. Herhangi bir sayfada yay\u0131nlanan bir bildirim vas\u0131tas\u0131yla \u00f6zel olarak yasaklanmad\u0131\u011f\u0131 s\u00fcrece, ilgili m\u00fclkiyet bildirimlerinin ve\/veya feragatnamelerin birer kopyas\u0131n\u0131n ilgili k\u0131sma ili\u015ftirilmesi \u015fart\u0131yla ki\u015fisel kullan\u0131m\u0131n\u0131z i\u00e7in makul derecede gerekli g\u00f6rece\u011finiz web sayfas\u0131n\u0131n herhangi bir k\u0131sm\u0131n\u0131 yazd\u0131rma hakk\u0131na sahipsiniz. Ba\u015fka herhangi bir \u015fekilde kullan\u0131lmalar\u0131 yasaklanm\u0131\u015ft\u0131r.<\/p>\n<p>Bu web sayfas\u0131 kapsam\u0131nda bulunan \u00fc\u00e7\u00fcnc\u00fc taraf web sayfalar\u0131na y\u00f6nelik ba\u011flant\u0131lar sadece sizlere kolayl\u0131k sa\u011flamak amac\u0131yla sunulmaktad\u0131r. Bu ba\u011flant\u0131lar\u0131 kullanman\u0131z halinde bu web sayfas\u0131 ile ba\u011flant\u0131n\u0131z kesilmektedir. \u0130\u015fletmemiz, \u00fc\u00e7\u00fcnc\u00fc taraflara ait bu web sayfalar\u0131n tamam\u0131n\u0131 incelememi\u015f olup bu web sayfalar\u0131n\u0131 veya bunlar\u0131n i\u00e7eriklerini ya da mevcudiyetlerini kontrol etmemekte veya bunlarla ilgili herhangi bir sorumluluk kabul etmemektedir. Dolay\u0131s\u0131yla \u0130\u015fletmemiz, bu sayfalarla veya bu sayfalarda bulunan herhangi bir materyal ile veya bunlar\u0131n kullan\u0131mlar\u0131ndan kaynaklanacak herhangi bir sonu\u00e7 ile ilgili olarak herhangi bir sorumluluk kabul etmemekte veya bunlarla ilgili herhangi bir beyanda bulunmamaktad\u0131r. Bu web sayfas\u0131nda ba\u011flant\u0131s\u0131 bulunan herhangi bir \u00fc\u00e7\u00fcnc\u00fc taraf web sayfas\u0131na eri\u015fim sa\u011flama karar\u0131 alman\u0131z durumunda bunu sorumlulu\u011fun tamamen size ait oldu\u011funu bilerek ger\u00e7ekle\u015ftirmelisiniz.<\/p>\n<p>\u0130\u015fletmemiz, herhangi bir \u00fc\u00e7\u00fcnc\u00fc taraf (sayfan\u0131n olu\u015fturulma, \u00fcretilme, s\u00fcrd\u00fcr\u00fclme veya sunulma faaliyetlerine d\u00e2hil olsun veya olmas\u0131n) veya \u0130\u015fletmemizin grup \u015firketlerinden herhangi birisi veya memurlar\u0131, y\u00f6neticileri, \u00e7al\u0131\u015fanlar\u0131, hissedarlar\u0131 veya bunlar\u0131n herhangi birisinin temsilcileri (s\u00f6zle\u015fme veya aksi de d\u00e2hil herhangi bir \u015fekilde herhangi bir i\u015f kesintisinden kaynaklanan veya buna bir \u015fekilde ba\u011flant\u0131l\u0131 olarak meydana gelebilecek her t\u00fcrl\u00fc zarar ve ziyan veya haks\u0131z olsun olmas\u0131n (ihmal de d\u00e2hil ancak bununla s\u0131n\u0131rl\u0131 olmamak kayd\u0131yla) her t\u00fcrl\u00fc do\u011frudan veya dolayl\u0131, cezai veya bunlar\u0131n sonucu olabilecek zarar ve hasarlar veya herhangi bir gelir, kar, itibar, veri, s\u00f6zle\u015fme, para kullan\u0131m\u0131 kayb\u0131 da d\u00e2hil ancak bunlarla s\u0131n\u0131rl\u0131 olmamak kayd\u0131yla) web sayfas\u0131 ile veya kullan\u0131m\u0131 ile ba\u011flant\u0131l\u0131 olarak, kullan\u0131m yetersizli\u011fi ile veya web sayfas\u0131n\u0131n veya bu web sayfas\u0131 i\u00e7erisinde ba\u011flant\u0131s\u0131 bulunan herhangi bir sayfan\u0131n veya bu sayfalarda bulunan materyallerin kullan\u0131m\u0131ndan kaynaklanan ve bu web sayfas\u0131na eri\u015fiminizden, kullan\u0131m\u0131n\u0131zdan veya gezinmenizden veya bu web sayfas\u0131ndan veya bu web sayfas\u0131 i\u00e7erisinde ba\u011flant\u0131s\u0131 bulunan herhangi bir web sayfas\u0131ndan herhangi bir materyal indirmenizden dolay\u0131 bilgisayar donan\u0131mlar\u0131n\u0131z\u0131, yaz\u0131l\u0131mlar\u0131n\u0131z\u0131, verilerinizi veya di\u011fer m\u00fclkiyetlerinizi etkileyebilecek vir\u00fcsler nedeniyle meydana gelebilecek zarar veya hasarlar da d\u00e2hil ancak bunlarla s\u0131n\u0131rl\u0131 olmamak kayd\u0131yla sizin veya herhangi bir \u00fc\u00e7\u00fcnc\u00fc taraf\u0131n zarar\u0131na meydana gelebilecek herhangi bir miktarda veya t\u00fcrde her t\u00fcrl\u00fc ziyana veya kayba kar\u015f\u0131 herhangi bir sorumlulu\u011fu veya y\u00fck\u00fcml\u00fcl\u00fc\u011f\u00fc reddetmektedir.[\/vc_column_text][\/vc_column][\/vc_row]<\/p>\n<\/div>","protected":false},"excerpt":{"rendered":"<p>[vc_row bg_type=&#8221;bg_color&#8221; bg_color_value=&#8221;#ffffff&#8221;][vc_column][\/vc_column][\/vc_row][vc_row gap=&#8221;30&#8243; padding_top=&#8221;40px&#8221; padding_bottom=&#8221;40px&#8221; padding_left=&#8221;10px&#8221; padding_right=&#8221;10px&#8221; bg_type=&#8221;bg_color&#8221; bg_color_value=&#8221;rgba(247,247,247,0.8)&#8221;][vc_column padding_right=&#8221;10px&#8221;][vc_column_text]ENKA SPOR E\u011e\u0130T\u0130M VE SOSYAL YARDIM VAKFI \u0130\u015eLETMES\u0130 (Bundan b\u00f6yle \u201c\u0130\u015fletme\u201d olarak an\u0131lacakt\u0131r) bu web sayfas\u0131 i\u00e7erisinde bulunan bilgilerin do\u011fruluklar\u0131n\u0131 sa\u011flamak i\u00e7in gerekli \u00e7abay\u0131 g\u00f6stermekte; ancak web sayfas\u0131 i\u00e7erisindeki donenin do\u011fruluk veya b\u00fct\u00fcnl\u00fc\u011f\u00fc hakk\u0131nda herhangi bir garanti vermemektedir. \u0130\u015fletmemiz, web sayfas\u0131 i\u00e7erisinde bulunan donenin veya a\u00e7\u0131klanan hizmetler \u00fczerinde bildirim yap\u0131lmaks\u0131z\u0131n herhangi bir zamanda de\u011fi\u015fiklik yapma&#8230;<\/p>\n","protected":false},"author":1,"featured_media":1395,"parent":0,"menu_order":0,"comment_status":"closed","ping_status":"closed","template":"","meta":{"_acf_changed":false,"om_disable_all_campaigns":false,"inline_featured_image":false,"_monsterinsights_skip_tracking":false,"_monsterinsights_sitenote_active":false,"_monsterinsights_sitenote_note":"","_monsterinsights_sitenote_category":0,"footnotes":""},"class_list":["post-13998","page","type-page","status-publish","has-post-thumbnail","hentry","custom-post-type-entry"],"aioseo_notices":[],"acf":[],"_links":{"self":[{"href":"https:\/\/www.enka.k12.tr\/adapazari\/wp-json\/wp\/v2\/pages\/13998","targetHints":{"allow":["GET"]}}],"collection":[{"href":"https:\/\/www.enka.k12.tr\/adapazari\/wp-json\/wp\/v2\/pages"}],"about":[{"href":"https:\/\/www.enka.k12.tr\/adapazari\/wp-json\/wp\/v2\/types\/page"}],"author":[{"embeddable":true,"href":"https:\/\/www.enka.k12.tr\/adapazari\/wp-json\/wp\/v2\/users\/1"}],"replies":[{"embeddable":true,"href":"https:\/\/www.enka.k12.tr\/adapazari\/wp-json\/wp\/v2\/comments?post=13998"}],"version-history":[{"count":0,"href":"https:\/\/www.enka.k12.tr\/adapazari\/wp-json\/wp\/v2\/pages\/13998\/revisions"}],"wp:featuredmedia":[{"embeddable":true,"href":"https:\/\/www.enka.k12.tr\/adapazari\/wp-json\/wp\/v2\/media\/1395"}],"wp:attachment":[{"href":"https:\/\/www.enka.k12.tr\/adapazari\/wp-json\/wp\/v2\/media?parent=13998"}],"curies":[{"name":"wp","href":"https:\/\/api.w.org\/{rel}","templated":true}]}}