{"id":168,"date":"2017-07-03T08:57:15","date_gmt":"2017-07-03T08:57:15","guid":{"rendered":"http:\/\/www.enka.com\/foundation\/schools\/adapazari\/why-enka\/language-development\/"},"modified":"2021-03-23T10:50:55","modified_gmt":"2021-03-23T07:50:55","slug":"dil-gelisimi","status":"publish","type":"page","link":"https:\/\/www.enka.k12.tr\/adapazari\/hakkimizda\/dil-gelisimi\/","title":{"rendered":"D\u0130L GEL\u0130\u015e\u0130M\u0130"},"content":{"rendered":"<div class=\"wpb-content-wrapper\"><p>[vc_row][vc_column]<div id=\"ultimate-heading-304469e9fc2b7676d\" class=\"uvc-heading ult-adjust-bottom-margin ultimate-heading-304469e9fc2b7676d uvc-7707 \" data-hspacer=\"line_with_icon\" data-hline_width=\"auto\" data-hicon_type=\"custom\" data-hborder_style=\"solid\" data-hborder_height=\"3\" data-hborder_color=\"#fe5252\" data-icon_width=\"200\" data-hfixer=\"30\"  data-halign=\"center\" style=\"text-align:center\"><div class=\"uvc-heading-spacer line_with_icon\" style=\"top\"><div class=\"ult-just-icon-wrapper  \"><div class=\"align-icon\" style=\"text-align:center;\">\n<div class=\"aio-icon-img \" style=\"font-size:200px;display:inline-block;\" >\n\t<img decoding=\"async\" class=\"img-icon\" alt=\"null\" src=\"https:\/\/www.enka.k12.tr\/adapazari\/wp-content\/uploads\/2021\/03\/enka_schools_log_newtr.jpg\"\/>\n<\/div><\/div><\/div><\/div><div class=\"uvc-sub-heading ult-responsive\"  data-ultimate-target='.uvc-heading.ultimate-heading-304469e9fc2b7676d .uvc-sub-heading '  data-responsive-json-new='{\"font-size\":\"\",\"line-height\":\"\"}'  style=\"font-weight:normal;\"><br \/><\/div><\/div><div class=\"ult-spacer spacer-69e9fc2b767d1\" data-id=\"69e9fc2b767d1\" data-height=\"30\" data-height-mobile=\"10\" data-height-tab=\"20\" data-height-tab-portrait=\"\" data-height-mobile-landscape=\"\" style=\"clear:both;display:block;\"><\/div>[\/vc_column][\/vc_row][vc_row padding_top=&#8221;30px&#8221; bg_type=&#8221;bg_color&#8221; bg_color_value=&#8221;#f5f5f5&#8243;][vc_column width=&#8221;1\/4&#8243;]<div id=\"ultimate-heading-856169e9fc2b7682c\" class=\"uvc-heading ult-adjust-bottom-margin ultimate-heading-856169e9fc2b7682c uvc-2143 \" data-hspacer=\"line_only\"  data-halign=\"left\" style=\"text-align:left\"><div class=\"uvc-main-heading ult-responsive\"  data-ultimate-target='.uvc-heading.ultimate-heading-856169e9fc2b7682c h2'  data-responsive-json-new='{\"font-size\":\"desktop:20px;\",\"line-height\":\"desktop:50px;\"}' ><h2 style=\"font-weight:normal;color:#000000;\">ANA D\u0130L<\/h2><\/div><div class=\"uvc-sub-heading ult-responsive\"  data-ultimate-target='.uvc-heading.ultimate-heading-856169e9fc2b7682c .uvc-sub-heading '  data-responsive-json-new='{\"font-size\":\"desktop:50px;tablet:48px;tablet_portrait:46px;mobile_landscape:44px;mobile:42px;\",\"line-height\":\"desktop:50px;tablet:48px;tablet_portrait:46px;mobile_landscape:44px;mobile:42px;\"}'  style=\"font-weight:bold;color:#000000;\"><span style=\"color: #fe5252;\">GEL\u0130\u015e\u0130M\u0130<\/span><\/div><div class=\"uvc-heading-spacer line_only\" style=\"margin-top:10px;height:3px;\"><span class=\"uvc-headings-line\" style=\"border-style:solid;border-bottom-width:3px;border-color:#000000;width:100px;\"><\/span><\/div><\/div>[\/vc_column][vc_column width=&#8221;3\/4&#8243;][\/vc_column][\/vc_row][vc_row padding_top=&#8221;30px&#8221; bg_type=&#8221;bg_color&#8221; bg_color_value=&#8221;#f5f5f5&#8243;][vc_column][vc_column_text]Adapazar\u0131 \u00d6zel ENKA \u0130lkokulu\u2019nda \u0130lk Y\u0131llar Program\u0131 (PYP) 5. ve 10. s\u0131n\u0131f d\u00fczeyleri aras\u0131nda Orta Y\u0131llar Program\u0131 (MYP) uygulan\u0131r. Bu uygulamalarda \u00f6\u011fretim dili T\u00fcrk\u00e7edir. Dil \u00f6\u011fretimindeki ama\u00e7, \u00f6\u011fretim program\u0131 dahilinde ve paralelinde yer alan s\u0131n\u0131f etkinlikleri ve program kazan\u0131mlar\u0131 do\u011frultusunda ana dili yaz\u0131l\u0131 ve s\u00f6zl\u00fc olarak kullanmada yetkin hale gelecek ortam\u0131 yaratmakt\u0131r. \u00d6\u011frencinin ge\u00e7mi\u015fteki deneyimine, ihtiya\u00e7lar\u0131 ve ilgi alanlar\u0131na hitap edecek \u015fekilde sorgulanarak i\u015flenen dil derslerinde; ortak ama\u00e7 ve i\u015f birli\u011fi do\u011frultusunda \u00f6\u011frencilerin ana dili do\u011fru ve etkin kullanmas\u0131; k\u00fclt\u00fcrel kimli\u011fini evrensel k\u00fclt\u00fcrle b\u00fct\u00fcnle\u015ftirebilmesi sa\u011flan\u0131r. Adapazar\u0131 \u00d6zel ENKA Okullar\u0131\u2019nda dil \u00f6\u011fretimi ve yakla\u015f\u0131m\u0131, bran\u015f\u0131 ne olursa olsun t\u00fcm \u00f6\u011fretmenlerin sorumlulu\u011fundad\u0131r. Her \u00f6\u011fretmen ana dil duyarl\u0131l\u0131\u011f\u0131na sahip olmal\u0131d\u0131r. \u00c7\u00fcnk\u00fc dile yakla\u015f\u0131m, t\u0131pk\u0131 di\u011fer yakla\u015f\u0131mlarda oldu\u011fu gibi ortak bir tav\u0131r ve tutum gerektirir. Dil sorgulama i\u00e7in bir ara\u00e7 g\u00f6revi g\u00f6r\u00fcr. Okula davet edilen farkl\u0131 alanlardaki uzman ki\u015filerle yap\u0131lan s\u00f6yle\u015fi, m\u00fclakat, m\u00fcnazara ma\u00e7lar\u0131, \u015fiir dinletileri, drama ve tiyatro \u00e7al\u0131\u015fmalar\u0131, gazete-dergi \u00e7al\u0131\u015fmalar\u0131, yarat\u0131c\u0131 yazma, masal at\u00f6lyeleri, medya okuryazarl\u0131\u011f\u0131, kitap at\u00f6lyesi ve k\u00fct\u00fcphane \u00e7al\u0131\u015fmalar\u0131 ve teknolojik ara\u00e7lar\u0131n destekledi\u011fi uygulamalarla \u00f6\u011frencilerin dil becerilerinin geli\u015ftirilmesi ama\u00e7lan\u0131r. Ayr\u0131ca ba\u015fka bir dilde \u00f6\u011frenenlerin ihtiya\u00e7lar\u0131n\u0131n kar\u015f\u0131lanmas\u0131 i\u00e7in alternatif modeller d\u00fc\u015f\u00fcn\u00fclerek \u00e7al\u0131\u015fmalar yap\u0131l\u0131r. Dil \u00f6\u011freniminde \u00e7a\u011f\u0131n gereklerine uygun olarak teknolojik geli\u015fmeler takip edilerek ana dil \u00f6\u011frenimini desteklemek i\u00e7in ya\u015f gruplar\u0131na g\u00f6re farkl\u0131 e\u011fitim uygulamalar\u0131 kaynak \u00e7e\u015fitlili\u011fi ile \u00f6\u011frencilere etkili \u00f6\u011frenme ortam\u0131 sa\u011flan\u0131r. Farkl\u0131 k\u00fclt\u00fcrlerin bak\u0131\u015f a\u00e7\u0131lar\u0131na ve mill\u00ee k\u00fclt\u00fcr\u00fc tan\u0131maya y\u00f6nelik etkinlikler d\u00fczenlenir. Disiplinleraras\u0131 \u00e7al\u0131\u015fmalar ana dil \u00f6\u011freniminde sosyal etkinlikler, gezi ve kul\u00fcp \u00e7al\u0131\u015fmalar\u0131yla da desteklenir. Ana dil \u00f6\u011fretim s\u00fcrecinin planlanmas\u0131nda disiplinler aras\u0131 \u00e7al\u0131\u015fmalar ile dersler desteklenir. \u00d6\u011frencilerin dili \u00f6\u011frenmelerinde; ilgilerine, haz\u0131r bulunu\u015fluklar\u0131na ve \u00f6\u011frenme sitillerine g\u00f6re farkl\u0131la\u015ft\u0131rma y\u00f6ntemleri kullan\u0131l\u0131r. PYP m\u00fcfredat\u0131nda belirlenen 3 alan &#8211; s\u00f6zel dil, yaz\u0131l\u0131 dil ve g\u00f6rsel dil &#8211; 5 geli\u015fimsel evre g\u00f6z \u00f6n\u00fcne al\u0131narak MEB m\u00fcfredat\u0131 kazan\u0131mlar\u0131 ders planlar\u0131na yans\u0131t\u0131l\u0131r. \u00d6\u011frenciler ana dili; konu\u015fma, dinleme, okuma ve yazma uygulamalar\u0131n\u0131 kullanarak \u00f6\u011frenirler.[\/vc_column_text]<div class=\"ult-spacer spacer-69e9fc2b768b2\" data-id=\"69e9fc2b768b2\" data-height=\"24\" data-height-mobile=\"24\" data-height-tab=\"24\" data-height-tab-portrait=\"\" data-height-mobile-landscape=\"\" style=\"clear:both;display:block;\"><\/div>[\/vc_column][\/vc_row][vc_row padding_top=&#8221;30px&#8221; bg_type=&#8221;bg_color&#8221; bg_color_value=&#8221;#f5f5f5&#8243;][vc_column width=&#8221;1\/4&#8243;]<div id=\"ultimate-heading-600469e9fc2b7690d\" class=\"uvc-heading ult-adjust-bottom-margin ultimate-heading-600469e9fc2b7690d uvc-9489 \" data-hspacer=\"line_only\"  data-halign=\"left\" style=\"text-align:left\"><div class=\"uvc-main-heading ult-responsive\"  data-ultimate-target='.uvc-heading.ultimate-heading-600469e9fc2b7690d h2'  data-responsive-json-new='{\"font-size\":\"desktop:20px;\",\"line-height\":\"desktop:50px;\"}' ><h2 style=\"font-weight:normal;color:#000000;\">YABANCI D\u0130L<\/h2><\/div><div class=\"uvc-sub-heading ult-responsive\"  data-ultimate-target='.uvc-heading.ultimate-heading-600469e9fc2b7690d .uvc-sub-heading '  data-responsive-json-new='{\"font-size\":\"desktop:50px;tablet:48px;tablet_portrait:46px;mobile_landscape:44px;mobile:42px;\",\"line-height\":\"desktop:50px;tablet:48px;tablet_portrait:46px;mobile_landscape:44px;mobile:42px;\"}'  style=\"font-weight:bold;color:#000000;\"><span style=\"color: #fe5252;\">GEL\u0130\u015e\u0130M\u0130<\/span><\/div><div class=\"uvc-heading-spacer line_only\" style=\"margin-top:10px;height:3px;\"><span class=\"uvc-headings-line\" style=\"border-style:solid;border-bottom-width:3px;border-color:#000000;width:100px;\"><\/span><\/div><\/div>[\/vc_column][vc_column width=&#8221;3\/4&#8243;][\/vc_column][\/vc_row][vc_row padding_top=&#8221;30px&#8221; bg_type=&#8221;bg_color&#8221; bg_color_value=&#8221;#f5f5f5&#8243;][vc_column][vc_column_text]Okulumuzda dil e\u011fitimi, ana s\u0131n\u0131f\u0131ndan itibaren \u00f6\u011frencilerin ba\u015fka bir dilin varl\u0131\u011f\u0131ndan haberdar olmalar\u0131n\u0131 hedefleyen, \u00f6\u011frendiklerini g\u00fcnl\u00fck hayat\u0131nda kullanabilmesine y\u00f6nelik devam eden yo\u011fun bir s\u00fcre\u00e7tir. Okulumuzda \u0130ngilizce ve \u0130spanyolca, sadece birer ders olarak de\u011fil g\u00fcnl\u00fck hayatta kullan\u0131labilecek bir beceri olarak verilmektedir ve yaz kamplar\u0131yla desteklenmektedir. Okulumuzda ders d\u0131\u015f\u0131 etkinliklerle peki\u015ftirilen dil e\u011fitim s\u00fcreci, uluslararas\u0131 ge\u00e7erlili\u011fi olan Cambridge ESOL s\u0131navlar\u0131 ile k\u00fc\u00e7\u00fck ya\u015ftan itibaren \u00f6l\u00e7\u00fclerek sertifikaland\u0131r\u0131lmaktad\u0131r. Okulumuzda \u00e7e\u015fitli de\u011fi\u015fim programlar\u0131, uluslararas\u0131 platformlara ta\u015f\u0131nan kul\u00fcp etkinlikleri, tiyatro \u00e7al\u0131\u015fmalar\u0131 ile \u00f6\u011frencilerin dili farkl\u0131 ortamlarda da kullanma olana\u011f\u0131 bulmalar\u0131 sa\u011flanmaktad\u0131r. Okulumuzda yabanc\u0131 dil \u00e7al\u0131\u015fmalar\u0131, teknolojinin e\u011fitim s\u00fcrecine entegrasyonu ile do\u011fru orant\u0131l\u0131 olarak y\u00fcr\u00fct\u00fclmektedir. \u00d6\u011frencilerimizin tablet arac\u0131l\u0131\u011f\u0131yla, g\u00fcnceli takip edebilece\u011fi, farkl\u0131 bir dilde ara\u015ft\u0131rma yapabilece\u011fi, ileti\u015fim kurabilece\u011fi ve \u00f6z y\u00f6netim becerilerini dil performanslar\u0131 a\u00e7\u0131s\u0131ndan da geli\u015ftirebilece\u011fi materyaller ve stratejiler benimsenmektedir. Okulumuzun uluslararas\u0131 boyuttaki sosyal sorumluluk projelerinde, \u00f6\u011frencilerin dil hakimiyetinin de etkisi ile k\u00fclt\u00fcrleraras\u0131 etkile\u015fime \u00f6nem ve \u00f6ncelik verilmektedir.[\/vc_column_text]<div class=\"ult-spacer spacer-69e9fc2b76964\" data-id=\"69e9fc2b76964\" data-height=\"24\" data-height-mobile=\"24\" data-height-tab=\"24\" data-height-tab-portrait=\"\" data-height-mobile-landscape=\"\" style=\"clear:both;display:block;\"><\/div>[\/vc_column][\/vc_row][vc_row padding_top=&#8221;30px&#8221; bg_type=&#8221;bg_color&#8221; bg_color_value=&#8221;#f5f5f5&#8243;][vc_column]\n\t\t\t\t<script type=\"text\/javascript\">\n\t\t\t\t\tjQuery(function($){\n\t\t\t\t\t\tif ( $.fn.imagesLoaded != undefined && $.fn.carouFredSel != undefined ) {\n\t\t\t\t\t\t\tvar $carouselContainer = $(\"#caroufredsel-24\");\n\t\t\t\t\t\t\t$carouselContainer.imagesLoaded(function() {\n\t\t\t\t\t\t\t\t$carouselContainer.carouFredSel({\n\t\t\t\t\t\t\t\t\tresponsive : true,\n\t\t\t\t\t\t\t\t\theight: \"variable\",\n\t\t\t\t\t\t\t\t\twidth : \"100%\",\n\t\t\t\t\t\t\t\t\tcircular : true,\n\t\t\t\t\t\t\t\t\tinfinite : true,\n\t\t\t\t\t\t\t\t\tauto : {\n\t\t\t\t\t\t\t\t\t\tplay: false,\n\t\t\t\t\t\t\t\t\t\ttimeoutDuration : 5000,\n\t\t\t\t\t\t\t\t\t},\n\t\t\t\t\t\t\t\t\tswipe : {\n\t\t\t\t\t\t\t\t\t\tonTouch: true,\n\t\t\t\t\t\t\t\t\t\tonMouse: true,\n\t\t\t\t\t\t\t\t\t},prev : \"#prev-24\",next : \"#next-24\",items : {\n\t\t\t\t\t\t\t\t\t\twidth : 400,\n\t\t\t\t\t\t\t\t\t\theight: \"variable\",\n\t\t\t\t\t\t\t\t\t\tvisible : {\n\t\t\t\t\t\t\t\t\t\t\tmin : 1,\n\t\t\t\t\t\t\t\t\t\t\tmax : 4\n\t\t\t\t\t\t\t\t\t\t}\n\t\t\t\t\t\t\t\t\t}\n\t\t\t\t\t\t\t\t});\n\t\t\t\t\t\t\t});\n\t\t\t\t\t\t}$(window).load(function(){\n\t\t\t\t\t\t\t\t$(\".vcex-caroufredsel-loading\").removeClass(\"vcex-caroufredsel-loading\");\n\t\t\t\t\t\t\t});});\n\t\t\t\t<\/script><div class=\"vcex-caroufredsel-wrap clr vcex-caroufredsel-portfolio vcex-caroufredsel-default vcex-caroufredsel-loading\"><div class=\"vcex-caroufredsel vcex-gallery-lightbox \"><ul id=\"caroufredsel-24\"><li class=\"vcex-caroufredsel-slide\"><div class=\"vcex-caroufredsel-entry-media vcex-true\"><a href=\"https:\/\/www.enka.k12.tr\/adapazari\/wp-content\/uploads\/2017\/07\/language_development450x300_1.jpg\" title=\"\" class=\"vcex-caroufredsel-entry-img gallery-lightbox\"><img decoding=\"async\" src=\"https:\/\/www.enka.k12.tr\/adapazari\/wp-content\/uploads\/2017\/07\/language_development450x300_1.jpg\" alt=\"\" \/><\/a><!-- .vcex-caroufredsel-entry-img --><\/div><\/li><li class=\"vcex-caroufredsel-slide\"><div class=\"vcex-caroufredsel-entry-media vcex-true\"><a href=\"https:\/\/www.enka.k12.tr\/adapazari\/wp-content\/uploads\/2017\/07\/language_development450x300_2.jpg\" title=\"\" class=\"vcex-caroufredsel-entry-img gallery-lightbox\"><img decoding=\"async\" src=\"https:\/\/www.enka.k12.tr\/adapazari\/wp-content\/uploads\/2017\/07\/language_development450x300_2.jpg\" alt=\"\" \/><\/a><!-- .vcex-caroufredsel-entry-img --><\/div><\/li><li class=\"vcex-caroufredsel-slide\"><div class=\"vcex-caroufredsel-entry-media vcex-true\"><a href=\"https:\/\/www.enka.k12.tr\/adapazari\/wp-content\/uploads\/2017\/07\/language_development450x300.jpg\" title=\"\" class=\"vcex-caroufredsel-entry-img gallery-lightbox\"><img decoding=\"async\" src=\"https:\/\/www.enka.k12.tr\/adapazari\/wp-content\/uploads\/2017\/07\/language_development450x300.jpg\" alt=\"\" \/><\/a><!-- .vcex-caroufredsel-entry-img --><\/div><\/li><li class=\"vcex-caroufredsel-slide\"><div class=\"vcex-caroufredsel-entry-media vcex-true\"><a href=\"https:\/\/www.enka.k12.tr\/adapazari\/wp-content\/uploads\/2017\/07\/language_learning450x300_3.jpg\" title=\"\" class=\"vcex-caroufredsel-entry-img gallery-lightbox\"><img decoding=\"async\" src=\"https:\/\/www.enka.k12.tr\/adapazari\/wp-content\/uploads\/2017\/07\/language_learning450x300_3.jpg\" alt=\"\" \/><\/a><!-- .vcex-caroufredsel-entry-img --><\/div><\/li><li class=\"vcex-caroufredsel-slide\"><div class=\"vcex-caroufredsel-entry-media vcex-true\"><a href=\"https:\/\/www.enka.k12.tr\/adapazari\/wp-content\/uploads\/2017\/07\/written_materials_fi.jpg\" title=\"\" class=\"vcex-caroufredsel-entry-img gallery-lightbox\"><img decoding=\"async\" src=\"https:\/\/www.enka.k12.tr\/adapazari\/wp-content\/uploads\/2017\/07\/written_materials_fi.jpg\" alt=\"\" \/><\/a><!-- .vcex-caroufredsel-entry-img --><\/div><\/li><\/ul><div id=\"prev-24\" class=\"vcex-caroufredsel-prev\"><span class=\"fa fa-chevron-left\"><\/span><\/div><div id=\"next-24\" class=\"vcex-caroufredsel-next\"><span class=\"fa fa-chevron-right\"><\/span><\/div><\/div><\/div><div class=\"vcex-clear-floats\"><\/div><div class=\"ult-spacer spacer-69e9fc2b776f7\" data-id=\"69e9fc2b776f7\" data-height=\"24\" data-height-mobile=\"24\" data-height-tab=\"24\" data-height-tab-portrait=\"\" data-height-mobile-landscape=\"\" style=\"clear:both;display:block;\"><\/div>[\/vc_column][\/vc_row]<\/p>\n<\/div>","protected":false},"excerpt":{"rendered":"<p>[vc_row][vc_column][\/vc_column][\/vc_row][vc_row padding_top=&#8221;30px&#8221; bg_type=&#8221;bg_color&#8221; bg_color_value=&#8221;#f5f5f5&#8243;][vc_column width=&#8221;1\/4&#8243;][\/vc_column][vc_column width=&#8221;3\/4&#8243;][\/vc_column][\/vc_row][vc_row padding_top=&#8221;30px&#8221; bg_type=&#8221;bg_color&#8221; bg_color_value=&#8221;#f5f5f5&#8243;][vc_column][vc_column_text]Adapazar\u0131 \u00d6zel ENKA \u0130lkokulu\u2019nda \u0130lk Y\u0131llar Program\u0131 (PYP) 5. ve 10. s\u0131n\u0131f d\u00fczeyleri aras\u0131nda Orta Y\u0131llar Program\u0131 (MYP) uygulan\u0131r. Bu uygulamalarda \u00f6\u011fretim dili T\u00fcrk\u00e7edir. Dil \u00f6\u011fretimindeki ama\u00e7, \u00f6\u011fretim program\u0131 dahilinde ve paralelinde yer alan s\u0131n\u0131f etkinlikleri ve program kazan\u0131mlar\u0131 do\u011frultusunda ana dili yaz\u0131l\u0131 ve s\u00f6zl\u00fc olarak kullanmada yetkin hale gelecek ortam\u0131 yaratmakt\u0131r. \u00d6\u011frencinin ge\u00e7mi\u015fteki deneyimine, ihtiya\u00e7lar\u0131 ve&#8230;<\/p>\n","protected":false},"author":2,"featured_media":1400,"parent":138,"menu_order":0,"comment_status":"closed","ping_status":"closed","template":"","meta":{"_acf_changed":false,"om_disable_all_campaigns":false,"inline_featured_image":false,"_monsterinsights_skip_tracking":false,"_monsterinsights_sitenote_active":false,"_monsterinsights_sitenote_note":"","_monsterinsights_sitenote_category":0,"footnotes":""},"class_list":["post-168","page","type-page","status-publish","has-post-thumbnail","hentry","custom-post-type-entry"],"aioseo_notices":[],"acf":[],"_links":{"self":[{"href":"https:\/\/www.enka.k12.tr\/adapazari\/wp-json\/wp\/v2\/pages\/168","targetHints":{"allow":["GET"]}}],"collection":[{"href":"https:\/\/www.enka.k12.tr\/adapazari\/wp-json\/wp\/v2\/pages"}],"about":[{"href":"https:\/\/www.enka.k12.tr\/adapazari\/wp-json\/wp\/v2\/types\/page"}],"author":[{"embeddable":true,"href":"https:\/\/www.enka.k12.tr\/adapazari\/wp-json\/wp\/v2\/users\/2"}],"replies":[{"embeddable":true,"href":"https:\/\/www.enka.k12.tr\/adapazari\/wp-json\/wp\/v2\/comments?post=168"}],"version-history":[{"count":0,"href":"https:\/\/www.enka.k12.tr\/adapazari\/wp-json\/wp\/v2\/pages\/168\/revisions"}],"up":[{"embeddable":true,"href":"https:\/\/www.enka.k12.tr\/adapazari\/wp-json\/wp\/v2\/pages\/138"}],"wp:featuredmedia":[{"embeddable":true,"href":"https:\/\/www.enka.k12.tr\/adapazari\/wp-json\/wp\/v2\/media\/1400"}],"wp:attachment":[{"href":"https:\/\/www.enka.k12.tr\/adapazari\/wp-json\/wp\/v2\/media?parent=168"}],"curies":[{"name":"wp","href":"https:\/\/api.w.org\/{rel}","templated":true}]}}