{"id":17749,"date":"2018-03-22T00:23:17","date_gmt":"2018-03-21T21:23:17","guid":{"rendered":"http:\/\/www.enka.k12.tr\/adapazari\/?page_id=17749"},"modified":"2026-03-12T14:00:46","modified_gmt":"2026-03-12T11:00:46","slug":"kayit-islemleri","status":"publish","type":"page","link":"https:\/\/www.enka.k12.tr\/adapazari\/kayit-kabul\/kayit-islemleri\/","title":{"rendered":"KAYIT \u0130\u015eLEMLER\u0130"},"content":{"rendered":"<div class=\"wpb-content-wrapper\"><p>[vc_row gap=&#8221;30&#8243; padding_top=&#8221;40px&#8221; padding_bottom=&#8221;40px&#8221; padding_left=&#8221;10px&#8221; padding_right=&#8221;10px&#8221; bg_type=&#8221;bg_color&#8221; bg_color_value=&#8221;rgba(247,247,247,0.8)&#8221;][vc_column padding_right=&#8221;10px&#8221;][vc_column_text css_animation=&#8221;none&#8221;]<\/p>\n<p style=\"text-align: center;\"><strong><span style=\"font-size: 18pt;\">SAKARAYA \/ ADAPAZARI ENKA OKULLARI KAYIT YEN\u0130LEME DUYURUSU<\/span><\/strong><\/p>\n<p style=\"text-align: center;\"><span style=\"font-size: 14pt;\">De\u011ferli Velimiz,<\/span><\/p>\n<p style=\"text-align: center;\"><span style=\"font-size: 14pt;\">Okulumuz \u00f6\u011frencilerinin 2026-2027 e\u011fitim \u00f6\u011fretim y\u0131l\u0131na ait kay\u0131t yenileme s\u00fcreci online olarak ger\u00e7ekle\u015ftirilecektir. Ba\u011flant\u0131 kay\u0131t ba\u015flang\u0131c\u0131yla aktif olacakt\u0131r.<\/span><\/p>\n<p style=\"text-align: center;\"><span style=\"font-size: 14pt;\"><strong>Ba\u011flant\u0131: <\/strong><a href=\"https:\/\/adpkayit.enka.k12.tr\/\"><strong>https:\/\/adpkayit.enka.k12.tr\/<\/strong><\/a><\/span><\/p>\n<p style=\"text-align: center;\"><span style=\"font-size: 14pt;\">2026-2027 e\u011fitim \u00f6\u011fretim y\u0131l\u0131 kay\u0131t takviminde, <strong><u>her okul i\u00e7in ayr\u0131 kay\u0131t tarihleri<\/u><\/strong> belirlenmi\u015ftir. Kay\u0131t takviminde belirtilen tarihlerde \u00e7ocu\u011funuza ait T.C. kimlik numaras\u0131 ve veli cep telefonu bilgilerini kullanarak sisteme eri\u015fip, s\u0131ras\u0131 ile FORM 1\u2019den ba\u015flayarak formlar\u0131 doldurup, kay\u0131t yenileme i\u015flemini ger\u00e7ekle\u015ftirebilirsiniz.<\/span><\/p>\n<p style=\"text-align: center;\"><span style=\"font-size: 14pt;\">8.s\u0131n\u0131ftan Haz\u0131rl\u0131k s\u0131n\u0131f\u0131na ge\u00e7ecek \u00f6\u011frencilerimizin kay\u0131tlar\u0131 25 Haziran Per\u015fembe g\u00fcn\u00fc ba\u015flay\u0131p 6 Temmuz Pazartesi g\u00fcn\u00fc sona erecektir.<\/span><\/p>\n<p style=\"text-align: center;\"><span style=\"font-size: 14pt;\">Formlar, elektronik olarak tasarlanm\u0131\u015f dinamik formlard\u0131r. L\u00fctfen girdi\u011finiz bilgilerin do\u011frulu\u011fundan emin olmadan G\u00d6NDER butonunu t\u0131klamay\u0131n\u0131z. FORM 1\u2019den ba\u015flayarak s\u0131ras\u0131yla FORM 8\u2019e kadar b\u00fct\u00fcn formlar\u0131 doldurup, kay\u0131t i\u015flemini ger\u00e7ekle\u015ftirebilirsiniz. T\u00fcm formlar\u0131 tamamlad\u0131ktan sonra, \u201cSay\u0131n Velimiz, b\u00fct\u00fcn formlar tamamlanm\u0131\u015ft\u0131r. L\u00fctfen mail kutunuzu kontrol ediniz. Te\u015fekk\u00fcr ederiz.\u201d uyar\u0131s\u0131 alacaks\u0131n\u0131z.<\/span><\/p>\n<p style=\"text-align: center;\"><span style=\"font-size: 14pt;\"><strong>KAYIT TAKV\u0130M\u0130NDE KADEMEN\u0130ZE AYRILAN S\u00dcRE \u0130\u00c7\u0130NDE \u00d6DEME \u0130\u015eLEMLER\u0130N\u0130 TAMAMLAMANIZ GEREKMEKTED\u0130R.<\/strong><\/span><\/p>\n<p style=\"text-align: center;\"><span style=\"font-size: 14pt;\"><strong>OKUL \u00dcCRETLER\u0130M\u0130ZE VE \u00d6DEME SE\u00c7ENEKLER\u0130NE OKUL WEB S\u0130TEM\u0130ZDEN ULA\u015eAB\u0130L\u0130RS\u0130N\u0130Z.<\/strong><\/span><\/p>\n<p style=\"text-align: center;\"><span style=\"font-size: 14pt;\">Herhangi bir sorunuz olmas\u0131 durumunda l\u00fctfen kay\u0131t kabul sorumlumuz Elif OK\u00c7U ile (0 264 323 37 74) ileti\u015fime ge\u00e7iniz.<\/span><\/p>\n<p style=\"text-align: center;\"><span style=\"font-size: 14pt;\">Online formlar aras\u0131ndaki MEB S\u00f6zle\u015fmesi <strong>FORM 6<\/strong>, \u00d6\u011frenci Muayene\/\u0130zlem Bildirim Formu <strong>FORM 7<\/strong> \u00f6\u011frencinin anne ve babas\u0131 taraf\u0131ndan ayr\u0131 ayr\u0131 veya vasisi taraf\u0131ndan imzalanacakt\u0131r. <strong>FORM 6 ve FORM 7<\/strong> doldurulduktan sonra, \u00f6\u011frenci velisi taraf\u0131ndan kay\u0131t kabul sorumlumuz Elif OK\u00c7U\u2019 ya elden teslim edilecektir.<\/span><\/p>\n<p style=\"text-align: center;\"><span style=\"font-size: 14pt;\">Bu y\u00f6ntem do\u011frultusunda i\u015fleme al\u0131nmam\u0131\u015f \u00f6\u011frencilerin kay\u0131tlar\u0131, okul nezdinde tamamlanmam\u0131\u015f say\u0131lacakt\u0131r.<\/span><\/p>\n<p style=\"text-align: center;\"><span style=\"font-size: 14pt;\">\u015eimdiden g\u00f6sterdi\u011finiz ilgi ve i\u015f birli\u011finden dolay\u0131 te\u015fekk\u00fcr ederiz.<\/span><\/p>\n<p style=\"text-align: center;\"><span style=\"font-size: 14pt;\">Sayg\u0131lar\u0131m\u0131zla,<\/span><\/p>\n<p style=\"text-align: center;\"><span style=\"font-size: 14pt;\">Adapazar\u0131 ENKA Okullar\u0131<\/span><\/p>\n<p>[\/vc_column_text][\/vc_column][\/vc_row][vc_row][vc_column][vc_single_image image=&#8221;28576&#8243; img_size=&#8221;full&#8221; alignment=&#8221;center&#8221;][\/vc_column][\/vc_row]<\/p>\n<\/div>","protected":false},"excerpt":{"rendered":"<p>[vc_row gap=&#8221;30&#8243; padding_top=&#8221;40px&#8221; padding_bottom=&#8221;40px&#8221; padding_left=&#8221;10px&#8221; padding_right=&#8221;10px&#8221; bg_type=&#8221;bg_color&#8221; bg_color_value=&#8221;rgba(247,247,247,0.8)&#8221;][vc_column padding_right=&#8221;10px&#8221;][vc_column_text css_animation=&#8221;none&#8221;] SAKARAYA \/ ADAPAZARI ENKA OKULLARI KAYIT YEN\u0130LEME DUYURUSU De\u011ferli Velimiz, Okulumuz \u00f6\u011frencilerinin 2026-2027 e\u011fitim \u00f6\u011fretim y\u0131l\u0131na ait kay\u0131t yenileme s\u00fcreci online olarak ger\u00e7ekle\u015ftirilecektir. Ba\u011flant\u0131 kay\u0131t ba\u015flang\u0131c\u0131yla aktif olacakt\u0131r. Ba\u011flant\u0131: https:\/\/adpkayit.enka.k12.tr\/ 2026-2027 e\u011fitim \u00f6\u011fretim y\u0131l\u0131 kay\u0131t takviminde, her okul i\u00e7in ayr\u0131 kay\u0131t tarihleri belirlenmi\u015ftir. Kay\u0131t takviminde belirtilen tarihlerde \u00e7ocu\u011funuza ait T.C. kimlik numaras\u0131 ve veli cep&#8230;<\/p>\n","protected":false},"author":1,"featured_media":23736,"parent":82,"menu_order":0,"comment_status":"closed","ping_status":"closed","template":"","meta":{"_acf_changed":false,"om_disable_all_campaigns":false,"inline_featured_image":false,"_monsterinsights_skip_tracking":false,"_monsterinsights_sitenote_active":false,"_monsterinsights_sitenote_note":"","_monsterinsights_sitenote_category":0,"footnotes":""},"class_list":["post-17749","page","type-page","status-publish","has-post-thumbnail","hentry","custom-post-type-entry"],"aioseo_notices":[],"acf":[],"_links":{"self":[{"href":"https:\/\/www.enka.k12.tr\/adapazari\/wp-json\/wp\/v2\/pages\/17749","targetHints":{"allow":["GET"]}}],"collection":[{"href":"https:\/\/www.enka.k12.tr\/adapazari\/wp-json\/wp\/v2\/pages"}],"about":[{"href":"https:\/\/www.enka.k12.tr\/adapazari\/wp-json\/wp\/v2\/types\/page"}],"author":[{"embeddable":true,"href":"https:\/\/www.enka.k12.tr\/adapazari\/wp-json\/wp\/v2\/users\/1"}],"replies":[{"embeddable":true,"href":"https:\/\/www.enka.k12.tr\/adapazari\/wp-json\/wp\/v2\/comments?post=17749"}],"version-history":[{"count":7,"href":"https:\/\/www.enka.k12.tr\/adapazari\/wp-json\/wp\/v2\/pages\/17749\/revisions"}],"predecessor-version":[{"id":28579,"href":"https:\/\/www.enka.k12.tr\/adapazari\/wp-json\/wp\/v2\/pages\/17749\/revisions\/28579"}],"up":[{"embeddable":true,"href":"https:\/\/www.enka.k12.tr\/adapazari\/wp-json\/wp\/v2\/pages\/82"}],"wp:featuredmedia":[{"embeddable":true,"href":"https:\/\/www.enka.k12.tr\/adapazari\/wp-json\/wp\/v2\/media\/23736"}],"wp:attachment":[{"href":"https:\/\/www.enka.k12.tr\/adapazari\/wp-json\/wp\/v2\/media?parent=17749"}],"curies":[{"name":"wp","href":"https:\/\/api.w.org\/{rel}","templated":true}]}}