{"id":17755,"date":"2018-03-22T00:23:19","date_gmt":"2018-03-21T21:23:19","guid":{"rendered":"http:\/\/www.enka.k12.tr\/adapazari\/?page_id=17755"},"modified":"2024-01-17T13:20:46","modified_gmt":"2024-01-17T10:20:46","slug":"mali-yardim","status":"publish","type":"page","link":"https:\/\/www.enka.k12.tr\/adapazari\/kayit-kabul\/mali-yardim\/","title":{"rendered":"MAL\u0130 YARDIM"},"content":{"rendered":"<div class=\"wpb-content-wrapper\"><p>[vc_row padding_left=&#8221;20px&#8221; padding_right=&#8221;20px&#8221; bg_type=&#8221;bg_color&#8221; enable_overlay=&#8221;off&#8221;][vc_column]<div class=\"ult-spacer spacer-69e128e25b0cb\" data-id=\"69e128e25b0cb\" data-height=\"30\" data-height-mobile=\"10\" data-height-tab=\"20\" data-height-tab-portrait=\"\" data-height-mobile-landscape=\"\" style=\"clear:both;display:block;\"><\/div>[vc_row_inner][vc_column_inner width=&#8221;1\/6&#8243;][\/vc_column_inner][vc_column_inner width=&#8221;2\/3&#8243;]<div id=\"ultimate-heading-975469e128e25b456\" class=\"uvc-heading ult-adjust-bottom-margin ultimate-heading-975469e128e25b456 uvc-9246 \" data-hspacer=\"line_with_icon\" data-hline_width=\"auto\" data-hicon_type=\"custom\" data-hborder_style=\"solid\" data-hborder_height=\"3\" data-hborder_color=\"#69b3e7\" data-icon_width=\"200\" data-hfixer=\"30\"  data-halign=\"center\" style=\"text-align:center\"><div class=\"uvc-heading-spacer line_with_icon\" style=\"top\"><div class=\"ult-just-icon-wrapper  \"><div class=\"align-icon\" style=\"text-align:center;\">\n<div class=\"aio-icon-img \" style=\"font-size:200px;display:inline-block;\" >\n\t<img decoding=\"async\" class=\"img-icon\" alt=\"null\" src=\"https:\/\/www.enka.k12.tr\/adapazari\/wp-content\/uploads\/2021\/03\/enka_schools_log_newtr.jpg\"\/>\n<\/div><\/div><\/div><\/div><div class=\"uvc-sub-heading ult-responsive\"  data-ultimate-target='.uvc-heading.ultimate-heading-975469e128e25b456 .uvc-sub-heading '  data-responsive-json-new='{\"font-size\":\"\",\"line-height\":\"\"}'  style=\"font-weight:normal;\"><br \/>\n<\/div><\/div>[\/vc_column_inner][vc_column_inner width=&#8221;1\/6&#8243;][\/vc_column_inner][\/vc_row_inner][\/vc_column][\/vc_row][vc_row padding_top=&#8221;10px&#8221; padding_bottom=&#8221;40px&#8221; bg_type=&#8221;bg_color&#8221;][vc_column]<div class=\"ult-spacer spacer-69e128e25b4b4\" data-id=\"69e128e25b4b4\" data-height=\"30\" data-height-mobile=\"20\" data-height-tab=\"20\" data-height-tab-portrait=\"20\" data-height-mobile-landscape=\"20\" style=\"clear:both;display:block;\"><\/div>[vc_column_text]<\/p>\n<p style=\"text-align: center;\"><span style=\"font-size: 14pt;\"><strong>MAL\u0130 YARDIM BA\u015eVURUSU<\/strong><\/span><\/p>\n<p style=\"text-align: center;\">ENKA Okullar\u0131, kendi kay\u0131tl\u0131 \u00f6\u011frencileri aras\u0131nda ihtiya\u00e7 sahibi olanlara mali yard\u0131m sa\u011flayabilmektedir.<\/p>\n<p style=\"text-align: center;\">Mali Yard\u0131m ile ilgili detayl\u0131 bilgi i\u00e7in Kay\u0131t-Kabul Ofisi ile ileti\u015fime ge\u00e7ebilirsiniz:<\/p>\n<p>[\/vc_column_text]<div class=\"ult-spacer spacer-69e128e25b4ed\" data-id=\"69e128e25b4ed\" data-height=\"30\" data-height-mobile=\"10\" data-height-tab=\"20\" data-height-tab-portrait=\"\" data-height-mobile-landscape=\"\" style=\"clear:both;display:block;\"><\/div>[vc_column_text]<\/p>\n<p style=\"text-align: center;\">Telefon: +90 (264) 323 37 74 \/ 408<br \/>\nFaks: +90 (264) 323 33 96<br \/>\nE-Posta : <a href=\"mailto:kayitkabul@enka.k12.tr\">kayitkabul@enka.k12.tr<\/a><\/p>\n<p>[\/vc_column_text][\/vc_column][\/vc_row]<\/p>\n<\/div>","protected":false},"excerpt":{"rendered":"<p>[vc_row padding_left=&#8221;20px&#8221; padding_right=&#8221;20px&#8221; bg_type=&#8221;bg_color&#8221; enable_overlay=&#8221;off&#8221;][vc_column][vc_row_inner][vc_column_inner width=&#8221;1\/6&#8243;][\/vc_column_inner][vc_column_inner width=&#8221;2\/3&#8243;][\/vc_column_inner][vc_column_inner width=&#8221;1\/6&#8243;][\/vc_column_inner][\/vc_row_inner][\/vc_column][\/vc_row][vc_row padding_top=&#8221;10px&#8221; padding_bottom=&#8221;40px&#8221; bg_type=&#8221;bg_color&#8221;][vc_column][vc_column_text] MAL\u0130 YARDIM BA\u015eVURUSU ENKA Okullar\u0131, kendi kay\u0131tl\u0131 \u00f6\u011frencileri aras\u0131nda ihtiya\u00e7 sahibi olanlara mali yard\u0131m sa\u011flayabilmektedir. Mali Yard\u0131m ile ilgili detayl\u0131 bilgi i\u00e7in Kay\u0131t-Kabul Ofisi ile ileti\u015fime ge\u00e7ebilirsiniz: [\/vc_column_text][vc_column_text] Telefon: +90 (264) 323 37 74 \/ 408 Faks: +90 (264) 323 33 96 E-Posta : kayitkabul@enka.k12.tr [\/vc_column_text][\/vc_column][\/vc_row]<\/p>\n","protected":false},"author":1,"featured_media":1078,"parent":82,"menu_order":0,"comment_status":"closed","ping_status":"closed","template":"","meta":{"_acf_changed":false,"om_disable_all_campaigns":false,"inline_featured_image":false,"_monsterinsights_skip_tracking":false,"_monsterinsights_sitenote_active":false,"_monsterinsights_sitenote_note":"","_monsterinsights_sitenote_category":0,"footnotes":""},"class_list":["post-17755","page","type-page","status-publish","has-post-thumbnail","hentry","custom-post-type-entry"],"aioseo_notices":[],"acf":[],"_links":{"self":[{"href":"https:\/\/www.enka.k12.tr\/adapazari\/wp-json\/wp\/v2\/pages\/17755","targetHints":{"allow":["GET"]}}],"collection":[{"href":"https:\/\/www.enka.k12.tr\/adapazari\/wp-json\/wp\/v2\/pages"}],"about":[{"href":"https:\/\/www.enka.k12.tr\/adapazari\/wp-json\/wp\/v2\/types\/page"}],"author":[{"embeddable":true,"href":"https:\/\/www.enka.k12.tr\/adapazari\/wp-json\/wp\/v2\/users\/1"}],"replies":[{"embeddable":true,"href":"https:\/\/www.enka.k12.tr\/adapazari\/wp-json\/wp\/v2\/comments?post=17755"}],"version-history":[{"count":0,"href":"https:\/\/www.enka.k12.tr\/adapazari\/wp-json\/wp\/v2\/pages\/17755\/revisions"}],"up":[{"embeddable":true,"href":"https:\/\/www.enka.k12.tr\/adapazari\/wp-json\/wp\/v2\/pages\/82"}],"wp:featuredmedia":[{"embeddable":true,"href":"https:\/\/www.enka.k12.tr\/adapazari\/wp-json\/wp\/v2\/media\/1078"}],"wp:attachment":[{"href":"https:\/\/www.enka.k12.tr\/adapazari\/wp-json\/wp\/v2\/media?parent=17755"}],"curies":[{"name":"wp","href":"https:\/\/api.w.org\/{rel}","templated":true}]}}