{"id":189,"date":"2017-07-03T10:32:16","date_gmt":"2017-07-03T10:32:16","guid":{"rendered":"http:\/\/www.enka.com\/foundation\/schools\/adapazari\/why-enka\/sports\/"},"modified":"2021-03-23T10:51:45","modified_gmt":"2021-03-23T07:51:45","slug":"spor","status":"publish","type":"page","link":"https:\/\/www.enka.k12.tr\/adapazari\/hakkimizda\/spor\/","title":{"rendered":"SPOR"},"content":{"rendered":"<div class=\"wpb-content-wrapper\"><p>[vc_row][vc_column]<div id=\"ultimate-heading-984769f5e22e2fdbd\" class=\"uvc-heading ult-adjust-bottom-margin ultimate-heading-984769f5e22e2fdbd uvc-4146 \" data-hspacer=\"line_with_icon\" data-hline_width=\"auto\" data-hicon_type=\"custom\" data-hborder_style=\"solid\" data-hborder_height=\"3\" data-hborder_color=\"#69b3e7\" data-icon_width=\"200\" data-hfixer=\"30\"  data-halign=\"center\" style=\"text-align:center\"><div class=\"uvc-heading-spacer line_with_icon\" style=\"top\"><div class=\"ult-just-icon-wrapper  \"><div class=\"align-icon\" style=\"text-align:center;\">\n<div class=\"aio-icon-img \" style=\"font-size:200px;display:inline-block;\" >\n\t<img decoding=\"async\" class=\"img-icon\" alt=\"null\" src=\"https:\/\/www.enka.k12.tr\/adapazari\/wp-content\/uploads\/2021\/03\/enka_schools_log_newtr.jpg\"\/>\n<\/div><\/div><\/div><\/div><div class=\"uvc-sub-heading ult-responsive\"  data-ultimate-target='.uvc-heading.ultimate-heading-984769f5e22e2fdbd .uvc-sub-heading '  data-responsive-json-new='{\"font-size\":\"\",\"line-height\":\"\"}'  style=\"font-weight:normal;\"><br \/><\/div><\/div><div class=\"ult-spacer spacer-69f5e22e2fe1b\" data-id=\"69f5e22e2fe1b\" data-height=\"30\" data-height-mobile=\"10\" data-height-tab=\"20\" data-height-tab-portrait=\"\" data-height-mobile-landscape=\"\" style=\"clear:both;display:block;\"><\/div>[\/vc_column][\/vc_row][vc_row padding_top=&#8221;30px&#8221; bg_type=&#8221;bg_color&#8221; bg_color_value=&#8221;#f5f5f5&#8243;][vc_column]<div id=\"ultimate-heading-702369f5e22e2fe73\" class=\"uvc-heading ult-adjust-bottom-margin ultimate-heading-702369f5e22e2fe73 uvc-7058 \" data-hspacer=\"line_only\"  data-halign=\"left\" style=\"text-align:left\"><div class=\"uvc-sub-heading ult-responsive\"  data-ultimate-target='.uvc-heading.ultimate-heading-702369f5e22e2fe73 .uvc-sub-heading '  data-responsive-json-new='{\"font-size\":\"desktop:50px;tablet:48px;tablet_portrait:46px;mobile_landscape:44px;mobile:42px;\",\"line-height\":\"desktop:50px;tablet:48px;tablet_portrait:46px;mobile_landscape:44px;mobile:42px;\"}'  style=\"font-weight:bold;color:#000000;\">SPOR<\/div><div class=\"uvc-heading-spacer line_only\" style=\"margin-top:10px;height:3px;\"><span class=\"uvc-headings-line\" style=\"border-style:solid;border-bottom-width:3px;border-color:#69b3e7;width:100px;\"><\/span><\/div><\/div><div class=\"ult-spacer spacer-69f5e22e2feb1\" data-id=\"69f5e22e2feb1\" data-height=\"24\" data-height-mobile=\"24\" data-height-tab=\"24\" data-height-tab-portrait=\"\" data-height-mobile-landscape=\"\" style=\"clear:both;display:block;\"><\/div>[vc_column_text]Beden E\u011fitimi ve Spor B\u00f6l\u00fcm\u00fcn\u00fcn amac\u0131, \u00f6\u011frencilerimizin sporun temel bilgi, beceri, tav\u0131r ve al\u0131\u015fkanl\u0131klar\u0131n\u0131 edinirken; dost\u00e7a oynay\u0131p yar\u0131\u015farak sporu ya\u015famlar\u0131n\u0131n bir par\u00e7as\u0131 haline getirmelerini sa\u011flamakt\u0131r. \u00d6\u011frencilerimizin sporun sa\u011fl\u0131\u011fa yararlar\u0131n\u0131 kavramalar\u0131, globalle\u015fen d\u00fcnyada sporun evrenselli\u011fi a\u00e7\u0131s\u0131ndan kendilerine g\u00fcven duymalar\u0131, hayat felsefesi olarak ya\u015famlar\u0131n\u0131 spor faaliyetleri ile de\u011ferlendirmeye istekli olmalar\u0131, yapt\u0131klar\u0131 d\u00fczenli \u00e7al\u0131\u015fmalarla zaman y\u00f6netimi ve sorumluluk duygular\u0131n\u0131 geli\u015ftirmeleri, kazanma ve kaybetme duygular\u0131n\u0131 ya\u015famalar\u0131 da Beden E\u011fitimi ve Spor B\u00f6l\u00fcm\u00fcn\u00fcn genel hedeflerini olu\u015fturmaktad\u0131r. Beden E\u011fitimi ve Spor derslerinde atletizm, jimnastik, basketbol, voleybol ve futbol bran\u015flar\u0131yla ilgili temel oyun kurallar\u0131 \u00f6\u011frenilirken, temel becerilerde kazan\u0131lmaktad\u0131r. Okul kamp\u00fcs\u00fcm\u00fczde bulunan tenis kortu, kapal\u0131 spor salonu, kapal\u0131 y\u00fczme havuzu, aynal\u0131 jimnastik salonu, masa tenisi ve a\u00e7\u0131k alanlarda bulunan basketbol, voleybol ve oyun alanlar\u0131 \u00f6\u011frencilerimizin kullan\u0131m\u0131na sunulur.Basketbol, y\u00fczme, voleybol, atletizm ve masa tenisi bran\u015flar\u0131nda tak\u0131mlar\u0131m\u0131z haftan\u0131n 5 g\u00fcn\u00fc uzman antren\u00f6rler e\u015fli\u011finde antrenman yaparak, il birincili\u011fi ve T\u00fcrkiye \u015eampiyonalar\u0131nda okulumuzu y\u0131llard\u0131r ba\u015far\u0131yla temsil etmektedir.[\/vc_column_text][\/vc_column][\/vc_row][vc_row padding_top=&#8221;30px&#8221; bg_type=&#8221;bg_color&#8221; bg_color_value=&#8221;#f5f5f5&#8243;][vc_column]\n\t\t\t\t<script type=\"text\/javascript\">\n\t\t\t\t\tjQuery(function($){\n\t\t\t\t\t\tif ( $.fn.imagesLoaded != undefined && $.fn.carouFredSel != undefined ) {\n\t\t\t\t\t\t\tvar $carouselContainer = $(\"#caroufredsel-75\");\n\t\t\t\t\t\t\t$carouselContainer.imagesLoaded(function() {\n\t\t\t\t\t\t\t\t$carouselContainer.carouFredSel({\n\t\t\t\t\t\t\t\t\tresponsive : true,\n\t\t\t\t\t\t\t\t\theight: \"variable\",\n\t\t\t\t\t\t\t\t\twidth : \"100%\",\n\t\t\t\t\t\t\t\t\tcircular : true,\n\t\t\t\t\t\t\t\t\tinfinite : true,\n\t\t\t\t\t\t\t\t\tauto : {\n\t\t\t\t\t\t\t\t\t\tplay: false,\n\t\t\t\t\t\t\t\t\t\ttimeoutDuration : 5000,\n\t\t\t\t\t\t\t\t\t},\n\t\t\t\t\t\t\t\t\tswipe : {\n\t\t\t\t\t\t\t\t\t\tonTouch: true,\n\t\t\t\t\t\t\t\t\t\tonMouse: true,\n\t\t\t\t\t\t\t\t\t},prev : \"#prev-75\",next : \"#next-75\",items : {\n\t\t\t\t\t\t\t\t\t\twidth : 400,\n\t\t\t\t\t\t\t\t\t\theight: \"variable\",\n\t\t\t\t\t\t\t\t\t\tvisible : {\n\t\t\t\t\t\t\t\t\t\t\tmin : 1,\n\t\t\t\t\t\t\t\t\t\t\tmax : 4\n\t\t\t\t\t\t\t\t\t\t}\n\t\t\t\t\t\t\t\t\t}\n\t\t\t\t\t\t\t\t});\n\t\t\t\t\t\t\t});\n\t\t\t\t\t\t}$(window).load(function(){\n\t\t\t\t\t\t\t\t$(\".vcex-caroufredsel-loading\").removeClass(\"vcex-caroufredsel-loading\");\n\t\t\t\t\t\t\t});});\n\t\t\t\t<\/script><div class=\"vcex-caroufredsel-wrap clr vcex-caroufredsel-portfolio vcex-caroufredsel-default vcex-caroufredsel-loading\"><div class=\"vcex-caroufredsel vcex-gallery-lightbox \"><ul id=\"caroufredsel-75\"><li class=\"vcex-caroufredsel-slide\"><div class=\"vcex-caroufredsel-entry-media vcex-true\"><a href=\"https:\/\/www.enka.k12.tr\/adapazari\/wp-content\/uploads\/2017\/07\/sports_450x300_4.jpg\" title=\"\" class=\"vcex-caroufredsel-entry-img gallery-lightbox\"><img decoding=\"async\" src=\"https:\/\/www.enka.k12.tr\/adapazari\/wp-content\/uploads\/2017\/07\/sports_450x300_4.jpg\" alt=\"\" \/><\/a><!-- .vcex-caroufredsel-entry-img --><\/div><\/li><li class=\"vcex-caroufredsel-slide\"><div class=\"vcex-caroufredsel-entry-media vcex-true\"><a href=\"https:\/\/www.enka.k12.tr\/adapazari\/wp-content\/uploads\/2017\/07\/sports_450x300_1.jpg\" title=\"\" class=\"vcex-caroufredsel-entry-img gallery-lightbox\"><img decoding=\"async\" src=\"https:\/\/www.enka.k12.tr\/adapazari\/wp-content\/uploads\/2017\/07\/sports_450x300_1.jpg\" alt=\"\" \/><\/a><!-- .vcex-caroufredsel-entry-img --><\/div><\/li><li class=\"vcex-caroufredsel-slide\"><div class=\"vcex-caroufredsel-entry-media vcex-true\"><a href=\"https:\/\/www.enka.k12.tr\/adapazari\/wp-content\/uploads\/2017\/07\/sports_450x300_2.jpg\" title=\"\" class=\"vcex-caroufredsel-entry-img gallery-lightbox\"><img decoding=\"async\" src=\"https:\/\/www.enka.k12.tr\/adapazari\/wp-content\/uploads\/2017\/07\/sports_450x300_2.jpg\" alt=\"\" \/><\/a><!-- .vcex-caroufredsel-entry-img --><\/div><\/li><li class=\"vcex-caroufredsel-slide\"><div class=\"vcex-caroufredsel-entry-media vcex-true\"><a href=\"https:\/\/www.enka.k12.tr\/adapazari\/wp-content\/uploads\/2017\/07\/sports_450x300.jpg\" title=\"\" class=\"vcex-caroufredsel-entry-img gallery-lightbox\"><img decoding=\"async\" src=\"https:\/\/www.enka.k12.tr\/adapazari\/wp-content\/uploads\/2017\/07\/sports_450x300.jpg\" alt=\"\" \/><\/a><!-- .vcex-caroufredsel-entry-img --><\/div><\/li><li class=\"vcex-caroufredsel-slide\"><div class=\"vcex-caroufredsel-entry-media vcex-true\"><a href=\"https:\/\/www.enka.k12.tr\/adapazari\/wp-content\/uploads\/2017\/07\/sports_450x300_3.jpg\" title=\"\" class=\"vcex-caroufredsel-entry-img gallery-lightbox\"><img decoding=\"async\" src=\"https:\/\/www.enka.k12.tr\/adapazari\/wp-content\/uploads\/2017\/07\/sports_450x300_3.jpg\" alt=\"\" \/><\/a><!-- .vcex-caroufredsel-entry-img --><\/div><\/li><\/ul><div id=\"prev-75\" class=\"vcex-caroufredsel-prev\"><span class=\"fa fa-chevron-left\"><\/span><\/div><div id=\"next-75\" class=\"vcex-caroufredsel-next\"><span class=\"fa fa-chevron-right\"><\/span><\/div><\/div><\/div><div class=\"vcex-clear-floats\"><\/div><div class=\"ult-spacer spacer-69f5e22e30b5a\" data-id=\"69f5e22e30b5a\" data-height=\"24\" data-height-mobile=\"24\" data-height-tab=\"24\" data-height-tab-portrait=\"\" data-height-mobile-landscape=\"\" style=\"clear:both;display:block;\"><\/div>[\/vc_column][\/vc_row]<\/p>\n<\/div>","protected":false},"excerpt":{"rendered":"<p>[vc_row][vc_column][\/vc_column][\/vc_row][vc_row padding_top=&#8221;30px&#8221; bg_type=&#8221;bg_color&#8221; bg_color_value=&#8221;#f5f5f5&#8243;][vc_column][vc_column_text]Beden E\u011fitimi ve Spor B\u00f6l\u00fcm\u00fcn\u00fcn amac\u0131, \u00f6\u011frencilerimizin sporun temel bilgi, beceri, tav\u0131r ve al\u0131\u015fkanl\u0131klar\u0131n\u0131 edinirken; dost\u00e7a oynay\u0131p yar\u0131\u015farak sporu ya\u015famlar\u0131n\u0131n bir par\u00e7as\u0131 haline getirmelerini sa\u011flamakt\u0131r. \u00d6\u011frencilerimizin sporun sa\u011fl\u0131\u011fa yararlar\u0131n\u0131 kavramalar\u0131, globalle\u015fen d\u00fcnyada sporun evrenselli\u011fi a\u00e7\u0131s\u0131ndan kendilerine g\u00fcven duymalar\u0131, hayat felsefesi olarak ya\u015famlar\u0131n\u0131 spor faaliyetleri ile de\u011ferlendirmeye istekli olmalar\u0131, yapt\u0131klar\u0131 d\u00fczenli \u00e7al\u0131\u015fmalarla zaman y\u00f6netimi ve sorumluluk duygular\u0131n\u0131 geli\u015ftirmeleri, kazanma ve kaybetme duygular\u0131n\u0131 ya\u015famalar\u0131&#8230;<\/p>\n","protected":false},"author":2,"featured_media":1406,"parent":138,"menu_order":0,"comment_status":"closed","ping_status":"closed","template":"","meta":{"_acf_changed":false,"om_disable_all_campaigns":false,"inline_featured_image":false,"_monsterinsights_skip_tracking":false,"_monsterinsights_sitenote_active":false,"_monsterinsights_sitenote_note":"","_monsterinsights_sitenote_category":0,"footnotes":""},"class_list":["post-189","page","type-page","status-publish","has-post-thumbnail","hentry","custom-post-type-entry"],"aioseo_notices":[],"acf":[],"_links":{"self":[{"href":"https:\/\/www.enka.k12.tr\/adapazari\/wp-json\/wp\/v2\/pages\/189","targetHints":{"allow":["GET"]}}],"collection":[{"href":"https:\/\/www.enka.k12.tr\/adapazari\/wp-json\/wp\/v2\/pages"}],"about":[{"href":"https:\/\/www.enka.k12.tr\/adapazari\/wp-json\/wp\/v2\/types\/page"}],"author":[{"embeddable":true,"href":"https:\/\/www.enka.k12.tr\/adapazari\/wp-json\/wp\/v2\/users\/2"}],"replies":[{"embeddable":true,"href":"https:\/\/www.enka.k12.tr\/adapazari\/wp-json\/wp\/v2\/comments?post=189"}],"version-history":[{"count":0,"href":"https:\/\/www.enka.k12.tr\/adapazari\/wp-json\/wp\/v2\/pages\/189\/revisions"}],"up":[{"embeddable":true,"href":"https:\/\/www.enka.k12.tr\/adapazari\/wp-json\/wp\/v2\/pages\/138"}],"wp:featuredmedia":[{"embeddable":true,"href":"https:\/\/www.enka.k12.tr\/adapazari\/wp-json\/wp\/v2\/media\/1406"}],"wp:attachment":[{"href":"https:\/\/www.enka.k12.tr\/adapazari\/wp-json\/wp\/v2\/media?parent=189"}],"curies":[{"name":"wp","href":"https:\/\/api.w.org\/{rel}","templated":true}]}}