{"id":193,"date":"2017-07-03T10:33:13","date_gmt":"2017-07-03T10:33:13","guid":{"rendered":"http:\/\/www.enka.com\/foundation\/schools\/adapazari\/why-enka\/learning-and-teaching-approach\/"},"modified":"2021-03-23T13:51:41","modified_gmt":"2021-03-23T10:51:41","slug":"ogrenme-ve-ogretme-yaklasimlari","status":"publish","type":"page","link":"https:\/\/www.enka.k12.tr\/adapazari\/hakkimizda\/ogrenme-ve-ogretme-yaklasimlari\/","title":{"rendered":"\u00d6\u011eRENME VE \u00d6\u011eRETME YAKLA\u015eIMLARI"},"content":{"rendered":"<div class=\"wpb-content-wrapper\"><p>[vc_row][vc_column]<div id=\"ultimate-heading-412769e9fd676f0fa\" class=\"uvc-heading ult-adjust-bottom-margin ultimate-heading-412769e9fd676f0fa uvc-5820 \" data-hspacer=\"line_with_icon\" data-hline_width=\"auto\" data-hicon_type=\"custom\" data-hborder_style=\"solid\" data-hborder_height=\"3\" data-hborder_color=\"#69b3e7\" data-icon_width=\"200\" data-hfixer=\"30\"  data-halign=\"center\" style=\"text-align:center\"><div class=\"uvc-heading-spacer line_with_icon\" style=\"top\"><div class=\"ult-just-icon-wrapper  \"><div class=\"align-icon\" style=\"text-align:center;\">\n<div class=\"aio-icon-img \" style=\"font-size:200px;display:inline-block;\" >\n\t<img decoding=\"async\" class=\"img-icon\" alt=\"null\" src=\"https:\/\/www.enka.k12.tr\/adapazari\/wp-content\/uploads\/2021\/03\/enka_schools_log_newtr.jpg\"\/>\n<\/div><\/div><\/div><\/div><div class=\"uvc-sub-heading ult-responsive\"  data-ultimate-target='.uvc-heading.ultimate-heading-412769e9fd676f0fa .uvc-sub-heading '  data-responsive-json-new='{\"font-size\":\"\",\"line-height\":\"\"}'  style=\"font-weight:normal;\"><br \/><\/div><\/div><div class=\"ult-spacer spacer-69e9fd676f16d\" data-id=\"69e9fd676f16d\" data-height=\"30\" data-height-mobile=\"10\" data-height-tab=\"20\" data-height-tab-portrait=\"\" data-height-mobile-landscape=\"\" style=\"clear:both;display:block;\"><\/div>[\/vc_column][\/vc_row][vc_row padding_top=&#8221;30px&#8221; bg_type=&#8221;bg_color&#8221; bg_color_value=&#8221;#f5f5f5&#8243;][vc_column]<div id=\"ultimate-heading-675669e9fd676f1d4\" class=\"uvc-heading ult-adjust-bottom-margin ultimate-heading-675669e9fd676f1d4 uvc-7187 \" data-hspacer=\"line_only\"  data-halign=\"left\" style=\"text-align:left\"><div class=\"uvc-main-heading ult-responsive\"  data-ultimate-target='.uvc-heading.ultimate-heading-675669e9fd676f1d4 h2'  data-responsive-json-new='{\"font-size\":\"desktop:20px;\",\"line-height\":\"desktop:50px;\"}' ><h2 style=\"font-weight:normal;color:#000000;\">\u00d6\u011eRENME VE<\/h2><\/div><div class=\"uvc-sub-heading ult-responsive\"  data-ultimate-target='.uvc-heading.ultimate-heading-675669e9fd676f1d4 .uvc-sub-heading '  data-responsive-json-new='{\"font-size\":\"desktop:50px;tablet:48px;tablet_portrait:46px;mobile_landscape:44px;mobile:42px;\",\"line-height\":\"desktop:50px;tablet:48px;tablet_portrait:46px;mobile_landscape:44px;mobile:42px;\"}'  style=\"font-weight:bold;color:#000000;\"><span style=\"color: #69b3e7;\">\u00d6\u011eRETME<\/span> <span style=\"color: #000000;\">YAKLA\u015eIMLARI<\/span><\/div><div class=\"uvc-heading-spacer line_only\" style=\"margin-top:10px;height:3px;\"><span class=\"uvc-headings-line\" style=\"border-style:solid;border-bottom-width:3px;border-color:#000000;width:100px;\"><\/span><\/div><\/div>[\/vc_column][\/vc_row][vc_row padding_top=&#8221;30px&#8221; bg_type=&#8221;bg_color&#8221; bg_color_value=&#8221;#f5f5f5&#8243;][vc_column][vc_column_text]Adapazar\u0131 ENKA Okullar\u0131\u2019nda e\u011fitim program\u0131 sorgulamaya dayal\u0131 bir yakla\u015f\u0131mla ele al\u0131nmaktad\u0131r. Sorgulama, \u00f6\u011frencilerin d\u00fcnyay\u0131 anlamland\u0131rma \u00e7abas\u0131 s\u0131ras\u0131nda \u00e7evreyle etkin bir bi\u00e7imde ilgilenmesi, merak etti\u011fi sorular, tecr\u00fcbeleri ve edindi\u011fi bilgiler aras\u0131nda ba\u011flant\u0131lar kurabilmesi ve d\u00f6n\u00fc\u015f\u00fcml\u00fc d\u00fc\u015f\u00fcnmesini i\u00e7erir. Sorgulamay\u0131 desteklemek i\u00e7in kavramsal \u00f6\u011frenmeye odaklan\u0131l\u0131r. Kavramsal \u00f6\u011frenmede amac\u0131m\u0131z, \u00f6\u011frencilerin sadece bilgiyi ezberlemelerini de\u011fil, her bir ders i\u00e7in ya da dersler aras\u0131nda \u00f6nem ta\u015f\u0131yan kavramlara odaklanarak ele\u015ftirel d\u00fc\u015f\u00fcnme becerilerini geli\u015ftirmelerini ve derinlemesine anlam olu\u015fturmalar\u0131n\u0131 sa\u011flamakt\u0131r. \u00d6\u011frenme ve \u00f6\u011fretmenin merkezinde \u00f6\u011frenci yer al\u0131r ve \u00f6\u011fretmenler, \u00f6\u011frencilerin anlam olu\u015fturmas\u0131 i\u00e7in yol g\u00f6stericidir. \u00d6\u011frencilerin \u00f6n bilgileri de\u011ferlendirilerek, haz\u0131r bulunu\u015fluk d\u00fczeyleri, ilgileri ve \u00f6\u011frenme stilleri belirlenerek dersler farkl\u0131la\u015ft\u0131r\u0131l\u0131r, \u00f6\u011frenciler yeni deneyimlere ve d\u00fc\u015f\u00fcnmeye te\u015fvik edilir. K\u00fc\u00e7\u00fck ya\u015f gruplar\u0131nda \u00f6\u011frencilerin geli\u015fim d\u00fczeyleri g\u00f6z \u00f6n\u00fcnde bulundurularak oyun yoluyla \u00f6\u011frenme y\u00f6ntemi s\u0131kl\u0131kla kullan\u0131l\u0131r. \u00d6\u011frenmenin en iyi, \u00f6\u011frencinin etraf\u0131ndaki d\u00fcnyan\u0131n ger\u00e7ek bir par\u00e7as\u0131yla ba\u011flant\u0131l\u0131 oldu\u011funda ve ilgi duyulan konular\u0131n ara\u015ft\u0131r\u0131lmas\u0131yla ger\u00e7ekle\u015fti\u011fine inan\u0131l\u0131r ve bunu sa\u011flamak i\u00e7in \u00f6\u011frencilere canl\u0131 ve te\u015fvik edici \u00f6\u011frenme ortamlar\u0131nda ilgi \u00e7ekici, konuyla alakal\u0131, d\u00fc\u015f\u00fcnmeye zorlayan ve \u00f6nemli \u00f6\u011frenme deneyimleri sa\u011flan\u0131r. Yap\u0131lan \u00f6n de\u011ferlendirme, s\u00fcre\u00e7 ve sonu\u00e7 de\u011ferlendirme \u00e7al\u0131\u015fmalar\u0131 ile \u00f6\u011frencilerin ne anlad\u0131klar\u0131na, bilgilerine, becerilerine ve geli\u015fimlerine odaklan\u0131larak program \u00fczerinde d\u00f6n\u00fc\u015f\u00fcml\u00fc d\u00fc\u015f\u00fcnme yap\u0131l\u0131r. T\u00fcm bu \u00f6\u011frenme ve \u00f6\u011fretme yakla\u015f\u0131mlar\u0131 ENKA Okullar\u0131 \u00f6\u011frenci profilinin geli\u015ftirilmesi i\u00e7in bir \u00e7er\u00e7eve sunar.[\/vc_column_text][\/vc_column][\/vc_row][vc_row padding_top=&#8221;30px&#8221; bg_type=&#8221;bg_color&#8221; bg_color_value=&#8221;#f5f5f5&#8243;][vc_column]\n\t\t\t\t<script type=\"text\/javascript\">\n\t\t\t\t\tjQuery(function($){\n\t\t\t\t\t\tif ( $.fn.imagesLoaded != undefined && $.fn.carouFredSel != undefined ) {\n\t\t\t\t\t\t\tvar $carouselContainer = $(\"#caroufredsel-58\");\n\t\t\t\t\t\t\t$carouselContainer.imagesLoaded(function() {\n\t\t\t\t\t\t\t\t$carouselContainer.carouFredSel({\n\t\t\t\t\t\t\t\t\tresponsive : true,\n\t\t\t\t\t\t\t\t\theight: \"variable\",\n\t\t\t\t\t\t\t\t\twidth : \"100%\",\n\t\t\t\t\t\t\t\t\tcircular : true,\n\t\t\t\t\t\t\t\t\tinfinite : true,\n\t\t\t\t\t\t\t\t\tauto : {\n\t\t\t\t\t\t\t\t\t\tplay: false,\n\t\t\t\t\t\t\t\t\t\ttimeoutDuration : 5000,\n\t\t\t\t\t\t\t\t\t},\n\t\t\t\t\t\t\t\t\tswipe : {\n\t\t\t\t\t\t\t\t\t\tonTouch: true,\n\t\t\t\t\t\t\t\t\t\tonMouse: true,\n\t\t\t\t\t\t\t\t\t},prev : \"#prev-58\",next : \"#next-58\",items : {\n\t\t\t\t\t\t\t\t\t\twidth : 400,\n\t\t\t\t\t\t\t\t\t\theight: \"variable\",\n\t\t\t\t\t\t\t\t\t\tvisible : {\n\t\t\t\t\t\t\t\t\t\t\tmin : 1,\n\t\t\t\t\t\t\t\t\t\t\tmax : 4\n\t\t\t\t\t\t\t\t\t\t}\n\t\t\t\t\t\t\t\t\t}\n\t\t\t\t\t\t\t\t});\n\t\t\t\t\t\t\t});\n\t\t\t\t\t\t}$(window).load(function(){\n\t\t\t\t\t\t\t\t$(\".vcex-caroufredsel-loading\").removeClass(\"vcex-caroufredsel-loading\");\n\t\t\t\t\t\t\t});});\n\t\t\t\t<\/script><div class=\"vcex-caroufredsel-wrap clr vcex-caroufredsel-portfolio vcex-caroufredsel-default vcex-caroufredsel-loading\"><div class=\"vcex-caroufredsel vcex-gallery-lightbox \"><ul id=\"caroufredsel-58\"><li class=\"vcex-caroufredsel-slide\"><div class=\"vcex-caroufredsel-entry-media vcex-true\"><a href=\"https:\/\/www.enka.k12.tr\/adapazari\/wp-content\/uploads\/2017\/07\/learning_teaching_450x300_2.jpg\" title=\"\" class=\"vcex-caroufredsel-entry-img gallery-lightbox\"><img decoding=\"async\" src=\"https:\/\/www.enka.k12.tr\/adapazari\/wp-content\/uploads\/2017\/07\/learning_teaching_450x300_2.jpg\" alt=\"\" \/><\/a><!-- .vcex-caroufredsel-entry-img --><\/div><\/li><li class=\"vcex-caroufredsel-slide\"><div class=\"vcex-caroufredsel-entry-media vcex-true\"><a href=\"https:\/\/www.enka.k12.tr\/adapazari\/wp-content\/uploads\/2017\/07\/learning_teaching_450x300_3.jpg\" title=\"\" class=\"vcex-caroufredsel-entry-img gallery-lightbox\"><img decoding=\"async\" src=\"https:\/\/www.enka.k12.tr\/adapazari\/wp-content\/uploads\/2017\/07\/learning_teaching_450x300_3.jpg\" alt=\"\" \/><\/a><!-- .vcex-caroufredsel-entry-img --><\/div><\/li><li class=\"vcex-caroufredsel-slide\"><div class=\"vcex-caroufredsel-entry-media vcex-true\"><a href=\"https:\/\/www.enka.k12.tr\/adapazari\/wp-content\/uploads\/2017\/07\/learning_teaching_450x300.jpg\" title=\"\" class=\"vcex-caroufredsel-entry-img gallery-lightbox\"><img decoding=\"async\" src=\"https:\/\/www.enka.k12.tr\/adapazari\/wp-content\/uploads\/2017\/07\/learning_teaching_450x300.jpg\" alt=\"\" \/><\/a><!-- .vcex-caroufredsel-entry-img --><\/div><\/li><li class=\"vcex-caroufredsel-slide\"><div class=\"vcex-caroufredsel-entry-media vcex-true\"><a href=\"https:\/\/www.enka.k12.tr\/adapazari\/wp-content\/uploads\/2017\/07\/learning_teaching_450x300_1.jpg\" title=\"\" class=\"vcex-caroufredsel-entry-img gallery-lightbox\"><img decoding=\"async\" src=\"https:\/\/www.enka.k12.tr\/adapazari\/wp-content\/uploads\/2017\/07\/learning_teaching_450x300_1.jpg\" alt=\"\" \/><\/a><!-- .vcex-caroufredsel-entry-img --><\/div><\/li><\/ul><div id=\"prev-58\" class=\"vcex-caroufredsel-prev\"><span class=\"fa fa-chevron-left\"><\/span><\/div><div id=\"next-58\" class=\"vcex-caroufredsel-next\"><span class=\"fa fa-chevron-right\"><\/span><\/div><\/div><\/div><div class=\"vcex-clear-floats\"><\/div><div class=\"ult-spacer spacer-69e9fd676fd58\" data-id=\"69e9fd676fd58\" data-height=\"24\" data-height-mobile=\"24\" data-height-tab=\"24\" data-height-tab-portrait=\"\" data-height-mobile-landscape=\"\" style=\"clear:both;display:block;\"><\/div>[\/vc_column][\/vc_row]<\/p>\n<\/div>","protected":false},"excerpt":{"rendered":"<p>[vc_row][vc_column][\/vc_column][\/vc_row][vc_row padding_top=&#8221;30px&#8221; bg_type=&#8221;bg_color&#8221; bg_color_value=&#8221;#f5f5f5&#8243;][vc_column][\/vc_column][\/vc_row][vc_row padding_top=&#8221;30px&#8221; bg_type=&#8221;bg_color&#8221; bg_color_value=&#8221;#f5f5f5&#8243;][vc_column][vc_column_text]Adapazar\u0131 ENKA Okullar\u0131\u2019nda e\u011fitim program\u0131 sorgulamaya dayal\u0131 bir yakla\u015f\u0131mla ele al\u0131nmaktad\u0131r. Sorgulama, \u00f6\u011frencilerin d\u00fcnyay\u0131 anlamland\u0131rma \u00e7abas\u0131 s\u0131ras\u0131nda \u00e7evreyle etkin bir bi\u00e7imde ilgilenmesi, merak etti\u011fi sorular, tecr\u00fcbeleri ve edindi\u011fi bilgiler aras\u0131nda ba\u011flant\u0131lar kurabilmesi ve d\u00f6n\u00fc\u015f\u00fcml\u00fc d\u00fc\u015f\u00fcnmesini i\u00e7erir. Sorgulamay\u0131 desteklemek i\u00e7in kavramsal \u00f6\u011frenmeye odaklan\u0131l\u0131r. Kavramsal \u00f6\u011frenmede amac\u0131m\u0131z, \u00f6\u011frencilerin sadece bilgiyi ezberlemelerini de\u011fil, her bir ders i\u00e7in ya da dersler aras\u0131nda \u00f6nem&#8230;<\/p>\n","protected":false},"author":2,"featured_media":1412,"parent":138,"menu_order":0,"comment_status":"closed","ping_status":"closed","template":"","meta":{"_acf_changed":false,"om_disable_all_campaigns":false,"inline_featured_image":false,"_monsterinsights_skip_tracking":false,"_monsterinsights_sitenote_active":false,"_monsterinsights_sitenote_note":"","_monsterinsights_sitenote_category":0,"footnotes":""},"class_list":["post-193","page","type-page","status-publish","has-post-thumbnail","hentry","custom-post-type-entry"],"aioseo_notices":[],"acf":[],"_links":{"self":[{"href":"https:\/\/www.enka.k12.tr\/adapazari\/wp-json\/wp\/v2\/pages\/193","targetHints":{"allow":["GET"]}}],"collection":[{"href":"https:\/\/www.enka.k12.tr\/adapazari\/wp-json\/wp\/v2\/pages"}],"about":[{"href":"https:\/\/www.enka.k12.tr\/adapazari\/wp-json\/wp\/v2\/types\/page"}],"author":[{"embeddable":true,"href":"https:\/\/www.enka.k12.tr\/adapazari\/wp-json\/wp\/v2\/users\/2"}],"replies":[{"embeddable":true,"href":"https:\/\/www.enka.k12.tr\/adapazari\/wp-json\/wp\/v2\/comments?post=193"}],"version-history":[{"count":0,"href":"https:\/\/www.enka.k12.tr\/adapazari\/wp-json\/wp\/v2\/pages\/193\/revisions"}],"up":[{"embeddable":true,"href":"https:\/\/www.enka.k12.tr\/adapazari\/wp-json\/wp\/v2\/pages\/138"}],"wp:featuredmedia":[{"embeddable":true,"href":"https:\/\/www.enka.k12.tr\/adapazari\/wp-json\/wp\/v2\/media\/1412"}],"wp:attachment":[{"href":"https:\/\/www.enka.k12.tr\/adapazari\/wp-json\/wp\/v2\/media?parent=193"}],"curies":[{"name":"wp","href":"https:\/\/api.w.org\/{rel}","templated":true}]}}