{"id":196,"date":"2017-07-03T10:34:16","date_gmt":"2017-07-03T10:34:16","guid":{"rendered":"http:\/\/www.enka.com\/foundation\/schools\/adapazari\/schools\/"},"modified":"2026-05-07T16:41:44","modified_gmt":"2026-05-07T13:41:44","slug":"okullar","status":"publish","type":"page","link":"https:\/\/www.enka.k12.tr\/adapazari\/okullar\/","title":{"rendered":"OKULLAR"},"content":{"rendered":"<div class=\"wpb-content-wrapper\"><p>[vc_row full_width=&#8221;stretch_row_content_no_spaces&#8221; gap=&#8221;15&#8243; padding_top=&#8221;10px&#8221; padding_bottom=&#8221;50px&#8221;][vc_column width=&#8221;1\/2&#8243;]<div tabindex=\"0\" class=\"ult-new-ib ult-ib-effect-style15  ult-ib-resp ult-ib2-min-height \" data-min-width=\"768\" data-max-width=\"900\" style=\"background:#B4E68E; opacity:0; \" data-opacity=\"1\" data-hover-opacity=\"0.3\"  data-min-height=\"400\" ><img decoding=\"async\" class=\"ult-new-ib-img\" style=\"opacity:1;\" alt=\"null\" src=\"https:\/\/www.enka.k12.tr\/istanbul\/wp-content\/uploads\/2017\/02\/Anaokulu_003.jpg\"  data-min-height=\"400\"   \/><div id=\"interactive-banner-wrap-4370\" class=\"ult-new-ib-desc\" style=\"\"><h2 class=\"ult-new-ib-title ult-responsive\"  data-ultimate-target='#interactive-banner-wrap-4370 .ult-new-ib-title'  data-responsive-json-new='{\"font-size\":\"desktop:35px;\",\"line-height\":\"desktop:35px;\"}'  style=\"font-family:&#039;Roboto Condensed&#039;;font-weight:700;color:#ffffff;\">\u0130LKOKUL<\/h2><\/div><a class=\"ult-new-ib-link\" href=\"https:\/\/www.enka.k12.tr\/adapazari\/okullar\/ilkokul\/\"  ><\/a><\/div>[\/vc_column][vc_column width=&#8221;1\/2&#8243;]<div tabindex=\"0\" class=\"ult-new-ib ult-ib-effect-style15  ult-ib-resp ult-ib2-min-height \" data-min-width=\"768\" data-max-width=\"900\" style=\"background:#69b3e7; opacity:0; \" data-opacity=\"1\" data-hover-opacity=\"0.3\"  data-min-height=\"400\" ><img decoding=\"async\" class=\"ult-new-ib-img\" style=\"opacity:1;\" alt=\"null\" src=\"https:\/\/www.enka.k12.tr\/istanbul\/wp-content\/uploads\/2018\/01\/middle_school.jpg\"  data-min-height=\"400\"   \/><div id=\"interactive-banner-wrap-8440\" class=\"ult-new-ib-desc\" style=\"\"><h2 class=\"ult-new-ib-title ult-responsive\"  data-ultimate-target='#interactive-banner-wrap-8440 .ult-new-ib-title'  data-responsive-json-new='{\"font-size\":\"desktop:35px;\",\"line-height\":\"\"}'  style=\"font-family:&#039;Roboto Condensed&#039;;font-weight:700;color:#ffffff;\">ORTA OKUL<\/h2><\/div><a class=\"ult-new-ib-link\" href=\"https:\/\/www.enka.k12.tr\/adapazari\/okullar\/ortaokul\/\" title=\"ORTAOKUL\"  ><\/a><\/div>[\/vc_column][\/vc_row][vc_row full_width=&#8221;stretch_row_content_no_spaces&#8221; gap=&#8221;15&#8243; padding_top=&#8221;10px&#8221; padding_bottom=&#8221;50px&#8221;][vc_column width=&#8221;1\/2&#8243;]<div tabindex=\"0\" class=\"ult-new-ib ult-ib-effect-style15  ult-ib-resp ult-ib2-min-height \" data-min-width=\"768\" data-max-width=\"900\" style=\"background:#1E73BE; opacity:0; \" data-opacity=\"1\" data-hover-opacity=\"0.3\"  data-min-height=\"400\" ><img decoding=\"async\" class=\"ult-new-ib-img\" style=\"opacity:1;\" alt=\"null\" src=\"https:\/\/www.enka.k12.tr\/adapazari\/wp-content\/uploads\/2026\/05\/1.jpg\"  data-min-height=\"400\"   \/><div id=\"interactive-banner-wrap-1872\" class=\"ult-new-ib-desc\" style=\"\"><h2 class=\"ult-new-ib-title ult-responsive\"  data-ultimate-target='#interactive-banner-wrap-1872 .ult-new-ib-title'  data-responsive-json-new='{\"font-size\":\"desktop:35px;\",\"line-height\":\"\"}'  style=\"font-family:&#039;Roboto Condensed&#039;;font-weight:700;color:#ffffff;\">ANADOLU L\u0130SES\u0130<\/h2><\/div><a class=\"ult-new-ib-link\" href=\"https:\/\/www.enka.k12.tr\/adapazari\/okullar\/lise\/\" title=\"ANADOLU L\u0130SES\u0130\"  ><\/a><\/div>[\/vc_column][vc_column width=&#8221;1\/2&#8243;]<div tabindex=\"0\" class=\"ult-new-ib ult-ib-effect-style15  ult-ib-resp ult-ib2-min-height \" data-min-width=\"768\" data-max-width=\"900\" style=\"background:#05888E; opacity:0; \" data-opacity=\"1\" data-hover-opacity=\"0.3\"  data-min-height=\"400\" ><img decoding=\"async\" class=\"ult-new-ib-img\" style=\"opacity:1;\" alt=\"null\" src=\"https:\/\/www.enka.k12.tr\/adapazari\/wp-content\/uploads\/2026\/05\/4-scaled.jpg\"  data-min-height=\"400\"   \/><div id=\"interactive-banner-wrap-9076\" class=\"ult-new-ib-desc\" style=\"\"><h2 class=\"ult-new-ib-title ult-responsive\"  data-ultimate-target='#interactive-banner-wrap-9076 .ult-new-ib-title'  data-responsive-json-new='{\"font-size\":\"desktop:35px;\",\"line-height\":\"desktop:35px;\"}'  style=\"font-family:&#039;Roboto Condensed&#039;;font-weight:700;color:#ffffff;\">FEN VE TEKNOLOJ\u0130 L\u0130SES\u0130<\/h2><\/div><a class=\"ult-new-ib-link\" href=\"https:\/\/www.enka.k12.tr\/adapazari\/okullar\/ftl\/\" title=\"FTL\"  ><\/a><\/div>[\/vc_column][\/vc_row]<\/p>\n<\/div>","protected":false},"excerpt":{"rendered":"<p>[vc_row full_width=&#8221;stretch_row_content_no_spaces&#8221; gap=&#8221;15&#8243; padding_top=&#8221;10px&#8221; padding_bottom=&#8221;50px&#8221;][vc_column width=&#8221;1\/2&#8243;][\/vc_column][vc_column width=&#8221;1\/2&#8243;][\/vc_column][\/vc_row][vc_row full_width=&#8221;stretch_row_content_no_spaces&#8221; gap=&#8221;15&#8243; padding_top=&#8221;10px&#8221; padding_bottom=&#8221;50px&#8221;][vc_column width=&#8221;1\/2&#8243;][\/vc_column][vc_column width=&#8221;1\/2&#8243;][\/vc_column][\/vc_row]<\/p>\n","protected":false},"author":2,"featured_media":1203,"parent":0,"menu_order":0,"comment_status":"closed","ping_status":"closed","template":"","meta":{"_acf_changed":false,"om_disable_all_campaigns":false,"inline_featured_image":false,"_monsterinsights_skip_tracking":false,"_monsterinsights_sitenote_active":false,"_monsterinsights_sitenote_note":"","_monsterinsights_sitenote_category":0,"footnotes":""},"class_list":["post-196","page","type-page","status-publish","has-post-thumbnail","hentry","custom-post-type-entry"],"aioseo_notices":[],"acf":[],"_links":{"self":[{"href":"https:\/\/www.enka.k12.tr\/adapazari\/wp-json\/wp\/v2\/pages\/196","targetHints":{"allow":["GET"]}}],"collection":[{"href":"https:\/\/www.enka.k12.tr\/adapazari\/wp-json\/wp\/v2\/pages"}],"about":[{"href":"https:\/\/www.enka.k12.tr\/adapazari\/wp-json\/wp\/v2\/types\/page"}],"author":[{"embeddable":true,"href":"https:\/\/www.enka.k12.tr\/adapazari\/wp-json\/wp\/v2\/users\/2"}],"replies":[{"embeddable":true,"href":"https:\/\/www.enka.k12.tr\/adapazari\/wp-json\/wp\/v2\/comments?post=196"}],"version-history":[{"count":3,"href":"https:\/\/www.enka.k12.tr\/adapazari\/wp-json\/wp\/v2\/pages\/196\/revisions"}],"predecessor-version":[{"id":28667,"href":"https:\/\/www.enka.k12.tr\/adapazari\/wp-json\/wp\/v2\/pages\/196\/revisions\/28667"}],"wp:featuredmedia":[{"embeddable":true,"href":"https:\/\/www.enka.k12.tr\/adapazari\/wp-json\/wp\/v2\/media\/1203"}],"wp:attachment":[{"href":"https:\/\/www.enka.k12.tr\/adapazari\/wp-json\/wp\/v2\/media?parent=196"}],"curies":[{"name":"wp","href":"https:\/\/api.w.org\/{rel}","templated":true}]}}