{"id":22,"date":"2017-07-03T07:31:01","date_gmt":"2017-07-03T07:31:01","guid":{"rendered":"http:\/\/www.enka.com\/foundation\/schools\/adapazari\/institutional-enka\/from-sarik-tara\/"},"modified":"2021-03-23T10:14:49","modified_gmt":"2021-03-23T07:14:49","slug":"sarik-taradan","status":"publish","type":"page","link":"https:\/\/www.enka.k12.tr\/adapazari\/kurumsal\/sarik-taradan\/","title":{"rendered":"\u015eARIK TARA&#8217;dan"},"content":{"rendered":"<div class=\"wpb-content-wrapper\"><p>[vc_row][vc_column]<div id=\"ultimate-heading-969369ea0a68a93e4\" class=\"uvc-heading ult-adjust-bottom-margin ultimate-heading-969369ea0a68a93e4 uvc-7228 \" data-hspacer=\"line_with_icon\" data-hline_width=\"auto\" data-hicon_type=\"custom\" data-hborder_style=\"solid\" data-hborder_height=\"3\" data-hborder_color=\"#69b3e7\" data-icon_width=\"200\" data-hfixer=\"30\"  data-halign=\"center\" style=\"text-align:center\"><div class=\"uvc-heading-spacer line_with_icon\" style=\"top\"><div class=\"ult-just-icon-wrapper  \"><div class=\"align-icon\" style=\"text-align:center;\">\n<div class=\"aio-icon-img \" style=\"font-size:200px;display:inline-block;\" >\n\t<img decoding=\"async\" class=\"img-icon\" alt=\"null\" src=\"https:\/\/www.enka.k12.tr\/adapazari\/wp-content\/uploads\/2021\/03\/enka_schools_log_newtr.jpg\"\/>\n<\/div><\/div><\/div><\/div><div class=\"uvc-sub-heading ult-responsive\"  data-ultimate-target='.uvc-heading.ultimate-heading-969369ea0a68a93e4 .uvc-sub-heading '  data-responsive-json-new='{\"font-size\":\"\",\"line-height\":\"\"}'  style=\"font-weight:normal;\"><br \/><\/div><\/div><div class=\"ult-spacer spacer-69ea0a68a9467\" data-id=\"69ea0a68a9467\" data-height=\"30\" data-height-mobile=\"10\" data-height-tab=\"20\" data-height-tab-portrait=\"\" data-height-mobile-landscape=\"\" style=\"clear:both;display:block;\"><\/div>[\/vc_column][\/vc_row][vc_row padding_top=&#8221;30px&#8221; bg_type=&#8221;bg_color&#8221; bg_color_value=&#8221;#f5f5f5&#8243;][vc_column width=&#8221;1\/2&#8243;]<div id=\"ultimate-heading-586369ea0a68a94cc\" class=\"uvc-heading ult-adjust-bottom-margin ultimate-heading-586369ea0a68a94cc uvc-6785 \" data-hspacer=\"line_only\"  data-halign=\"left\" style=\"text-align:left\"><div class=\"uvc-sub-heading ult-responsive\"  data-ultimate-target='.uvc-heading.ultimate-heading-586369ea0a68a94cc .uvc-sub-heading '  data-responsive-json-new='{\"font-size\":\"desktop:50px;tablet:48px;tablet_portrait:46px;mobile_landscape:44px;mobile:42px;\",\"line-height\":\"desktop:50px;tablet:48px;tablet_portrait:46px;mobile_landscape:44px;mobile:42px;\"}'  style=\"font-weight:bold;color:#000000;\"><span style=\"color: #69b3e7;\">\u015eARIK<\/span> <span style=\"color: #fe5252;\"><span style=\"color: #000000;\">TARA&#8217;dan<\/span><\/span><\/div><div class=\"uvc-heading-spacer line_only\" style=\"margin-top:10px;height:3px;\"><span class=\"uvc-headings-line\" style=\"border-style:solid;border-bottom-width:3px;border-color:#69b3e7;width:100px;\"><\/span><\/div><\/div><div class=\"ult-spacer spacer-69ea0a68a9515\" data-id=\"69ea0a68a9515\" data-height=\"24\" data-height-mobile=\"24\" data-height-tab=\"24\" data-height-tab-portrait=\"\" data-height-mobile-landscape=\"\" style=\"clear:both;display:block;\"><\/div>[vc_column_text]<\/p>\n<p style=\"text-align: justify;\"><strong>Sevgili \u00e7ocuklar,<\/strong><\/p>\n<p style=\"text-align: justify;\">Sizler bizim gelece\u011fimizsiniz.<br \/>\nMutlaka en az bir dili iyi \u00f6\u011frenin.<br \/>\nD\u00fcnyaya a\u00e7\u0131lman\u0131n ilk yolu budur.<br \/>\n\u0130yi evlat, iyi vatanda\u015f olun.<br \/>\nHerkese sevgi ve sayg\u0131 g\u00f6sterin.<br \/>\n\u015eartlar ne olursa olsun d\u00fcr\u00fcstl\u00fckten ayr\u0131lmay\u0131n.<br \/>\nHer zaman ilerici olun. Bunun i\u00e7in en iyi yol Atat\u00fcrk ilkeleridir.<br \/>\nMesle\u011finizde lider olun ve bunda \u0131srar edin.<br \/>\nZoru tercih ederseniz \u00e7abuk ilerlersiniz.<br \/>\nHepinize ba\u015far\u0131lar dilerim.<\/p>\n<p style=\"text-align: justify;\"><strong>\u015ear\u0131k Tara<\/strong><\/p>\n<p>[\/vc_column_text]<div class=\"ult-spacer spacer-69ea0a68a9543\" data-id=\"69ea0a68a9543\" data-height=\"30\" data-height-mobile=\"10\" data-height-tab=\"20\" data-height-tab-portrait=\"\" data-height-mobile-landscape=\"\" style=\"clear:both;display:block;\"><\/div>[\/vc_column][vc_column width=&#8221;1\/2&#8243;][vc_single_image image=&#8221;22747&#8243; img_size=&#8221;full&#8221;]<div class=\"ult-spacer spacer-69ea0a68a956c\" data-id=\"69ea0a68a956c\" data-height=\"30\" data-height-mobile=\"10\" data-height-tab=\"20\" data-height-tab-portrait=\"\" data-height-mobile-landscape=\"\" style=\"clear:both;display:block;\"><\/div>[\/vc_column][\/vc_row]<\/p>\n<\/div>","protected":false},"excerpt":{"rendered":"<p>[vc_row][vc_column][\/vc_column][\/vc_row][vc_row padding_top=&#8221;30px&#8221; bg_type=&#8221;bg_color&#8221; bg_color_value=&#8221;#f5f5f5&#8243;][vc_column width=&#8221;1\/2&#8243;][vc_column_text] Sevgili \u00e7ocuklar, Sizler bizim gelece\u011fimizsiniz. Mutlaka en az bir dili iyi \u00f6\u011frenin. D\u00fcnyaya a\u00e7\u0131lman\u0131n ilk yolu budur. \u0130yi evlat, iyi vatanda\u015f olun. Herkese sevgi ve sayg\u0131 g\u00f6sterin. \u015eartlar ne olursa olsun d\u00fcr\u00fcstl\u00fckten ayr\u0131lmay\u0131n. Her zaman ilerici olun. Bunun i\u00e7in en iyi yol Atat\u00fcrk ilkeleridir. Mesle\u011finizde lider olun ve bunda \u0131srar edin. Zoru tercih ederseniz \u00e7abuk ilerlersiniz. Hepinize ba\u015far\u0131lar dilerim. \u015ear\u0131k&#8230;<\/p>\n","protected":false},"author":1,"featured_media":1125,"parent":21,"menu_order":0,"comment_status":"closed","ping_status":"closed","template":"","meta":{"_acf_changed":false,"om_disable_all_campaigns":false,"inline_featured_image":false,"_monsterinsights_skip_tracking":false,"_monsterinsights_sitenote_active":false,"_monsterinsights_sitenote_note":"","_monsterinsights_sitenote_category":0,"footnotes":""},"class_list":["post-22","page","type-page","status-publish","has-post-thumbnail","hentry","custom-post-type-entry"],"aioseo_notices":[],"acf":[],"_links":{"self":[{"href":"https:\/\/www.enka.k12.tr\/adapazari\/wp-json\/wp\/v2\/pages\/22","targetHints":{"allow":["GET"]}}],"collection":[{"href":"https:\/\/www.enka.k12.tr\/adapazari\/wp-json\/wp\/v2\/pages"}],"about":[{"href":"https:\/\/www.enka.k12.tr\/adapazari\/wp-json\/wp\/v2\/types\/page"}],"author":[{"embeddable":true,"href":"https:\/\/www.enka.k12.tr\/adapazari\/wp-json\/wp\/v2\/users\/1"}],"replies":[{"embeddable":true,"href":"https:\/\/www.enka.k12.tr\/adapazari\/wp-json\/wp\/v2\/comments?post=22"}],"version-history":[{"count":0,"href":"https:\/\/www.enka.k12.tr\/adapazari\/wp-json\/wp\/v2\/pages\/22\/revisions"}],"up":[{"embeddable":true,"href":"https:\/\/www.enka.k12.tr\/adapazari\/wp-json\/wp\/v2\/pages\/21"}],"wp:featuredmedia":[{"embeddable":true,"href":"https:\/\/www.enka.k12.tr\/adapazari\/wp-json\/wp\/v2\/media\/1125"}],"wp:attachment":[{"href":"https:\/\/www.enka.k12.tr\/adapazari\/wp-json\/wp\/v2\/media?parent=22"}],"curies":[{"name":"wp","href":"https:\/\/api.w.org\/{rel}","templated":true}]}}