{"id":223,"date":"2017-07-03T10:46:14","date_gmt":"2017-07-03T10:46:14","guid":{"rendered":"http:\/\/www.enka.com\/foundation\/schools\/adapazari\/schools\/primary-school\/counseling-services\/"},"modified":"2021-03-23T11:00:54","modified_gmt":"2021-03-23T08:00:54","slug":"rehberlik-hizmetleri","status":"publish","type":"page","link":"https:\/\/www.enka.k12.tr\/adapazari\/okullar\/ilkokul\/rehberlik-hizmetleri\/","title":{"rendered":"REHBERL\u0130K H\u0130ZMETLER\u0130"},"content":{"rendered":"<div class=\"wpb-content-wrapper\"><p>[vc_row][vc_column]<div id=\"ultimate-heading-771569e9fdab23909\" class=\"uvc-heading ult-adjust-bottom-margin ultimate-heading-771569e9fdab23909 uvc-8875 \" data-hspacer=\"line_with_icon\" data-hline_width=\"auto\" data-hicon_type=\"custom\" data-hborder_style=\"solid\" data-hborder_height=\"3\" data-hborder_color=\"#69b3e7\" data-icon_width=\"200\" data-hfixer=\"30\"  data-halign=\"center\" style=\"text-align:center\"><div class=\"uvc-heading-spacer line_with_icon\" style=\"top\"><div class=\"ult-just-icon-wrapper  \"><div class=\"align-icon\" style=\"text-align:center;\">\n<div class=\"aio-icon-img \" style=\"font-size:200px;display:inline-block;\" >\n\t<img decoding=\"async\" class=\"img-icon\" alt=\"null\" src=\"https:\/\/www.enka.k12.tr\/adapazari\/wp-content\/uploads\/2021\/03\/enka_schools_log_newtr.jpg\"\/>\n<\/div><\/div><\/div><\/div><div class=\"uvc-sub-heading ult-responsive\"  data-ultimate-target='.uvc-heading.ultimate-heading-771569e9fdab23909 .uvc-sub-heading '  data-responsive-json-new='{\"font-size\":\"\",\"line-height\":\"\"}'  style=\"font-weight:normal;\"><br \/><\/div><\/div><div class=\"ult-spacer spacer-69e9fdab23970\" data-id=\"69e9fdab23970\" data-height=\"30\" data-height-mobile=\"10\" data-height-tab=\"20\" data-height-tab-portrait=\"\" data-height-mobile-landscape=\"\" style=\"clear:both;display:block;\"><\/div>[\/vc_column][\/vc_row][vc_row gap=&#8221;30&#8243; padding_top=&#8221;40px&#8221; padding_bottom=&#8221;0px&#8221; padding_left=&#8221;10px&#8221; padding_right=&#8221;10px&#8221; bg_type=&#8221;bg_color&#8221; bg_color_value=&#8221;rgba(247,247,247,0.8)&#8221;][vc_column width=&#8221;1\/4&#8243; padding_right=&#8221;10px&#8221;]<div id=\"ultimate-heading-79769e9fdab239fa\" class=\"uvc-heading ult-adjust-bottom-margin ultimate-heading-79769e9fdab239fa uvc-2705 \" data-hspacer=\"line_only\"  data-halign=\"left\" style=\"text-align:left\"><div class=\"uvc-main-heading ult-responsive\"  data-ultimate-target='.uvc-heading.ultimate-heading-79769e9fdab239fa h2'  data-responsive-json-new='{\"font-size\":\"desktop:20px;\",\"line-height\":\"desktop:50px;\"}' ><h2 style=\"font-weight:normal;color:#000000;\">REHBERL\u0130K<\/h2><\/div><div class=\"uvc-sub-heading ult-responsive\"  data-ultimate-target='.uvc-heading.ultimate-heading-79769e9fdab239fa .uvc-sub-heading '  data-responsive-json-new='{\"font-size\":\"desktop:50px;tablet:48px;tablet_portrait:46px;mobile_landscape:44px;mobile:42px;\",\"line-height\":\"desktop:50px;tablet:48px;tablet_portrait:46px;mobile_landscape:44px;mobile:42px;\"}'  style=\"font-weight:bold;color:#000000;\"><span style=\"color: #69b3e7;\">H\u0130ZMETLER\u0130<\/span><\/div><div class=\"uvc-heading-spacer line_only\" style=\"margin-top:10px;height:3px;\"><span class=\"uvc-headings-line\" style=\"border-style:solid;border-bottom-width:3px;border-color:#000000;width:100px;\"><\/span><\/div><\/div>[\/vc_column][\/vc_row][vc_row gap=&#8221;30&#8243; padding_top=&#8221;40px&#8221; padding_bottom=&#8221;0px&#8221; padding_left=&#8221;10px&#8221; padding_right=&#8221;10px&#8221; bg_type=&#8221;bg_color&#8221; bg_color_value=&#8221;rgba(247,247,247,0.8)&#8221;][vc_column width=&#8221;1\/2&#8243;][vc_column_text]B\u00fct\u00fcn insanlara cinsiyeti, \u0131rk\u0131, ya\u015f\u0131, yetene\u011fi, performans\u0131 ya da stat\u00fcleri ne olursa olsun e\u015fsiz birer birey olarak yakla\u015fmaktad\u0131r,<\/p>\n<p>Her insan\u0131n de\u011ferli oldu\u011funa inanmakta ve bu konuda ayr\u0131m yapmaks\u0131z\u0131n b\u00fct\u00fcn \u00f6\u011frencilere ihtiya\u00e7 duyduklar\u0131 deste\u011fi sa\u011flamaktad\u0131r,<\/p>\n<p>Geli\u015fen ve de\u011fi\u015fen toplumun ihtiya\u00e7lar\u0131 do\u011frultusunda hareket etmektedir,<\/p>\n<p>\u00d6\u011frencilerin e\u011fitiminde; veli ve \u00f6\u011fretmen i\u015fbirli\u011fini esas almaktad\u0131r,<\/p>\n<p>Hizmetleri, okuldaki e\u011fitimsel s\u00fcre\u00e7ler b\u00fct\u00fcn\u00fcn\u00fcn, tamamlay\u0131c\u0131 bir par\u00e7as\u0131d\u0131r,[\/vc_column_text]<div class=\"ult-spacer spacer-69e9fdab23a73\" data-id=\"69e9fdab23a73\" data-height=\"30\" data-height-mobile=\"10\" data-height-tab=\"20\" data-height-tab-portrait=\"\" data-height-mobile-landscape=\"\" style=\"clear:both;display:block;\"><\/div>[\/vc_column][vc_column width=&#8221;1\/2&#8243;][vc_single_image image=&#8221;14952&#8243; img_size=&#8221;full&#8221; alignment=&#8221;center&#8221;]<div class=\"ult-spacer spacer-69e9fdab23aa3\" data-id=\"69e9fdab23aa3\" data-height=\"30\" data-height-mobile=\"10\" data-height-tab=\"20\" data-height-tab-portrait=\"\" data-height-mobile-landscape=\"\" style=\"clear:both;display:block;\"><\/div>[\/vc_column][\/vc_row][vc_row gap=&#8221;30&#8243; padding_top=&#8221;0px&#8221; padding_bottom=&#8221;40px&#8221; padding_left=&#8221;10px&#8221; padding_right=&#8221;10px&#8221; bg_type=&#8221;bg_color&#8221; bg_color_value=&#8221;rgba(247,247,247,0.8)&#8221;][vc_column width=&#8221;1\/2&#8243;][vc_column_text]\u00d6\u011frencilerin sahip oldu\u011fu e\u011fitsel ve ki\u015fisel potansiyellerini fark etmelerine destek vererek farkl\u0131 alternatifleri g\u00f6rmelerini sa\u011flamaktad\u0131r,<\/p>\n<p>Farkl\u0131 etkinliklerle ama\u00e7lar\u0131n\u0131n, \u00f6\u011frencilerin geli\u015fimini desteklemek ya da kolayla\u015ft\u0131rmak oldu\u011funa inanmaktad\u0131r,<\/p>\n<p>Benimsedi\u011fi de\u011ferlerin fark\u0131nda olup bunlar\u0131n \u00e7evresindeki insanlar\u0131 etkileyebilece\u011fini bilerek bu de\u011ferleri \u00f6\u011frencilere empoze etmekten ka\u00e7\u0131nmaktad\u0131r,<\/p>\n<p>\u00d6nyarg\u0131s\u0131z ve objektif yakla\u015f\u0131m\u0131 benimsemektedir,<\/p>\n<p>Okuldaki her \u00f6\u011frencinin e\u015fit ve ula\u015f\u0131labilir hizmeti hak etti\u011fine inanmaktad\u0131r. Bunu sa\u011flamak i\u00e7in \u00f6\u011frenci say\u0131s\u0131n\u0131 g\u00f6z \u00f6n\u00fcne alarak yeterli say\u0131da uzman istihdam\u0131na \u00f6nem vermektedir,[\/vc_column_text][\/vc_column][vc_column width=&#8221;1\/2&#8243;][vc_column_text]Dan\u0131\u015fma s\u00fcrecinde gizlilik ve g\u00f6n\u00fcll\u00fck ilkelerini temel almaktad\u0131r,<\/p>\n<p>\u00c7al\u0131\u015fmalar\u0131 g\u00fcven temeli \u00fczerine oturtulmu\u015ftur,<\/p>\n<p>\u00c7al\u0131\u015fmalar\u0131 s\u00fcrece ba\u011fl\u0131d\u0131r,<\/p>\n<p>Geli\u015fimsel programlar\u0131n\u0131n ama\u00e7lar\u0131; okulun felsefesi ve misyonu, rehberlik b\u00f6l\u00fcm\u00fcn\u00fcn felsefesi ve \u00f6\u011frencilerin ihtiya\u00e7lar\u0131 \u00fczerine olu\u015fturulmaktad\u0131r,<\/p>\n<p>Yapt\u0131\u011f\u0131 \u00e7al\u0131\u015fmalar\u0131n \u00f6l\u00e7\u00fclebilir olmas\u0131na \u00f6nem vermekte ve kayda ge\u00e7mektedir,<\/p>\n<p>\u00c7al\u0131\u015fmalar\u0131n\u0131 planl\u0131, programl\u0131, \u00f6rg\u00fctlenmi\u015f bir bi\u00e7imde ve profesyonel bir d\u00fczeyde y\u00fcr\u00fctmektedir.[\/vc_column_text][\/vc_column][\/vc_row]<\/p>\n<\/div>","protected":false},"excerpt":{"rendered":"<p>[vc_row][vc_column][\/vc_column][\/vc_row][vc_row gap=&#8221;30&#8243; padding_top=&#8221;40px&#8221; padding_bottom=&#8221;0px&#8221; padding_left=&#8221;10px&#8221; padding_right=&#8221;10px&#8221; bg_type=&#8221;bg_color&#8221; bg_color_value=&#8221;rgba(247,247,247,0.8)&#8221;][vc_column width=&#8221;1\/4&#8243; padding_right=&#8221;10px&#8221;][\/vc_column][\/vc_row][vc_row gap=&#8221;30&#8243; padding_top=&#8221;40px&#8221; padding_bottom=&#8221;0px&#8221; padding_left=&#8221;10px&#8221; padding_right=&#8221;10px&#8221; bg_type=&#8221;bg_color&#8221; bg_color_value=&#8221;rgba(247,247,247,0.8)&#8221;][vc_column width=&#8221;1\/2&#8243;][vc_column_text]B\u00fct\u00fcn insanlara cinsiyeti, \u0131rk\u0131, ya\u015f\u0131, yetene\u011fi, performans\u0131 ya da stat\u00fcleri ne olursa olsun e\u015fsiz birer birey olarak yakla\u015fmaktad\u0131r, Her insan\u0131n de\u011ferli oldu\u011funa inanmakta ve bu konuda ayr\u0131m yapmaks\u0131z\u0131n b\u00fct\u00fcn \u00f6\u011frencilere ihtiya\u00e7 duyduklar\u0131 deste\u011fi sa\u011flamaktad\u0131r, Geli\u015fen ve de\u011fi\u015fen toplumun ihtiya\u00e7lar\u0131 do\u011frultusunda hareket etmektedir, \u00d6\u011frencilerin e\u011fitiminde; veli ve \u00f6\u011fretmen i\u015fbirli\u011fini&#8230;<\/p>\n","protected":false},"author":2,"featured_media":15211,"parent":203,"menu_order":0,"comment_status":"closed","ping_status":"closed","template":"","meta":{"_acf_changed":false,"om_disable_all_campaigns":false,"inline_featured_image":false,"_monsterinsights_skip_tracking":false,"_monsterinsights_sitenote_active":false,"_monsterinsights_sitenote_note":"","_monsterinsights_sitenote_category":0,"footnotes":""},"class_list":["post-223","page","type-page","status-publish","has-post-thumbnail","hentry","custom-post-type-entry"],"aioseo_notices":[],"acf":[],"_links":{"self":[{"href":"https:\/\/www.enka.k12.tr\/adapazari\/wp-json\/wp\/v2\/pages\/223","targetHints":{"allow":["GET"]}}],"collection":[{"href":"https:\/\/www.enka.k12.tr\/adapazari\/wp-json\/wp\/v2\/pages"}],"about":[{"href":"https:\/\/www.enka.k12.tr\/adapazari\/wp-json\/wp\/v2\/types\/page"}],"author":[{"embeddable":true,"href":"https:\/\/www.enka.k12.tr\/adapazari\/wp-json\/wp\/v2\/users\/2"}],"replies":[{"embeddable":true,"href":"https:\/\/www.enka.k12.tr\/adapazari\/wp-json\/wp\/v2\/comments?post=223"}],"version-history":[{"count":0,"href":"https:\/\/www.enka.k12.tr\/adapazari\/wp-json\/wp\/v2\/pages\/223\/revisions"}],"up":[{"embeddable":true,"href":"https:\/\/www.enka.k12.tr\/adapazari\/wp-json\/wp\/v2\/pages\/203"}],"wp:featuredmedia":[{"embeddable":true,"href":"https:\/\/www.enka.k12.tr\/adapazari\/wp-json\/wp\/v2\/media\/15211"}],"wp:attachment":[{"href":"https:\/\/www.enka.k12.tr\/adapazari\/wp-json\/wp\/v2\/media?parent=223"}],"curies":[{"name":"wp","href":"https:\/\/api.w.org\/{rel}","templated":true}]}}