{"id":22938,"date":"2021-01-13T15:28:49","date_gmt":"2021-01-13T12:28:49","guid":{"rendered":"https:\/\/www.enka.k12.tr\/adapazari\/?page_id=22938"},"modified":"2021-03-23T12:02:21","modified_gmt":"2021-03-23T09:02:21","slug":"surdurulebilirlik","status":"publish","type":"page","link":"https:\/\/www.enka.k12.tr\/adapazari\/okullar\/lise\/surdurulebilirlik\/","title":{"rendered":"S\u00dcRD\u00dcR\u00dcLEB\u0130L\u0130RL\u0130K"},"content":{"rendered":"<div class=\"wpb-content-wrapper\"><p>[vc_row][vc_column]<div id=\"ultimate-heading-166669e6d228e63b9\" class=\"uvc-heading ult-adjust-bottom-margin ultimate-heading-166669e6d228e63b9 uvc-9025 \" data-hspacer=\"line_with_icon\" data-hline_width=\"auto\" data-hicon_type=\"custom\" data-hborder_style=\"solid\" data-hborder_height=\"3\" data-hborder_color=\"#69b3e7\" data-icon_width=\"200\" data-hfixer=\"30\"  data-halign=\"center\" style=\"text-align:center\"><div class=\"uvc-heading-spacer line_with_icon\" style=\"top\"><div class=\"ult-just-icon-wrapper  \"><div class=\"align-icon\" style=\"text-align:center;\">\n<div class=\"aio-icon-img \" style=\"font-size:200px;display:inline-block;\" >\n\t<img decoding=\"async\" class=\"img-icon\" alt=\"null\" src=\"https:\/\/www.enka.k12.tr\/adapazari\/wp-content\/uploads\/2021\/03\/enka_schools_log_newtr.jpg\"\/>\n<\/div><\/div><\/div><\/div><div class=\"uvc-sub-heading ult-responsive\"  data-ultimate-target='.uvc-heading.ultimate-heading-166669e6d228e63b9 .uvc-sub-heading '  data-responsive-json-new='{\"font-size\":\"\",\"line-height\":\"\"}'  style=\"font-weight:normal;\"><br \/><\/div><\/div><div class=\"ult-spacer spacer-69e6d228e6425\" data-id=\"69e6d228e6425\" data-height=\"30\" data-height-mobile=\"10\" data-height-tab=\"20\" data-height-tab-portrait=\"\" data-height-mobile-landscape=\"\" style=\"clear:both;display:block;\"><\/div>[\/vc_column][\/vc_row][vc_row gap=&#8221;30&#8243; padding_top=&#8221;40px&#8221; padding_bottom=&#8221;0px&#8221; padding_left=&#8221;10px&#8221; padding_right=&#8221;10px&#8221; bg_type=&#8221;bg_color&#8221; bg_color_value=&#8221;rgba(247,247,247,0.8)&#8221;][vc_column padding_right=&#8221;10px&#8221;]<div id=\"ultimate-heading-498969e6d228e6483\" class=\"uvc-heading ult-adjust-bottom-margin ultimate-heading-498969e6d228e6483 uvc-1599 \" data-hspacer=\"line_only\"  data-halign=\"left\" style=\"text-align:left\"><div class=\"uvc-main-heading ult-responsive\"  data-ultimate-target='.uvc-heading.ultimate-heading-498969e6d228e6483 h2'  data-responsive-json-new='{\"font-size\":\"desktop:20px;tablet:18px;tablet_portrait:17px;mobile_landscape:16px;mobile:15px;\",\"line-height\":\"desktop:50px;tablet:48px;tablet_portrait:46px;mobile_landscape:44px;mobile:42px;\"}' ><h2 style=\"font-weight:normal;color:#000000;\">S\u00dcRD\u00dcR\u00dcLEB\u0130L\u0130RL\u0130K<\/h2><\/div><div class=\"uvc-heading-spacer line_only\" style=\"margin-top:10px;height:3px;\"><span class=\"uvc-headings-line\" style=\"border-style:solid;border-bottom-width:3px;border-color:#000000;width:100px;\"><\/span><\/div><\/div><div class=\"ult-spacer spacer-69e6d228e64f5\" data-id=\"69e6d228e64f5\" data-height=\"30\" data-height-mobile=\"10\" data-height-tab=\"20\" data-height-tab-portrait=\"\" data-height-mobile-landscape=\"\" style=\"clear:both;display:block;\"><\/div>[vc_column_text]Alternatif ya\u015fam alanlar\u0131n\u0131n arand\u0131\u011f\u0131 g\u00fcn\u00fcm\u00fczde, d\u00fcnyam\u0131z i\u00e7in hala yap\u0131lacak bir\u00e7ok \u015feyin oldu\u011funa inan\u0131yoruz. Gerek ya\u015fad\u0131\u011f\u0131m\u0131z b\u00f6lgede y\u00fcr\u00fctt\u00fc\u011f\u00fcm\u00fcz \u00e7al\u0131\u015fmalarla gerekse \u201cS\u00fcrd\u00fcr\u00fclebilir Kamp\u00fcs\u201d hedeflerimizle yerel ve k\u00fcresel d\u00fczeyde projeler y\u00fcr\u00fctmekteyiz. Biliyoruz ki milyonlarca insan\u0131 etkileyen ve \u00fclkelere rehberlik eden fikirler; bizim gibi \u00e7evresine duyarl\u0131, fark\u0131ndal\u0131\u011f\u0131 y\u00fcksek, kar\u015f\u0131la\u015ft\u0131\u011f\u0131 problemlerle m\u00fccadele eden nesiller yeti\u015ftirmeyi hedefleyen e\u011fitim kurumlar\u0131yla \u00fcretilir, geli\u015fir ve yayg\u0131nla\u015f\u0131r.<\/p>\n<p>\u00c7ok farkl\u0131 co\u011frafyalarda ve sekt\u00f6rlerde faaliyet g\u00f6steren ENKA \u015eirketler Grubunun okul payda\u015f\u0131 olarak bizler de;<\/p>\n<p>-\u0130\u015fi iyi ve do\u011fru yapmak,<\/p>\n<p>-\u00c7al\u0131\u015fana de\u011fer vermek,<\/p>\n<p>-Toplumu kalk\u0131nd\u0131rmak,<\/p>\n<p>-\u00c7evresel etkiyi azaltmak,<\/p>\n<p>olan ENKA S\u00fcrd\u00fcr\u00fclebilirlik Stratejisi 4 temel aya\u011f\u0131n\u0131 yapt\u0131\u011f\u0131m\u0131z \u00e7al\u0131\u015fmalarla desteklemekteyiz. Bu ba\u011flamda, \u00f6\u011frencilerimizin derslerinde, kul\u00fcp \u00e7al\u0131\u015fmalar\u0131nda ya da okul sonras\u0131 etkinliklerinde y\u00fcr\u00fctebilecekleri s\u00fcrd\u00fcr\u00fclebilirlik \u00e7al\u0131\u015fmalar\u0131 i\u00e7in platformlar olu\u015fturmaktay\u0131z. Yap\u0131lan \u00e7al\u0131\u015fmalar\u0131n \u00f6ne \u00e7\u0131kan \u00f6rnekleri a\u015fa\u011f\u0131daki gibidir:<\/p>\n<ul style=\"list-style-type: disc;\">\n<li>Geleneksel S\u00fcrd\u00fcr\u00fclebilirlik Bulu\u015fmas\u0131: \u00dc\u00e7 ENKA Okulunun g\u00f6n\u00fcll\u00fc \u00f6\u011frencilerinden olu\u015fan komiteler, uzman ki\u015filerin moderat\u00f6rl\u00fc\u011f\u00fcnde d\u00fcnyay\u0131 tehdit eden sorunlara \u00e7\u00f6z\u00fcm \u00f6nerileri sunduklar\u0131 bulu\u015fma ENKA okullar\u0131 taraf\u0131ndan her y\u0131l d\u00fczenlenmektedir.<\/li>\n<li>T\u00fcrk Dili ve Edebiyat\u0131 B\u00f6l\u00fcm\u00fc taraf\u0131ndan \u00e7\u0131kar\u0131lan okul dergisi ve gazetesinin geri d\u00f6n\u00fc\u015f\u00fcm malzemelerinden \u00e7\u0131kart\u0131lmaktad\u0131r.<\/li>\n<li>Kul\u00fcp Toplum Hizmeti \u00e7al\u0131\u015fmalar\u0131 ve ders etkinliklerinde, yap\u0131lan at\u00f6lyelerde s\u00fcrd\u00fcr\u00fclebilirlik hedeflerine hizmet eden \u00e7al\u0131\u015fmalar yap\u0131lmaktad\u0131r.<\/li>\n<li>Elektronik ve ka\u011f\u0131t at\u0131klar\u0131n toplanmas\u0131 ile ilgili d\u00fczenli aral\u0131klarla projeler ger\u00e7ekle\u015ftirilmektedir.<\/li>\n<li>Sivil Toplum Kurulu\u015flar\u0131 aktivitelerine y\u00f6netici\/\u00f6\u011fretmen ve \u00f6\u011frenci toplulu\u011fu olarak kat\u0131larak destek olmak i\u00e7in kampanyalar s\u00fcrd\u00fcr\u00fclmektedir.<\/li>\n<li>Model Birle\u015fmi\u015f Milletler (ADENMUN) kul\u00fcb\u00fcm\u00fcz, Sakarya\u2019da her y\u0131l sadece Adapazar\u0131 ENKA Lisesi taraf\u0131ndan ger\u00e7ekle\u015ftirilen Model Birle\u015fmi\u015f Milletler konferans\u0131 k\u00fcresel sorunlara \u00e7\u00f6z\u00fcm \u00f6nerileri sunan komiteleriyle kentimizde \u015fehir d\u0131\u015f\u0131ndaki konferanslara gidemeyen \u00f6\u011frenci kitlesine bu atmosferi tecr\u00fcbe etme f\u0131rsat\u0131 sunmaktad\u0131r.<\/li>\n<li>Sera bak\u0131m\u0131n\u0131n \u00f6\u011frenciler taraf\u0131ndan d\u00fczenli olarak yap\u0131lmas\u0131 sa\u011flanarak organik \u00fcr\u00fcnler yeti\u015ftirilmektedir.<\/li>\n<li>Biyoloji ve co\u011frafya \u00f6\u011fretmenlerimiz \u00fclkenin se\u00e7kin akademisyenlerinin kat\u0131ld\u0131\u011f\u0131, ekosistemin korunmas\u0131 ve biyo\u00e7e\u015fitlili\u011fin \u00f6nemi \u00fczerine \u00e7al\u0131\u015fmalar\u0131n yap\u0131ld\u0131\u011f\u0131 Ekoloji Kamp\u0131\u2019n\u0131 d\u00fczenlemi\u015ftir.<\/li>\n<li>\u00d6\u011frencilerimizin kompost g\u00fcbre ve solucan g\u00fcbresi \u00fcretimini desteklenmi\u015ftir.<\/li>\n<li>S\u00fcrd\u00fcr\u00fclebilir Ya\u015fam Film Festivali\u2019nden se\u00e7ilen film g\u00f6sterimleri yap\u0131lm\u0131\u015ft\u0131r.<\/li>\n<li>Okulumuz ve AIESEC Sakarya (T\u00fcrkiye \u0130ktisadi, Ticari \u0130limler Talebeleri Staj Komitesi Derne\u011fi) 4 haftal\u0131k \u201cK\u00fcresel Hedefler\u201d odakl\u0131 \u201cD\u00fcnyam ile Tan\u0131\u015f\u201d proje s\u00fcreci 19 \u015eubat-16 Mart 2018 tarihleri aras\u0131nda ger\u00e7ekle\u015ftirmi\u015ftir. Bu s\u00fcre\u00e7te 6 farkl\u0131 \u00fclkeden gelen ziyaret\u00e7ilerimize S\u00fcrd\u00fcr\u00fclebilir Geli\u015fim Hedefleri do\u011frultusunda t\u00fcm s\u0131n\u0131f d\u00fczeylerinde interaktif sunumlar yap\u0131lm\u0131\u015ft\u0131r.<\/li>\n<li>Fen B\u00f6l\u00fcm\u00fc \u00e7al\u0131\u015fmalar\u0131 kapsam\u0131nda \u00f6\u011frencilerle mikroplastiklerin bal\u0131klara etkisi konusunda T\u00dcB\u0130TAK projesi haz\u0131rlayarak kimya alan\u0131nda finale kalm\u0131\u015ft\u0131r.<\/li>\n<li>D\u0131\u015f cephe boyalar\u0131n\u0131n s\u0131cakl\u0131\u011fa ba\u011fl\u0131 renk de\u011fi\u015ftirmesi sa\u011flanarak 30 derece ve \u00fczeri s\u0131cakl\u0131klarda enerji tasarrufunda kullan\u0131lmas\u0131 ile ilgili proje ile T\u00dcB\u0130TAK proje yar\u0131\u015fmas\u0131nda T\u00fcrkiye dereceleri al\u0131nm\u0131\u015ft\u0131r.<\/li>\n<li>Mikroplastiklerin \u00e7evreye verdi\u011fi zararlarla ilgili \u0130T\u00dc Bilim Merkezinde sergi \u00e7al\u0131\u015fmas\u0131 yap\u0131lm\u0131\u015ft\u0131r.<\/li>\n<\/ul>\n<p>\u00d6\u011frencilerimizi s\u00fcrd\u00fcr\u00fclebilir okul anlay\u0131\u015f\u0131yla hem akademik hem de sosyal sorumluluk bilincine sahip bireyler olarak yeti\u015ftirmeyi ama\u00e7layarak yapt\u0131\u011f\u0131m\u0131z projelere yenilerini eklemeye devam edece\u011fiz.[\/vc_column_text]<div class=\"ult-spacer spacer-69e6d228e6523\" data-id=\"69e6d228e6523\" data-height=\"30\" data-height-mobile=\"10\" data-height-tab=\"20\" data-height-tab-portrait=\"\" data-height-mobile-landscape=\"\" style=\"clear:both;display:block;\"><\/div>[\/vc_column][\/vc_row]<\/p>\n<\/div>","protected":false},"excerpt":{"rendered":"<p>[vc_row][vc_column][\/vc_column][\/vc_row][vc_row gap=&#8221;30&#8243; padding_top=&#8221;40px&#8221; padding_bottom=&#8221;0px&#8221; padding_left=&#8221;10px&#8221; padding_right=&#8221;10px&#8221; bg_type=&#8221;bg_color&#8221; bg_color_value=&#8221;rgba(247,247,247,0.8)&#8221;][vc_column padding_right=&#8221;10px&#8221;][vc_column_text]Alternatif ya\u015fam alanlar\u0131n\u0131n arand\u0131\u011f\u0131 g\u00fcn\u00fcm\u00fczde, d\u00fcnyam\u0131z i\u00e7in hala yap\u0131lacak bir\u00e7ok \u015feyin oldu\u011funa inan\u0131yoruz. Gerek ya\u015fad\u0131\u011f\u0131m\u0131z b\u00f6lgede y\u00fcr\u00fctt\u00fc\u011f\u00fcm\u00fcz \u00e7al\u0131\u015fmalarla gerekse \u201cS\u00fcrd\u00fcr\u00fclebilir Kamp\u00fcs\u201d hedeflerimizle yerel ve k\u00fcresel d\u00fczeyde projeler y\u00fcr\u00fctmekteyiz. Biliyoruz ki milyonlarca insan\u0131 etkileyen ve \u00fclkelere rehberlik eden fikirler; bizim gibi \u00e7evresine duyarl\u0131, fark\u0131ndal\u0131\u011f\u0131 y\u00fcksek, kar\u015f\u0131la\u015ft\u0131\u011f\u0131 problemlerle m\u00fccadele eden nesiller yeti\u015ftirmeyi hedefleyen e\u011fitim kurumlar\u0131yla \u00fcretilir, geli\u015fir ve yayg\u0131nla\u015f\u0131r&#8230;.<\/p>\n","protected":false},"author":1,"featured_media":22937,"parent":310,"menu_order":0,"comment_status":"closed","ping_status":"closed","template":"","meta":{"_acf_changed":false,"om_disable_all_campaigns":false,"inline_featured_image":false,"_monsterinsights_skip_tracking":false,"_monsterinsights_sitenote_active":false,"_monsterinsights_sitenote_note":"","_monsterinsights_sitenote_category":0,"footnotes":""},"class_list":["post-22938","page","type-page","status-publish","has-post-thumbnail","hentry","custom-post-type-entry"],"aioseo_notices":[],"acf":[],"_links":{"self":[{"href":"https:\/\/www.enka.k12.tr\/adapazari\/wp-json\/wp\/v2\/pages\/22938","targetHints":{"allow":["GET"]}}],"collection":[{"href":"https:\/\/www.enka.k12.tr\/adapazari\/wp-json\/wp\/v2\/pages"}],"about":[{"href":"https:\/\/www.enka.k12.tr\/adapazari\/wp-json\/wp\/v2\/types\/page"}],"author":[{"embeddable":true,"href":"https:\/\/www.enka.k12.tr\/adapazari\/wp-json\/wp\/v2\/users\/1"}],"replies":[{"embeddable":true,"href":"https:\/\/www.enka.k12.tr\/adapazari\/wp-json\/wp\/v2\/comments?post=22938"}],"version-history":[{"count":0,"href":"https:\/\/www.enka.k12.tr\/adapazari\/wp-json\/wp\/v2\/pages\/22938\/revisions"}],"up":[{"embeddable":true,"href":"https:\/\/www.enka.k12.tr\/adapazari\/wp-json\/wp\/v2\/pages\/310"}],"wp:featuredmedia":[{"embeddable":true,"href":"https:\/\/www.enka.k12.tr\/adapazari\/wp-json\/wp\/v2\/media\/22937"}],"wp:attachment":[{"href":"https:\/\/www.enka.k12.tr\/adapazari\/wp-json\/wp\/v2\/media?parent=22938"}],"curies":[{"name":"wp","href":"https:\/\/api.w.org\/{rel}","templated":true}]}}