{"id":22963,"date":"2021-01-14T12:57:47","date_gmt":"2021-01-14T09:57:47","guid":{"rendered":"https:\/\/www.enka.k12.tr\/adapazari\/?page_id=22963"},"modified":"2021-03-23T11:57:08","modified_gmt":"2021-03-23T08:57:08","slug":"universite_hazirlik","status":"publish","type":"page","link":"https:\/\/www.enka.k12.tr\/adapazari\/okullar\/lise\/universite_hazirlik\/","title":{"rendered":"\u00dcN\u0130VERS\u0130TE HAZIRLIK PROGRAMI"},"content":{"rendered":"<div class=\"wpb-content-wrapper\"><p>[vc_row][vc_column]<div id=\"ultimate-heading-94969de8f7bdbc63\" class=\"uvc-heading ult-adjust-bottom-margin ultimate-heading-94969de8f7bdbc63 uvc-8224 \" data-hspacer=\"line_with_icon\" data-hline_width=\"auto\" data-hicon_type=\"custom\" data-hborder_style=\"solid\" data-hborder_height=\"3\" data-hborder_color=\"#69b3e7\" data-icon_width=\"200\" data-hfixer=\"30\"  data-halign=\"center\" style=\"text-align:center\"><div class=\"uvc-heading-spacer line_with_icon\" style=\"top\"><div class=\"ult-just-icon-wrapper  \"><div class=\"align-icon\" style=\"text-align:center;\">\n<div class=\"aio-icon-img \" style=\"font-size:200px;display:inline-block;\" >\n\t<img decoding=\"async\" class=\"img-icon\" alt=\"null\" src=\"https:\/\/www.enka.k12.tr\/adapazari\/wp-content\/uploads\/2021\/03\/enka_schools_log_newtr.jpg\"\/>\n<\/div><\/div><\/div><\/div><div class=\"uvc-sub-heading ult-responsive\"  data-ultimate-target='.uvc-heading.ultimate-heading-94969de8f7bdbc63 .uvc-sub-heading '  data-responsive-json-new='{\"font-size\":\"\",\"line-height\":\"\"}'  style=\"font-weight:normal;\"><br \/><\/div><\/div><div class=\"ult-spacer spacer-69de8f7bdbcc4\" data-id=\"69de8f7bdbcc4\" data-height=\"30\" data-height-mobile=\"10\" data-height-tab=\"20\" data-height-tab-portrait=\"\" data-height-mobile-landscape=\"\" style=\"clear:both;display:block;\"><\/div>[\/vc_column][\/vc_row][vc_row gap=&#8221;30&#8243; padding_top=&#8221;40px&#8221; padding_bottom=&#8221;0px&#8221; padding_left=&#8221;10px&#8221; padding_right=&#8221;10px&#8221; bg_type=&#8221;bg_color&#8221; bg_color_value=&#8221;rgba(247,247,247,0.8)&#8221;][vc_column padding_right=&#8221;10px&#8221;]<div id=\"ultimate-heading-691369de8f7bdbd1c\" class=\"uvc-heading ult-adjust-bottom-margin ultimate-heading-691369de8f7bdbd1c uvc-3746 \" data-hspacer=\"line_only\"  data-halign=\"left\" style=\"text-align:left\"><div class=\"uvc-main-heading ult-responsive\"  data-ultimate-target='.uvc-heading.ultimate-heading-691369de8f7bdbd1c h2'  data-responsive-json-new='{\"font-size\":\"desktop:20px;tablet:18px;tablet_portrait:17px;mobile_landscape:16px;mobile:15px;\",\"line-height\":\"desktop:50px;tablet:48px;tablet_portrait:46px;mobile_landscape:44px;mobile:42px;\"}' ><h2 style=\"font-weight:normal;color:#000000;\">\u00dcN\u0130VERS\u0130TE HAZIRLIK<\/h2><\/div><div class=\"uvc-sub-heading ult-responsive\"  data-ultimate-target='.uvc-heading.ultimate-heading-691369de8f7bdbd1c .uvc-sub-heading '  data-responsive-json-new='{\"font-size\":\"desktop:50px;tablet:48px;tablet_portrait:46px;mobile_landscape:44px;mobile:42px;\",\"line-height\":\"desktop:50px;tablet:48px;tablet_portrait:46px;mobile_landscape:44px;mobile:42px;\"}'  style=\"font-weight:bold;color:#000000;\"><span style=\"color: #69b3e7;\">PROGRAMI<\/span><\/div><div class=\"uvc-heading-spacer line_only\" style=\"margin-top:10px;height:3px;\"><span class=\"uvc-headings-line\" style=\"border-style:solid;border-bottom-width:3px;border-color:#000000;width:100px;\"><\/span><\/div><\/div><div class=\"ult-spacer spacer-69de8f7bdbd85\" data-id=\"69de8f7bdbd85\" data-height=\"30\" data-height-mobile=\"10\" data-height-tab=\"20\" data-height-tab-portrait=\"\" data-height-mobile-landscape=\"\" style=\"clear:both;display:block;\"><\/div>[vc_column_text]<\/p>\n<p style=\"text-align: justify;\">Adapazar\u0131 ENKA Okullar\u0131 olarak YKS \u00e7al\u0131\u015fmalar\u0131ndaki ana hedefimiz \u00f6\u011frencilerimiz i\u00e7in \u201cen uygun\u201d yerde e\u011fitimlerine devam etmelerine destek olmakt\u0131r.<\/p>\n<p style=\"text-align: justify;\">Bu nedenle lise e\u011fitimleri boyunca \u00f6\u011frencilerin her s\u0131n\u0131f seviyesinde ilgi ve yeteneklerini ke\u015ffetmelerine f\u0131rsatlar yaratmak ve kendilerine uygun en iyi y\u00fcksek \u00f6\u011fretim programlar\u0131na yerle\u015fmelerini sa\u011flamak i\u00e7in \u00e7al\u0131\u015fmalar y\u00fcr\u00fct\u00fcl\u00fcr.<\/p>\n<p style=\"text-align: justify;\">T\u00fcrkiye\u2019de \u00fcniversite e\u011fitimi almak isteyen \u00f6\u011frencilerimize \u00fcniversite s\u0131navlar\u0131na haz\u0131rl\u0131k amac\u0131yla okul akademik program\u0131n\u0131n i\u00e7inde sunulan YKS kurs program\u0131 d\u00fczenlenir. Program, 11 ve 12. s\u0131n\u0131f \u00f6\u011frencilerine y\u00f6nelik olarak planlan\u0131r ve alan\u0131nda deneyimli \u00f6\u011fretmenlerce y\u00fcr\u00fct\u00fcl\u00fcr.<\/p>\n<p style=\"text-align: justify;\">YKS \u00e7al\u0131\u015fmalar\u0131 11. s\u0131n\u0131fta hafta i\u00e7i 6 saatlik bir program ile ba\u015flar, 12. s\u0131n\u0131fta haziran ve a\u011fustos aylar\u0131nda h\u0131zland\u0131r\u0131lm\u0131\u015f program ard\u0131ndan y\u0131l i\u00e7inde hafta i\u00e7i ve hafta sonu cumartesi g\u00fcn\u00fc devam eder. Yar\u0131y\u0131l ve ara tatillerde de devam eden programda \u00f6\u011frenciler \u015fubat ay\u0131na kadar ayda 1 kez, \u015fubat ay\u0131ndan sonra ayda en az 2 kez TYT ve AYT s\u0131nav\u0131na kat\u0131l\u0131r. S\u0131nava yakla\u015f\u0131ld\u0131\u011f\u0131nda her g\u00fcn deneme s\u0131nav\u0131na al\u0131nan \u00f6\u011frencilerin ayr\u0131ca T\u00fcrkiye geneli deneme s\u0131navlar\u0131na kat\u0131lmalar\u0131 da sa\u011flanarak ba\u015far\u0131lar\u0131n\u0131 de\u011ferlendirme imk\u00e2nlar\u0131 olur.<\/p>\n<p style=\"text-align: justify;\">Haziran ay\u0131ndan itibaren \u00f6\u011frencilerde s\u0131nav fark\u0131ndal\u0131\u011f\u0131 olu\u015fturmak ve motivasyon kazand\u0131rmak amac\u0131yla \u201cYaz Tatili Yo\u011funla\u015ft\u0131r\u0131lm\u0131\u015f Ders Program\u0131\u201d belirlenmi\u015f bir plan do\u011frultusunda yap\u0131l\u0131r. Konu anlat\u0131m\u0131 ve test \u00e7\u00f6z\u00fcm\u00fcyle ge\u00e7en bu s\u00fcre\u00e7te \u00f6\u011frencilere kurs sonunda ilk TYT deneme s\u0131nav\u0131 yap\u0131l\u0131r.<\/p>\n<p style=\"text-align: justify;\">Ayr\u0131ca YDS\u2019ye haz\u0131rlanan \u00f6\u011frenciler i\u00e7in Yabanc\u0131 Diller B\u00f6l\u00fcm\u00fc \u00f6\u011fretmenleri ile ekstra program yap\u0131l\u0131r ve \u00e7al\u0131\u015fmalar\u0131 y\u0131l boyunca devam eder.<\/p>\n<p style=\"text-align: justify;\">\u00d6\u011frenciye konuyu kavramas\u0131 ve pratik yapmas\u0131 amac\u0131yla yaprak test ve soru bankas\u0131 verilir.<\/p>\n<p style=\"text-align: justify;\">Her y\u0131l \u00f6\u011frencilerimize ortalama toplam 1600 saatlik YKS program\u0131 haz\u0131rlan\u0131r.<\/p>\n<p style=\"text-align: justify;\">Kazan\u0131lan bilgiyi \u00f6l\u00e7mek, \u00f6\u011frencilerimizi y\u00f6nlendirmek ve ba\u015far\u0131lar\u0131n\u0131 takip edebilmek i\u00e7in yap\u0131lan deneme s\u0131navlar\u0131 Rehberlik Servisi taraf\u0131ndan karne, grafiksel analiz ve \u00e7e\u015fitli raporlarla \u00f6\u011frenciye sunulur. Velilerle sonu\u00e7lar SMS ile payla\u015f\u0131l\u0131r.<\/p>\n<p style=\"text-align: justify;\">Rehber \u00f6\u011fretmenlerimiz, \u00f6\u011frencilerimizin yeteneklerini ke\u015ffetmelerine, \u00f6\u011frenme ve kendini geli\u015ftirme isteklerini art\u0131rmaya ve kariyer planlamalar\u0131n\u0131 do\u011fru yapabilmelerine destek olur.<\/p>\n<p style=\"text-align: justify;\">Mesle\u011finde uzman ki\u015filerin ve mezunlar\u0131m\u0131z\u0131n kat\u0131l\u0131m\u0131 ile meslek tan\u0131t\u0131m etkinlikleri d\u00fczenlerler. S\u0131nav kavram\u0131n\u0131n \u00f6\u011frencilerimiz \u00fczerinde yaratabilece\u011fi endi\u015felerin, \u00f6\u011frenmeleri ve s\u0131nav performanslar\u0131 \u00fczerindeki etkisini en aza indirecek \u00e7al\u0131\u015fmalar y\u00fcr\u00fct\u00fcrler. \u00d6\u011frencilerimizin s\u0131nav sonras\u0131nda ilgi ve yeteneklerine g\u00f6re en iyi okul ve b\u00f6l\u00fcme yerle\u015fmelerine yard\u0131mc\u0131 olurlar.<\/p>\n<p style=\"text-align: justify;\"><strong><em>Yurt D\u0131\u015f\u0131 E\u011fitim Dan\u0131\u015fmanl\u0131\u011f\u0131<\/em><\/strong><\/p>\n<p style=\"text-align: justify;\">Ayr\u0131ca yurtd\u0131\u015f\u0131nda e\u011fitim\u2013\u00f6\u011fretimine devam etmek isteyen \u00f6\u011frencilerimize \u00fcniversite ara\u015ft\u0131rmalar\u0131, ba\u015fvurusu ve girmeleri gereken s\u0131navlar\u0131 konusunda da destek olunur. \u00d6\u011frencilerimizin TOEFL, SAT ve IELTS gibi uluslararas\u0131 s\u0131navlara haz\u0131rlanabilmeleri i\u00e7in d\u00fczenlenen \u00e7al\u0131\u015fmalar Matematik B\u00f6l\u00fcm\u00fc \u00f6\u011fretmenleri ve Yabanc\u0131 Diller B\u00f6l\u00fcm\u00fc native \u00f6\u011fretmenleri ile y\u0131l boyunca devam eder.<\/p>\n<p>[\/vc_column_text]<div class=\"ult-spacer spacer-69de8f7bdbdb1\" data-id=\"69de8f7bdbdb1\" data-height=\"30\" data-height-mobile=\"10\" data-height-tab=\"20\" data-height-tab-portrait=\"\" data-height-mobile-landscape=\"\" style=\"clear:both;display:block;\"><\/div>[\/vc_column][\/vc_row]<\/p>\n<\/div>","protected":false},"excerpt":{"rendered":"<p>[vc_row][vc_column][\/vc_column][\/vc_row][vc_row gap=&#8221;30&#8243; padding_top=&#8221;40px&#8221; padding_bottom=&#8221;0px&#8221; padding_left=&#8221;10px&#8221; padding_right=&#8221;10px&#8221; bg_type=&#8221;bg_color&#8221; bg_color_value=&#8221;rgba(247,247,247,0.8)&#8221;][vc_column padding_right=&#8221;10px&#8221;][vc_column_text] Adapazar\u0131 ENKA Okullar\u0131 olarak YKS \u00e7al\u0131\u015fmalar\u0131ndaki ana hedefimiz \u00f6\u011frencilerimiz i\u00e7in \u201cen uygun\u201d yerde e\u011fitimlerine devam etmelerine destek olmakt\u0131r. Bu nedenle lise e\u011fitimleri boyunca \u00f6\u011frencilerin her s\u0131n\u0131f seviyesinde ilgi ve yeteneklerini ke\u015ffetmelerine f\u0131rsatlar yaratmak ve kendilerine uygun en iyi y\u00fcksek \u00f6\u011fretim programlar\u0131na yerle\u015fmelerini sa\u011flamak i\u00e7in \u00e7al\u0131\u015fmalar y\u00fcr\u00fct\u00fcl\u00fcr. T\u00fcrkiye\u2019de \u00fcniversite e\u011fitimi almak isteyen \u00f6\u011frencilerimize \u00fcniversite s\u0131navlar\u0131na haz\u0131rl\u0131k amac\u0131yla&#8230;<\/p>\n","protected":false},"author":1,"featured_media":22956,"parent":310,"menu_order":0,"comment_status":"closed","ping_status":"closed","template":"","meta":{"_acf_changed":false,"om_disable_all_campaigns":false,"inline_featured_image":false,"_monsterinsights_skip_tracking":false,"_monsterinsights_sitenote_active":false,"_monsterinsights_sitenote_note":"","_monsterinsights_sitenote_category":0,"footnotes":""},"class_list":["post-22963","page","type-page","status-publish","has-post-thumbnail","hentry","custom-post-type-entry"],"aioseo_notices":[],"acf":[],"_links":{"self":[{"href":"https:\/\/www.enka.k12.tr\/adapazari\/wp-json\/wp\/v2\/pages\/22963","targetHints":{"allow":["GET"]}}],"collection":[{"href":"https:\/\/www.enka.k12.tr\/adapazari\/wp-json\/wp\/v2\/pages"}],"about":[{"href":"https:\/\/www.enka.k12.tr\/adapazari\/wp-json\/wp\/v2\/types\/page"}],"author":[{"embeddable":true,"href":"https:\/\/www.enka.k12.tr\/adapazari\/wp-json\/wp\/v2\/users\/1"}],"replies":[{"embeddable":true,"href":"https:\/\/www.enka.k12.tr\/adapazari\/wp-json\/wp\/v2\/comments?post=22963"}],"version-history":[{"count":0,"href":"https:\/\/www.enka.k12.tr\/adapazari\/wp-json\/wp\/v2\/pages\/22963\/revisions"}],"up":[{"embeddable":true,"href":"https:\/\/www.enka.k12.tr\/adapazari\/wp-json\/wp\/v2\/pages\/310"}],"wp:featuredmedia":[{"embeddable":true,"href":"https:\/\/www.enka.k12.tr\/adapazari\/wp-json\/wp\/v2\/media\/22956"}],"wp:attachment":[{"href":"https:\/\/www.enka.k12.tr\/adapazari\/wp-json\/wp\/v2\/media?parent=22963"}],"curies":[{"name":"wp","href":"https:\/\/api.w.org\/{rel}","templated":true}]}}