{"id":234,"date":"2017-07-03T10:48:47","date_gmt":"2017-07-03T10:48:47","guid":{"rendered":"http:\/\/www.enka.com\/foundation\/schools\/adapazari\/schools\/primary-school\/kindergarten-programme\/"},"modified":"2021-03-23T11:02:07","modified_gmt":"2021-03-23T08:02:07","slug":"anasinifi-programi","status":"publish","type":"page","link":"https:\/\/www.enka.k12.tr\/adapazari\/okullar\/ilkokul\/anasinifi-programi\/","title":{"rendered":"ANASINIFI PROGRAMI"},"content":{"rendered":"<div class=\"wpb-content-wrapper\"><p>[vc_row][vc_column]<div id=\"ultimate-heading-133269f16484d3ff2\" class=\"uvc-heading ult-adjust-bottom-margin ultimate-heading-133269f16484d3ff2 uvc-6825 \" data-hspacer=\"line_with_icon\" data-hline_width=\"auto\" data-hicon_type=\"custom\" data-hborder_style=\"solid\" data-hborder_height=\"3\" data-hborder_color=\"#69b3e7\" data-icon_width=\"200\" data-hfixer=\"30\"  data-halign=\"center\" style=\"text-align:center\"><div class=\"uvc-heading-spacer line_with_icon\" style=\"top\"><div class=\"ult-just-icon-wrapper  \"><div class=\"align-icon\" style=\"text-align:center;\">\n<div class=\"aio-icon-img \" style=\"font-size:200px;display:inline-block;\" >\n\t<img decoding=\"async\" class=\"img-icon\" alt=\"null\" src=\"https:\/\/www.enka.k12.tr\/adapazari\/wp-content\/uploads\/2021\/03\/enka_schools_log_newtr.jpg\"\/>\n<\/div><\/div><\/div><\/div><div class=\"uvc-sub-heading ult-responsive\"  data-ultimate-target='.uvc-heading.ultimate-heading-133269f16484d3ff2 .uvc-sub-heading '  data-responsive-json-new='{\"font-size\":\"\",\"line-height\":\"\"}'  style=\"font-weight:normal;\"><br \/><\/div><\/div><div class=\"ult-spacer spacer-69f16484d4058\" data-id=\"69f16484d4058\" data-height=\"30\" data-height-mobile=\"10\" data-height-tab=\"20\" data-height-tab-portrait=\"\" data-height-mobile-landscape=\"\" style=\"clear:both;display:block;\"><\/div>[\/vc_column][\/vc_row][vc_row padding_top=&#8221;30px&#8221; bg_type=&#8221;bg_color&#8221; bg_color_value=&#8221;#f5f5f5&#8243;][vc_column width=&#8221;1\/2&#8243;]<div id=\"ultimate-heading-716969f16484d40b8\" class=\"uvc-heading ult-adjust-bottom-margin ultimate-heading-716969f16484d40b8 uvc-9599 \" data-hspacer=\"line_only\"  data-halign=\"left\" style=\"text-align:left\"><div class=\"uvc-main-heading ult-responsive\"  data-ultimate-target='.uvc-heading.ultimate-heading-716969f16484d40b8 h2'  data-responsive-json-new='{\"font-size\":\"desktop:20px;\",\"line-height\":\"desktop:50px;\"}' ><h2 style=\"font-weight:normal;color:#000000;\">ANASINIFI<\/h2><\/div><div class=\"uvc-sub-heading ult-responsive\"  data-ultimate-target='.uvc-heading.ultimate-heading-716969f16484d40b8 .uvc-sub-heading '  data-responsive-json-new='{\"font-size\":\"desktop:50px;tablet:48px;tablet_portrait:46px;mobile_landscape:44px;mobile:42px;\",\"line-height\":\"desktop:50px;tablet:48px;tablet_portrait:46px;mobile_landscape:44px;mobile:42px;\"}'  style=\"font-weight:bold;color:#000000;\"><span style=\"color: #69b3e7;\">PROGRAMI<\/span><\/div><div class=\"uvc-heading-spacer line_only\" style=\"margin-top:10px;height:3px;\"><span class=\"uvc-headings-line\" style=\"border-style:solid;border-bottom-width:3px;border-color:#000000;width:100px;\"><\/span><\/div><\/div><div class=\"ult-spacer spacer-69f16484d412b\" data-id=\"69f16484d412b\" data-height=\"24\" data-height-mobile=\"24\" data-height-tab=\"24\" data-height-tab-portrait=\"\" data-height-mobile-landscape=\"\" style=\"clear:both;display:block;\"><\/div>[\/vc_column][\/vc_row][vc_row padding_top=&#8221;30px&#8221; bg_type=&#8221;bg_color&#8221; bg_color_value=&#8221;#f5f5f5&#8243;][vc_column width=&#8221;2\/3&#8243;][vc_column_text]Anas\u0131n\u0131f\u0131 program\u0131m\u0131z, \u00e7ocuklar\u0131n zihinsel, bedensel, dil, sosyal ve duygusal geli\u015fimlerini desteklemek \u00fczerine temellendirilmi\u015ftir. ENKA Okullar\u0131 \u00a0IBO\u2019 nun \u0130lk Y\u0131llar Program\u0131\u2019n\u0131 (PYP) uygulamak i\u00e7in IBO taraf\u0131ndan yetkilendirilmi\u015f bir okuldur. \u00c7ocuklar\u0131n ke\u015ffederek \u00f6\u011frenmeleri ve sorgulayarak ara\u015ft\u0131rma yapmalar\u0131 ilkesinden yola \u00e7\u0131karak e\u011fitim ortamlar\u0131 haz\u0131rlan\u0131r. B\u00f6ylelikle ilgi alanlar\u0131n\u0131 ve g\u00fc\u00e7l\u00fc yanlar\u0131n\u0131 geli\u015ftiren \u00e7ocuklarda, kendine sayg\u0131 ve \u00f6zg\u00fcven geli\u015fimi desteklenir. \u00c7ocuklar merak ederek, sorarak, yaparak, ya\u015fayarak, e\u011flenerek \u00f6\u011frenirken t\u00fcm duyular\u0131n\u0131 ve yarat\u0131c\u0131l\u0131klar\u0131n\u0131 kullan\u0131r; g\u00f6zlem yapar, grup \u00e7al\u0131\u015fmalar\u0131n\u0131n zevkine var\u0131r, problem \u00e7\u00f6zerek \u00f6\u011frendiklerini ya\u015fama ge\u00e7irirler. Okul gezileri, ara\u015ft\u0131rma ve sorgulama etkinliklerinin en \u00f6nemli \u00f6\u011frenme ya\u015fant\u0131lar\u0131n\u0131 olu\u015fturur.[\/vc_column_text]<div class=\"ult-spacer spacer-69f16484d4159\" data-id=\"69f16484d4159\" data-height=\"24\" data-height-mobile=\"24\" data-height-tab=\"24\" data-height-tab-portrait=\"\" data-height-mobile-landscape=\"\" style=\"clear:both;display:block;\"><\/div>[\/vc_column][vc_column width=&#8221;1\/3&#8243;][vc_single_image image=&#8221;2736&#8243; img_size=&#8221;full&#8221;]<div class=\"ult-spacer spacer-69f16484d4186\" data-id=\"69f16484d4186\" data-height=\"24\" data-height-mobile=\"24\" data-height-tab=\"24\" data-height-tab-portrait=\"\" data-height-mobile-landscape=\"\" style=\"clear:both;display:block;\"><\/div>[\/vc_column][\/vc_row][vc_row padding_top=&#8221;30px&#8221; bg_type=&#8221;bg_color&#8221; bg_color_value=&#8221;#f5f5f5&#8243;][vc_column width=&#8221;1\/3&#8243;][vc_single_image image=&#8221;2744&#8243; img_size=&#8221;full&#8221;]<div class=\"ult-spacer spacer-69f16484d41ad\" data-id=\"69f16484d41ad\" data-height=\"24\" data-height-mobile=\"24\" data-height-tab=\"24\" data-height-tab-portrait=\"\" data-height-mobile-landscape=\"\" style=\"clear:both;display:block;\"><\/div>[\/vc_column][vc_column width=&#8221;2\/3&#8243;][vc_column_text]Anas\u0131n\u0131f\u0131nda oyun, \u00f6\u011frenme ortamlar\u0131n\u0131n vazge\u00e7ilmez bir par\u00e7as\u0131d\u0131r. Serbest ve organize oyunlarla kendini ifade etmeyi, ke\u015ffetmeyi, hayal g\u00fc\u00e7lerini geli\u015ftirmeyi, becerilerini uygulamay\u0131 \u00f6\u011frenen \u00f6\u011frencilerimizin; a\u00e7\u0131k havada da oyun alanlar\u0131n\u0131 kullanmalar\u0131 desteklenmektedir. Bireysel \u00e7al\u0131\u015fmalara odaklanmayan, grup i\u00e7inde etkile\u015fimli \u00f6\u011frenmeyi destekleyen okulumuz farkl\u0131la\u015ft\u0131rmaya dayal\u0131 \u00f6\u011frenme f\u0131rsat\u0131 sunmaktad\u0131r. Satran\u00e7, Beden E\u011fitimi ve Y\u00fczme etkinlikleri \u00f6\u011frencilerin oyun yoluyla bili\u015fsel ve bedensel geli\u015fimlerine destek vermektedir.[\/vc_column_text][\/vc_column][\/vc_row][vc_row padding_top=&#8221;30px&#8221; bg_type=&#8221;bg_color&#8221; bg_color_value=&#8221;#f5f5f5&#8243;][vc_column][vc_column_text]Anas\u0131n\u0131f\u0131 program\u0131, \u00f6\u011frencilerin \u0130ngilizce ve \u0130spanyolca ile tan\u0131\u015f\u0131p \u00f6\u011frenmeye ba\u015flamalar\u0131n\u0131 sa\u011flamaktad\u0131r. Sanat alan\u0131nda, m\u00fczik, orff, yarat\u0131c\u0131 drama ve g\u00f6rsel sanatlar farkl\u0131 \u00f6\u011fretmenler taraf\u0131ndan uygulanarak \u00f6\u011frencilerin kendini ifade etme becerileri ve yarat\u0131c\u0131l\u0131klar\u0131n\u0131 geli\u015ftirmeleri hedeflenmektedir. \u00d6\u011frencilerin etkin birer teknoloji kullan\u0131c\u0131s\u0131 olabilmeleri i\u00e7in iPad destekli e\u011fitimler ve kodlama \u00e7al\u0131\u015fmalar\u0131 yap\u0131lmaktad\u0131r.<\/p>\n<p>\u00d6\u011frencilerin ses fark\u0131ndal\u0131\u011f\u0131 kazanmas\u0131na y\u00f6nelik bili\u015fsel akademik etkinliklerle 1.s\u0131n\u0131fa haz\u0131rlanmalar\u0131 sa\u011flanmaktad\u0131r.[\/vc_column_text]<div class=\"ult-spacer spacer-69f16484d41de\" data-id=\"69f16484d41de\" data-height=\"24\" data-height-mobile=\"24\" data-height-tab=\"24\" data-height-tab-portrait=\"\" data-height-mobile-landscape=\"\" style=\"clear:both;display:block;\"><\/div>[\/vc_column][\/vc_row]<\/p>\n<\/div>","protected":false},"excerpt":{"rendered":"<p>[vc_row][vc_column][\/vc_column][\/vc_row][vc_row padding_top=&#8221;30px&#8221; bg_type=&#8221;bg_color&#8221; bg_color_value=&#8221;#f5f5f5&#8243;][vc_column width=&#8221;1\/2&#8243;][\/vc_column][\/vc_row][vc_row padding_top=&#8221;30px&#8221; bg_type=&#8221;bg_color&#8221; bg_color_value=&#8221;#f5f5f5&#8243;][vc_column width=&#8221;2\/3&#8243;][vc_column_text]Anas\u0131n\u0131f\u0131 program\u0131m\u0131z, \u00e7ocuklar\u0131n zihinsel, bedensel, dil, sosyal ve duygusal geli\u015fimlerini desteklemek \u00fczerine temellendirilmi\u015ftir. ENKA Okullar\u0131 \u00a0IBO\u2019 nun \u0130lk Y\u0131llar Program\u0131\u2019n\u0131 (PYP) uygulamak i\u00e7in IBO taraf\u0131ndan yetkilendirilmi\u015f bir okuldur. \u00c7ocuklar\u0131n ke\u015ffederek \u00f6\u011frenmeleri ve sorgulayarak ara\u015ft\u0131rma yapmalar\u0131 ilkesinden yola \u00e7\u0131karak e\u011fitim ortamlar\u0131 haz\u0131rlan\u0131r. B\u00f6ylelikle ilgi alanlar\u0131n\u0131 ve g\u00fc\u00e7l\u00fc yanlar\u0131n\u0131 geli\u015ftiren \u00e7ocuklarda, kendine sayg\u0131 ve \u00f6zg\u00fcven geli\u015fimi desteklenir. \u00c7ocuklar merak&#8230;<\/p>\n","protected":false},"author":2,"featured_media":26033,"parent":203,"menu_order":0,"comment_status":"closed","ping_status":"closed","template":"","meta":{"_acf_changed":false,"om_disable_all_campaigns":false,"inline_featured_image":false,"_monsterinsights_skip_tracking":false,"_monsterinsights_sitenote_active":false,"_monsterinsights_sitenote_note":"","_monsterinsights_sitenote_category":0,"footnotes":""},"class_list":["post-234","page","type-page","status-publish","has-post-thumbnail","hentry","custom-post-type-entry"],"aioseo_notices":[],"acf":[],"_links":{"self":[{"href":"https:\/\/www.enka.k12.tr\/adapazari\/wp-json\/wp\/v2\/pages\/234","targetHints":{"allow":["GET"]}}],"collection":[{"href":"https:\/\/www.enka.k12.tr\/adapazari\/wp-json\/wp\/v2\/pages"}],"about":[{"href":"https:\/\/www.enka.k12.tr\/adapazari\/wp-json\/wp\/v2\/types\/page"}],"author":[{"embeddable":true,"href":"https:\/\/www.enka.k12.tr\/adapazari\/wp-json\/wp\/v2\/users\/2"}],"replies":[{"embeddable":true,"href":"https:\/\/www.enka.k12.tr\/adapazari\/wp-json\/wp\/v2\/comments?post=234"}],"version-history":[{"count":0,"href":"https:\/\/www.enka.k12.tr\/adapazari\/wp-json\/wp\/v2\/pages\/234\/revisions"}],"up":[{"embeddable":true,"href":"https:\/\/www.enka.k12.tr\/adapazari\/wp-json\/wp\/v2\/pages\/203"}],"wp:featuredmedia":[{"embeddable":true,"href":"https:\/\/www.enka.k12.tr\/adapazari\/wp-json\/wp\/v2\/media\/26033"}],"wp:attachment":[{"href":"https:\/\/www.enka.k12.tr\/adapazari\/wp-json\/wp\/v2\/media?parent=234"}],"curies":[{"name":"wp","href":"https:\/\/api.w.org\/{rel}","templated":true}]}}