{"id":249,"date":"2017-07-03T10:53:49","date_gmt":"2017-07-03T10:53:49","guid":{"rendered":"http:\/\/www.enka.com\/foundation\/schools\/adapazari\/schools\/primary-school\/school-parents-union\/"},"modified":"2022-12-28T15:24:08","modified_gmt":"2022-12-28T12:24:08","slug":"okul-aile-birligi","status":"publish","type":"page","link":"https:\/\/www.enka.k12.tr\/adapazari\/okullar\/ilkokul\/okul-aile-birligi\/","title":{"rendered":"OKUL A\u0130LE B\u0130RL\u0130\u011e\u0130"},"content":{"rendered":"<div class=\"wpb-content-wrapper\"><p>[vc_row][vc_column]<div id=\"ultimate-heading-849669f1639629221\" class=\"uvc-heading ult-adjust-bottom-margin ultimate-heading-849669f1639629221 uvc-8477 \" data-hspacer=\"line_with_icon\" data-hline_width=\"auto\" data-hicon_type=\"custom\" data-hborder_style=\"solid\" data-hborder_height=\"3\" data-hborder_color=\"#69b3e7\" data-icon_width=\"200\" data-hfixer=\"30\"  data-halign=\"center\" style=\"text-align:center\"><div class=\"uvc-heading-spacer line_with_icon\" style=\"top\"><div class=\"ult-just-icon-wrapper  \"><div class=\"align-icon\" style=\"text-align:center;\">\n<div class=\"aio-icon-img \" style=\"font-size:200px;display:inline-block;\" >\n\t<img decoding=\"async\" class=\"img-icon\" alt=\"null\" src=\"https:\/\/www.enka.k12.tr\/adapazari\/wp-content\/uploads\/2021\/03\/enka_schools_log_newtr.jpg\"\/>\n<\/div><\/div><\/div><\/div><div class=\"uvc-sub-heading ult-responsive\"  data-ultimate-target='.uvc-heading.ultimate-heading-849669f1639629221 .uvc-sub-heading '  data-responsive-json-new='{\"font-size\":\"\",\"line-height\":\"\"}'  style=\"font-weight:normal;\"><br \/>\n<\/div><\/div><div class=\"ult-spacer spacer-69f1639629286\" data-id=\"69f1639629286\" data-height=\"30\" data-height-mobile=\"10\" data-height-tab=\"20\" data-height-tab-portrait=\"\" data-height-mobile-landscape=\"\" style=\"clear:both;display:block;\"><\/div>[\/vc_column][\/vc_row][vc_row gap=&#8221;30&#8243; padding_top=&#8221;40px&#8221; padding_bottom=&#8221;0px&#8221; padding_left=&#8221;10px&#8221; padding_right=&#8221;10px&#8221; bg_type=&#8221;bg_color&#8221; bg_color_value=&#8221;rgba(247,247,247,0.8)&#8221;][vc_column width=&#8221;1\/4&#8243; padding_right=&#8221;10px&#8221;]<div id=\"ultimate-heading-410869f16396292e1\" class=\"uvc-heading ult-adjust-bottom-margin ultimate-heading-410869f16396292e1 uvc-8222 \" data-hspacer=\"line_only\"  data-halign=\"left\" style=\"text-align:left\"><div class=\"uvc-main-heading ult-responsive\"  data-ultimate-target='.uvc-heading.ultimate-heading-410869f16396292e1 h2'  data-responsive-json-new='{\"font-size\":\"desktop:20px;\",\"line-height\":\"desktop:50px;\"}' ><h2 style=\"font-weight:normal;color:#000000;\">OKUL A\u0130LE<\/h2><\/div><div class=\"uvc-sub-heading ult-responsive\"  data-ultimate-target='.uvc-heading.ultimate-heading-410869f16396292e1 .uvc-sub-heading '  data-responsive-json-new='{\"font-size\":\"desktop:50px;tablet:48px;tablet_portrait:46px;mobile_landscape:44px;mobile:42px;\",\"line-height\":\"desktop:50px;tablet:48px;tablet_portrait:46px;mobile_landscape:44px;mobile:42px;\"}'  style=\"font-weight:bold;color:#000000;\"><span style=\"color: #69b3e7;\">B\u0130RL\u0130\u011e\u0130<\/span><\/div><div class=\"uvc-heading-spacer line_only\" style=\"margin-top:10px;height:3px;\"><span class=\"uvc-headings-line\" style=\"border-style:solid;border-bottom-width:3px;border-color:#000000;width:100px;\"><\/span><\/div><\/div><div class=\"ult-spacer spacer-69f163962935a\" data-id=\"69f163962935a\" data-height=\"30\" data-height-mobile=\"10\" data-height-tab=\"20\" data-height-tab-portrait=\"\" data-height-mobile-landscape=\"\" style=\"clear:both;display:block;\"><\/div>[\/vc_column][vc_column width=&#8221;3\/4&#8243;][vc_column_text]Say\u0131n Veli,<\/p>\n<p>Okullarda, Okul Aile Birlikleri okul ile aile aras\u0131nda b\u00fct\u00fcnle\u015fmeyi ger\u00e7ekle\u015ftirmek, veli ve okul aras\u0131nda ileti\u015fim ve i\u015fbirli\u011fini sa\u011flamak, e\u011fitim \u00f6\u011fretimi geli\u015ftirici etkinlikleri desteklemek amac\u0131yla kurulmaktad\u0131r.<\/p>\n<p><span class=\"Apple-converted-space\">\u00a0<\/span>20.12.2022 Sal\u0131 g\u00fcn\u00fc ger\u00e7ekle\u015fen se\u00e7imle, 2022 -2023 E\u011fitim \u00d6\u011fretim Y\u0131l\u0131 Adapazar\u0131 \u00d6zel ENKA \u0130lkokulu Okul Aile Birli\u011fimiz a\u015fa\u011f\u0131daki velilerimizden olu\u015fmu\u015ftur. Ancak unutulmamal\u0131d\u0131r ki, t\u00fcm veli, y\u00f6netici ve \u00f6\u011fretmenler Okul Aile Birli\u011fi\u2019nin do\u011fal \u00fcyesidirler.<span class=\"Apple-converted-space\">\u00a0<\/span>[\/vc_column_text]<div class=\"ult-spacer spacer-69f1639629397\" data-id=\"69f1639629397\" data-height=\"30\" data-height-mobile=\"10\" data-height-tab=\"20\" data-height-tab-portrait=\"\" data-height-mobile-landscape=\"\" style=\"clear:both;display:block;\"><\/div>[\/vc_column][\/vc_row][vc_row gap=&#8221;30&#8243; padding_top=&#8221;40px&#8221; padding_bottom=&#8221;0px&#8221; padding_left=&#8221;10px&#8221; padding_right=&#8221;10px&#8221; bg_type=&#8221;bg_color&#8221; bg_color_value=&#8221;rgba(247,247,247,0.8)&#8221;][vc_column padding_right=&#8221;10px&#8221;][vc_column_text]<\/p>\n<table style=\"width: 51.239895%;\">\n<tbody>\n<tr style=\"height: 5px;\">\n<td style=\"width: 5.816135%;\"><strong>No<\/strong><\/td>\n<td style=\"height: 5px; width: 108.067543%;\"><strong>Veli Ad\u0131 Soyad\u0131<\/strong><\/td>\n<td style=\"height: 5px; width: 23.070486%;\"><strong>E-mail<\/strong><\/td>\n<\/tr>\n<tr>\n<td style=\"width: 5.816135%; text-align: center;\">1<\/td>\n<td style=\"width: 108.067543%; text-align: left;\" width=\"243\">Esra BA\u015e (Ba\u015fkan)<\/td>\n<td style=\"width: 23.070486%; text-align: left;\" width=\"234\"><a href=\"mailto:esra2512@gmail.com\"><strong>esra2512@gmail.com<\/strong><\/a><\/td>\n<\/tr>\n<tr>\n<td style=\"width: 5.816135%; text-align: center;\">2<\/td>\n<td style=\"width: 108.067543%; text-align: left;\" width=\"243\">Sema KIRA\u00c7 (B\u015fk. Yard.)<\/td>\n<td style=\"width: 23.070486%; text-align: left;\" width=\"234\"><a href=\"mailto:sema.demircioglu@hotmail.com\"><strong>sema.demircioglu@hotmail.com<\/strong><\/a><\/td>\n<\/tr>\n<tr>\n<td style=\"width: 5.816135%; text-align: center;\">3<\/td>\n<td style=\"width: 108.067543%; text-align: left;\" width=\"243\">Serra SARA\u00c7O\u011eLU<\/td>\n<td style=\"width: 23.070486%; text-align: left;\" width=\"234\"><a href=\"mailto:arressaracoglu@gmail.com\"><strong>arressaracoglu@gmail.com<\/strong><\/a><\/td>\n<\/tr>\n<tr>\n<td style=\"width: 5.816135%; text-align: center;\">4<\/td>\n<td style=\"width: 108.067543%; text-align: left;\" width=\"243\">Canan SOLA \u00d6ZG\u00dc\u00c7<\/td>\n<td style=\"width: 23.070486%; text-align: left;\" width=\"234\"><a href=\"mailto:csola@sakarya.edu.tr\"><strong>csola@sakarya.edu.tr<\/strong><\/a><\/td>\n<\/tr>\n<tr>\n<td style=\"width: 5.816135%; text-align: center;\">5<\/td>\n<td style=\"width: 108.067543%; text-align: left;\" width=\"243\">Esra K\u00d6SEO\u011eLU<\/td>\n<td style=\"width: 23.070486%; text-align: left;\" width=\"234\"><a href=\"mailto:esraonbasi@gmail.com\"><strong>esraonbasi@gmail.com<\/strong><\/a><\/td>\n<\/tr>\n<tr>\n<td style=\"width: 5.816135%; text-align: center;\">6<\/td>\n<td style=\"width: 108.067543%; text-align: left;\" width=\"243\">Zeynep ERTU\u011eRUL<\/td>\n<td style=\"width: 23.070486%; text-align: left;\" width=\"234\"><a href=\"mailto:zeynepertugrul@icloud.com\"><strong>zeynepertugrul@icloud.com<\/strong><\/a><\/td>\n<\/tr>\n<tr>\n<td style=\"width: 5.816135%; text-align: center;\">7<\/td>\n<td style=\"width: 108.067543%; text-align: left;\" width=\"243\">Fatma DUTUCU AKARLAR<\/td>\n<td style=\"width: 23.070486%; text-align: left;\" width=\"234\"><a href=\"mailto:fatmaduducuakarlar@hotmail.com\"><strong>fatmaduducuakarlar@hotmail.com<\/strong><\/a><\/td>\n<\/tr>\n<tr>\n<td style=\"width: 5.816135%; text-align: center;\">8<\/td>\n<td style=\"width: 108.067543%; text-align: left;\" width=\"243\">Beg\u00fcm KE\u00c7\u0130C\u0130<\/td>\n<td style=\"width: 23.070486%; text-align: left;\" width=\"234\"><a href=\"mailto:begumkecici@gmail.com\"><strong>begumkecici@gmail.com<\/strong><\/a><\/td>\n<\/tr>\n<tr>\n<td style=\"width: 5.816135%; text-align: center;\">9<\/td>\n<td style=\"width: 108.067543%; text-align: left;\" width=\"243\">B\u00fclent DERE<\/td>\n<td style=\"width: 23.070486%; text-align: left;\" width=\"234\"><a href=\"mailto:matdere@gmail.com\"><strong>matdere@gmail.com<\/strong><\/a><\/td>\n<\/tr>\n<tr>\n<td style=\"width: 5.816135%; text-align: center;\">10<\/td>\n<td style=\"width: 108.067543%; text-align: left;\" width=\"243\">\u0130lker ERG\u00dcL<\/td>\n<td style=\"width: 23.070486%; text-align: left;\" width=\"234\"><a href=\"mailto:ergul.muhendislik@hotmail.com\"><strong>ergul.muhendislik@hotmail.com<\/strong><\/a><\/td>\n<\/tr>\n<\/tbody>\n<\/table>\n<p>[\/vc_column_text]<div class=\"ult-spacer spacer-69f16396293c1\" data-id=\"69f16396293c1\" data-height=\"30\" data-height-mobile=\"10\" data-height-tab=\"20\" data-height-tab-portrait=\"\" data-height-mobile-landscape=\"\" style=\"clear:both;display:block;\"><\/div>[\/vc_column][\/vc_row]<\/p>\n<\/div>","protected":false},"excerpt":{"rendered":"<p>[vc_row][vc_column][\/vc_column][\/vc_row][vc_row gap=&#8221;30&#8243; padding_top=&#8221;40px&#8221; padding_bottom=&#8221;0px&#8221; padding_left=&#8221;10px&#8221; padding_right=&#8221;10px&#8221; bg_type=&#8221;bg_color&#8221; bg_color_value=&#8221;rgba(247,247,247,0.8)&#8221;][vc_column width=&#8221;1\/4&#8243; padding_right=&#8221;10px&#8221;][\/vc_column][vc_column width=&#8221;3\/4&#8243;][vc_column_text]Say\u0131n Veli, Okullarda, Okul Aile Birlikleri okul ile aile aras\u0131nda b\u00fct\u00fcnle\u015fmeyi ger\u00e7ekle\u015ftirmek, veli ve okul aras\u0131nda ileti\u015fim ve i\u015fbirli\u011fini sa\u011flamak, e\u011fitim \u00f6\u011fretimi geli\u015ftirici etkinlikleri desteklemek amac\u0131yla kurulmaktad\u0131r. \u00a020.12.2022 Sal\u0131 g\u00fcn\u00fc ger\u00e7ekle\u015fen se\u00e7imle, 2022 -2023 E\u011fitim \u00d6\u011fretim Y\u0131l\u0131 Adapazar\u0131 \u00d6zel ENKA \u0130lkokulu Okul Aile Birli\u011fimiz a\u015fa\u011f\u0131daki velilerimizden olu\u015fmu\u015ftur. Ancak unutulmamal\u0131d\u0131r ki, t\u00fcm veli, y\u00f6netici ve \u00f6\u011fretmenler&#8230;<\/p>\n","protected":false},"author":2,"featured_media":14897,"parent":203,"menu_order":0,"comment_status":"closed","ping_status":"closed","template":"","meta":{"_acf_changed":false,"om_disable_all_campaigns":false,"inline_featured_image":false,"_monsterinsights_skip_tracking":false,"_monsterinsights_sitenote_active":false,"_monsterinsights_sitenote_note":"","_monsterinsights_sitenote_category":0,"footnotes":""},"class_list":["post-249","page","type-page","status-publish","has-post-thumbnail","hentry","custom-post-type-entry"],"aioseo_notices":[],"acf":[],"_links":{"self":[{"href":"https:\/\/www.enka.k12.tr\/adapazari\/wp-json\/wp\/v2\/pages\/249","targetHints":{"allow":["GET"]}}],"collection":[{"href":"https:\/\/www.enka.k12.tr\/adapazari\/wp-json\/wp\/v2\/pages"}],"about":[{"href":"https:\/\/www.enka.k12.tr\/adapazari\/wp-json\/wp\/v2\/types\/page"}],"author":[{"embeddable":true,"href":"https:\/\/www.enka.k12.tr\/adapazari\/wp-json\/wp\/v2\/users\/2"}],"replies":[{"embeddable":true,"href":"https:\/\/www.enka.k12.tr\/adapazari\/wp-json\/wp\/v2\/comments?post=249"}],"version-history":[{"count":0,"href":"https:\/\/www.enka.k12.tr\/adapazari\/wp-json\/wp\/v2\/pages\/249\/revisions"}],"up":[{"embeddable":true,"href":"https:\/\/www.enka.k12.tr\/adapazari\/wp-json\/wp\/v2\/pages\/203"}],"wp:featuredmedia":[{"embeddable":true,"href":"https:\/\/www.enka.k12.tr\/adapazari\/wp-json\/wp\/v2\/media\/14897"}],"wp:attachment":[{"href":"https:\/\/www.enka.k12.tr\/adapazari\/wp-json\/wp\/v2\/media?parent=249"}],"curies":[{"name":"wp","href":"https:\/\/api.w.org\/{rel}","templated":true}]}}