{"id":25,"date":"2017-07-03T07:57:05","date_gmt":"2017-07-03T07:57:05","guid":{"rendered":"http:\/\/www.enka.com\/foundation\/schools\/adapazari\/institutional-enka\/history\/"},"modified":"2021-03-23T13:53:39","modified_gmt":"2021-03-23T10:53:39","slug":"tarihce","status":"publish","type":"page","link":"https:\/\/www.enka.k12.tr\/adapazari\/kurumsal\/tarihce\/","title":{"rendered":"TAR\u0130H\u00c7E"},"content":{"rendered":"<div class=\"wpb-content-wrapper\"><p>[vc_row][vc_column]<div id=\"ultimate-heading-38676a04a2c410ebb\" class=\"uvc-heading ult-adjust-bottom-margin ultimate-heading-38676a04a2c410ebb uvc-3907 \" data-hspacer=\"line_with_icon\" data-hline_width=\"auto\" data-hicon_type=\"custom\" data-hborder_style=\"solid\" data-hborder_height=\"3\" data-hborder_color=\"#69b3e7\" data-icon_width=\"200\" data-hfixer=\"30\"  data-halign=\"center\" style=\"text-align:center\"><div class=\"uvc-heading-spacer line_with_icon\" style=\"top\"><div class=\"ult-just-icon-wrapper  \"><div class=\"align-icon\" style=\"text-align:center;\">\n<div class=\"aio-icon-img \" style=\"font-size:200px;display:inline-block;\" >\n\t<img decoding=\"async\" class=\"img-icon\" alt=\"null\" src=\"https:\/\/www.enka.k12.tr\/adapazari\/wp-content\/uploads\/2021\/03\/enka_schools_log_newtr.jpg\"\/>\n<\/div><\/div><\/div><\/div><div class=\"uvc-sub-heading ult-responsive\"  data-ultimate-target='.uvc-heading.ultimate-heading-38676a04a2c410ebb .uvc-sub-heading '  data-responsive-json-new='{\"font-size\":\"\",\"line-height\":\"\"}'  style=\"font-weight:normal;\"><br \/><\/div><\/div><div class=\"ult-spacer spacer-6a04a2c410f1c\" data-id=\"6a04a2c410f1c\" data-height=\"30\" data-height-mobile=\"10\" data-height-tab=\"20\" data-height-tab-portrait=\"\" data-height-mobile-landscape=\"\" style=\"clear:both;display:block;\"><\/div>[\/vc_column][\/vc_row][vc_row padding_top=&#8221;30px&#8221; bg_type=&#8221;bg_color&#8221; bg_color_value=&#8221;#f5f5f5&#8243;][vc_column width=&#8221;1\/4&#8243;]<div id=\"ultimate-heading-55256a04a2c410f73\" class=\"uvc-heading ult-adjust-bottom-margin ultimate-heading-55256a04a2c410f73 uvc-7499 \" data-hspacer=\"line_only\"  data-halign=\"left\" style=\"text-align:left\"><div class=\"uvc-sub-heading ult-responsive\"  data-ultimate-target='.uvc-heading.ultimate-heading-55256a04a2c410f73 .uvc-sub-heading '  data-responsive-json-new='{\"font-size\":\"desktop:50px;tablet:48px;tablet_portrait:46px;mobile_landscape:44px;mobile:42px;\",\"line-height\":\"desktop:50px;tablet:48px;tablet_portrait:46px;mobile_landscape:44px;mobile:42px;\"}'  style=\"font-weight:bold;color:#000000;\">TAR\u0130H\u00c7E<\/div><div class=\"uvc-heading-spacer line_only\" style=\"margin-top:10px;height:3px;\"><span class=\"uvc-headings-line\" style=\"border-style:solid;border-bottom-width:3px;border-color:#69b3e7;width:100px;\"><\/span><\/div><\/div><div class=\"ult-spacer spacer-6a04a2c410fbb\" data-id=\"6a04a2c410fbb\" data-height=\"24\" data-height-mobile=\"24\" data-height-tab=\"24\" data-height-tab-portrait=\"\" data-height-mobile-landscape=\"\" style=\"clear:both;display:block;\"><\/div>[\/vc_column][\/vc_row][vc_row padding_top=&#8221;30px&#8221; bg_type=&#8221;bg_color&#8221; bg_color_value=&#8221;#f5f5f5&#8243;][vc_column width=&#8221;2\/3&#8243;][vc_column_text]1999 Marmara Depremi\u2019nin ard\u0131ndan ebeveynlerini kaybeden \u00e7ocuklara tamamen \u00fccretsiz e\u011fitim f\u0131rsat\u0131 sa\u011flamak i\u00e7in ENKA Vakf\u0131 taraf\u0131ndan 24 Ekim 1999 tarihinde a\u00e7\u0131lm\u0131\u015ft\u0131r.<\/p>\n<p>Okulumuz halen farkl\u0131 nedenlerle anne\/baba kayb\u0131 olan \u00e7ocuklara \u00f6ncelik tan\u0131makta ve bu \u00f6\u011frencilerin e\u011fitim giderlerini kar\u015f\u0131layarak f\u0131rsat e\u015fitli\u011fi sa\u011flamaktad\u0131r.<\/p>\n<p>56.500 m<sup>2<\/sup> kamp\u00fcs alan\u0131 i\u00e7inde prefabrik yap\u0131larda ba\u015flayan e\u011fitim \u00f6\u011fretim; 2016 y\u0131l\u0131 itibari ile tamamlanan t\u00fcm kal\u0131c\u0131 yap\u0131lar\u0131 ile devam etmektedir.<\/p>\n<p>Kamp\u00fcs, okul binalar\u0131n\u0131n yan\u0131 s\u0131ra kapal\u0131 y\u00fczme havuzu, spor salonu, tenis kortlar\u0131, misafirhanesi, yemekhanesi ve oditoryumu ile \u00f6\u011frencilerine geni\u015f bir ya\u015fam alan\u0131 sunmaktad\u0131r.<\/p>\n<p>2016 y\u0131l\u0131 itibari ile kamp\u00fcs alan\u0131 i\u00e7inde farkl\u0131 t\u00fcrde hayvanlar\u0131n \u00f6zg\u00fcrce hareket edip, ya\u015fayabildi\u011fi bir \u00e7iftlik ve \u00f6\u011frencilerin tar\u0131m yapabildi\u011fi tarla ve seralar da bulunmaktad\u0131r.[\/vc_column_text]<div class=\"ult-spacer spacer-6a04a2c410fe8\" data-id=\"6a04a2c410fe8\" data-height=\"30\" data-height-mobile=\"10\" data-height-tab=\"20\" data-height-tab-portrait=\"\" data-height-mobile-landscape=\"\" style=\"clear:both;display:block;\"><\/div>[\/vc_column][vc_column width=&#8221;1\/3&#8243;][vc_single_image image=&#8221;1628&#8243; img_size=&#8221;full&#8221;]<div class=\"ult-spacer spacer-6a04a2c411010\" data-id=\"6a04a2c411010\" data-height=\"30\" data-height-mobile=\"10\" data-height-tab=\"20\" data-height-tab-portrait=\"\" data-height-mobile-landscape=\"\" style=\"clear:both;display:block;\"><\/div>[\/vc_column][\/vc_row]<\/p>\n<\/div>","protected":false},"excerpt":{"rendered":"<p>[vc_row][vc_column][\/vc_column][\/vc_row][vc_row padding_top=&#8221;30px&#8221; bg_type=&#8221;bg_color&#8221; bg_color_value=&#8221;#f5f5f5&#8243;][vc_column width=&#8221;1\/4&#8243;][\/vc_column][\/vc_row][vc_row padding_top=&#8221;30px&#8221; bg_type=&#8221;bg_color&#8221; bg_color_value=&#8221;#f5f5f5&#8243;][vc_column width=&#8221;2\/3&#8243;][vc_column_text]1999 Marmara Depremi\u2019nin ard\u0131ndan ebeveynlerini kaybeden \u00e7ocuklara tamamen \u00fccretsiz e\u011fitim f\u0131rsat\u0131 sa\u011flamak i\u00e7in ENKA Vakf\u0131 taraf\u0131ndan 24 Ekim 1999 tarihinde a\u00e7\u0131lm\u0131\u015ft\u0131r. Okulumuz halen farkl\u0131 nedenlerle anne\/baba kayb\u0131 olan \u00e7ocuklara \u00f6ncelik tan\u0131makta ve bu \u00f6\u011frencilerin e\u011fitim giderlerini kar\u015f\u0131layarak f\u0131rsat e\u015fitli\u011fi sa\u011flamaktad\u0131r. 56.500 m2 kamp\u00fcs alan\u0131 i\u00e7inde prefabrik yap\u0131larda ba\u015flayan e\u011fitim \u00f6\u011fretim; 2016 y\u0131l\u0131 itibari ile tamamlanan t\u00fcm kal\u0131c\u0131&#8230;<\/p>\n","protected":false},"author":2,"featured_media":1436,"parent":21,"menu_order":0,"comment_status":"closed","ping_status":"closed","template":"","meta":{"_acf_changed":false,"om_disable_all_campaigns":false,"inline_featured_image":false,"_monsterinsights_skip_tracking":false,"_monsterinsights_sitenote_active":false,"_monsterinsights_sitenote_note":"","_monsterinsights_sitenote_category":0,"footnotes":""},"class_list":["post-25","page","type-page","status-publish","has-post-thumbnail","hentry","custom-post-type-entry"],"aioseo_notices":[],"acf":[],"_links":{"self":[{"href":"https:\/\/www.enka.k12.tr\/adapazari\/wp-json\/wp\/v2\/pages\/25","targetHints":{"allow":["GET"]}}],"collection":[{"href":"https:\/\/www.enka.k12.tr\/adapazari\/wp-json\/wp\/v2\/pages"}],"about":[{"href":"https:\/\/www.enka.k12.tr\/adapazari\/wp-json\/wp\/v2\/types\/page"}],"author":[{"embeddable":true,"href":"https:\/\/www.enka.k12.tr\/adapazari\/wp-json\/wp\/v2\/users\/2"}],"replies":[{"embeddable":true,"href":"https:\/\/www.enka.k12.tr\/adapazari\/wp-json\/wp\/v2\/comments?post=25"}],"version-history":[{"count":0,"href":"https:\/\/www.enka.k12.tr\/adapazari\/wp-json\/wp\/v2\/pages\/25\/revisions"}],"up":[{"embeddable":true,"href":"https:\/\/www.enka.k12.tr\/adapazari\/wp-json\/wp\/v2\/pages\/21"}],"wp:featuredmedia":[{"embeddable":true,"href":"https:\/\/www.enka.k12.tr\/adapazari\/wp-json\/wp\/v2\/media\/1436"}],"wp:attachment":[{"href":"https:\/\/www.enka.k12.tr\/adapazari\/wp-json\/wp\/v2\/media?parent=25"}],"curies":[{"name":"wp","href":"https:\/\/api.w.org\/{rel}","templated":true}]}}