{"id":272,"date":"2017-07-03T11:02:49","date_gmt":"2017-07-03T11:02:49","guid":{"rendered":"http:\/\/www.enka.com\/foundation\/schools\/adapazari\/schools\/middle-school\/foreign-language-education\/"},"modified":"2021-03-23T11:13:23","modified_gmt":"2021-03-23T08:13:23","slug":"yabanci-dil-egitimi","status":"publish","type":"page","link":"https:\/\/www.enka.k12.tr\/adapazari\/okullar\/ortaokul\/yabanci-dil-egitimi\/","title":{"rendered":"YABANCI D\u0130L E\u011e\u0130T\u0130M\u0130"},"content":{"rendered":"<div class=\"wpb-content-wrapper\"><p>[vc_row][vc_column]<div id=\"ultimate-heading-458169e1d103be78c\" class=\"uvc-heading ult-adjust-bottom-margin ultimate-heading-458169e1d103be78c uvc-734 \" data-hspacer=\"line_with_icon\" data-hline_width=\"auto\" data-hicon_type=\"custom\" data-hborder_style=\"solid\" data-hborder_height=\"3\" data-hborder_color=\"#69b3e7\" data-icon_width=\"200\" data-hfixer=\"30\"  data-halign=\"center\" style=\"text-align:center\"><div class=\"uvc-heading-spacer line_with_icon\" style=\"top\"><div class=\"ult-just-icon-wrapper  \"><div class=\"align-icon\" style=\"text-align:center;\">\n<div class=\"aio-icon-img \" style=\"font-size:200px;display:inline-block;\" >\n\t<img decoding=\"async\" class=\"img-icon\" alt=\"null\" src=\"https:\/\/www.enka.k12.tr\/adapazari\/wp-content\/uploads\/2021\/03\/enka_schools_log_newtr.jpg\"\/>\n<\/div><\/div><\/div><\/div><div class=\"uvc-sub-heading ult-responsive\"  data-ultimate-target='.uvc-heading.ultimate-heading-458169e1d103be78c .uvc-sub-heading '  data-responsive-json-new='{\"font-size\":\"\",\"line-height\":\"\"}'  style=\"font-weight:normal;\"><br \/><\/div><\/div><div class=\"ult-spacer spacer-69e1d103be7f4\" data-id=\"69e1d103be7f4\" data-height=\"30\" data-height-mobile=\"10\" data-height-tab=\"20\" data-height-tab-portrait=\"\" data-height-mobile-landscape=\"\" style=\"clear:both;display:block;\"><\/div>[\/vc_column][\/vc_row][vc_row gap=&#8221;30&#8243; padding_top=&#8221;40px&#8221; padding_bottom=&#8221;0px&#8221; padding_left=&#8221;10px&#8221; padding_right=&#8221;10px&#8221; bg_type=&#8221;bg_color&#8221; bg_color_value=&#8221;rgba(247,247,247,0.8)&#8221;][vc_column padding_right=&#8221;10px&#8221;]<div id=\"ultimate-heading-483769e1d103be856\" class=\"uvc-heading ult-adjust-bottom-margin ultimate-heading-483769e1d103be856 uvc-7512 \" data-hspacer=\"line_only\"  data-halign=\"left\" style=\"text-align:left\"><div class=\"uvc-main-heading ult-responsive\"  data-ultimate-target='.uvc-heading.ultimate-heading-483769e1d103be856 h2'  data-responsive-json-new='{\"font-size\":\"desktop:20px;\",\"line-height\":\"desktop:50px;\"}' ><h2 style=\"font-weight:normal;color:#000000;\">YABANCI D\u0130L<\/h2><\/div><div class=\"uvc-sub-heading ult-responsive\"  data-ultimate-target='.uvc-heading.ultimate-heading-483769e1d103be856 .uvc-sub-heading '  data-responsive-json-new='{\"font-size\":\"desktop:50px;tablet:48px;tablet_portrait:46px;mobile_landscape:44px;mobile:42px;\",\"line-height\":\"desktop:50px;tablet:48px;tablet_portrait:46px;mobile_landscape:44px;mobile:42px;\"}'  style=\"font-weight:bold;color:#000000;\"><span style=\"color: #69b3e7;\">E\u011e\u0130T\u0130M\u0130<\/span><\/div><div class=\"uvc-heading-spacer line_only\" style=\"margin-top:10px;height:3px;\"><span class=\"uvc-headings-line\" style=\"border-style:solid;border-bottom-width:3px;border-color:#000000;width:100px;\"><\/span><\/div><\/div>[\/vc_column][\/vc_row][vc_row gap=&#8221;30&#8243; padding_top=&#8221;40px&#8221; padding_bottom=&#8221;0px&#8221; padding_left=&#8221;10px&#8221; padding_right=&#8221;10px&#8221; bg_type=&#8221;bg_color&#8221; bg_color_value=&#8221;rgba(247,247,247,0.8)&#8221;][vc_column padding_right=&#8221;10px&#8221;][vc_column_text]Ortaokul Yabanc\u0131 Diller B\u00f6l\u00fcm\u00fc olarak hedefimiz, \u00f6\u011frencilerimize \u0130ngilizceyi ve ikinci yabanc\u0131 dil olarak \u0130spanyolcay\u0131 en etkin \u015fekilde kullanmalar\u0131n\u0131, ya\u015fam boyu \u00f6\u011frenme s\u00fcreci i\u00e7inde s\u00f6zl\u00fc ve yaz\u0131l\u0131 becerilerini geli\u015ftirmeye devam edebilmelerini, iyi birer ileti\u015fimci olup dengeli bireyler olmalar\u0131n\u0131 sa\u011flamakt\u0131r. Kendi k\u00fclt\u00fcr\u00fcn\u00fc unutmadan di\u011fer k\u00fclt\u00fcrleri tan\u0131yan ve farkl\u0131l\u0131klara sayg\u0131 duyan, a\u00e7\u0131k fikirli d\u00fcnya vatanda\u015flar\u0131 yeti\u015ftirmek en \u00f6nemli amac\u0131m\u0131zd\u0131r.[\/vc_column_text][\/vc_column][\/vc_row][vc_row gap=&#8221;30&#8243; padding_top=&#8221;40px&#8221; padding_bottom=&#8221;0px&#8221; padding_left=&#8221;10px&#8221; padding_right=&#8221;10px&#8221; bg_type=&#8221;bg_color&#8221; bg_color_value=&#8221;rgba(247,247,247,0.8)&#8221;][vc_column width=&#8221;2\/3&#8243; padding_right=&#8221;10px&#8221;][vc_column_text]Uluslararas\u0131 Bakalorya Organizasyonu\u2019nun (IBO) MYP program\u0131n\u0131, Avrupa Dilleri Ortak \u00c7er\u00e7eve Program\u0131yla (CEFR) harmanlayarak olu\u015fturdu\u011fumuz dil programlar\u0131m\u0131z, her seviyede kullan\u0131lan ders kitaplar\u0131, dijital okuma platformlar\u0131, seviyelere uygun se\u00e7ilmi\u015f hikaye ve romanlar ile \u00f6\u011frencilerimizin okuma, yazma, dinleme ve konu\u015fma becerilerini geli\u015ftirmelerini destekleyecek \u015fekilde planlanm\u0131\u015ft\u0131r. Akademik kadromuzda farkl\u0131 \u00fclkelerden gelen \u00f6\u011fretmenlerimizin de her seviyede derse girmesi ise, \u00f6\u011frencilerimizin \u0130ngilizce ve \u0130spanyolca\u2019y\u0131 k\u00fcresel diller olarak alg\u0131lay\u0131p, farkl\u0131 k\u00fclt\u00fcrlerle ileti\u015fimi birebir deneyimlemelerini m\u00fcmk\u00fcn k\u0131lmaktad\u0131r.[\/vc_column_text][\/vc_column][vc_column width=&#8221;1\/3&#8243;][vc_single_image image=&#8221;15231&#8243; img_size=&#8221;full&#8221;][\/vc_column][\/vc_row][vc_row gap=&#8221;30&#8243; padding_top=&#8221;40px&#8221; padding_bottom=&#8221;0px&#8221; padding_left=&#8221;10px&#8221; padding_right=&#8221;10px&#8221; bg_type=&#8221;bg_color&#8221; bg_color_value=&#8221;rgba(247,247,247,0.8)&#8221;][vc_column padding_right=&#8221;10px&#8221;][vc_column_text]Okulumuzda 5. S\u0131n\u0131f haftal\u0131k programda 18 saat \u0130ngilizce ve 2 saat \u0130spanyolca \u00f6\u011fretimiyle bir haz\u0131rl\u0131k y\u0131l\u0131 olmaktad\u0131r. Program t\u00fcm becerileri i\u00e7eren \u201cMain Course\u201d dersi, okuma becerisini geli\u015ftirme ama\u00e7l\u0131 \u201cReading\u201d dersi, yazma becerisi i\u00e7in ayr\u0131\u201d Writing \u201cdersi ve \u201cSpeaking\u201d konu\u015fma becerisi dersi olarak dizayn edilmi\u015ftir.<\/p>\n<p>6. s\u0131n\u0131fta haftada 10 saat \u0130ngilizce; t\u00fcm becerileri i\u00e7eren \u201cMain Course\u201ddersi, okuma ve yazma becerisi a\u011f\u0131rl\u0131kl\u0131 \u201cSkills\u201d dersi ve dilbilgisi i\u00e7erikli \u201dGrammar\u201ddersi \u015feklinde planlanm\u0131\u015ft\u0131r. Haftada 2 saat \u0130spanyolca \u00f6\u011fretimi yap\u0131lmaktad\u0131r.<\/p>\n<p>7. s\u0131n\u0131fta haftada 9 saat \u0130ngilizce; \u00a0t\u00fcm becerileri i\u00e7eren \u201cMain Course\u201ddersi, okuma ve yazma becerisi a\u011f\u0131rl\u0131kl\u0131 \u201cSkills\u201d dersi \u015feklinde planlanm\u0131\u015ft\u0131r. Haftada 2 saat \u0130spanyolca \u00f6\u011fretimi yap\u0131lmaktad\u0131r.<\/p>\n<p>8.s\u0131n\u0131fta haftada 8 saat \u0130ngilizce; \u00a0t\u00fcm becerileri i\u00e7eren \u201cMain Course\u201ddersi, okuma ve yazma becerisi a\u011f\u0131rl\u0131kl\u0131 \u201cSkills\u201d dersi ve \u201cTEOG \u0130ngilizce dersi\u201d \u015feklinde planlanm\u0131\u015ft\u0131r. Haftada 2 saat \u0130spanyolca \u00f6\u011fretimi yap\u0131lmaktad\u0131r.<\/p>\n<p>\u00d6\u011frencilerimiz kazand\u0131klar\u0131 dil becerilerini sadece girdikleri uluslararas\u0131 s\u0131navlarda de\u011fil, JMUN (K\u00fc\u00e7\u00fck Model Birle\u015fmi\u015f Milletler), FPSPI( Gelecek Problemleri \u00c7\u00f6zme Uluslararas\u0131 Program\u0131), ISTA \u0130ngilizce Tiyatro festivalleri, TEDX Public Speaking Club (TEDX- toplum \u00f6n\u00fcnde konu\u015fma) gibi kul\u00fcp faaliyetleriyle de geli\u015ftirme f\u0131rsat\u0131 bulmaktad\u0131rlar. \u0130spanyolca kul\u00fcp faaliyetlerinin yan\u0131 s\u0131ra \u00f6\u011frencilerimiz yar\u0131\u015fmalara da kat\u0131lmaktad\u0131rlar. D\u00f6nem sonlar\u0131nda ger\u00e7ekle\u015fen \u00f6\u011frenci portfolyo sunumlar\u0131 T\u00fcrk\u00e7e, \u0130ngilizce ve \u0130spanyolca olarak yap\u0131lmaktad\u0131r. \u00d6nemli g\u00fcnleri kutlama ve anma programlar\u0131nda \u00e7e\u015fitli performanslarla yine dil becerilerini desteklerler.[\/vc_column_text][\/vc_column][\/vc_row][vc_row gap=&#8221;30&#8243; padding_top=&#8221;40px&#8221; padding_bottom=&#8221;0px&#8221; padding_left=&#8221;10px&#8221; padding_right=&#8221;10px&#8221; bg_type=&#8221;bg_color&#8221; bg_color_value=&#8221;rgba(247,247,247,0.8)&#8221;][vc_column padding_right=&#8221;10px&#8221;]<div class=\"ult-spacer spacer-69e1d103be8c5\" data-id=\"69e1d103be8c5\" data-height=\"30\" data-height-mobile=\"10\" data-height-tab=\"20\" data-height-tab-portrait=\"\" data-height-mobile-landscape=\"\" style=\"clear:both;display:block;\"><\/div>[\/vc_column][\/vc_row]<\/p>\n<\/div>","protected":false},"excerpt":{"rendered":"<p>[vc_row][vc_column][\/vc_column][\/vc_row][vc_row gap=&#8221;30&#8243; padding_top=&#8221;40px&#8221; padding_bottom=&#8221;0px&#8221; padding_left=&#8221;10px&#8221; padding_right=&#8221;10px&#8221; bg_type=&#8221;bg_color&#8221; bg_color_value=&#8221;rgba(247,247,247,0.8)&#8221;][vc_column padding_right=&#8221;10px&#8221;][\/vc_column][\/vc_row][vc_row gap=&#8221;30&#8243; padding_top=&#8221;40px&#8221; padding_bottom=&#8221;0px&#8221; padding_left=&#8221;10px&#8221; padding_right=&#8221;10px&#8221; bg_type=&#8221;bg_color&#8221; bg_color_value=&#8221;rgba(247,247,247,0.8)&#8221;][vc_column padding_right=&#8221;10px&#8221;][vc_column_text]Ortaokul Yabanc\u0131 Diller B\u00f6l\u00fcm\u00fc olarak hedefimiz, \u00f6\u011frencilerimize \u0130ngilizceyi ve ikinci yabanc\u0131 dil olarak \u0130spanyolcay\u0131 en etkin \u015fekilde kullanmalar\u0131n\u0131, ya\u015fam boyu \u00f6\u011frenme s\u00fcreci i\u00e7inde s\u00f6zl\u00fc ve yaz\u0131l\u0131 becerilerini geli\u015ftirmeye devam edebilmelerini, iyi birer ileti\u015fimci olup dengeli bireyler olmalar\u0131n\u0131 sa\u011flamakt\u0131r. Kendi k\u00fclt\u00fcr\u00fcn\u00fc unutmadan di\u011fer k\u00fclt\u00fcrleri tan\u0131yan ve farkl\u0131l\u0131klara sayg\u0131 duyan, a\u00e7\u0131k&#8230;<\/p>\n","protected":false},"author":2,"featured_media":1353,"parent":255,"menu_order":0,"comment_status":"closed","ping_status":"closed","template":"","meta":{"_acf_changed":false,"om_disable_all_campaigns":false,"inline_featured_image":false,"_monsterinsights_skip_tracking":false,"_monsterinsights_sitenote_active":false,"_monsterinsights_sitenote_note":"","_monsterinsights_sitenote_category":0,"footnotes":""},"class_list":["post-272","page","type-page","status-publish","has-post-thumbnail","hentry","custom-post-type-entry"],"aioseo_notices":[],"acf":[],"_links":{"self":[{"href":"https:\/\/www.enka.k12.tr\/adapazari\/wp-json\/wp\/v2\/pages\/272","targetHints":{"allow":["GET"]}}],"collection":[{"href":"https:\/\/www.enka.k12.tr\/adapazari\/wp-json\/wp\/v2\/pages"}],"about":[{"href":"https:\/\/www.enka.k12.tr\/adapazari\/wp-json\/wp\/v2\/types\/page"}],"author":[{"embeddable":true,"href":"https:\/\/www.enka.k12.tr\/adapazari\/wp-json\/wp\/v2\/users\/2"}],"replies":[{"embeddable":true,"href":"https:\/\/www.enka.k12.tr\/adapazari\/wp-json\/wp\/v2\/comments?post=272"}],"version-history":[{"count":0,"href":"https:\/\/www.enka.k12.tr\/adapazari\/wp-json\/wp\/v2\/pages\/272\/revisions"}],"up":[{"embeddable":true,"href":"https:\/\/www.enka.k12.tr\/adapazari\/wp-json\/wp\/v2\/pages\/255"}],"wp:featuredmedia":[{"embeddable":true,"href":"https:\/\/www.enka.k12.tr\/adapazari\/wp-json\/wp\/v2\/media\/1353"}],"wp:attachment":[{"href":"https:\/\/www.enka.k12.tr\/adapazari\/wp-json\/wp\/v2\/media?parent=272"}],"curies":[{"name":"wp","href":"https:\/\/api.w.org\/{rel}","templated":true}]}}