{"id":278,"date":"2017-07-03T11:04:42","date_gmt":"2017-07-03T11:04:42","guid":{"rendered":"http:\/\/www.enka.com\/foundation\/schools\/adapazari\/schools\/middle-school\/art-and-sports\/"},"modified":"2021-03-23T11:16:18","modified_gmt":"2021-03-23T08:16:18","slug":"sanat-ve-spor","status":"publish","type":"page","link":"https:\/\/www.enka.k12.tr\/adapazari\/okullar\/ortaokul\/sanat-ve-spor\/","title":{"rendered":"SANAT VE SPOR"},"content":{"rendered":"<div class=\"wpb-content-wrapper\"><p>[vc_row][vc_column]<div id=\"ultimate-heading-53769e9d6967e4f3\" class=\"uvc-heading ult-adjust-bottom-margin ultimate-heading-53769e9d6967e4f3 uvc-9188 \" data-hspacer=\"line_with_icon\" data-hline_width=\"auto\" data-hicon_type=\"custom\" data-hborder_style=\"solid\" data-hborder_height=\"3\" data-hborder_color=\"#69b3e7\" data-icon_width=\"200\" data-hfixer=\"30\"  data-halign=\"center\" style=\"text-align:center\"><div class=\"uvc-heading-spacer line_with_icon\" style=\"top\"><div class=\"ult-just-icon-wrapper  \"><div class=\"align-icon\" style=\"text-align:center;\">\n<div class=\"aio-icon-img \" style=\"font-size:200px;display:inline-block;\" >\n\t<img decoding=\"async\" class=\"img-icon\" alt=\"null\" src=\"https:\/\/www.enka.k12.tr\/adapazari\/wp-content\/uploads\/2021\/03\/enka_schools_log_newtr.jpg\"\/>\n<\/div><\/div><\/div><\/div><div class=\"uvc-sub-heading ult-responsive\"  data-ultimate-target='.uvc-heading.ultimate-heading-53769e9d6967e4f3 .uvc-sub-heading '  data-responsive-json-new='{\"font-size\":\"\",\"line-height\":\"\"}'  style=\"font-weight:normal;\"><br \/><\/div><\/div><div class=\"ult-spacer spacer-69e9d6967e554\" data-id=\"69e9d6967e554\" data-height=\"30\" data-height-mobile=\"10\" data-height-tab=\"20\" data-height-tab-portrait=\"\" data-height-mobile-landscape=\"\" style=\"clear:both;display:block;\"><\/div>[\/vc_column][\/vc_row][vc_row][vc_column][vc_column_text]<\/p>\n<p>[\/vc_column_text][\/vc_column][\/vc_row][vc_row padding_top=&#8221;30px&#8221; bg_type=&#8221;bg_color&#8221; bg_color_value=&#8221;#f5f5f5&#8243;][vc_column width=&#8221;1\/4&#8243;]<div id=\"ultimate-heading-489269e9d6967e5ad\" class=\"uvc-heading ult-adjust-bottom-margin ultimate-heading-489269e9d6967e5ad uvc-7895 \" data-hspacer=\"line_only\"  data-halign=\"left\" style=\"text-align:left\"><div class=\"uvc-main-heading ult-responsive\"  data-ultimate-target='.uvc-heading.ultimate-heading-489269e9d6967e5ad h2'  data-responsive-json-new='{\"font-size\":\"desktop:20px;\",\"line-height\":\"desktop:50px;\"}' ><h2 style=\"font-weight:normal;color:#000000;\">SANAT VE<\/h2><\/div><div class=\"uvc-sub-heading ult-responsive\"  data-ultimate-target='.uvc-heading.ultimate-heading-489269e9d6967e5ad .uvc-sub-heading '  data-responsive-json-new='{\"font-size\":\"desktop:50px;tablet:48px;tablet_portrait:46px;mobile_landscape:44px;mobile:42px;\",\"line-height\":\"desktop:50px;tablet:48px;tablet_portrait:46px;mobile_landscape:44px;mobile:42px;\"}'  style=\"font-weight:bold;color:#000000;\"><span style=\"color: #69b3e7;\">SPOR<\/span><\/div><div class=\"uvc-heading-spacer line_only\" style=\"margin-top:10px;height:3px;\"><span class=\"uvc-headings-line\" style=\"border-style:solid;border-bottom-width:3px;border-color:#000000;width:100px;\"><\/span><\/div><\/div>[\/vc_column][\/vc_row][vc_row padding_top=&#8221;30px&#8221; bg_type=&#8221;bg_color&#8221; bg_color_value=&#8221;#f5f5f5&#8243;][vc_column][vc_column_text]ENKA Okullar\u0131\u2019nda sanat e\u011fitimi, \u00f6\u011frencilerin kendi ya\u015fant\u0131lar\u0131n\u0131, ama\u00e7l\u0131 ve y\u00f6ntemli olarak olumlu y\u00f6nde de\u011fi\u015ftirme, d\u00f6n\u00fc\u015ft\u00fcrme, geli\u015ftirme ve yetkinle\u015ftirme s\u00fcrecidir.<\/p>\n<p>Sanat e\u011fitimi bireyin estetik duyarl\u0131l\u0131k, kar\u015f\u0131 g\u00f6r\u00fc\u015flere sayg\u0131, farkl\u0131 k\u00fclt\u00fcrlere de\u011fer verme, sanat eserlerini koruma bilinci kazanma ve evrensel ortak bir de\u011feri payla\u015fma gibi davran\u0131\u015flar\u0131 kazanmas\u0131n\u0131 sa\u011flar.<\/p>\n<p>K\u00fclt\u00fcr ve uygarl\u0131\u011f\u0131n sanat e\u011fitimi yoluyla \u00f6l\u00fcms\u00fczle\u015ftirilmesi; sanat\u0131n halk k\u00fclt\u00fcr\u00fcn\u00fcn ve g\u00fcnl\u00fck ya\u015fam\u0131n zengin estetik birikimiyle beslenmesine, \u00e7ocuk ya\u015fta sanat sevgisine ve sanat bilincine d\u00f6n\u00fc\u015ft\u00fcr\u00fclmesinden ge\u00e7er.<\/p>\n<p>Okulumuzda spor e\u011fitiminin\u00a0temel amac\u0131; \u00f6\u011frencinin beden sa\u011fl\u0131\u011f\u0131n\u0131 ve kas beyin koordinasyonunu geli\u015ftirmektir. ENKA Ortaokulu Beden E\u011fitimi B\u00f6l\u00fcm\u00fc dengeli bireyler yeti\u015ftirerek; \u00f6\u011frencilerin temel \u00f6z bak\u0131mlar\u0131n\u0131 \u00a0hijyen kurallar\u0131na uygun \u00a0yerine getirmesini sa\u011flamaktad\u0131r.<\/p>\n<p>\u00d6\u011frenciler, do\u011fru beslenme al\u0131\u015fkanl\u0131\u011f\u0131 kazanarak, ilkyard\u0131m\u00a0 ve basit \u00a0tedavi y\u00f6ntemlerini uygulayacak bireyler haline gelirler. \u00d6\u011frencilerimiz d\u00f6rt y\u0131l\u0131n sonunda d\u00f6n\u00fc\u015f\u00fcml\u00fc d\u00fc\u015f\u00fcnen, \u00a0sporun olumlu etkilerinin neler oldu\u011funu \u00f6z\u00fcmseyebilen, okul tak\u0131mlar\u0131nda yer alarak i\u015fbirli\u011finin ne kadar \u00f6nemli oldu\u011funun fark\u0131ndal\u0131\u011f\u0131na varan, ileti\u015fim becerileri \u00fcst d\u00fczeyde olan ve estetik alg\u0131s\u0131 ta\u015f\u0131yan bireyler olarak yeti\u015fmektedir.[\/vc_column_text][\/vc_column][\/vc_row][vc_row padding_top=&#8221;30px&#8221; bg_type=&#8221;bg_color&#8221; bg_color_value=&#8221;#f5f5f5&#8243;][vc_column]\n\t\t\t\t<script type=\"text\/javascript\">\n\t\t\t\t\tjQuery(function($){\n\t\t\t\t\t\tif ( $.fn.imagesLoaded != undefined && $.fn.carouFredSel != undefined ) {\n\t\t\t\t\t\t\tvar $carouselContainer = $(\"#caroufredsel-71\");\n\t\t\t\t\t\t\t$carouselContainer.imagesLoaded(function() {\n\t\t\t\t\t\t\t\t$carouselContainer.carouFredSel({\n\t\t\t\t\t\t\t\t\tresponsive : true,\n\t\t\t\t\t\t\t\t\theight: \"variable\",\n\t\t\t\t\t\t\t\t\twidth : \"100%\",\n\t\t\t\t\t\t\t\t\tcircular : true,\n\t\t\t\t\t\t\t\t\tinfinite : true,\n\t\t\t\t\t\t\t\t\tauto : {\n\t\t\t\t\t\t\t\t\t\tplay: false,\n\t\t\t\t\t\t\t\t\t\ttimeoutDuration : 5000,\n\t\t\t\t\t\t\t\t\t},\n\t\t\t\t\t\t\t\t\tswipe : {\n\t\t\t\t\t\t\t\t\t\tonTouch: true,\n\t\t\t\t\t\t\t\t\t\tonMouse: true,\n\t\t\t\t\t\t\t\t\t},prev : \"#prev-71\",next : \"#next-71\",items : {\n\t\t\t\t\t\t\t\t\t\twidth : 400,\n\t\t\t\t\t\t\t\t\t\theight: \"variable\",\n\t\t\t\t\t\t\t\t\t\tvisible : {\n\t\t\t\t\t\t\t\t\t\t\tmin : 1,\n\t\t\t\t\t\t\t\t\t\t\tmax : 4\n\t\t\t\t\t\t\t\t\t\t}\n\t\t\t\t\t\t\t\t\t}\n\t\t\t\t\t\t\t\t});\n\t\t\t\t\t\t\t});\n\t\t\t\t\t\t}$(window).load(function(){\n\t\t\t\t\t\t\t\t$(\".vcex-caroufredsel-loading\").removeClass(\"vcex-caroufredsel-loading\");\n\t\t\t\t\t\t\t});});\n\t\t\t\t<\/script><div class=\"vcex-caroufredsel-wrap clr vcex-caroufredsel-portfolio vcex-caroufredsel-default vcex-caroufredsel-loading\"><div class=\"vcex-caroufredsel vcex-gallery-lightbox \"><ul id=\"caroufredsel-71\"><li class=\"vcex-caroufredsel-slide\"><div class=\"vcex-caroufredsel-entry-media vcex-true\"><a href=\"https:\/\/www.enka.k12.tr\/adapazari\/wp-content\/uploads\/2017\/07\/arts_and_sport3.jpg\" title=\"\" class=\"vcex-caroufredsel-entry-img gallery-lightbox\"><img decoding=\"async\" src=\"https:\/\/www.enka.k12.tr\/adapazari\/wp-content\/uploads\/2017\/07\/arts_and_sport3.jpg\" alt=\"\" \/><\/a><!-- .vcex-caroufredsel-entry-img --><\/div><\/li><li class=\"vcex-caroufredsel-slide\"><div class=\"vcex-caroufredsel-entry-media vcex-true\"><a href=\"https:\/\/www.enka.k12.tr\/adapazari\/wp-content\/uploads\/2017\/07\/arts_and_sport2.jpg\" title=\"\" class=\"vcex-caroufredsel-entry-img gallery-lightbox\"><img decoding=\"async\" src=\"https:\/\/www.enka.k12.tr\/adapazari\/wp-content\/uploads\/2017\/07\/arts_and_sport2.jpg\" alt=\"\" \/><\/a><!-- .vcex-caroufredsel-entry-img --><\/div><\/li><li class=\"vcex-caroufredsel-slide\"><div class=\"vcex-caroufredsel-entry-media vcex-true\"><a href=\"https:\/\/www.enka.k12.tr\/adapazari\/wp-content\/uploads\/2017\/07\/arts_and_sport4.jpg\" title=\"\" class=\"vcex-caroufredsel-entry-img gallery-lightbox\"><img decoding=\"async\" src=\"https:\/\/www.enka.k12.tr\/adapazari\/wp-content\/uploads\/2017\/07\/arts_and_sport4.jpg\" alt=\"\" \/><\/a><!-- .vcex-caroufredsel-entry-img --><\/div><\/li><li class=\"vcex-caroufredsel-slide\"><div class=\"vcex-caroufredsel-entry-media vcex-true\"><a href=\"https:\/\/www.enka.k12.tr\/adapazari\/wp-content\/uploads\/2017\/07\/arts_and_sport5.jpg\" title=\"\" class=\"vcex-caroufredsel-entry-img gallery-lightbox\"><img decoding=\"async\" src=\"https:\/\/www.enka.k12.tr\/adapazari\/wp-content\/uploads\/2017\/07\/arts_and_sport5.jpg\" alt=\"\" \/><\/a><!-- .vcex-caroufredsel-entry-img --><\/div><\/li><li class=\"vcex-caroufredsel-slide\"><div class=\"vcex-caroufredsel-entry-media vcex-true\"><a href=\"https:\/\/www.enka.k12.tr\/adapazari\/wp-content\/uploads\/2017\/07\/arts_and_sport.jpg\" title=\"\" class=\"vcex-caroufredsel-entry-img gallery-lightbox\"><img decoding=\"async\" src=\"https:\/\/www.enka.k12.tr\/adapazari\/wp-content\/uploads\/2017\/07\/arts_and_sport.jpg\" alt=\"\" \/><\/a><!-- .vcex-caroufredsel-entry-img --><\/div><\/li><li class=\"vcex-caroufredsel-slide\"><div class=\"vcex-caroufredsel-entry-media vcex-true\"><a href=\"https:\/\/www.enka.k12.tr\/adapazari\/wp-content\/uploads\/2017\/07\/arts_and_sport1.jpg\" title=\"\" class=\"vcex-caroufredsel-entry-img gallery-lightbox\"><img decoding=\"async\" src=\"https:\/\/www.enka.k12.tr\/adapazari\/wp-content\/uploads\/2017\/07\/arts_and_sport1.jpg\" alt=\"\" \/><\/a><!-- .vcex-caroufredsel-entry-img --><\/div><\/li><\/ul><div id=\"prev-71\" class=\"vcex-caroufredsel-prev\"><span class=\"fa fa-chevron-left\"><\/span><\/div><div id=\"next-71\" class=\"vcex-caroufredsel-next\"><span class=\"fa fa-chevron-right\"><\/span><\/div><\/div><\/div><div class=\"vcex-clear-floats\"><\/div><div class=\"ult-spacer spacer-69e9d6967f49b\" data-id=\"69e9d6967f49b\" data-height=\"24\" data-height-mobile=\"24\" data-height-tab=\"24\" data-height-tab-portrait=\"\" data-height-mobile-landscape=\"\" style=\"clear:both;display:block;\"><\/div>[\/vc_column][\/vc_row]<\/p>\n<\/div>","protected":false},"excerpt":{"rendered":"<p>[vc_row][vc_column][\/vc_column][\/vc_row][vc_row][vc_column][vc_column_text] [\/vc_column_text][\/vc_column][\/vc_row][vc_row padding_top=&#8221;30px&#8221; bg_type=&#8221;bg_color&#8221; bg_color_value=&#8221;#f5f5f5&#8243;][vc_column width=&#8221;1\/4&#8243;][\/vc_column][\/vc_row][vc_row padding_top=&#8221;30px&#8221; bg_type=&#8221;bg_color&#8221; bg_color_value=&#8221;#f5f5f5&#8243;][vc_column][vc_column_text]ENKA Okullar\u0131\u2019nda sanat e\u011fitimi, \u00f6\u011frencilerin kendi ya\u015fant\u0131lar\u0131n\u0131, ama\u00e7l\u0131 ve y\u00f6ntemli olarak olumlu y\u00f6nde de\u011fi\u015ftirme, d\u00f6n\u00fc\u015ft\u00fcrme, geli\u015ftirme ve yetkinle\u015ftirme s\u00fcrecidir. Sanat e\u011fitimi bireyin estetik duyarl\u0131l\u0131k, kar\u015f\u0131 g\u00f6r\u00fc\u015flere sayg\u0131, farkl\u0131 k\u00fclt\u00fcrlere de\u011fer verme, sanat eserlerini koruma bilinci kazanma ve evrensel ortak bir de\u011feri payla\u015fma gibi davran\u0131\u015flar\u0131 kazanmas\u0131n\u0131 sa\u011flar. K\u00fclt\u00fcr ve uygarl\u0131\u011f\u0131n sanat e\u011fitimi yoluyla \u00f6l\u00fcms\u00fczle\u015ftirilmesi; sanat\u0131n halk k\u00fclt\u00fcr\u00fcn\u00fcn ve&#8230;<\/p>\n","protected":false},"author":2,"featured_media":1250,"parent":255,"menu_order":0,"comment_status":"closed","ping_status":"closed","template":"","meta":{"_acf_changed":false,"om_disable_all_campaigns":false,"inline_featured_image":false,"_monsterinsights_skip_tracking":false,"_monsterinsights_sitenote_active":false,"_monsterinsights_sitenote_note":"","_monsterinsights_sitenote_category":0,"footnotes":""},"class_list":["post-278","page","type-page","status-publish","has-post-thumbnail","hentry","custom-post-type-entry"],"aioseo_notices":[],"acf":[],"_links":{"self":[{"href":"https:\/\/www.enka.k12.tr\/adapazari\/wp-json\/wp\/v2\/pages\/278","targetHints":{"allow":["GET"]}}],"collection":[{"href":"https:\/\/www.enka.k12.tr\/adapazari\/wp-json\/wp\/v2\/pages"}],"about":[{"href":"https:\/\/www.enka.k12.tr\/adapazari\/wp-json\/wp\/v2\/types\/page"}],"author":[{"embeddable":true,"href":"https:\/\/www.enka.k12.tr\/adapazari\/wp-json\/wp\/v2\/users\/2"}],"replies":[{"embeddable":true,"href":"https:\/\/www.enka.k12.tr\/adapazari\/wp-json\/wp\/v2\/comments?post=278"}],"version-history":[{"count":0,"href":"https:\/\/www.enka.k12.tr\/adapazari\/wp-json\/wp\/v2\/pages\/278\/revisions"}],"up":[{"embeddable":true,"href":"https:\/\/www.enka.k12.tr\/adapazari\/wp-json\/wp\/v2\/pages\/255"}],"wp:featuredmedia":[{"embeddable":true,"href":"https:\/\/www.enka.k12.tr\/adapazari\/wp-json\/wp\/v2\/media\/1250"}],"wp:attachment":[{"href":"https:\/\/www.enka.k12.tr\/adapazari\/wp-json\/wp\/v2\/media?parent=278"}],"curies":[{"name":"wp","href":"https:\/\/api.w.org\/{rel}","templated":true}]}}