{"id":284,"date":"2017-07-03T11:06:02","date_gmt":"2017-07-03T11:06:02","guid":{"rendered":"http:\/\/www.enka.com\/foundation\/schools\/adapazari\/schools\/middle-school\/counseling-services\/"},"modified":"2021-03-23T11:17:02","modified_gmt":"2021-03-23T08:17:02","slug":"rehberlik-hizmetleri","status":"publish","type":"page","link":"https:\/\/www.enka.k12.tr\/adapazari\/okullar\/ortaokul\/rehberlik-hizmetleri\/","title":{"rendered":"REHBERL\u0130K H\u0130ZMETLER\u0130"},"content":{"rendered":"<div class=\"wpb-content-wrapper\"><p>[vc_row][vc_column]<div id=\"ultimate-heading-335969f16557e2754\" class=\"uvc-heading ult-adjust-bottom-margin ultimate-heading-335969f16557e2754 uvc-5082 \" data-hspacer=\"line_with_icon\" data-hline_width=\"auto\" data-hicon_type=\"custom\" data-hborder_style=\"solid\" data-hborder_height=\"3\" data-hborder_color=\"#69b3e7\" data-icon_width=\"200\" data-hfixer=\"30\"  data-halign=\"center\" style=\"text-align:center\"><div class=\"uvc-heading-spacer line_with_icon\" style=\"top\"><div class=\"ult-just-icon-wrapper  \"><div class=\"align-icon\" style=\"text-align:center;\">\n<div class=\"aio-icon-img \" style=\"font-size:200px;display:inline-block;\" >\n\t<img decoding=\"async\" class=\"img-icon\" alt=\"null\" src=\"https:\/\/www.enka.k12.tr\/adapazari\/wp-content\/uploads\/2021\/03\/enka_schools_log_newtr.jpg\"\/>\n<\/div><\/div><\/div><\/div><div class=\"uvc-sub-heading ult-responsive\"  data-ultimate-target='.uvc-heading.ultimate-heading-335969f16557e2754 .uvc-sub-heading '  data-responsive-json-new='{\"font-size\":\"\",\"line-height\":\"\"}'  style=\"font-weight:normal;\"><br \/><\/div><\/div><div class=\"ult-spacer spacer-69f16557e27ba\" data-id=\"69f16557e27ba\" data-height=\"30\" data-height-mobile=\"10\" data-height-tab=\"20\" data-height-tab-portrait=\"\" data-height-mobile-landscape=\"\" style=\"clear:both;display:block;\"><\/div>[\/vc_column][\/vc_row][vc_row gap=&#8221;30&#8243; padding_top=&#8221;40px&#8221; padding_bottom=&#8221;0px&#8221; padding_left=&#8221;10px&#8221; padding_right=&#8221;10px&#8221; bg_type=&#8221;bg_color&#8221; bg_color_value=&#8221;rgba(247,247,247,0.8)&#8221;][vc_column padding_right=&#8221;10px&#8221;]<div id=\"ultimate-heading-116669f16557e2814\" class=\"uvc-heading ult-adjust-bottom-margin ultimate-heading-116669f16557e2814 uvc-7750 \" data-hspacer=\"line_only\"  data-halign=\"left\" style=\"text-align:left\"><div class=\"uvc-main-heading ult-responsive\"  data-ultimate-target='.uvc-heading.ultimate-heading-116669f16557e2814 h2'  data-responsive-json-new='{\"font-size\":\"desktop:20px;\",\"line-height\":\"desktop:50px;\"}' ><h2 style=\"font-weight:normal;color:#000000;\">REHBERL\u0130K<\/h2><\/div><div class=\"uvc-sub-heading ult-responsive\"  data-ultimate-target='.uvc-heading.ultimate-heading-116669f16557e2814 .uvc-sub-heading '  data-responsive-json-new='{\"font-size\":\"desktop:50px;tablet:48px;tablet_portrait:46px;mobile_landscape:44px;mobile:42px;\",\"line-height\":\"desktop:50px;tablet:48px;tablet_portrait:46px;mobile_landscape:44px;mobile:42px;\"}'  style=\"font-weight:bold;color:#000000;\"><span style=\"color: #69b3e7;\">H\u0130ZMETLER\u0130<\/span><\/div><div class=\"uvc-heading-spacer line_only\" style=\"margin-top:10px;height:3px;\"><span class=\"uvc-headings-line\" style=\"border-style:solid;border-bottom-width:3px;border-color:#000000;width:100px;\"><\/span><\/div><\/div>[\/vc_column][\/vc_row][vc_row gap=&#8221;30&#8243; padding_top=&#8221;40px&#8221; padding_bottom=&#8221;0px&#8221; padding_left=&#8221;10px&#8221; padding_right=&#8221;10px&#8221; bg_type=&#8221;bg_color&#8221; bg_color_value=&#8221;rgba(247,247,247,0.8)&#8221;][vc_column][vc_column_text]Psikolojik Dan\u0131\u015fma ve Rehberlik B\u00f6l\u00fcm\u00fcm\u00fcz, g\u00fcn\u00fcm\u00fcz\u00fcn e\u011fitim anlay\u0131\u015f\u0131n\u0131 takip eden, \u00f6nleyici ve geli\u015fimsel temelli \u00e7al\u0131\u015fmalar s\u00fcrd\u00fcrmektedir. \u00d6\u011frencilerin ergenlik d\u00f6nem \u00f6zelliklerini \u00f6nemseyip, yarat\u0131c\u0131l\u0131klar\u0131n\u0131 destekleyerek, yetenek ve becerilerini geli\u015ftirmelerine yard\u0131mc\u0131 olmaktad\u0131r. B\u00f6l\u00fcm\u00fcm\u00fcz sadece problem odakl\u0131 \u00e7al\u0131\u015fmay\u0131p geli\u015fimsel d\u00f6nem ihtiya\u00e7lar\u0131na g\u00f6re her \u00f6\u011frenciye dokunmaya \u00f6zen g\u00f6stermektedir. \u00d6\u011frencilerin birey olarak farkl\u0131l\u0131klar\u0131n\u0131 dikkate alarak, kendini tan\u0131yan, ya\u015fam boyu \u00f6\u011frenen, de\u011fi\u015fimlere ayak uydurabilen, sorgulayan, uyumlu akran ili\u015fkileri kurabilen, \u00f6zg\u00fcvenli ve mutlu bireyler olarak geli\u015fmelerini ama\u00e7lamaktad\u0131r. Bu ama\u00e7la yap\u0131lan \u00e7al\u0131\u015fmalar sadece \u00f6\u011frencilerle s\u0131n\u0131rl\u0131 kalmay\u0131p veli ve \u00f6\u011fretmenleri de kapsamaktad\u0131r.[\/vc_column_text]<div class=\"ult-spacer spacer-69f16557e2896\" data-id=\"69f16557e2896\" data-height=\"30\" data-height-mobile=\"10\" data-height-tab=\"20\" data-height-tab-portrait=\"\" data-height-mobile-landscape=\"\" style=\"clear:both;display:block;\"><\/div>[\/vc_column][\/vc_row]<\/p>\n<\/div>","protected":false},"excerpt":{"rendered":"<p>[vc_row][vc_column][\/vc_column][\/vc_row][vc_row gap=&#8221;30&#8243; padding_top=&#8221;40px&#8221; padding_bottom=&#8221;0px&#8221; padding_left=&#8221;10px&#8221; padding_right=&#8221;10px&#8221; bg_type=&#8221;bg_color&#8221; bg_color_value=&#8221;rgba(247,247,247,0.8)&#8221;][vc_column padding_right=&#8221;10px&#8221;][\/vc_column][\/vc_row][vc_row gap=&#8221;30&#8243; padding_top=&#8221;40px&#8221; padding_bottom=&#8221;0px&#8221; padding_left=&#8221;10px&#8221; padding_right=&#8221;10px&#8221; bg_type=&#8221;bg_color&#8221; bg_color_value=&#8221;rgba(247,247,247,0.8)&#8221;][vc_column][vc_column_text]Psikolojik Dan\u0131\u015fma ve Rehberlik B\u00f6l\u00fcm\u00fcm\u00fcz, g\u00fcn\u00fcm\u00fcz\u00fcn e\u011fitim anlay\u0131\u015f\u0131n\u0131 takip eden, \u00f6nleyici ve geli\u015fimsel temelli \u00e7al\u0131\u015fmalar s\u00fcrd\u00fcrmektedir. \u00d6\u011frencilerin ergenlik d\u00f6nem \u00f6zelliklerini \u00f6nemseyip, yarat\u0131c\u0131l\u0131klar\u0131n\u0131 destekleyerek, yetenek ve becerilerini geli\u015ftirmelerine yard\u0131mc\u0131 olmaktad\u0131r. B\u00f6l\u00fcm\u00fcm\u00fcz sadece problem odakl\u0131 \u00e7al\u0131\u015fmay\u0131p geli\u015fimsel d\u00f6nem ihtiya\u00e7lar\u0131na g\u00f6re her \u00f6\u011frenciye dokunmaya \u00f6zen g\u00f6stermektedir. \u00d6\u011frencilerin birey olarak farkl\u0131l\u0131klar\u0131n\u0131 dikkate alarak, kendini&#8230;<\/p>\n","protected":false},"author":2,"featured_media":1270,"parent":255,"menu_order":0,"comment_status":"closed","ping_status":"closed","template":"","meta":{"_acf_changed":false,"om_disable_all_campaigns":false,"inline_featured_image":false,"_monsterinsights_skip_tracking":false,"_monsterinsights_sitenote_active":false,"_monsterinsights_sitenote_note":"","_monsterinsights_sitenote_category":0,"footnotes":""},"class_list":["post-284","page","type-page","status-publish","has-post-thumbnail","hentry","custom-post-type-entry"],"aioseo_notices":[],"acf":[],"_links":{"self":[{"href":"https:\/\/www.enka.k12.tr\/adapazari\/wp-json\/wp\/v2\/pages\/284","targetHints":{"allow":["GET"]}}],"collection":[{"href":"https:\/\/www.enka.k12.tr\/adapazari\/wp-json\/wp\/v2\/pages"}],"about":[{"href":"https:\/\/www.enka.k12.tr\/adapazari\/wp-json\/wp\/v2\/types\/page"}],"author":[{"embeddable":true,"href":"https:\/\/www.enka.k12.tr\/adapazari\/wp-json\/wp\/v2\/users\/2"}],"replies":[{"embeddable":true,"href":"https:\/\/www.enka.k12.tr\/adapazari\/wp-json\/wp\/v2\/comments?post=284"}],"version-history":[{"count":0,"href":"https:\/\/www.enka.k12.tr\/adapazari\/wp-json\/wp\/v2\/pages\/284\/revisions"}],"up":[{"embeddable":true,"href":"https:\/\/www.enka.k12.tr\/adapazari\/wp-json\/wp\/v2\/pages\/255"}],"wp:featuredmedia":[{"embeddable":true,"href":"https:\/\/www.enka.k12.tr\/adapazari\/wp-json\/wp\/v2\/media\/1270"}],"wp:attachment":[{"href":"https:\/\/www.enka.k12.tr\/adapazari\/wp-json\/wp\/v2\/media?parent=284"}],"curies":[{"name":"wp","href":"https:\/\/api.w.org\/{rel}","templated":true}]}}