{"id":330,"date":"2017-07-03T11:18:32","date_gmt":"2017-07-03T11:18:32","guid":{"rendered":"http:\/\/www.enka.com\/foundation\/schools\/adapazari\/schools\/high-school\/information-and-communication-technologies\/"},"modified":"2021-03-23T11:47:16","modified_gmt":"2021-03-23T08:47:16","slug":"bilgi-ve-iletisim-teknolojileri","status":"publish","type":"page","link":"https:\/\/www.enka.k12.tr\/adapazari\/okullar\/lise\/bilgi-ve-iletisim-teknolojileri\/","title":{"rendered":"B\u0130LG\u0130 VE \u0130LET\u0130\u015e\u0130M TEKNOLOJ\u0130LER\u0130"},"content":{"rendered":"<div class=\"wpb-content-wrapper\"><p>[vc_row][vc_column]<div id=\"ultimate-heading-54269e128c537107\" class=\"uvc-heading ult-adjust-bottom-margin ultimate-heading-54269e128c537107 uvc-2871 \" data-hspacer=\"line_with_icon\" data-hline_width=\"auto\" data-hicon_type=\"custom\" data-hborder_style=\"solid\" data-hborder_height=\"3\" data-hborder_color=\"#69b3e7\" data-icon_width=\"200\" data-hfixer=\"30\"  data-halign=\"center\" style=\"text-align:center\"><div class=\"uvc-heading-spacer line_with_icon\" style=\"top\"><div class=\"ult-just-icon-wrapper  \"><div class=\"align-icon\" style=\"text-align:center;\">\n<div class=\"aio-icon-img \" style=\"font-size:200px;display:inline-block;\" >\n\t<img decoding=\"async\" class=\"img-icon\" alt=\"null\" src=\"https:\/\/www.enka.k12.tr\/adapazari\/wp-content\/uploads\/2021\/03\/enka_schools_log_newtr.jpg\"\/>\n<\/div><\/div><\/div><\/div><div class=\"uvc-sub-heading ult-responsive\"  data-ultimate-target='.uvc-heading.ultimate-heading-54269e128c537107 .uvc-sub-heading '  data-responsive-json-new='{\"font-size\":\"\",\"line-height\":\"\"}'  style=\"font-weight:normal;\"><br \/><\/div><\/div><div class=\"ult-spacer spacer-69e128c537168\" data-id=\"69e128c537168\" data-height=\"30\" data-height-mobile=\"10\" data-height-tab=\"20\" data-height-tab-portrait=\"\" data-height-mobile-landscape=\"\" style=\"clear:both;display:block;\"><\/div>[\/vc_column][\/vc_row][vc_row padding_top=&#8221;30px&#8221; bg_type=&#8221;bg_color&#8221; bg_color_value=&#8221;#f5f5f5&#8243;][vc_column]<div id=\"ultimate-heading-566369e128c5371c0\" class=\"uvc-heading ult-adjust-bottom-margin ultimate-heading-566369e128c5371c0 uvc-6854 \" data-hspacer=\"line_only\"  data-halign=\"left\" style=\"text-align:left\"><div class=\"uvc-main-heading ult-responsive\"  data-ultimate-target='.uvc-heading.ultimate-heading-566369e128c5371c0 h2'  data-responsive-json-new='{\"font-size\":\"desktop:20px;\",\"line-height\":\"desktop:50px;\"}' ><h2 style=\"font-weight:normal;color:#000000;\">B\u0130LG\u0130 VE<\/h2><\/div><div class=\"uvc-sub-heading ult-responsive\"  data-ultimate-target='.uvc-heading.ultimate-heading-566369e128c5371c0 .uvc-sub-heading '  data-responsive-json-new='{\"font-size\":\"desktop:50px;tablet:48px;tablet_portrait:46px;mobile_landscape:44px;mobile:42px;\",\"line-height\":\"desktop:50px;tablet:48px;tablet_portrait:46px;mobile_landscape:44px;mobile:42px;\"}'  style=\"font-weight:bold;color:#000000;\"><span style=\"color: #69b3e7;\">\u0130LET\u0130\u015e\u0130M<\/span> TEKNOLOJ\u0130LER\u0130<\/div><div class=\"uvc-heading-spacer line_only\" style=\"margin-top:10px;height:3px;\"><span class=\"uvc-headings-line\" style=\"border-style:solid;border-bottom-width:3px;border-color:#000000;width:100px;\"><\/span><\/div><\/div>[\/vc_column][\/vc_row][vc_row padding_top=&#8221;30px&#8221; bg_type=&#8221;bg_color&#8221; bg_color_value=&#8221;#f5f5f5&#8243;][vc_column][vc_column_text]<\/p>\n<p style=\"text-align: justify;\">Okulumuzda e\u011fitim g\u00f6ren \u00f6\u011frenciler teknolojiyi; her alanda bilgiye ula\u015fmak, bu bilgiyi analiz ederek organize etmek, sunmak ve ileti\u015fim kurmak i\u00e7in kullan\u0131r.<\/p>\n<p style=\"text-align: justify;\">Mezun olan her \u00f6\u011frenci, teknoloji okuryazar\u0131d\u0131r ve ihtiyac\u0131 olan teknolojiyi etkin bir \u015fekilde kullanma yetisine sahiptir.<\/p>\n<p style=\"text-align: justify;\">\u00d6\u011frencilerimiz \u00f6\u011frenme s\u00fcrecinde gerekli becerileri geli\u015ftirmek i\u00e7in teknoloji ara\u00e7lar\u0131 ile e\u011fitim al\u0131r.<\/p>\n<p style=\"text-align: justify;\">\u00d6\u011fretmenlerimiz, derslerini planlarken m\u00fcfredat i\u00e7eri\u011fine uygun, teknoloji destekli etkinlikler olu\u015fturur. Se\u00e7ilen teknoloji arac\u0131yla ya da uygulamas\u0131yla planlanan dersin; \u00f6\u011frenciyi motive etmesi, \u00f6\u011frencinin kal\u0131c\u0131 \u00f6\u011frenmesine destek olmas\u0131, farkl\u0131 \u00f6\u011frenme y\u00f6ntemlerini i\u00e7ermesi, becerileri geli\u015ftirmeye y\u00f6nelik olmas\u0131 ve zaman tasarrufu sa\u011flamas\u0131 beklenir.<\/p>\n<p style=\"text-align: justify;\">\u00d6\u011frencilerimiz; iMac ve Windows laboratuvarlar\u0131nda farkl\u0131 sistemleri tan\u0131r, dijital ve 3 boyutlu tasar\u0131m, elektronik devre tasar\u0131m\u0131 ve kodlama alan\u0131nda becerilerini geli\u015ftirir, algoritma \u00f6\u011frenir.<\/p>\n<p style=\"text-align: justify;\">Kazand\u0131klar\u0131 becerilerle, \u00e7evrelerindeki ilgili yar\u0131\u015fmalara y\u00f6nlendirilirler. \u00d6\u011frencilerimiz, bili\u015fim ve teknoloji alan\u0131nda ald\u0131klar\u0131 derecelerle ve sertifikalarla akademik a\u00e7\u0131dan donan\u0131m sahibi olurken portfolyolar\u0131n\u0131 da zenginle\u015ftirir.<\/p>\n<p>[\/vc_column_text][\/vc_column][\/vc_row][vc_row padding_top=&#8221;30px&#8221; bg_type=&#8221;bg_color&#8221; bg_color_value=&#8221;#f5f5f5&#8243;][vc_column][\/vc_column][\/vc_row]<\/p>\n<\/div>","protected":false},"excerpt":{"rendered":"<p>[vc_row][vc_column][\/vc_column][\/vc_row][vc_row padding_top=&#8221;30px&#8221; bg_type=&#8221;bg_color&#8221; bg_color_value=&#8221;#f5f5f5&#8243;][vc_column][\/vc_column][\/vc_row][vc_row padding_top=&#8221;30px&#8221; bg_type=&#8221;bg_color&#8221; bg_color_value=&#8221;#f5f5f5&#8243;][vc_column][vc_column_text] Okulumuzda e\u011fitim g\u00f6ren \u00f6\u011frenciler teknolojiyi; her alanda bilgiye ula\u015fmak, bu bilgiyi analiz ederek organize etmek, sunmak ve ileti\u015fim kurmak i\u00e7in kullan\u0131r. Mezun olan her \u00f6\u011frenci, teknoloji okuryazar\u0131d\u0131r ve ihtiyac\u0131 olan teknolojiyi etkin bir \u015fekilde kullanma yetisine sahiptir. \u00d6\u011frencilerimiz \u00f6\u011frenme s\u00fcrecinde gerekli becerileri geli\u015ftirmek i\u00e7in teknoloji ara\u00e7lar\u0131 ile e\u011fitim al\u0131r. \u00d6\u011fretmenlerimiz, derslerini planlarken m\u00fcfredat i\u00e7eri\u011fine uygun, teknoloji destekli etkinlikler&#8230;<\/p>\n","protected":false},"author":2,"featured_media":1479,"parent":310,"menu_order":0,"comment_status":"closed","ping_status":"closed","template":"","meta":{"_acf_changed":false,"om_disable_all_campaigns":false,"inline_featured_image":false,"_monsterinsights_skip_tracking":false,"_monsterinsights_sitenote_active":false,"_monsterinsights_sitenote_note":"","_monsterinsights_sitenote_category":0,"footnotes":""},"class_list":["post-330","page","type-page","status-publish","has-post-thumbnail","hentry","custom-post-type-entry"],"aioseo_notices":[],"acf":[],"_links":{"self":[{"href":"https:\/\/www.enka.k12.tr\/adapazari\/wp-json\/wp\/v2\/pages\/330","targetHints":{"allow":["GET"]}}],"collection":[{"href":"https:\/\/www.enka.k12.tr\/adapazari\/wp-json\/wp\/v2\/pages"}],"about":[{"href":"https:\/\/www.enka.k12.tr\/adapazari\/wp-json\/wp\/v2\/types\/page"}],"author":[{"embeddable":true,"href":"https:\/\/www.enka.k12.tr\/adapazari\/wp-json\/wp\/v2\/users\/2"}],"replies":[{"embeddable":true,"href":"https:\/\/www.enka.k12.tr\/adapazari\/wp-json\/wp\/v2\/comments?post=330"}],"version-history":[{"count":0,"href":"https:\/\/www.enka.k12.tr\/adapazari\/wp-json\/wp\/v2\/pages\/330\/revisions"}],"up":[{"embeddable":true,"href":"https:\/\/www.enka.k12.tr\/adapazari\/wp-json\/wp\/v2\/pages\/310"}],"wp:featuredmedia":[{"embeddable":true,"href":"https:\/\/www.enka.k12.tr\/adapazari\/wp-json\/wp\/v2\/media\/1479"}],"wp:attachment":[{"href":"https:\/\/www.enka.k12.tr\/adapazari\/wp-json\/wp\/v2\/media?parent=330"}],"curies":[{"name":"wp","href":"https:\/\/api.w.org\/{rel}","templated":true}]}}