{"id":335,"date":"2017-07-03T11:20:55","date_gmt":"2017-07-03T11:20:55","guid":{"rendered":"http:\/\/www.enka.com\/foundation\/schools\/adapazari\/schools\/high-school\/counseling-services\/"},"modified":"2021-03-23T11:56:48","modified_gmt":"2021-03-23T08:56:48","slug":"rehberlik-hizmetleri","status":"publish","type":"page","link":"https:\/\/www.enka.k12.tr\/adapazari\/okullar\/lise\/rehberlik-hizmetleri\/","title":{"rendered":"REHBERL\u0130K H\u0130ZMETLER\u0130"},"content":{"rendered":"<div class=\"wpb-content-wrapper\"><p>[vc_row][vc_column]<div id=\"ultimate-heading-675969e9fd8311859\" class=\"uvc-heading ult-adjust-bottom-margin ultimate-heading-675969e9fd8311859 uvc-7217 \" data-hspacer=\"line_with_icon\" data-hline_width=\"auto\" data-hicon_type=\"custom\" data-hborder_style=\"solid\" data-hborder_height=\"3\" data-hborder_color=\"#69b3e7\" data-icon_width=\"200\" data-hfixer=\"30\"  data-halign=\"center\" style=\"text-align:center\"><div class=\"uvc-heading-spacer line_with_icon\" style=\"top\"><div class=\"ult-just-icon-wrapper  \"><div class=\"align-icon\" style=\"text-align:center;\">\n<div class=\"aio-icon-img \" style=\"font-size:200px;display:inline-block;\" >\n\t<img decoding=\"async\" class=\"img-icon\" alt=\"null\" src=\"https:\/\/www.enka.k12.tr\/adapazari\/wp-content\/uploads\/2021\/03\/enka_schools_log_newtr.jpg\"\/>\n<\/div><\/div><\/div><\/div><div class=\"uvc-sub-heading ult-responsive\"  data-ultimate-target='.uvc-heading.ultimate-heading-675969e9fd8311859 .uvc-sub-heading '  data-responsive-json-new='{\"font-size\":\"\",\"line-height\":\"\"}'  style=\"font-weight:normal;\"><br \/><\/div><\/div><div class=\"ult-spacer spacer-69e9fd83118e0\" data-id=\"69e9fd83118e0\" data-height=\"30\" data-height-mobile=\"10\" data-height-tab=\"20\" data-height-tab-portrait=\"\" data-height-mobile-landscape=\"\" style=\"clear:both;display:block;\"><\/div>[\/vc_column][\/vc_row][vc_row gap=&#8221;30&#8243; padding_top=&#8221;40px&#8221; padding_bottom=&#8221;0px&#8221; padding_left=&#8221;10px&#8221; padding_right=&#8221;10px&#8221; bg_type=&#8221;bg_color&#8221; bg_color_value=&#8221;rgba(247,247,247,0.8)&#8221;][vc_column padding_right=&#8221;10px&#8221;]<div id=\"ultimate-heading-220669e9fd8311956\" class=\"uvc-heading ult-adjust-bottom-margin ultimate-heading-220669e9fd8311956 uvc-648 \" data-hspacer=\"line_only\"  data-halign=\"left\" style=\"text-align:left\"><div class=\"uvc-main-heading ult-responsive\"  data-ultimate-target='.uvc-heading.ultimate-heading-220669e9fd8311956 h2'  data-responsive-json-new='{\"font-size\":\"desktop:20px;\",\"line-height\":\"desktop:50px;\"}' ><h2 style=\"font-weight:normal;color:#000000;\">REHBERL\u0130K<\/h2><\/div><div class=\"uvc-sub-heading ult-responsive\"  data-ultimate-target='.uvc-heading.ultimate-heading-220669e9fd8311956 .uvc-sub-heading '  data-responsive-json-new='{\"font-size\":\"desktop:50px;tablet:48px;tablet_portrait:46px;mobile_landscape:44px;mobile:42px;\",\"line-height\":\"desktop:50px;tablet:48px;tablet_portrait:46px;mobile_landscape:44px;mobile:42px;\"}'  style=\"font-weight:bold;color:#000000;\"><span style=\"color: #69b3e7;\">H\u0130ZMETLER\u0130<\/span><\/div><div class=\"uvc-heading-spacer line_only\" style=\"margin-top:10px;height:3px;\"><span class=\"uvc-headings-line\" style=\"border-style:solid;border-bottom-width:3px;border-color:#000000;width:100px;\"><\/span><\/div><\/div><div class=\"ult-spacer spacer-69e9fd83119d8\" data-id=\"69e9fd83119d8\" data-height=\"30\" data-height-mobile=\"10\" data-height-tab=\"20\" data-height-tab-portrait=\"\" data-height-mobile-landscape=\"\" style=\"clear:both;display:block;\"><\/div>[vc_column_text]Bireye yard\u0131m etmenin \u00f6z\u00fcn\u00fc olu\u015fturan Rehberlik ve Psikolojik Dan\u0131\u015fma hizmetleri \u00f6\u011frencinin kendini tan\u0131mas\u0131 ve anlamas\u0131, kararlar\u0131 konusunda sorumluluk alabilmesi, \u00e7evresindeki olanaklar\u0131 fark etmesi, kendi olanaklar\u0131 i\u00e7erisinde do\u011fru tercihler yapabilmesi, ya\u015fad\u0131\u011f\u0131 problem durumlar\u0131na farkl\u0131 bak\u0131\u015f a\u00e7\u0131lar\u0131 geli\u015ftirebilmesi, kendini ger\u00e7ekle\u015ftirmesi i\u00e7in \u00f6\u011frenci, veli ve \u00f6\u011fretmen i\u015f birli\u011fiyle hareket eden sistematik ve profesyonel bir yard\u0131m s\u00fcrecidir.<\/p>\n<p><strong>Adapazar\u0131 ENKA Lisesi Psikolojik Dan\u0131\u015fma ve Rehberlik <\/strong><strong>Servisi\u2019nin ama\u00e7lar\u0131; <\/strong><\/p>\n<p>-Bireysel farkl\u0131l\u0131klar g\u00f6z \u00f6n\u00fcnde bulundurularak \u00f6\u011frencilerin sosyal, duygusal ve akademik geli\u015fimlerini desteklemek,<\/p>\n<p>-Bireyin kendini tan\u0131mas\u0131n\u0131 sa\u011flamak,<\/p>\n<p>-Problem \u00e7\u00f6zme becerisini geli\u015ftirmek,<\/p>\n<p>-\u00c7evresiyle olumlu ileti\u015fim kurabilmesine yard\u0131mc\u0131 olmak,<\/p>\n<p>-\u00dcretken ve topluma duyarl\u0131 bireyler yeti\u015ftirmektir.<\/p>\n<p><strong>Adapazar\u0131 ENKA Lisesi Psikolojik Dan\u0131\u015fma ve Rehberlik <\/strong><strong>Servisi\u2019nin temel ilkeleri;<\/strong><\/p>\n<p>-Bireysel farkl\u0131l\u0131klara sayg\u0131,<\/p>\n<p>-\u0130\u015f birli\u011fi,<\/p>\n<p>-Bireye ve topluma kar\u015f\u0131 sorumluluk,<\/p>\n<p>-Bilimsellik,<\/p>\n<p>-\u00d6\u011frenci merkezli b\u00fct\u00fcnc\u00fcl bir yakla\u015f\u0131m,<\/p>\n<p>-G\u00f6n\u00fcll\u00fcl\u00fck,<\/p>\n<p>-D\u00f6n\u00fc\u015f\u00fcml\u00fc d\u00fc\u015f\u00fcnme,<\/p>\n<p>-Gizlilik politikas\u0131n\u0131 \u00f6nceleyen bir hizmet sunmakt\u0131r.<\/p>\n<p><strong>Adapazar\u0131 ENKA Lisesi Psikolojik Dan\u0131\u015fma ve Rehberlik <\/strong><strong>Servisi\u2019nin hizmet alanlar\u0131;<\/strong><\/p>\n<p>-Psikolojik dan\u0131\u015fma,<\/p>\n<p>-Bireyi tan\u0131ma \u00e7al\u0131\u015fmalar\u0131,<\/p>\n<p>-Oryantasyon,<\/p>\n<p>-Yay\u0131n haz\u0131rlama,<\/p>\n<p>-Koruyucu ve \u00f6nleyici \u00e7al\u0131\u015fmalar,<\/p>\n<p>-E\u011fitsel ve mesleki rehberlik \u00e7al\u0131\u015fmalar\u0131d\u0131r.<\/p>\n<p>Destekleme s\u00fcrecinde izlenilen y\u00f6ntem; tavsiye vermek, ak\u0131l \u00f6\u011fretmek, \u00f6\u011frenciyi do\u011fru oldu\u011fu varsay\u0131lan bir hareket tarz\u0131n\u0131 benimsetmek ve uygulatmak yerine kendi ya\u015fam ko\u015fullar\u0131nda var olan se\u00e7eneklerini tan\u0131mas\u0131, kendisi i\u00e7in uygun olan\u0131 se\u00e7ebilmesi noktas\u0131nda gerekli de\u011ferlendirmeyi yapabilecek bir birey olmas\u0131n\u0131 sa\u011flamakt\u0131r.[\/vc_column_text]<div class=\"ult-spacer spacer-69e9fd8311a08\" data-id=\"69e9fd8311a08\" data-height=\"30\" data-height-mobile=\"10\" data-height-tab=\"20\" data-height-tab-portrait=\"\" data-height-mobile-landscape=\"\" style=\"clear:both;display:block;\"><\/div>[\/vc_column][\/vc_row]<\/p>\n<\/div>","protected":false},"excerpt":{"rendered":"<p>[vc_row][vc_column][\/vc_column][\/vc_row][vc_row gap=&#8221;30&#8243; padding_top=&#8221;40px&#8221; padding_bottom=&#8221;0px&#8221; padding_left=&#8221;10px&#8221; padding_right=&#8221;10px&#8221; bg_type=&#8221;bg_color&#8221; bg_color_value=&#8221;rgba(247,247,247,0.8)&#8221;][vc_column padding_right=&#8221;10px&#8221;][vc_column_text]Bireye yard\u0131m etmenin \u00f6z\u00fcn\u00fc olu\u015fturan Rehberlik ve Psikolojik Dan\u0131\u015fma hizmetleri \u00f6\u011frencinin kendini tan\u0131mas\u0131 ve anlamas\u0131, kararlar\u0131 konusunda sorumluluk alabilmesi, \u00e7evresindeki olanaklar\u0131 fark etmesi, kendi olanaklar\u0131 i\u00e7erisinde do\u011fru tercihler yapabilmesi, ya\u015fad\u0131\u011f\u0131 problem durumlar\u0131na farkl\u0131 bak\u0131\u015f a\u00e7\u0131lar\u0131 geli\u015ftirebilmesi, kendini ger\u00e7ekle\u015ftirmesi i\u00e7in \u00f6\u011frenci, veli ve \u00f6\u011fretmen i\u015f birli\u011fiyle hareket eden sistematik ve profesyonel bir yard\u0131m s\u00fcrecidir. Adapazar\u0131 ENKA Lisesi Psikolojik&#8230;<\/p>\n","protected":false},"author":2,"featured_media":1214,"parent":310,"menu_order":0,"comment_status":"closed","ping_status":"closed","template":"","meta":{"_acf_changed":false,"om_disable_all_campaigns":false,"inline_featured_image":false,"_monsterinsights_skip_tracking":false,"_monsterinsights_sitenote_active":false,"_monsterinsights_sitenote_note":"","_monsterinsights_sitenote_category":0,"footnotes":""},"class_list":["post-335","page","type-page","status-publish","has-post-thumbnail","hentry","custom-post-type-entry"],"aioseo_notices":[],"acf":[],"_links":{"self":[{"href":"https:\/\/www.enka.k12.tr\/adapazari\/wp-json\/wp\/v2\/pages\/335","targetHints":{"allow":["GET"]}}],"collection":[{"href":"https:\/\/www.enka.k12.tr\/adapazari\/wp-json\/wp\/v2\/pages"}],"about":[{"href":"https:\/\/www.enka.k12.tr\/adapazari\/wp-json\/wp\/v2\/types\/page"}],"author":[{"embeddable":true,"href":"https:\/\/www.enka.k12.tr\/adapazari\/wp-json\/wp\/v2\/users\/2"}],"replies":[{"embeddable":true,"href":"https:\/\/www.enka.k12.tr\/adapazari\/wp-json\/wp\/v2\/comments?post=335"}],"version-history":[{"count":0,"href":"https:\/\/www.enka.k12.tr\/adapazari\/wp-json\/wp\/v2\/pages\/335\/revisions"}],"up":[{"embeddable":true,"href":"https:\/\/www.enka.k12.tr\/adapazari\/wp-json\/wp\/v2\/pages\/310"}],"wp:featuredmedia":[{"embeddable":true,"href":"https:\/\/www.enka.k12.tr\/adapazari\/wp-json\/wp\/v2\/media\/1214"}],"wp:attachment":[{"href":"https:\/\/www.enka.k12.tr\/adapazari\/wp-json\/wp\/v2\/media?parent=335"}],"curies":[{"name":"wp","href":"https:\/\/api.w.org\/{rel}","templated":true}]}}