{"id":345,"date":"2017-07-03T11:24:57","date_gmt":"2017-07-03T11:24:57","guid":{"rendered":"http:\/\/www.enka.com\/foundation\/schools\/adapazari\/schools\/high-school\/school-parents-union\/"},"modified":"2022-01-27T11:58:06","modified_gmt":"2022-01-27T08:58:06","slug":"okul-aile-birligi","status":"publish","type":"page","link":"https:\/\/www.enka.k12.tr\/adapazari\/okullar\/lise\/okul-aile-birligi\/","title":{"rendered":"OKUL A\u0130LE B\u0130RL\u0130\u011e\u0130"},"content":{"rendered":"<div class=\"wpb-content-wrapper\"><p>[vc_row][vc_column]<div id=\"ultimate-heading-185869f164851e894\" class=\"uvc-heading ult-adjust-bottom-margin ultimate-heading-185869f164851e894 uvc-664 \" data-hspacer=\"line_with_icon\" data-hline_width=\"auto\" data-hicon_type=\"custom\" data-hborder_style=\"solid\" data-hborder_height=\"3\" data-hborder_color=\"#69b3e7\" data-icon_width=\"200\" data-hfixer=\"30\"  data-halign=\"center\" style=\"text-align:center\"><div class=\"uvc-heading-spacer line_with_icon\" style=\"top\"><div class=\"ult-just-icon-wrapper  \"><div class=\"align-icon\" style=\"text-align:center;\">\n<div class=\"aio-icon-img \" style=\"font-size:200px;display:inline-block;\" >\n\t<img decoding=\"async\" class=\"img-icon\" alt=\"null\" src=\"https:\/\/www.enka.k12.tr\/adapazari\/wp-content\/uploads\/2021\/03\/enka_schools_log_newtr.jpg\"\/>\n<\/div><\/div><\/div><\/div><div class=\"uvc-sub-heading ult-responsive\"  data-ultimate-target='.uvc-heading.ultimate-heading-185869f164851e894 .uvc-sub-heading '  data-responsive-json-new='{\"font-size\":\"\",\"line-height\":\"\"}'  style=\"font-weight:normal;\"><br \/>\n<\/div><\/div><div class=\"ult-spacer spacer-69f164851e900\" data-id=\"69f164851e900\" data-height=\"30\" data-height-mobile=\"10\" data-height-tab=\"20\" data-height-tab-portrait=\"\" data-height-mobile-landscape=\"\" style=\"clear:both;display:block;\"><\/div>[\/vc_column][\/vc_row][vc_row gap=&#8221;30&#8243; padding_top=&#8221;40px&#8221; padding_bottom=&#8221;0px&#8221; padding_left=&#8221;10px&#8221; padding_right=&#8221;10px&#8221; bg_type=&#8221;bg_color&#8221; bg_color_value=&#8221;rgba(247,247,247,0.8)&#8221;][vc_column padding_right=&#8221;10px&#8221;]<div id=\"ultimate-heading-178769f164851e95b\" class=\"uvc-heading ult-adjust-bottom-margin ultimate-heading-178769f164851e95b uvc-6469 \" data-hspacer=\"line_only\"  data-halign=\"left\" style=\"text-align:left\"><div class=\"uvc-main-heading ult-responsive\"  data-ultimate-target='.uvc-heading.ultimate-heading-178769f164851e95b h2'  data-responsive-json-new='{\"font-size\":\"desktop:20px;\",\"line-height\":\"desktop:50px;\"}' ><h2 style=\"font-weight:normal;color:#000000;\">OKUL<\/h2><\/div><div class=\"uvc-sub-heading ult-responsive\"  data-ultimate-target='.uvc-heading.ultimate-heading-178769f164851e95b .uvc-sub-heading '  data-responsive-json-new='{\"font-size\":\"desktop:50px;tablet:48px;tablet_portrait:46px;mobile_landscape:44px;mobile:42px;\",\"line-height\":\"desktop:50px;tablet:48px;tablet_portrait:46px;mobile_landscape:44px;mobile:42px;\"}'  style=\"font-weight:bold;color:#000000;\"><span style=\"color: #69b3e7;\">A\u0130LE <\/span>B\u0130RL\u0130\u011e\u0130<\/div><div class=\"uvc-heading-spacer line_only\" style=\"margin-top:10px;height:3px;\"><span class=\"uvc-headings-line\" style=\"border-style:solid;border-bottom-width:3px;border-color:#000000;width:100px;\"><\/span><\/div><\/div>[\/vc_column][\/vc_row][vc_row gap=&#8221;30&#8243; padding_top=&#8221;40px&#8221; padding_bottom=&#8221;0px&#8221; padding_left=&#8221;10px&#8221; padding_right=&#8221;10px&#8221; bg_type=&#8221;bg_color&#8221; bg_color_value=&#8221;rgba(247,247,247,0.8)&#8221;][vc_column][vc_column_text]<\/p>\n<p style=\"text-align: justify;\">Okul, aile ve \u00f6\u011frenci; e\u011fitim sistemlerinin yap\u0131 ta\u015flar\u0131, temel dinamikleridir. \u00d6\u011frencilerin ba\u015far\u0131l\u0131 ve mutlu bireyler olmalar\u0131, bu yap\u0131 ta\u015flar\u0131n\u0131n sa\u011fl\u0131kl\u0131 ileti\u015fimi ve i\u015f birli\u011fi ile m\u00fcmk\u00fcnd\u00fcr.<\/p>\n<p style=\"text-align: justify;\">ENKA Okullar\u0131nda veliler ve okul y\u00f6netimi aras\u0131nda k\u00f6pr\u00fc g\u00f6revi \u00fcstlenen Okul Aile Birli\u011fi, \u00e7al\u0131\u015fmalar\u0131n\u0131 MEB Okul Aile Birli\u011fi Y\u00f6netmeli\u011fi ve okulumuzun felsefesine uygun \u015fekilde s\u00fcrd\u00fcr\u00fcr. OAB Y\u00f6netim Kurulu, e\u011fitim y\u0131l\u0131 ba\u015f\u0131nda se\u00e7imle belirlenen asil ve yedek \u00fcyelerden olu\u015fur.<\/p>\n<p style=\"text-align: justify;\">Okul Aile Birli\u011fi; \u00f6\u011frencileri, T\u00fcrk Mill\u00ee E\u011fitiminin Genel Ama\u00e7lar\u0131 ve Temel \u0130lkeleri ile Atat\u00fcrk \u0130nk\u0131l\u00e2p ve \u0130lkeleri do\u011frultusunda yeti\u015ftirmek \u00fczere okul y\u00f6netimi, \u00f6\u011fretmenler, veliler ve ailelerle i\u015fbirli\u011fi yapar. Okul ile aile aras\u0131nda b\u00fct\u00fcnle\u015fmeyi destekler. Veliler ve \u00f6\u011fretmenleri yak\u0131nla\u015ft\u0131ran \u201cYeni D\u00f6neme Merhaba\u201d, \u201cYaza Merhaba\u201d yemekleri, \u00d6\u011fretmenler G\u00fcn\u00fc, 8 Mart D\u00fcnya Kad\u0131nlar G\u00fcn\u00fc, 1 May\u0131s Emek ve Dayan\u0131\u015fma G\u00fcn\u00fc etkinlikleri, y\u0131lba\u015f\u0131 kutlamalar\u0131 d\u00fczenler. Okulumuzun \u00e7evresini g\u00fczelle\u015ftirmek i\u00e7in uzun soluklu \u00e7al\u0131\u015fmalar y\u00fcr\u00fct\u00fcr. Bu \u00e7al\u0131\u015fmalardan biri 20 May\u0131s 2019 tarihinde a\u00e7\u0131l\u0131\u015f\u0131 yap\u0131lan \u015ear\u0131k Tara Hat\u0131ra Korusu\u2019dur. Gelecek nesillere temiz ve sa\u011fl\u0131kl\u0131 nefesler miras b\u0131rakmay\u0131 ama\u00e7layan Okul Aile Birli\u011fimiz ayn\u0131 zamanda okulumuzun kurucusu, Sevgili \u015ear\u0131k Tara\u2019n\u0131n ad\u0131n\u0131 \u00f6l\u00fcms\u00fczle\u015ftirmi\u015ftir.<\/p>\n<p style=\"text-align: justify;\">2021-2022 E\u011fitim \u00d6\u011fretim Y\u0131l\u0131 Adapazar\u0131 ENKA Lisesi Okul Aile Birli\u011fi Ba\u015fkan\u0131 21.10.2021 Per\u015fembe g\u00fcn\u00fc yap\u0131lan se\u00e7imle Say\u0131n\u00a0<strong>Tekin AYDEM\u0130R\u00a0<\/strong>olmu\u015ftur. Okul Aile Birli\u011fi\u2019nin \u00fcyeleri ve \u00fcyelerin e-posta adresleri a\u015fa\u011f\u0131daki gibidir:<\/p>\n<p style=\"text-align: justify;\">Okul Aile Birli\u011fi, destek ve \u00f6nerilerinizi beklemektedir. G\u00f6r\u00fc\u015f ve \u00f6nerilerinizi<strong> aydemirtekin@hotmail.com<\/strong>\u00a0 mail adresine g\u00f6nderebilirsiniz.<\/p>\n<table width=\"0\">\n<tbody>\n<tr>\n<td width=\"46\"><strong>No<\/strong><\/td>\n<td width=\"179\"><strong>Veli Ad\u0131 Soyad\u0131<\/strong><\/td>\n<td width=\"288\"><strong>E-Posta<\/strong><\/td>\n<\/tr>\n<tr>\n<td width=\"46\"><strong>1<\/strong><\/td>\n<td width=\"179\"><strong>TEK\u0130N AYDEM\u0130R<\/strong><\/td>\n<td width=\"288\"><a href=\"mailto:aydemirtekin@hotmail.com\"><strong>aydemirtekin@hotmail.com<\/strong><\/a><\/td>\n<\/tr>\n<tr>\n<td width=\"46\"><strong>2<\/strong><\/td>\n<td width=\"179\"><strong>NURHAN \u00d6ZTOPALO\u011eLU<\/strong><\/td>\n<td width=\"288\"><a href=\"mailto:noztopalogluu@gmail.com\"><strong>noztopalogluu@gmail.com<\/strong><\/a><\/td>\n<\/tr>\n<tr>\n<td width=\"46\"><strong>3<\/strong><\/td>\n<td width=\"179\"><strong>EL\u0130F \u00d6ZCAN<\/strong><\/td>\n<td width=\"288\"><a href=\"mailto:elifzeynepozcan@hotmail.com\"><strong>elifzeynepozcan@hotmail.com<\/strong><\/a><\/td>\n<\/tr>\n<tr>\n<td width=\"46\"><strong>4<\/strong><\/td>\n<td width=\"179\"><strong>\u015eEN\u0130Z ATAN<\/strong><\/td>\n<td width=\"288\"><a href=\"mailto:shuseniz@hotmail.com\"><strong>shuseniz@hotmail.com<\/strong><\/a><\/td>\n<\/tr>\n<tr>\n<td width=\"46\"><strong>5<\/strong><\/td>\n<td width=\"179\"><strong>HAKAN SARI<\/strong><\/td>\n<td width=\"288\"><a href=\"mailto:hakan.sari79@hotmail.com\"><strong>hakan.sari79@hotmail.com<\/strong><\/a><\/td>\n<\/tr>\n<tr>\n<td width=\"46\"><strong>6<\/strong><\/td>\n<td width=\"179\"><strong>MERAL DEM\u0130RC\u0130O\u011eLU<\/strong><\/td>\n<td width=\"288\"><a href=\"mailto:cdemirciogluenka@gmail.com\"><strong>cdemirciogluenka@gmail.com<\/strong><\/a><\/td>\n<\/tr>\n<tr>\n<td width=\"46\"><strong>7<\/strong><\/td>\n<td width=\"179\"><strong>\u015e\u0130R\u0130N SERTOK<\/strong><\/td>\n<td width=\"288\"><a href=\"mailto:sirin-safamurat@hotmail.com\"><strong>sirin-safamurat@hotmail.com<\/strong><\/a><\/td>\n<\/tr>\n<tr>\n<td width=\"46\"><strong>8<\/strong><\/td>\n<td width=\"179\"><strong>E\u015e\u0130N S\u00d6NMEZ<\/strong><\/td>\n<td width=\"288\"><a href=\"mailto:esinsonmez@gmail.com\"><strong>esinsonmez@gmail.com<\/strong><\/a><\/td>\n<\/tr>\n<tr>\n<td width=\"46\"><strong>9<\/strong><\/td>\n<td width=\"179\"><strong>MEL\u0130S \u00c7AKAN<\/strong><\/td>\n<td width=\"288\"><a href=\"mailto:drmeliscakan@gmail.com\"><strong>drmeliscakan@gmail.com<\/strong><\/a><\/td>\n<\/tr>\n<\/tbody>\n<\/table>\n<p>[\/vc_column_text]<div class=\"ult-spacer spacer-69f164851e9ce\" data-id=\"69f164851e9ce\" data-height=\"30\" data-height-mobile=\"10\" data-height-tab=\"20\" data-height-tab-portrait=\"\" data-height-mobile-landscape=\"\" style=\"clear:both;display:block;\"><\/div>[\/vc_column][\/vc_row]<\/p>\n<\/div>","protected":false},"excerpt":{"rendered":"<p>[vc_row][vc_column][\/vc_column][\/vc_row][vc_row gap=&#8221;30&#8243; padding_top=&#8221;40px&#8221; padding_bottom=&#8221;0px&#8221; padding_left=&#8221;10px&#8221; padding_right=&#8221;10px&#8221; bg_type=&#8221;bg_color&#8221; bg_color_value=&#8221;rgba(247,247,247,0.8)&#8221;][vc_column padding_right=&#8221;10px&#8221;][\/vc_column][\/vc_row][vc_row gap=&#8221;30&#8243; padding_top=&#8221;40px&#8221; padding_bottom=&#8221;0px&#8221; padding_left=&#8221;10px&#8221; padding_right=&#8221;10px&#8221; bg_type=&#8221;bg_color&#8221; bg_color_value=&#8221;rgba(247,247,247,0.8)&#8221;][vc_column][vc_column_text] Okul, aile ve \u00f6\u011frenci; e\u011fitim sistemlerinin yap\u0131 ta\u015flar\u0131, temel dinamikleridir. \u00d6\u011frencilerin ba\u015far\u0131l\u0131 ve mutlu bireyler olmalar\u0131, bu yap\u0131 ta\u015flar\u0131n\u0131n sa\u011fl\u0131kl\u0131 ileti\u015fimi ve i\u015f birli\u011fi ile m\u00fcmk\u00fcnd\u00fcr. ENKA Okullar\u0131nda veliler ve okul y\u00f6netimi aras\u0131nda k\u00f6pr\u00fc g\u00f6revi \u00fcstlenen Okul Aile Birli\u011fi, \u00e7al\u0131\u015fmalar\u0131n\u0131 MEB Okul Aile Birli\u011fi Y\u00f6netmeli\u011fi ve okulumuzun felsefesine uygun&#8230;<\/p>\n","protected":false},"author":2,"featured_media":1240,"parent":310,"menu_order":0,"comment_status":"closed","ping_status":"closed","template":"","meta":{"_acf_changed":false,"om_disable_all_campaigns":false,"inline_featured_image":false,"_monsterinsights_skip_tracking":false,"_monsterinsights_sitenote_active":false,"_monsterinsights_sitenote_note":"","_monsterinsights_sitenote_category":0,"footnotes":""},"class_list":["post-345","page","type-page","status-publish","has-post-thumbnail","hentry","custom-post-type-entry"],"aioseo_notices":[],"acf":[],"_links":{"self":[{"href":"https:\/\/www.enka.k12.tr\/adapazari\/wp-json\/wp\/v2\/pages\/345","targetHints":{"allow":["GET"]}}],"collection":[{"href":"https:\/\/www.enka.k12.tr\/adapazari\/wp-json\/wp\/v2\/pages"}],"about":[{"href":"https:\/\/www.enka.k12.tr\/adapazari\/wp-json\/wp\/v2\/types\/page"}],"author":[{"embeddable":true,"href":"https:\/\/www.enka.k12.tr\/adapazari\/wp-json\/wp\/v2\/users\/2"}],"replies":[{"embeddable":true,"href":"https:\/\/www.enka.k12.tr\/adapazari\/wp-json\/wp\/v2\/comments?post=345"}],"version-history":[{"count":0,"href":"https:\/\/www.enka.k12.tr\/adapazari\/wp-json\/wp\/v2\/pages\/345\/revisions"}],"up":[{"embeddable":true,"href":"https:\/\/www.enka.k12.tr\/adapazari\/wp-json\/wp\/v2\/pages\/310"}],"wp:featuredmedia":[{"embeddable":true,"href":"https:\/\/www.enka.k12.tr\/adapazari\/wp-json\/wp\/v2\/media\/1240"}],"wp:attachment":[{"href":"https:\/\/www.enka.k12.tr\/adapazari\/wp-json\/wp\/v2\/media?parent=345"}],"curies":[{"name":"wp","href":"https:\/\/api.w.org\/{rel}","templated":true}]}}