{"id":36,"date":"2017-07-03T08:01:57","date_gmt":"2017-07-03T08:01:57","guid":{"rendered":"http:\/\/www.enka.com\/foundation\/schools\/adapazari\/ib-programs\/elementary-program\/"},"modified":"2022-10-13T15:38:51","modified_gmt":"2022-10-13T12:38:51","slug":"ilk-yillar-programi","status":"publish","type":"page","link":"https:\/\/www.enka.k12.tr\/adapazari\/ib-programlari\/pyp\/ilk-yillar-programi\/","title":{"rendered":"\u0130LK YILLAR PROGRAMI"},"content":{"rendered":"<div class=\"wpb-content-wrapper\"><p>[vc_row][vc_column]<div id=\"ultimate-heading-30946a04a2a32ff6a\" class=\"uvc-heading ult-adjust-bottom-margin ultimate-heading-30946a04a2a32ff6a uvc-7987 \" data-hspacer=\"line_with_icon\" data-hline_width=\"auto\" data-hicon_type=\"custom\" data-hborder_style=\"solid\" data-hborder_height=\"3\" data-hborder_color=\"#69b3e7\" data-icon_width=\"200\" data-hfixer=\"30\"  data-halign=\"center\" style=\"text-align:center\"><div class=\"uvc-heading-spacer line_with_icon\" style=\"top\"><div class=\"ult-just-icon-wrapper  \"><div class=\"align-icon\" style=\"text-align:center;\">\n<div class=\"aio-icon-img \" style=\"font-size:200px;display:inline-block;\" >\n\t<img decoding=\"async\" class=\"img-icon\" alt=\"null\" src=\"https:\/\/www.enka.k12.tr\/adapazari\/wp-content\/uploads\/2021\/03\/enka_schools_log_newtr.jpg\"\/>\n<\/div><\/div><\/div><\/div><div class=\"uvc-sub-heading ult-responsive\"  data-ultimate-target='.uvc-heading.ultimate-heading-30946a04a2a32ff6a .uvc-sub-heading '  data-responsive-json-new='{\"font-size\":\"\",\"line-height\":\"\"}'  style=\"font-weight:normal;\"><br \/>\n<\/div><\/div><div class=\"ult-spacer spacer-6a04a2a32ffcd\" data-id=\"6a04a2a32ffcd\" data-height=\"30\" data-height-mobile=\"10\" data-height-tab=\"20\" data-height-tab-portrait=\"\" data-height-mobile-landscape=\"\" style=\"clear:both;display:block;\"><\/div>[\/vc_column][\/vc_row][vc_row padding_top=&#8221;30px&#8221; bg_type=&#8221;bg_color&#8221; bg_color_value=&#8221;#f5f5f5&#8243;][vc_column width=&#8221;1\/4&#8243;]<div id=\"ultimate-heading-73176a04a2a33003d\" class=\"uvc-heading ult-adjust-bottom-margin ultimate-heading-73176a04a2a33003d uvc-4897 \" data-hspacer=\"line_only\"  data-halign=\"left\" style=\"text-align:left\"><div class=\"uvc-main-heading ult-responsive\"  data-ultimate-target='.uvc-heading.ultimate-heading-73176a04a2a33003d h2'  data-responsive-json-new='{\"font-size\":\"desktop:20px;\",\"line-height\":\"desktop:50px;\"}' ><h2 style=\"font-weight:normal;color:#000000;\">\u0130LK YILLAR<\/h2><\/div><div class=\"uvc-sub-heading ult-responsive\"  data-ultimate-target='.uvc-heading.ultimate-heading-73176a04a2a33003d .uvc-sub-heading '  data-responsive-json-new='{\"font-size\":\"desktop:50px;tablet:48px;tablet_portrait:46px;mobile_landscape:44px;mobile:42px;\",\"line-height\":\"desktop:50px;tablet:48px;tablet_portrait:46px;mobile_landscape:44px;mobile:42px;\"}'  style=\"font-weight:bold;color:#000000;\"><span style=\"color: #69b3e7;\">PROGRAMI<\/span><\/div><div class=\"uvc-heading-spacer line_only\" style=\"margin-top:10px;height:3px;\"><span class=\"uvc-headings-line\" style=\"border-style:solid;border-bottom-width:3px;border-color:#000000;width:100px;\"><\/span><\/div><\/div>[\/vc_column][\/vc_row][vc_row padding_top=&#8221;30px&#8221; bg_type=&#8221;bg_color&#8221; bg_color_value=&#8221;#f5f5f5&#8243;][vc_column][vc_column_text]PYP, IB (Uluslararas\u0131 Bakalorya)\u2019nin \u2018\u0130lk Y\u0131llar Program\u0131\u2019d\u0131r ve 3-12 ya\u015f aral\u0131\u011f\u0131ndaki \u00f6\u011frencileri kapsayan bir m\u00fcfredat \u00e7er\u00e7evesidir.<\/p>\n<p>Adapazar\u0131 ENKA \u0130lkokulu, 17 Ocak 2012 tarihinde otorize olarak PYP uygulama yetkisi alm\u0131\u015f ve uluslararas\u0131 standartlarda e\u011fitim veren bir kurum olma \u00f6zelli\u011fi kazanm\u0131\u015ft\u0131r.<\/p>\n<p>Okulumuzda PYP, anas\u0131n\u0131f\u0131ndan 4.s\u0131n\u0131f\u0131n sonuna kadar Milli E\u011fitim Bakanl\u0131\u011f\u0131 m\u00fcfredat\u0131n\u0131n PYP \u00e7er\u00e7evesinde b\u00fct\u00fcnle\u015ftirilmesiyle ele al\u0131nmaktad\u0131r. Program\u0131m\u0131zda ulusal ve uluslararas\u0131 \u00f6nem ta\u015f\u0131yan bilgi birikimi disiplinler\u00fcst\u00fc temalar arac\u0131l\u0131\u011f\u0131yla ele al\u0131n\u0131r. \u00d6\u011frencilerimiz, temel bilgi ve becerileri edinmelerinin yan\u0131 s\u0131ra, kavramsal anlay\u0131\u015f geli\u015ftirmeleri ve eyleme ge\u00e7meleri i\u00e7in desteklenmektedir. \u00d6\u011frenme ve \u00f6\u011fretme s\u00fcreci sorgulamaya dayal\u0131 bir \u00f6\u011frenme ortam\u0131nda, \u00f6\u011frencilerde ara\u015ft\u0131rma, d\u00fc\u015f\u00fcnme, sosyal, ileti\u015fim ve \u00f6z y\u00f6netim becerilerini geli\u015ftirecek \u015feklide tasarlan\u0131r. Program\u0131m\u0131z\u0131n temel ama\u00e7lar\u0131ndan biri de \u00d6\u011frenen Profilleri arac\u0131l\u0131\u011f\u0131yla \u00f6\u011frencilerimizin ki\u015fisel ve k\u00fclt\u00fcrel kimliklerini ke\u015ffetmelerini sa\u011flamak ve uluslararas\u0131 bilince sahip bireyler olarak yeti\u015ftirmektir.[\/vc_column_text][\/vc_column][\/vc_row]<\/p>\n<\/div>","protected":false},"excerpt":{"rendered":"<p>[vc_row][vc_column][\/vc_column][\/vc_row][vc_row padding_top=&#8221;30px&#8221; bg_type=&#8221;bg_color&#8221; bg_color_value=&#8221;#f5f5f5&#8243;][vc_column width=&#8221;1\/4&#8243;][\/vc_column][\/vc_row][vc_row padding_top=&#8221;30px&#8221; bg_type=&#8221;bg_color&#8221; bg_color_value=&#8221;#f5f5f5&#8243;][vc_column][vc_column_text]PYP, IB (Uluslararas\u0131 Bakalorya)\u2019nin \u2018\u0130lk Y\u0131llar Program\u0131\u2019d\u0131r ve 3-12 ya\u015f aral\u0131\u011f\u0131ndaki \u00f6\u011frencileri kapsayan bir m\u00fcfredat \u00e7er\u00e7evesidir. Adapazar\u0131 ENKA \u0130lkokulu, 17 Ocak 2012 tarihinde otorize olarak PYP uygulama yetkisi alm\u0131\u015f ve uluslararas\u0131 standartlarda e\u011fitim veren bir kurum olma \u00f6zelli\u011fi kazanm\u0131\u015ft\u0131r. Okulumuzda PYP, anas\u0131n\u0131f\u0131ndan 4.s\u0131n\u0131f\u0131n sonuna kadar Milli E\u011fitim Bakanl\u0131\u011f\u0131 m\u00fcfredat\u0131n\u0131n PYP \u00e7er\u00e7evesinde b\u00fct\u00fcnle\u015ftirilmesiyle ele al\u0131nmaktad\u0131r. Program\u0131m\u0131zda ulusal ve uluslararas\u0131&#8230;<\/p>\n","protected":false},"author":2,"featured_media":1095,"parent":33,"menu_order":0,"comment_status":"closed","ping_status":"closed","template":"","meta":{"_acf_changed":false,"om_disable_all_campaigns":false,"inline_featured_image":false,"_monsterinsights_skip_tracking":false,"_monsterinsights_sitenote_active":false,"_monsterinsights_sitenote_note":"","_monsterinsights_sitenote_category":0,"footnotes":""},"class_list":["post-36","page","type-page","status-publish","has-post-thumbnail","hentry","custom-post-type-entry"],"aioseo_notices":[],"acf":[],"_links":{"self":[{"href":"https:\/\/www.enka.k12.tr\/adapazari\/wp-json\/wp\/v2\/pages\/36","targetHints":{"allow":["GET"]}}],"collection":[{"href":"https:\/\/www.enka.k12.tr\/adapazari\/wp-json\/wp\/v2\/pages"}],"about":[{"href":"https:\/\/www.enka.k12.tr\/adapazari\/wp-json\/wp\/v2\/types\/page"}],"author":[{"embeddable":true,"href":"https:\/\/www.enka.k12.tr\/adapazari\/wp-json\/wp\/v2\/users\/2"}],"replies":[{"embeddable":true,"href":"https:\/\/www.enka.k12.tr\/adapazari\/wp-json\/wp\/v2\/comments?post=36"}],"version-history":[{"count":0,"href":"https:\/\/www.enka.k12.tr\/adapazari\/wp-json\/wp\/v2\/pages\/36\/revisions"}],"up":[{"embeddable":true,"href":"https:\/\/www.enka.k12.tr\/adapazari\/wp-json\/wp\/v2\/pages\/33"}],"wp:featuredmedia":[{"embeddable":true,"href":"https:\/\/www.enka.k12.tr\/adapazari\/wp-json\/wp\/v2\/media\/1095"}],"wp:attachment":[{"href":"https:\/\/www.enka.k12.tr\/adapazari\/wp-json\/wp\/v2\/media?parent=36"}],"curies":[{"name":"wp","href":"https:\/\/api.w.org\/{rel}","templated":true}]}}