{"id":367,"date":"2017-07-03T11:42:33","date_gmt":"2017-07-03T11:42:33","guid":{"rendered":"http:\/\/www.enka.com\/foundation\/schools\/adapazari\/activities\/global-cardboard-challenge-project\/"},"modified":"2021-03-23T12:11:11","modified_gmt":"2021-03-23T09:11:11","slug":"global-cardboard-challenge-projesi","status":"publish","type":"page","link":"https:\/\/www.enka.k12.tr\/adapazari\/etkinlikler\/global-cardboard-challenge-projesi\/","title":{"rendered":"GLOBAL CARDBOARD CHALLENGE PROJES\u0130"},"content":{"rendered":"<div class=\"wpb-content-wrapper\"><p>[vc_row][vc_column]<div id=\"ultimate-heading-46686a04a2690b0dc\" class=\"uvc-heading ult-adjust-bottom-margin ultimate-heading-46686a04a2690b0dc uvc-3676 \" data-hspacer=\"line_with_icon\" data-hline_width=\"auto\" data-hicon_type=\"custom\" data-hborder_style=\"solid\" data-hborder_height=\"3\" data-hborder_color=\"#69b3e7\" data-icon_width=\"200\" data-hfixer=\"30\"  data-halign=\"center\" style=\"text-align:center\"><div class=\"uvc-heading-spacer line_with_icon\" style=\"top\"><div class=\"ult-just-icon-wrapper  \"><div class=\"align-icon\" style=\"text-align:center;\">\n<div class=\"aio-icon-img \" style=\"font-size:200px;display:inline-block;\" >\n\t<img decoding=\"async\" class=\"img-icon\" alt=\"null\" src=\"https:\/\/www.enka.k12.tr\/adapazari\/wp-content\/uploads\/2021\/03\/enka_schools_log_newtr.jpg\"\/>\n<\/div><\/div><\/div><\/div><div class=\"uvc-sub-heading ult-responsive\"  data-ultimate-target='.uvc-heading.ultimate-heading-46686a04a2690b0dc .uvc-sub-heading '  data-responsive-json-new='{\"font-size\":\"\",\"line-height\":\"\"}'  style=\"font-weight:normal;\"><br \/><\/div><\/div><div class=\"ult-spacer spacer-6a04a2690b146\" data-id=\"6a04a2690b146\" data-height=\"30\" data-height-mobile=\"10\" data-height-tab=\"20\" data-height-tab-portrait=\"\" data-height-mobile-landscape=\"\" style=\"clear:both;display:block;\"><\/div>[\/vc_column][\/vc_row][vc_row gap=&#8221;30&#8243; padding_top=&#8221;40px&#8221; padding_bottom=&#8221;0px&#8221; padding_left=&#8221;10px&#8221; padding_right=&#8221;10px&#8221; bg_type=&#8221;bg_color&#8221; bg_color_value=&#8221;rgba(247,247,247,0.8)&#8221;][vc_column padding_right=&#8221;10px&#8221;]<div id=\"ultimate-heading-68606a04a2690b1a0\" class=\"uvc-heading ult-adjust-bottom-margin ultimate-heading-68606a04a2690b1a0 uvc-8475 \" data-hspacer=\"line_only\"  data-halign=\"left\" style=\"text-align:left\"><div class=\"uvc-main-heading ult-responsive\"  data-ultimate-target='.uvc-heading.ultimate-heading-68606a04a2690b1a0 h2'  data-responsive-json-new='{\"font-size\":\"desktop:20px;\",\"line-height\":\"desktop:50px;\"}' ><h2 style=\"font-weight:normal;color:#000000;\">GLOBAL CARDBOARD<\/h2><\/div><div class=\"uvc-sub-heading ult-responsive\"  data-ultimate-target='.uvc-heading.ultimate-heading-68606a04a2690b1a0 .uvc-sub-heading '  data-responsive-json-new='{\"font-size\":\"desktop:50px;tablet:48px;tablet_portrait:46px;mobile_landscape:44px;mobile:42px;\",\"line-height\":\"desktop:50px;tablet:48px;tablet_portrait:46px;mobile_landscape:44px;mobile:42px;\"}'  style=\"font-weight:bold;color:#000000;\"><span style=\"color: #69b3e7;\">CHALLENGE <\/span>PROJES\u0130<\/div><div class=\"uvc-heading-spacer line_only\" style=\"margin-top:10px;height:3px;\"><span class=\"uvc-headings-line\" style=\"border-style:solid;border-bottom-width:3px;border-color:#69b3e7;width:100px;\"><\/span><\/div><\/div>[\/vc_column][\/vc_row][vc_row gap=&#8221;30&#8243; padding_top=&#8221;40px&#8221; padding_bottom=&#8221;0px&#8221; padding_left=&#8221;10px&#8221; padding_right=&#8221;10px&#8221; bg_type=&#8221;bg_color&#8221; bg_color_value=&#8221;rgba(247,247,247,0.8)&#8221;][vc_column][vc_column_text]Global Cardboard Challenge Projesi 2012 y\u0131l\u0131nda 9 ya\u015f\u0131nda bir \u00e7ocuk olan Caine Monroy\u2019un babas\u0131n\u0131n d\u00fckkan\u0131nda kendi \u00fcretti\u011fi karton oyunlar\u0131n\u0131 sunmas\u0131yla ba\u015flayan bir projedir. Bu proje Caine\u2019nin ve onun oyun d\u00fckkan\u0131n\u0131n ke\u015ffedilmesi sonucu bir video ile t\u00fcm d\u00fcnya ile payla\u015f\u0131l\u0131r. D\u00fcnyada bir\u00e7ok \u00fclkenin kat\u0131ld\u0131\u011f\u0131 bu proje \u00e7ocuklar\u0131n yarat\u0131c\u0131l\u0131klar\u0131n\u0131 geli\u015ftiren ve ele\u015ftirel d\u00fc\u015f\u00fcnme, ileti\u015fim kurma, d\u00f6n\u00fc\u015f\u00fcml\u00fc d\u00fc\u015f\u00fcnmelerini destekleyen bir projedir. Her y\u0131l 11 Ekim projeye kat\u0131lan t\u00fcm \u00fclkelerde \u2018Global Cardboard Challenge Play Day\u2019 olarak kutlan\u0131r.[\/vc_column_text]<div class=\"ult-spacer spacer-6a04a2690b215\" data-id=\"6a04a2690b215\" data-height=\"30\" data-height-mobile=\"10\" data-height-tab=\"20\" data-height-tab-portrait=\"\" data-height-mobile-landscape=\"\" style=\"clear:both;display:block;\"><\/div>[\/vc_column][\/vc_row][vc_row gap=&#8221;30&#8243; padding_top=&#8221;0px&#8221; padding_bottom=&#8221;0px&#8221; padding_left=&#8221;10px&#8221; padding_right=&#8221;10px&#8221; bg_type=&#8221;bg_color&#8221; bg_color_value=&#8221;rgba(247,247,247,0.8)&#8221;][vc_column width=&#8221;1\/2&#8243;][vc_column_text]Adapazar\u0131 ENKA \u0130lkokulu \u00f6\u011frencileri Caine\u2019nin videosunu izleyerek bu videodan ilham al\u0131rlar ve kendi oyunlar\u0131n\u0131 olu\u015fturmak i\u00e7in bir proje ba\u015flat\u0131rlar. \u00d6ncelikle yapacaklar\u0131 oyunun tasla\u011f\u0131 \u00e7izilir. \u00c7izimlerini yaparken yarat\u0131c\u0131l\u0131k tutumu kullan\u0131l\u0131r. Baz\u0131 \u00f6\u011frenciler tek \u00e7al\u0131\u015fmay\u0131 tercih ederken baz\u0131lar\u0131 i\u015fbirli\u011fi i\u00e7inde \u00e7al\u0131\u015fmay\u0131 se\u00e7erler. En yarat\u0131c\u0131 karton oyununu yapmak i\u00e7in ihtiya\u00e7 duyacaklar\u0131 malzemeleri belirlerler. Ana malzeme kartonla s\u0131n\u0131rl\u0131 tutulur. Di\u011fer ihtiya\u00e7 duyulan malzemeler geri d\u00f6n\u00fc\u015f\u00fcm materyallerinden elde edilir. T\u00fcm proje \u00f6\u011frenciler taraf\u0131ndan y\u00fcr\u00fct\u00fcl\u00fcr. Kar\u015f\u0131la\u015ft\u0131klar\u0131 zorluklar\u0131 yenmek i\u00e7in \u00e7\u00f6z\u00fcm yollar\u0131 bulmalar\u0131 beklenir. Farkl\u0131 problemlere farkl\u0131 \u00e7\u00f6z\u00fcmler bulmak i\u00e7in yine yarat\u0131c\u0131l\u0131klar\u0131n\u0131 kullanan \u00f6\u011frenciler t\u00fcm s\u00fcre\u00e7 boyunca d\u00f6n\u00fc\u015f\u00fcml\u00fc d\u00fc\u015f\u00fcn\u00fcrler.[\/vc_column_text]<div class=\"ult-spacer spacer-6a04a2690b244\" data-id=\"6a04a2690b244\" data-height=\"30\" data-height-mobile=\"10\" data-height-tab=\"20\" data-height-tab-portrait=\"\" data-height-mobile-landscape=\"\" style=\"clear:both;display:block;\"><\/div>[\/vc_column][vc_column width=&#8221;1\/2&#8243;][vc_single_image image=&#8221;3735&#8243; img_size=&#8221;full&#8221;]<div class=\"ult-spacer spacer-6a04a2690b26e\" data-id=\"6a04a2690b26e\" data-height=\"30\" data-height-mobile=\"10\" data-height-tab=\"20\" data-height-tab-portrait=\"\" data-height-mobile-landscape=\"\" style=\"clear:both;display:block;\"><\/div>[\/vc_column][\/vc_row][vc_row gap=&#8221;30&#8243; padding_top=&#8221;0px&#8221; padding_bottom=&#8221;0px&#8221; padding_left=&#8221;10px&#8221; padding_right=&#8221;10px&#8221; bg_type=&#8221;bg_color&#8221; bg_color_value=&#8221;rgba(247,247,247,0.8)&#8221;][vc_column][vc_column_text]Ellerindeki tek bir malzemeyle en yarat\u0131c\u0131 oyunu nas\u0131l yapabilecekleri \u00fczerine fikir y\u00fcr\u00fct\u00fcrler. K\u00fc\u00e7\u00fck bir karton kutu basketbol potas\u0131na, karton par\u00e7as\u0131 ve tahta \u00e7ubuklar labirent oyununa, top yakalamacaya, kutu i\u00e7inde oyuncak bulmaca, puan toplama oyununa ve tiyatro sahnesine d\u00f6n\u00fc\u015febilir. T\u00fcm bu s\u00fcre\u00e7 boyunca i\u015fbirli\u011fi i\u00e7inde \u00e7al\u0131\u015fan \u00f6\u011frencilerimiz hayal g\u00fc\u00e7lerini zorlarken ayn\u0131 zamanda ele\u015ftirel d\u00fc\u015f\u00fcnme ve ileti\u015fim kurma becerilerini de geli\u015ftirirler. Haz\u0131rlad\u0131klar\u0131 oyunlar\u0131 arkada\u015flar\u0131na, ailelerine ve \u00f6\u011fretmenlerine sunmak ve bu oyunlar\u0131 ilgi \u00e7ekici k\u0131lmak i\u00e7in oyun kurallar\u0131, biletler ve baz\u0131 \u00f6d\u00fcller belirlenir. Velilerimizin de davetiyle ger\u00e7ekle\u015fen oyun g\u00fcn\u00fcnde biletler al\u0131n\u0131r ve oyun g\u00fcn\u00fc ba\u015flar. T\u00fcm ya\u015f gruplar\u0131n\u0131n kat\u0131ld\u0131\u011f\u0131 oyun g\u00fcn\u00fc t\u00fcm g\u00fcn boyunca s\u00fcrer. Oyun g\u00fcn\u00fcn\u00fcn sonunda projeye kat\u0131lan \u00f6\u011frencilerin d\u00f6n\u00fc\u015f\u00fcml\u00fc d\u00fc\u015f\u00fcnme yapmalar\u0131, sertifikalar\u0131n\u0131 almalar\u0131 ve ortaya koyduklar\u0131 yarat\u0131c\u0131l\u0131\u011f\u0131 takdir etmek i\u00e7in k\u00fc\u00e7\u00fck bir parti d\u00fczenlenir ve bu ba\u015far\u0131lar\u0131 kutlan\u0131r.[\/vc_column_text]<div class=\"ult-spacer spacer-6a04a2690b297\" data-id=\"6a04a2690b297\" data-height=\"30\" data-height-mobile=\"10\" data-height-tab=\"20\" data-height-tab-portrait=\"\" data-height-mobile-landscape=\"\" style=\"clear:both;display:block;\"><\/div>[\/vc_column][\/vc_row]<\/p>\n<\/div>","protected":false},"excerpt":{"rendered":"<p>[vc_row][vc_column][\/vc_column][\/vc_row][vc_row gap=&#8221;30&#8243; padding_top=&#8221;40px&#8221; padding_bottom=&#8221;0px&#8221; padding_left=&#8221;10px&#8221; padding_right=&#8221;10px&#8221; bg_type=&#8221;bg_color&#8221; bg_color_value=&#8221;rgba(247,247,247,0.8)&#8221;][vc_column padding_right=&#8221;10px&#8221;][\/vc_column][\/vc_row][vc_row gap=&#8221;30&#8243; padding_top=&#8221;40px&#8221; padding_bottom=&#8221;0px&#8221; padding_left=&#8221;10px&#8221; padding_right=&#8221;10px&#8221; bg_type=&#8221;bg_color&#8221; bg_color_value=&#8221;rgba(247,247,247,0.8)&#8221;][vc_column][vc_column_text]Global Cardboard Challenge Projesi 2012 y\u0131l\u0131nda 9 ya\u015f\u0131nda bir \u00e7ocuk olan Caine Monroy\u2019un babas\u0131n\u0131n d\u00fckkan\u0131nda kendi \u00fcretti\u011fi karton oyunlar\u0131n\u0131 sunmas\u0131yla ba\u015flayan bir projedir. Bu proje Caine\u2019nin ve onun oyun d\u00fckkan\u0131n\u0131n ke\u015ffedilmesi sonucu bir video ile t\u00fcm d\u00fcnya ile payla\u015f\u0131l\u0131r. D\u00fcnyada bir\u00e7ok \u00fclkenin kat\u0131ld\u0131\u011f\u0131 bu proje \u00e7ocuklar\u0131n yarat\u0131c\u0131l\u0131klar\u0131n\u0131 geli\u015ftiren ve ele\u015ftirel&#8230;<\/p>\n","protected":false},"author":2,"featured_media":15456,"parent":355,"menu_order":0,"comment_status":"closed","ping_status":"closed","template":"","meta":{"_acf_changed":false,"om_disable_all_campaigns":false,"inline_featured_image":false,"_monsterinsights_skip_tracking":false,"_monsterinsights_sitenote_active":false,"_monsterinsights_sitenote_note":"","_monsterinsights_sitenote_category":0,"footnotes":""},"class_list":["post-367","page","type-page","status-publish","has-post-thumbnail","hentry","custom-post-type-entry"],"aioseo_notices":[],"acf":[],"_links":{"self":[{"href":"https:\/\/www.enka.k12.tr\/adapazari\/wp-json\/wp\/v2\/pages\/367","targetHints":{"allow":["GET"]}}],"collection":[{"href":"https:\/\/www.enka.k12.tr\/adapazari\/wp-json\/wp\/v2\/pages"}],"about":[{"href":"https:\/\/www.enka.k12.tr\/adapazari\/wp-json\/wp\/v2\/types\/page"}],"author":[{"embeddable":true,"href":"https:\/\/www.enka.k12.tr\/adapazari\/wp-json\/wp\/v2\/users\/2"}],"replies":[{"embeddable":true,"href":"https:\/\/www.enka.k12.tr\/adapazari\/wp-json\/wp\/v2\/comments?post=367"}],"version-history":[{"count":0,"href":"https:\/\/www.enka.k12.tr\/adapazari\/wp-json\/wp\/v2\/pages\/367\/revisions"}],"up":[{"embeddable":true,"href":"https:\/\/www.enka.k12.tr\/adapazari\/wp-json\/wp\/v2\/pages\/355"}],"wp:featuredmedia":[{"embeddable":true,"href":"https:\/\/www.enka.k12.tr\/adapazari\/wp-json\/wp\/v2\/media\/15456"}],"wp:attachment":[{"href":"https:\/\/www.enka.k12.tr\/adapazari\/wp-json\/wp\/v2\/media?parent=367"}],"curies":[{"name":"wp","href":"https:\/\/api.w.org\/{rel}","templated":true}]}}