{"id":368,"date":"2017-07-03T11:43:19","date_gmt":"2017-07-03T11:43:19","guid":{"rendered":"http:\/\/www.enka.com\/foundation\/schools\/adapazari\/activities\/ecology-reading-summer-camp\/"},"modified":"2021-03-23T12:11:36","modified_gmt":"2021-03-23T09:11:36","slug":"ekoloji-okuryazarligi-kampi","status":"publish","type":"page","link":"https:\/\/www.enka.k12.tr\/adapazari\/etkinlikler\/ekoloji-okuryazarligi-kampi\/","title":{"rendered":"EKOLOJ\u0130 OKURYAZARLI\u011eI KAMPI"},"content":{"rendered":"<div class=\"wpb-content-wrapper\"><p>[vc_row][vc_column]<div id=\"ultimate-heading-758069e9fd808ca5d\" class=\"uvc-heading ult-adjust-bottom-margin ultimate-heading-758069e9fd808ca5d uvc-9237 \" data-hspacer=\"line_with_icon\" data-hline_width=\"auto\" data-hicon_type=\"custom\" data-hborder_style=\"solid\" data-hborder_height=\"3\" data-hborder_color=\"#69b3e7\" data-icon_width=\"200\" data-hfixer=\"30\"  data-halign=\"center\" style=\"text-align:center\"><div class=\"uvc-heading-spacer line_with_icon\" style=\"top\"><div class=\"ult-just-icon-wrapper  \"><div class=\"align-icon\" style=\"text-align:center;\">\n<div class=\"aio-icon-img \" style=\"font-size:200px;display:inline-block;\" >\n\t<img decoding=\"async\" class=\"img-icon\" alt=\"null\" src=\"https:\/\/www.enka.k12.tr\/adapazari\/wp-content\/uploads\/2021\/03\/enka_schools_log_newtr.jpg\"\/>\n<\/div><\/div><\/div><\/div><div class=\"uvc-sub-heading ult-responsive\"  data-ultimate-target='.uvc-heading.ultimate-heading-758069e9fd808ca5d .uvc-sub-heading '  data-responsive-json-new='{\"font-size\":\"\",\"line-height\":\"\"}'  style=\"font-weight:normal;\"><br \/><\/div><\/div><div class=\"ult-spacer spacer-69e9fd808cac1\" data-id=\"69e9fd808cac1\" data-height=\"30\" data-height-mobile=\"10\" data-height-tab=\"20\" data-height-tab-portrait=\"\" data-height-mobile-landscape=\"\" style=\"clear:both;display:block;\"><\/div>[\/vc_column][\/vc_row][vc_row gap=&#8221;30&#8243; padding_top=&#8221;40px&#8221; padding_bottom=&#8221;0px&#8221; padding_left=&#8221;10px&#8221; padding_right=&#8221;10px&#8221; bg_type=&#8221;bg_color&#8221; bg_color_value=&#8221;rgba(247,247,247,0.8)&#8221;][vc_column]<div id=\"ultimate-heading-818069e9fd808cb1d\" class=\"uvc-heading ult-adjust-bottom-margin ultimate-heading-818069e9fd808cb1d uvc-3135 \" data-hspacer=\"line_only\"  data-halign=\"left\" style=\"text-align:left\"><div class=\"uvc-main-heading ult-responsive\"  data-ultimate-target='.uvc-heading.ultimate-heading-818069e9fd808cb1d h2'  data-responsive-json-new='{\"font-size\":\"desktop:20px;\",\"line-height\":\"desktop:50px;\"}' ><h2 style=\"font-weight:normal;color:#000000;\">EKOLOJ\u0130 OKURYAZARLI\u011eI<\/h2><\/div><div class=\"uvc-sub-heading ult-responsive\"  data-ultimate-target='.uvc-heading.ultimate-heading-818069e9fd808cb1d .uvc-sub-heading '  data-responsive-json-new='{\"font-size\":\"desktop:50px;tablet:48px;tablet_portrait:46px;mobile_landscape:44px;mobile:42px;\",\"line-height\":\"desktop:50px;tablet:48px;tablet_portrait:46px;mobile_landscape:44px;mobile:42px;\"}'  style=\"font-weight:bold;color:#000000;\"><span style=\"color: #69b3e7;\">KAMPI<\/span><\/div><div class=\"uvc-heading-spacer line_only\" style=\"margin-top:10px;height:3px;\"><span class=\"uvc-headings-line\" style=\"border-style:solid;border-bottom-width:3px;border-color:#69b3e7;width:100px;\"><\/span><\/div><\/div>[\/vc_column][\/vc_row][vc_row gap=&#8221;30&#8243; padding_top=&#8221;40px&#8221; padding_bottom=&#8221;0px&#8221; padding_left=&#8221;10px&#8221; padding_right=&#8221;10px&#8221; bg_type=&#8221;bg_color&#8221; bg_color_value=&#8221;rgba(247,247,247,0.8)&#8221;][vc_column width=&#8221;2\/3&#8243;][vc_column_text]Adapazar\u0131 \u00d6zel ENKA Anadolu Lisesi olarak birincisini 3 &#8211; 7 Eyl\u00fcl 2012\u2019 de ger\u00e7ekle\u015ftirdi\u011fimiz EKOLOJ\u0130 OKURYAZARLI\u011eI KAMPI, ENKA Okullar\u0131 aras\u0131nda bir gelene\u011fe d\u00f6n\u00fc\u015ft\u00fc. \u0130kincisi 21 &#8211; 23 A\u011fustos 2013\u2019te Gebze ENKA\u00a0Teknik ve End\u00fcstri Meslek Lisesi taraf\u0131ndan yap\u0131lan bu kampta ama\u00e7 \u201cekoloji okuryazar\u0131\u201d bireyler yeti\u015ftirmektir. Bunu yaparken de \u00f6\u011frencilerin \u00f6ncelikle ya\u015fad\u0131klar\u0131 b\u00f6lgeleri sonra da yak\u0131n \u00e7evreyi tan\u0131mas\u0131, anlamas\u0131 ve \u00e7evresiyle olumlu ili\u015fkiler kurmas\u0131 hedeflenir. Hedefe ula\u015fmak i\u00e7in \u00fcniversitelerin ve akademisyenlerin deste\u011fi de al\u0131narak \u00f6\u011frencilerin her anlamda fark\u0131ndal\u0131k kazanmalar\u0131 sa\u011flan\u0131r. Ekoloji Okuryazarl\u0131\u011f\u0131 Kamp\u0131 her y\u0131l farkl\u0131 ortamlarda farkl\u0131 akademisyenlerin kat\u0131l\u0131m\u0131yla organize edilmektedir.[\/vc_column_text]<div class=\"ult-spacer spacer-69e9fd808cb8d\" data-id=\"69e9fd808cb8d\" data-height=\"30\" data-height-mobile=\"10\" data-height-tab=\"20\" data-height-tab-portrait=\"\" data-height-mobile-landscape=\"\" style=\"clear:both;display:block;\"><\/div>[\/vc_column][vc_column width=&#8221;1\/3&#8243;][vc_single_image image=&#8221;15328&#8243; img_size=&#8221;full&#8221;]<div class=\"ult-spacer spacer-69e9fd808cbbb\" data-id=\"69e9fd808cbbb\" data-height=\"30\" data-height-mobile=\"10\" data-height-tab=\"20\" data-height-tab-portrait=\"\" data-height-mobile-landscape=\"\" style=\"clear:both;display:block;\"><\/div>[\/vc_column][\/vc_row]<\/p>\n<\/div>","protected":false},"excerpt":{"rendered":"<p>[vc_row][vc_column][\/vc_column][\/vc_row][vc_row gap=&#8221;30&#8243; padding_top=&#8221;40px&#8221; padding_bottom=&#8221;0px&#8221; padding_left=&#8221;10px&#8221; padding_right=&#8221;10px&#8221; bg_type=&#8221;bg_color&#8221; bg_color_value=&#8221;rgba(247,247,247,0.8)&#8221;][vc_column][\/vc_column][\/vc_row][vc_row gap=&#8221;30&#8243; padding_top=&#8221;40px&#8221; padding_bottom=&#8221;0px&#8221; padding_left=&#8221;10px&#8221; padding_right=&#8221;10px&#8221; bg_type=&#8221;bg_color&#8221; bg_color_value=&#8221;rgba(247,247,247,0.8)&#8221;][vc_column width=&#8221;2\/3&#8243;][vc_column_text]Adapazar\u0131 \u00d6zel ENKA Anadolu Lisesi olarak birincisini 3 &#8211; 7 Eyl\u00fcl 2012\u2019 de ger\u00e7ekle\u015ftirdi\u011fimiz EKOLOJ\u0130 OKURYAZARLI\u011eI KAMPI, ENKA Okullar\u0131 aras\u0131nda bir gelene\u011fe d\u00f6n\u00fc\u015ft\u00fc. \u0130kincisi 21 &#8211; 23 A\u011fustos 2013\u2019te Gebze ENKA\u00a0Teknik ve End\u00fcstri Meslek Lisesi taraf\u0131ndan yap\u0131lan bu kampta ama\u00e7 \u201cekoloji okuryazar\u0131\u201d bireyler yeti\u015ftirmektir. Bunu yaparken de \u00f6\u011frencilerin \u00f6ncelikle ya\u015fad\u0131klar\u0131&#8230;<\/p>\n","protected":false},"author":2,"featured_media":1061,"parent":355,"menu_order":0,"comment_status":"closed","ping_status":"closed","template":"","meta":{"_acf_changed":false,"om_disable_all_campaigns":false,"inline_featured_image":false,"_monsterinsights_skip_tracking":false,"_monsterinsights_sitenote_active":false,"_monsterinsights_sitenote_note":"","_monsterinsights_sitenote_category":0,"footnotes":""},"class_list":["post-368","page","type-page","status-publish","has-post-thumbnail","hentry","custom-post-type-entry"],"aioseo_notices":[],"acf":[],"_links":{"self":[{"href":"https:\/\/www.enka.k12.tr\/adapazari\/wp-json\/wp\/v2\/pages\/368","targetHints":{"allow":["GET"]}}],"collection":[{"href":"https:\/\/www.enka.k12.tr\/adapazari\/wp-json\/wp\/v2\/pages"}],"about":[{"href":"https:\/\/www.enka.k12.tr\/adapazari\/wp-json\/wp\/v2\/types\/page"}],"author":[{"embeddable":true,"href":"https:\/\/www.enka.k12.tr\/adapazari\/wp-json\/wp\/v2\/users\/2"}],"replies":[{"embeddable":true,"href":"https:\/\/www.enka.k12.tr\/adapazari\/wp-json\/wp\/v2\/comments?post=368"}],"version-history":[{"count":0,"href":"https:\/\/www.enka.k12.tr\/adapazari\/wp-json\/wp\/v2\/pages\/368\/revisions"}],"up":[{"embeddable":true,"href":"https:\/\/www.enka.k12.tr\/adapazari\/wp-json\/wp\/v2\/pages\/355"}],"wp:featuredmedia":[{"embeddable":true,"href":"https:\/\/www.enka.k12.tr\/adapazari\/wp-json\/wp\/v2\/media\/1061"}],"wp:attachment":[{"href":"https:\/\/www.enka.k12.tr\/adapazari\/wp-json\/wp\/v2\/media?parent=368"}],"curies":[{"name":"wp","href":"https:\/\/api.w.org\/{rel}","templated":true}]}}