{"id":376,"date":"2017-07-03T11:45:17","date_gmt":"2017-07-03T11:45:17","guid":{"rendered":"http:\/\/www.enka.com\/foundation\/schools\/adapazari\/activities\/art-festival\/"},"modified":"2021-03-23T12:12:22","modified_gmt":"2021-03-23T09:12:22","slug":"sanat-senligi","status":"publish","type":"page","link":"https:\/\/www.enka.k12.tr\/adapazari\/etkinlikler\/sanat-senligi\/","title":{"rendered":"SANAT \u015eENL\u0130\u011e\u0130"},"content":{"rendered":"<div class=\"wpb-content-wrapper\"><p>[vc_row][vc_column]<div id=\"ultimate-heading-975169f1652f12529\" class=\"uvc-heading ult-adjust-bottom-margin ultimate-heading-975169f1652f12529 uvc-6914 \" data-hspacer=\"line_with_icon\" data-hline_width=\"auto\" data-hicon_type=\"custom\" data-hborder_style=\"solid\" data-hborder_height=\"3\" data-hborder_color=\"#69b3e7\" data-icon_width=\"200\" data-hfixer=\"30\"  data-halign=\"center\" style=\"text-align:center\"><div class=\"uvc-heading-spacer line_with_icon\" style=\"top\"><div class=\"ult-just-icon-wrapper  \"><div class=\"align-icon\" style=\"text-align:center;\">\n<div class=\"aio-icon-img \" style=\"font-size:200px;display:inline-block;\" >\n\t<img decoding=\"async\" class=\"img-icon\" alt=\"null\" src=\"https:\/\/www.enka.k12.tr\/adapazari\/wp-content\/uploads\/2021\/03\/enka_schools_log_newtr.jpg\"\/>\n<\/div><\/div><\/div><\/div><div class=\"uvc-sub-heading ult-responsive\"  data-ultimate-target='.uvc-heading.ultimate-heading-975169f1652f12529 .uvc-sub-heading '  data-responsive-json-new='{\"font-size\":\"\",\"line-height\":\"\"}'  style=\"font-weight:normal;\"><br \/><\/div><\/div><div class=\"ult-spacer spacer-69f1652f1259e\" data-id=\"69f1652f1259e\" data-height=\"30\" data-height-mobile=\"10\" data-height-tab=\"20\" data-height-tab-portrait=\"\" data-height-mobile-landscape=\"\" style=\"clear:both;display:block;\"><\/div>[\/vc_column][\/vc_row][vc_row][vc_column][vc_column_text]<\/p>\n<p>[\/vc_column_text][\/vc_column][\/vc_row][vc_row gap=&#8221;30&#8243; padding_top=&#8221;40px&#8221; padding_bottom=&#8221;0px&#8221; padding_left=&#8221;10px&#8221; padding_right=&#8221;10px&#8221; bg_type=&#8221;bg_color&#8221; bg_color_value=&#8221;rgba(247,247,247,0.8)&#8221;][vc_column width=&#8221;1\/4&#8243; padding_right=&#8221;10px&#8221;]<div id=\"ultimate-heading-136369f1652f12615\" class=\"uvc-heading ult-adjust-bottom-margin ultimate-heading-136369f1652f12615 uvc-934 \" data-hspacer=\"line_only\"  data-halign=\"left\" style=\"text-align:left\"><div class=\"uvc-main-heading ult-responsive\"  data-ultimate-target='.uvc-heading.ultimate-heading-136369f1652f12615 h2'  data-responsive-json-new='{\"font-size\":\"desktop:20px;\",\"line-height\":\"desktop:50px;\"}' ><h2 style=\"font-weight:normal;color:#000000;\">SANAT<\/h2><\/div><div class=\"uvc-sub-heading ult-responsive\"  data-ultimate-target='.uvc-heading.ultimate-heading-136369f1652f12615 .uvc-sub-heading '  data-responsive-json-new='{\"font-size\":\"desktop:50px;tablet:48px;tablet_portrait:46px;mobile_landscape:44px;mobile:42px;\",\"line-height\":\"desktop:50px;tablet:48px;tablet_portrait:46px;mobile_landscape:44px;mobile:42px;\"}'  style=\"font-weight:bold;color:#000000;\"><span style=\"color: #69b3e7;\">\u015eENL\u0130\u011e\u0130<\/span><\/div><div class=\"uvc-heading-spacer line_only\" style=\"margin-top:10px;height:3px;\"><span class=\"uvc-headings-line\" style=\"border-style:solid;border-bottom-width:3px;border-color:#000000;width:100px;\"><\/span><\/div><\/div><div class=\"ult-spacer spacer-69f1652f126a1\" data-id=\"69f1652f126a1\" data-height=\"30\" data-height-mobile=\"10\" data-height-tab=\"20\" data-height-tab-portrait=\"\" data-height-mobile-landscape=\"\" style=\"clear:both;display:block;\"><\/div>[\/vc_column][vc_column width=&#8221;3\/4&#8243;][vc_column_text]Sanat \u015eenli\u011fi Adapazar\u0131 \u00d6zel ENKA Okullar\u0131 misyonu do\u011frultusunda e\u011fitimde f\u0131rsat e\u015fitli\u011fini sunarken ele\u015ftirel d\u00fc\u015f\u00fcnen, farkl\u0131l\u0131klara sayg\u0131 duyan, uluslararas\u0131 bilince sahip yarat\u0131c\u0131 bireyler yeti\u015ftirebilmeyi desteklemek i\u00e7in d\u00fczenlenir. Anas\u0131n\u0131f\u0131ndan lise son s\u0131n\u0131fa kadar t\u00fcm \u00f6\u011frencilerimizin kat\u0131l\u0131m\u0131yla ilgi alanlar\u0131na g\u00f6re k\u00fc\u00e7\u00fck gruplarda \u00e7al\u0131\u015ftaylar ve t\u00fcm okul toplumunun yer ald\u0131\u011f\u0131 etkinlikler yap\u0131l\u0131r. T\u00fcm hafta boyunca s\u00fcren sanat \u015fenli\u011fi kapsam\u0131nda m\u00fczi\u011fin, g\u00f6rsel sanatlar\u0131n ve beden performanslar\u0131n\u0131n her alan\u0131nda \u00f6\u011frenci sunumlar\u0131 yap\u0131l\u0131rken bu alanlar\u0131n t\u00fcm\u00fcnde \u00f6zg\u00fcn \u00f6zelliklere sahip misafir sanat\u00e7\u0131lar\u0131n ve akademisyenlerin performans sunumlar\u0131na da yer verilir. Misafir sanat\u00e7\u0131lar\u0131n ve akademisyenlerin \u00f6\u011frencilerimizle yapt\u0131\u011f\u0131 \u00e7al\u0131\u015ftaylarla devam eden etkinliklerde \u00f6\u011frencilerimizin farkl\u0131 \u00f6zelliklerini fark etmeleri, kendilerini sanat yolu ile ifade edebilmeleri, ileti\u015fimlerini sanat\u0131n yard\u0131m\u0131yla kuvvetlendirmeleri hedeflenir.[\/vc_column_text]<div class=\"ult-spacer spacer-69f1652f126d0\" data-id=\"69f1652f126d0\" data-height=\"30\" data-height-mobile=\"10\" data-height-tab=\"20\" data-height-tab-portrait=\"\" data-height-mobile-landscape=\"\" style=\"clear:both;display:block;\"><\/div>[\/vc_column][\/vc_row]<\/p>\n<\/div>","protected":false},"excerpt":{"rendered":"<p>[vc_row][vc_column][\/vc_column][\/vc_row][vc_row][vc_column][vc_column_text] [\/vc_column_text][\/vc_column][\/vc_row][vc_row gap=&#8221;30&#8243; padding_top=&#8221;40px&#8221; padding_bottom=&#8221;0px&#8221; padding_left=&#8221;10px&#8221; padding_right=&#8221;10px&#8221; bg_type=&#8221;bg_color&#8221; bg_color_value=&#8221;rgba(247,247,247,0.8)&#8221;][vc_column width=&#8221;1\/4&#8243; padding_right=&#8221;10px&#8221;][\/vc_column][vc_column width=&#8221;3\/4&#8243;][vc_column_text]Sanat \u015eenli\u011fi Adapazar\u0131 \u00d6zel ENKA Okullar\u0131 misyonu do\u011frultusunda e\u011fitimde f\u0131rsat e\u015fitli\u011fini sunarken ele\u015ftirel d\u00fc\u015f\u00fcnen, farkl\u0131l\u0131klara sayg\u0131 duyan, uluslararas\u0131 bilince sahip yarat\u0131c\u0131 bireyler yeti\u015ftirebilmeyi desteklemek i\u00e7in d\u00fczenlenir. Anas\u0131n\u0131f\u0131ndan lise son s\u0131n\u0131fa kadar t\u00fcm \u00f6\u011frencilerimizin kat\u0131l\u0131m\u0131yla ilgi alanlar\u0131na g\u00f6re k\u00fc\u00e7\u00fck gruplarda \u00e7al\u0131\u015ftaylar ve t\u00fcm okul toplumunun yer ald\u0131\u011f\u0131 etkinlikler yap\u0131l\u0131r. T\u00fcm hafta boyunca s\u00fcren sanat \u015fenli\u011fi&#8230;<\/p>\n","protected":false},"author":2,"featured_media":1058,"parent":355,"menu_order":0,"comment_status":"closed","ping_status":"closed","template":"","meta":{"_acf_changed":false,"om_disable_all_campaigns":false,"inline_featured_image":false,"_monsterinsights_skip_tracking":false,"_monsterinsights_sitenote_active":false,"_monsterinsights_sitenote_note":"","_monsterinsights_sitenote_category":0,"footnotes":""},"class_list":["post-376","page","type-page","status-publish","has-post-thumbnail","hentry","custom-post-type-entry"],"aioseo_notices":[],"acf":[],"_links":{"self":[{"href":"https:\/\/www.enka.k12.tr\/adapazari\/wp-json\/wp\/v2\/pages\/376","targetHints":{"allow":["GET"]}}],"collection":[{"href":"https:\/\/www.enka.k12.tr\/adapazari\/wp-json\/wp\/v2\/pages"}],"about":[{"href":"https:\/\/www.enka.k12.tr\/adapazari\/wp-json\/wp\/v2\/types\/page"}],"author":[{"embeddable":true,"href":"https:\/\/www.enka.k12.tr\/adapazari\/wp-json\/wp\/v2\/users\/2"}],"replies":[{"embeddable":true,"href":"https:\/\/www.enka.k12.tr\/adapazari\/wp-json\/wp\/v2\/comments?post=376"}],"version-history":[{"count":0,"href":"https:\/\/www.enka.k12.tr\/adapazari\/wp-json\/wp\/v2\/pages\/376\/revisions"}],"up":[{"embeddable":true,"href":"https:\/\/www.enka.k12.tr\/adapazari\/wp-json\/wp\/v2\/pages\/355"}],"wp:featuredmedia":[{"embeddable":true,"href":"https:\/\/www.enka.k12.tr\/adapazari\/wp-json\/wp\/v2\/media\/1058"}],"wp:attachment":[{"href":"https:\/\/www.enka.k12.tr\/adapazari\/wp-json\/wp\/v2\/media?parent=376"}],"curies":[{"name":"wp","href":"https:\/\/api.w.org\/{rel}","templated":true}]}}