{"id":3853,"date":"2017-07-19T10:45:46","date_gmt":"2017-07-19T10:45:46","guid":{"rendered":"http:\/\/www.enka.com\/foundation\/schools\/adapazari\/neden-enka\/technology-usage\/"},"modified":"2021-03-23T10:51:24","modified_gmt":"2021-03-23T07:51:24","slug":"teknoloji-kullanimi","status":"publish","type":"page","link":"https:\/\/www.enka.k12.tr\/adapazari\/hakkimizda\/teknoloji-kullanimi\/","title":{"rendered":"TEKNOLOJ\u0130 KULLANIMI"},"content":{"rendered":"<div class=\"wpb-content-wrapper\"><p>[vc_row][vc_column]<div id=\"ultimate-heading-282569e9fc47203f6\" class=\"uvc-heading ult-adjust-bottom-margin ultimate-heading-282569e9fc47203f6 uvc-4611 \" data-hspacer=\"line_with_icon\" data-hline_width=\"auto\" data-hicon_type=\"custom\" data-hborder_style=\"solid\" data-hborder_height=\"3\" data-hborder_color=\"#69b3e7\" data-icon_width=\"200\" data-hfixer=\"30\"  data-halign=\"center\" style=\"text-align:center\"><div class=\"uvc-heading-spacer line_with_icon\" style=\"top\"><div class=\"ult-just-icon-wrapper  \"><div class=\"align-icon\" style=\"text-align:center;\">\n<div class=\"aio-icon-img \" style=\"font-size:200px;display:inline-block;\" >\n\t<img decoding=\"async\" class=\"img-icon\" alt=\"null\" src=\"https:\/\/www.enka.k12.tr\/adapazari\/wp-content\/uploads\/2021\/03\/enka_schools_log_newtr.jpg\"\/>\n<\/div><\/div><\/div><\/div><div class=\"uvc-sub-heading ult-responsive\"  data-ultimate-target='.uvc-heading.ultimate-heading-282569e9fc47203f6 .uvc-sub-heading '  data-responsive-json-new='{\"font-size\":\"\",\"line-height\":\"\"}'  style=\"font-weight:normal;\"><br \/><\/div><\/div><div class=\"ult-spacer spacer-69e9fc472046f\" data-id=\"69e9fc472046f\" data-height=\"24\" data-height-mobile=\"24\" data-height-tab=\"24\" data-height-tab-portrait=\"\" data-height-mobile-landscape=\"\" style=\"clear:both;display:block;\"><\/div>[\/vc_column][\/vc_row][vc_row padding_top=&#8221;30px&#8221; bg_type=&#8221;bg_color&#8221; bg_color_value=&#8221;#f5f5f5&#8243;][vc_column]<div id=\"ultimate-heading-420569e9fc472051e\" class=\"uvc-heading ult-adjust-bottom-margin ultimate-heading-420569e9fc472051e uvc-163 \" data-hspacer=\"line_only\"  data-halign=\"left\" style=\"text-align:left\"><div class=\"uvc-main-heading ult-responsive\"  data-ultimate-target='.uvc-heading.ultimate-heading-420569e9fc472051e h2'  data-responsive-json-new='{\"font-size\":\"desktop:20px;\",\"line-height\":\"desktop:50px;\"}' ><h2 style=\"font-weight:normal;color:#000000;\">TEKNOLOJ\u0130<\/h2><\/div><div class=\"uvc-sub-heading ult-responsive\"  data-ultimate-target='.uvc-heading.ultimate-heading-420569e9fc472051e .uvc-sub-heading '  data-responsive-json-new='{\"font-size\":\"desktop:50px;tablet:48px;tablet_portrait:46px;mobile_landscape:44px;mobile:42px;\",\"line-height\":\"desktop:50px;tablet:48px;tablet_portrait:46px;mobile_landscape:44px;mobile:42px;\"}'  style=\"font-weight:bold;color:#000000;\"><span style=\"color: #69b3e7;\">KULLANIMI<\/span><\/div><div class=\"uvc-heading-spacer line_only\" style=\"margin-top:10px;height:3px;\"><span class=\"uvc-headings-line\" style=\"border-style:solid;border-bottom-width:3px;border-color:#000000;width:100px;\"><\/span><\/div><\/div>[\/vc_column][\/vc_row][vc_row padding_top=&#8221;30px&#8221; bg_type=&#8221;bg_color&#8221; bg_color_value=&#8221;#f5f5f5&#8243;][vc_column][vc_column_text]Teknoloji e\u011fitimi ana s\u0131n\u0131f\u0131ndan liseye kadar devam etmektedir. Ak\u0131ll\u0131 s\u0131n\u0131flarda ve laboratuvar ortamlar\u0131nda verilen e\u011fitimlerde \u00f6\u011frencilerin uygulama yapmas\u0131na olanak sa\u011flanmaktad\u0131r. Microsoft SharePoint, K12Net, ItunesU, Britannica School Edition ve farkl\u0131 bir\u00e7ok e\u011fitim teknolojisi yaz\u0131l\u0131m\u0131 okulumuzda aktif olarak hem \u00f6\u011frenciler hem de \u00f6\u011fretmenler taraf\u0131ndan kullan\u0131lmaktad\u0131r. 2013-2014 e\u011fitim-\u00f6\u011fretim y\u0131l\u0131ndan itibaren ilkokul, ortaokul ve lisemizde iPad ile e\u011fitim ba\u015flat\u0131lm\u0131\u015ft\u0131r. 2014-2015 e\u011fitim \u00f6\u011fretim y\u0131l\u0131nda da 4,6,7,Haz\u0131rl\u0131k, 9 ve 10. s\u0131n\u0131flarda, t\u00fcm derslerde \u00f6\u011frencilerimiz kendi iPad\u2019lerini bir e\u011fitim arac\u0131 olarak kullanmaktad\u0131r. \u00d6\u011fretmenlerimiz yetkili Apple e\u011fitmenleri taraf\u0131ndan d\u00fczenlenen e\u011fitimlere kat\u0131lmaktad\u0131r. \u00d6\u011frencilerimiz liseden mezun olmadan temel bilgisayar kullan\u0131m\u0131, i\u015fletim sistemi, bilgisayar destekli grafik, web tasar\u0131m\u0131, programlama ve teknik \u00e7izim konular\u0131nda sertifikalar almaktad\u0131r. Geli\u015fen e\u011fitim teknolojileri do\u011frultusunda t\u00fcm personelimize hizmet i\u00e7i e\u011fitimler verilmektedir.[\/vc_column_text]<div class=\"ult-spacer spacer-69e9fc4720596\" data-id=\"69e9fc4720596\" data-height=\"24\" data-height-mobile=\"24\" data-height-tab=\"24\" data-height-tab-portrait=\"\" data-height-mobile-landscape=\"\" style=\"clear:both;display:block;\"><\/div>[\/vc_column][\/vc_row][vc_row padding_top=&#8221;30px&#8221; bg_type=&#8221;bg_color&#8221; bg_color_value=&#8221;#f5f5f5&#8243;][vc_column]\n\t\t\t\t<script type=\"text\/javascript\">\n\t\t\t\t\tjQuery(function($){\n\t\t\t\t\t\tif ( $.fn.imagesLoaded != undefined && $.fn.carouFredSel != undefined ) {\n\t\t\t\t\t\t\tvar $carouselContainer = $(\"#caroufredsel-81\");\n\t\t\t\t\t\t\t$carouselContainer.imagesLoaded(function() {\n\t\t\t\t\t\t\t\t$carouselContainer.carouFredSel({\n\t\t\t\t\t\t\t\t\tresponsive : true,\n\t\t\t\t\t\t\t\t\theight: \"variable\",\n\t\t\t\t\t\t\t\t\twidth : \"100%\",\n\t\t\t\t\t\t\t\t\tcircular : true,\n\t\t\t\t\t\t\t\t\tinfinite : true,\n\t\t\t\t\t\t\t\t\tauto : {\n\t\t\t\t\t\t\t\t\t\tplay: false,\n\t\t\t\t\t\t\t\t\t\ttimeoutDuration : 5000,\n\t\t\t\t\t\t\t\t\t},\n\t\t\t\t\t\t\t\t\tswipe : {\n\t\t\t\t\t\t\t\t\t\tonTouch: true,\n\t\t\t\t\t\t\t\t\t\tonMouse: true,\n\t\t\t\t\t\t\t\t\t},prev : \"#prev-81\",next : \"#next-81\",items : {\n\t\t\t\t\t\t\t\t\t\twidth : 400,\n\t\t\t\t\t\t\t\t\t\theight: \"variable\",\n\t\t\t\t\t\t\t\t\t\tvisible : {\n\t\t\t\t\t\t\t\t\t\t\tmin : 1,\n\t\t\t\t\t\t\t\t\t\t\tmax : 4\n\t\t\t\t\t\t\t\t\t\t}\n\t\t\t\t\t\t\t\t\t}\n\t\t\t\t\t\t\t\t});\n\t\t\t\t\t\t\t});\n\t\t\t\t\t\t}$(window).load(function(){\n\t\t\t\t\t\t\t\t$(\".vcex-caroufredsel-loading\").removeClass(\"vcex-caroufredsel-loading\");\n\t\t\t\t\t\t\t});});\n\t\t\t\t<\/script><div class=\"vcex-caroufredsel-wrap clr vcex-caroufredsel-portfolio vcex-caroufredsel-default vcex-caroufredsel-loading\"><div class=\"vcex-caroufredsel vcex-gallery-lightbox \"><ul id=\"caroufredsel-81\"><li class=\"vcex-caroufredsel-slide\"><div class=\"vcex-caroufredsel-entry-media vcex-true\"><a href=\"https:\/\/www.enka.k12.tr\/adapazari\/wp-content\/uploads\/2017\/07\/technology_usage_450x300.jpg\" title=\"\" class=\"vcex-caroufredsel-entry-img gallery-lightbox\"><img decoding=\"async\" src=\"https:\/\/www.enka.k12.tr\/adapazari\/wp-content\/uploads\/2017\/07\/technology_usage_450x300.jpg\" alt=\"\" \/><\/a><!-- .vcex-caroufredsel-entry-img --><\/div><\/li><li class=\"vcex-caroufredsel-slide\"><div class=\"vcex-caroufredsel-entry-media vcex-true\"><a href=\"https:\/\/www.enka.k12.tr\/adapazari\/wp-content\/uploads\/2017\/07\/technology_usage_450x300_1.jpg\" title=\"\" class=\"vcex-caroufredsel-entry-img gallery-lightbox\"><img decoding=\"async\" src=\"https:\/\/www.enka.k12.tr\/adapazari\/wp-content\/uploads\/2017\/07\/technology_usage_450x300_1.jpg\" alt=\"\" \/><\/a><!-- .vcex-caroufredsel-entry-img --><\/div><\/li><li class=\"vcex-caroufredsel-slide\"><div class=\"vcex-caroufredsel-entry-media vcex-true\"><a href=\"https:\/\/www.enka.k12.tr\/adapazari\/wp-content\/uploads\/2017\/07\/technology_usage_450x300_2.jpg\" title=\"\" class=\"vcex-caroufredsel-entry-img gallery-lightbox\"><img decoding=\"async\" src=\"https:\/\/www.enka.k12.tr\/adapazari\/wp-content\/uploads\/2017\/07\/technology_usage_450x300_2.jpg\" alt=\"\" \/><\/a><!-- .vcex-caroufredsel-entry-img --><\/div><\/li><li class=\"vcex-caroufredsel-slide\"><div class=\"vcex-caroufredsel-entry-media vcex-true\"><a href=\"https:\/\/www.enka.k12.tr\/adapazari\/wp-content\/uploads\/2017\/07\/technology_usage_450x300_3.jpg\" title=\"\" class=\"vcex-caroufredsel-entry-img gallery-lightbox\"><img decoding=\"async\" src=\"https:\/\/www.enka.k12.tr\/adapazari\/wp-content\/uploads\/2017\/07\/technology_usage_450x300_3.jpg\" alt=\"\" \/><\/a><!-- .vcex-caroufredsel-entry-img --><\/div><\/li><\/ul><div id=\"prev-81\" class=\"vcex-caroufredsel-prev\"><span class=\"fa fa-chevron-left\"><\/span><\/div><div id=\"next-81\" class=\"vcex-caroufredsel-next\"><span class=\"fa fa-chevron-right\"><\/span><\/div><\/div><\/div><div class=\"vcex-clear-floats\"><\/div><div class=\"ult-spacer spacer-69e9fc4721006\" data-id=\"69e9fc4721006\" data-height=\"24\" data-height-mobile=\"24\" data-height-tab=\"24\" data-height-tab-portrait=\"\" data-height-mobile-landscape=\"\" style=\"clear:both;display:block;\"><\/div>[\/vc_column][\/vc_row]<\/p>\n<\/div>","protected":false},"excerpt":{"rendered":"<p>[vc_row][vc_column][\/vc_column][\/vc_row][vc_row padding_top=&#8221;30px&#8221; bg_type=&#8221;bg_color&#8221; bg_color_value=&#8221;#f5f5f5&#8243;][vc_column][\/vc_column][\/vc_row][vc_row padding_top=&#8221;30px&#8221; bg_type=&#8221;bg_color&#8221; bg_color_value=&#8221;#f5f5f5&#8243;][vc_column][vc_column_text]Teknoloji e\u011fitimi ana s\u0131n\u0131f\u0131ndan liseye kadar devam etmektedir. Ak\u0131ll\u0131 s\u0131n\u0131flarda ve laboratuvar ortamlar\u0131nda verilen e\u011fitimlerde \u00f6\u011frencilerin uygulama yapmas\u0131na olanak sa\u011flanmaktad\u0131r. Microsoft SharePoint, K12Net, ItunesU, Britannica School Edition ve farkl\u0131 bir\u00e7ok e\u011fitim teknolojisi yaz\u0131l\u0131m\u0131 okulumuzda aktif olarak hem \u00f6\u011frenciler hem de \u00f6\u011fretmenler taraf\u0131ndan kullan\u0131lmaktad\u0131r. 2013-2014 e\u011fitim-\u00f6\u011fretim y\u0131l\u0131ndan itibaren ilkokul, ortaokul ve lisemizde iPad ile e\u011fitim ba\u015flat\u0131lm\u0131\u015ft\u0131r. 2014-2015 e\u011fitim \u00f6\u011fretim y\u0131l\u0131nda&#8230;<\/p>\n","protected":false},"author":2,"featured_media":1414,"parent":138,"menu_order":4,"comment_status":"closed","ping_status":"closed","template":"","meta":{"_acf_changed":false,"om_disable_all_campaigns":false,"inline_featured_image":false,"_monsterinsights_skip_tracking":false,"_monsterinsights_sitenote_active":false,"_monsterinsights_sitenote_note":"","_monsterinsights_sitenote_category":0,"footnotes":""},"class_list":["post-3853","page","type-page","status-publish","has-post-thumbnail","hentry","custom-post-type-entry"],"aioseo_notices":[],"acf":[],"_links":{"self":[{"href":"https:\/\/www.enka.k12.tr\/adapazari\/wp-json\/wp\/v2\/pages\/3853","targetHints":{"allow":["GET"]}}],"collection":[{"href":"https:\/\/www.enka.k12.tr\/adapazari\/wp-json\/wp\/v2\/pages"}],"about":[{"href":"https:\/\/www.enka.k12.tr\/adapazari\/wp-json\/wp\/v2\/types\/page"}],"author":[{"embeddable":true,"href":"https:\/\/www.enka.k12.tr\/adapazari\/wp-json\/wp\/v2\/users\/2"}],"replies":[{"embeddable":true,"href":"https:\/\/www.enka.k12.tr\/adapazari\/wp-json\/wp\/v2\/comments?post=3853"}],"version-history":[{"count":0,"href":"https:\/\/www.enka.k12.tr\/adapazari\/wp-json\/wp\/v2\/pages\/3853\/revisions"}],"up":[{"embeddable":true,"href":"https:\/\/www.enka.k12.tr\/adapazari\/wp-json\/wp\/v2\/pages\/138"}],"wp:featuredmedia":[{"embeddable":true,"href":"https:\/\/www.enka.k12.tr\/adapazari\/wp-json\/wp\/v2\/media\/1414"}],"wp:attachment":[{"href":"https:\/\/www.enka.k12.tr\/adapazari\/wp-json\/wp\/v2\/media?parent=3853"}],"curies":[{"name":"wp","href":"https:\/\/api.w.org\/{rel}","templated":true}]}}