{"id":394,"date":"2017-07-03T11:51:13","date_gmt":"2017-07-03T11:51:13","guid":{"rendered":"http:\/\/www.enka.com\/foundation\/schools\/adapazari\/library\/general-introduction\/"},"modified":"2021-03-23T12:30:54","modified_gmt":"2021-03-23T09:30:54","slug":"genel-tanitim","status":"publish","type":"page","link":"https:\/\/www.enka.k12.tr\/adapazari\/kutuphane\/genel-tanitim\/","title":{"rendered":"GENEL TANITIM"},"content":{"rendered":"<div class=\"wpb-content-wrapper\"><p>[vc_row][vc_column]<div id=\"ultimate-heading-783069f16557e3ca4\" class=\"uvc-heading ult-adjust-bottom-margin ultimate-heading-783069f16557e3ca4 uvc-3596 \" data-hspacer=\"line_with_icon\" data-hline_width=\"auto\" data-hicon_type=\"custom\" data-hborder_style=\"solid\" data-hborder_height=\"3\" data-hborder_color=\"#69b3e7\" data-icon_width=\"200\" data-hfixer=\"30\"  data-halign=\"center\" style=\"text-align:center\"><div class=\"uvc-heading-spacer line_with_icon\" style=\"top\"><div class=\"ult-just-icon-wrapper  \"><div class=\"align-icon\" style=\"text-align:center;\">\n<div class=\"aio-icon-img \" style=\"font-size:200px;display:inline-block;\" >\n\t<img decoding=\"async\" class=\"img-icon\" alt=\"null\" src=\"https:\/\/www.enka.k12.tr\/adapazari\/wp-content\/uploads\/2021\/03\/enka_schools_log_newtr.jpg\"\/>\n<\/div><\/div><\/div><\/div><div class=\"uvc-sub-heading ult-responsive\"  data-ultimate-target='.uvc-heading.ultimate-heading-783069f16557e3ca4 .uvc-sub-heading '  data-responsive-json-new='{\"font-size\":\"\",\"line-height\":\"\"}'  style=\"font-weight:normal;\"><br \/><\/div><\/div><div class=\"ult-spacer spacer-69f16557e3d0b\" data-id=\"69f16557e3d0b\" data-height=\"30\" data-height-mobile=\"10\" data-height-tab=\"20\" data-height-tab-portrait=\"\" data-height-mobile-landscape=\"\" style=\"clear:both;display:block;\"><\/div>[\/vc_column][\/vc_row][vc_row gap=&#8221;30&#8243; padding_top=&#8221;40px&#8221; padding_bottom=&#8221;0px&#8221; padding_left=&#8221;10px&#8221; padding_right=&#8221;10px&#8221; bg_type=&#8221;bg_color&#8221; bg_color_value=&#8221;rgba(247,247,247,0.8)&#8221;][vc_column padding_right=&#8221;10px&#8221;]<div id=\"ultimate-heading-790769f16557e3d6f\" class=\"uvc-heading ult-adjust-bottom-margin ultimate-heading-790769f16557e3d6f uvc-3807 \" data-hspacer=\"line_only\"  data-halign=\"left\" style=\"text-align:left\"><div class=\"uvc-main-heading ult-responsive\"  data-ultimate-target='.uvc-heading.ultimate-heading-790769f16557e3d6f h2'  data-responsive-json-new='{\"font-size\":\"desktop:20px;\",\"line-height\":\"desktop:50px;\"}' ><h2 style=\"font-weight:normal;color:#000000;\">GENEL<\/h2><\/div><div class=\"uvc-sub-heading ult-responsive\"  data-ultimate-target='.uvc-heading.ultimate-heading-790769f16557e3d6f .uvc-sub-heading '  data-responsive-json-new='{\"font-size\":\"desktop:50px;tablet:48px;tablet_portrait:46px;mobile_landscape:44px;mobile:42px;\",\"line-height\":\"desktop:50px;tablet:48px;tablet_portrait:46px;mobile_landscape:44px;mobile:42px;\"}'  style=\"font-weight:bold;color:#000000;\"><span style=\"color: #69b3e7;\">TANITIM<\/span><\/div><div class=\"uvc-heading-spacer line_only\" style=\"margin-top:10px;height:3px;\"><span class=\"uvc-headings-line\" style=\"border-style:solid;border-bottom-width:3px;border-color:#000000;width:100px;\"><\/span><\/div><\/div>[\/vc_column][\/vc_row][vc_row gap=&#8221;30&#8243; padding_top=&#8221;40px&#8221; padding_bottom=&#8221;0px&#8221; padding_left=&#8221;10px&#8221; padding_right=&#8221;10px&#8221; bg_type=&#8221;bg_color&#8221; bg_color_value=&#8221;rgba(247,247,247,0.8)&#8221;][vc_column][vc_column_text]Adapazar\u0131 ENKA Okullar\u0131 kamp\u00fcs\u00fcnde ilkokul, ortaokul, lise binalar\u0131m\u0131zda \u00f6\u011frencilerimizin ve \u00f6\u011fretmenlerimizin kullan\u0131m\u0131na sunulan \u00fc\u00e7 adet k\u00fct\u00fcphane vard\u0131r.<\/p>\n<p>K\u00fct\u00fcphanelerimiz, t\u00fcm kamp\u00fcs payda\u015flar\u0131n\u0131n okuma al\u0131\u015fkanl\u0131\u011f\u0131 ve k\u00fclt\u00fcr\u00fcn\u00fc geli\u015ftirip s\u00fcrd\u00fcr\u00fclebilir d\u00f6n\u00fc\u015f\u00fcm\u00fcn\u00fc sa\u011flamak i\u00e7in etkinlikler geli\u015ftirir ve etkin olarak uygular. Ayn\u0131 zamanda geli\u015fen ve de\u011fi\u015fen m\u00fcfredat i\u00e7in ihtiya\u00e7 duyulan en g\u00fcncel bas\u0131l\u0131 ve dijital bilgi kaynaklar\u0131n\u0131 edinir ve payda\u015flar\u0131na kulland\u0131r\u0131r.<\/p>\n<p>\u00d6\u011frencilerimizin akademik d\u00fcr\u00fcstl\u00fck ve bilgi okuryazarl\u0131\u011f\u0131 becerilerini desteklemek i\u00e7in programlar geli\u015ftirir ve bunlar\u0131n e\u011fitimlerini verir. Bu programlar sayesinde \u00f6\u011frenenlerimiz, anas\u0131n\u0131f\u0131ndan lise son s\u0131n\u0131fa kadarki \u00f6\u011frenim s\u00fcre\u00e7lerinde uluslararas\u0131 standartlarda bilimsel rapor yazabilir donan\u0131ma kavu\u015fmaktad\u0131rlar.<\/p>\n<p>K\u00fct\u00fcphanelerimiz okullar\u0131m\u0131z\u0131n merkezinde; her disiplinle s\u0131k\u0131 bir i\u015f birli\u011fi i\u00e7erisindedir. Koleksiyon geli\u015fimi \u00f6\u011frenci, \u00f6\u011fretmen ve di\u011fer t\u00fcm payda\u015flar\u0131n istekleri do\u011frultusunda sa\u011flan\u0131r.<\/p>\n<p>ENKA Okullar\u0131 K\u00fct\u00fcphaneleri, \u00e7evresinde ya\u015fayan toplumun bilgiye eri\u015fimine katk\u0131da bulunmak, okuma al\u0131\u015fkanl\u0131\u011f\u0131 ve k\u00fclt\u00fcr\u00fcn\u00fcn geli\u015fmesine destek olmak i\u00e7in de sorumluluk \u00fcstlenerek \u00e7e\u015fitli etkinlikler organize eder.<\/p>\n<p>Toplam fiziksel materyal say\u0131s\u0131 61.895\u2019tir. 57.000 adet kitap, 902 adet CD, 157 adet VCD, 1000 adet DVD, 2.500 adet VHS, 336 adet Laser Disc, 32 adet s\u00fcreli yay\u0131n\u0131 ile g\u00fcncel kalabilen bir k\u00fct\u00fcphanedir. G\u00fcnl\u00fck 5 ulusal, 2 yerel, 1 \u0130ngilizce, toplam 8 adet gazete takibi yap\u0131lmaktad\u0131r.<\/p>\n<p>\u00d6zenle se\u00e7imi yap\u0131lan; abonelik y\u00f6ntemiyle ve a\u00e7\u0131k eri\u015fimle ula\u015f\u0131lan dijital ansiklopedi veri tabanlar\u0131, dijital kitap veri tabanlar\u0131, dijital dergi veri tabanlar\u0131 ve akademik d\u00fcr\u00fcstl\u00fck \u00e7al\u0131\u015fmalar\u0131nda kullan\u0131lan uluslararas\u0131 \u201cintihal filtreleme\u201d yaz\u0131l\u0131m\u0131 da \u00f6\u011frenenlerimize kulland\u0131r\u0131lmaktad\u0131r.<\/p>\n<p>K\u00fct\u00fcphanelerimizdeki fiziksel yay\u0131nlar dahil t\u00fcm koleksiyonumuz, kullan\u0131c\u0131lar\u0131m\u0131z i\u00e7in uzaktan eri\u015fime a\u00e7\u0131kt\u0131r.[\/vc_column_text][\/vc_column][\/vc_row][vc_row gap=&#8221;30&#8243; padding_top=&#8221;40px&#8221; padding_bottom=&#8221;0px&#8221; padding_left=&#8221;10px&#8221; padding_right=&#8221;10px&#8221; bg_type=&#8221;bg_color&#8221; bg_color_value=&#8221;rgba(247,247,247,0.8)&#8221;][vc_column][vc_column_text]<span style=\"font-size: 18pt;\"><strong>Hizmet Saatleri<\/strong><\/span><\/p>\n<p><span style=\"font-size: 10.5pt; font-family: 'enka_font',serif; color: black;\">Hafta i\u00e7i 08.20 \u2013 17.30 saatleri aras\u0131d\u0131r.<\/span><\/p>\n<p>[\/vc_column_text][\/vc_column][\/vc_row][vc_row gap=&#8221;30&#8243; padding_top=&#8221;40px&#8221; padding_bottom=&#8221;0px&#8221; padding_left=&#8221;10px&#8221; padding_right=&#8221;10px&#8221; bg_type=&#8221;bg_color&#8221; bg_color_value=&#8221;rgba(247,247,247,0.8)&#8221;][vc_column][vc_column_text]<span style=\"font-size: 18pt;\"><strong>\u015ear\u0131k Tara<\/strong><strong>\u00a0<\/strong><\/span><\/p>\n<p style=\"margin: 0cm; margin-bottom: .0001pt; vertical-align: baseline;\"><span style=\"font-size: 10.5pt; font-family: 'enka_font',serif; color: black;\">ENKA Holding Onursal Ba\u015fkan\u0131 Say\u0131n \u015ear\u0131k Tara, 2014 y\u0131l\u0131nda ba\u015flatt\u0131\u011f\u0131 bir kampanya dahilinde k\u00fct\u00fcphanemize yakla\u015f\u0131k 15.000 kitap ve kitap d\u0131\u015f\u0131 yay\u0131n\u0131 ba\u011f\u0131\u015flam\u0131\u015ft\u0131r. Halen devam eden kampanya dahilinde edinilen yay\u0131nlar\u0131n fazla n\u00fcshalar\u0131 ihtiya\u00e7 duyan di\u011fer okullara g\u00f6nderilerek k\u00fct\u00fcphanelerine destek olunmaktad\u0131r.<\/span><\/p>\n<p>[\/vc_column_text][\/vc_column][\/vc_row][vc_row gap=&#8221;30&#8243; padding_top=&#8221;40px&#8221; padding_bottom=&#8221;0px&#8221; padding_left=&#8221;10px&#8221; padding_right=&#8221;10px&#8221; bg_type=&#8221;bg_color&#8221; bg_color_value=&#8221;rgba(247,247,247,0.8)&#8221;][vc_column width=&#8221;1\/3&#8243;][vc_column_text]<span style=\"font-size: 18pt;\"><strong>Halit \u00c7ap\u0131n<\/strong><\/span><\/p>\n<p style=\"margin: 0cm; margin-bottom: .0001pt; vertical-align: baseline;\"><span style=\"font-size: 10.5pt; font-family: 'enka_font',serif; color: black;\">T\u00fcrk\u00e7e ve edebiyata katk\u0131lar\u0131, mesle\u011fe yapt\u0131\u011f\u0131 hizmetleri, dili \u00f6zg\u00fcn kullan\u0131m\u0131, k\u0131vrak bir kaleme sahip olmas\u0131 ve ald\u0131\u011f\u0131 ba\u015far\u0131 \u00f6d\u00fclleriyle unutulmayacak olan gazeteci yazar Halit \u00c7ap\u0131n\u2019\u0131n \u015fahs\u0131na ait kitapl\u0131k Say\u0131n Berfu \u00c7ap\u0131n\u2019\u0131n ba\u011f\u0131\u015flar\u0131yla okul k\u00fct\u00fcphanemize kazand\u0131r\u0131lm\u0131\u015ft\u0131r.<\/span><\/p>\n<p>[\/vc_column_text]<div class=\"ult-spacer spacer-69f16557e3ddf\" data-id=\"69f16557e3ddf\" data-height=\"30\" data-height-mobile=\"10\" data-height-tab=\"20\" data-height-tab-portrait=\"\" data-height-mobile-landscape=\"\" style=\"clear:both;display:block;\"><\/div>[\/vc_column][vc_column width=&#8221;1\/3&#8243;][vc_column_text]<span style=\"font-size: 18pt;\"><strong>Duygu Asena<\/strong><strong>\u00a0<\/strong><\/span><\/p>\n<p style=\"margin: 0cm; margin-bottom: .0001pt; vertical-align: baseline;\"><span style=\"font-size: 10.5pt; font-family: 'enka_font',serif; color: black;\">Kad\u0131n haklar\u0131, cinsellik, kad\u0131nlara \u015fiddet, kad\u0131nlar\u0131n ekonomik \u00f6zg\u00fcrl\u00fckleri konular\u0131nda, tabulara kar\u015f\u0131 \u00e7\u0131kan, T\u00fcrkiye\u2019deki \u00f6zg\u00fcr kad\u0131n hareketlerinin savunucusu, gazeteci yazar Duygu Asena\u2019n\u0131n \u015fahs\u0131na ait kitapl\u0131k, Say\u0131n \u0130nci Asena\u2019n\u0131n ba\u011f\u0131\u015flar\u0131yla okul k\u00fct\u00fcphanemize kazand\u0131r\u0131lm\u0131\u015ft\u0131r.<\/span><\/p>\n<p>[\/vc_column_text]<div class=\"ult-spacer spacer-69f16557e3e11\" data-id=\"69f16557e3e11\" data-height=\"30\" data-height-mobile=\"10\" data-height-tab=\"20\" data-height-tab-portrait=\"\" data-height-mobile-landscape=\"\" style=\"clear:both;display:block;\"><\/div>[\/vc_column][vc_column width=&#8221;1\/3&#8243;][vc_column_text]<span style=\"font-size: 18pt;\"><strong>Mithat Alam <\/strong><\/span><\/p>\n<p><strong>Bo\u011fazi\u00e7i \u00dcniversitesi<\/strong> taraf\u0131ndan <strong>Say\u0131n Mithat Alam<\/strong> arac\u0131l\u0131\u011f\u0131 ile okulumuz k\u00fct\u00fcphanesine hediye koleksiyondur. Yakla\u015f\u0131k 5.000 adet VHS filmden olu\u015fmaktad\u0131r. Genel film ar\u015fivimizde toplam 4.300 civar\u0131nda farkl\u0131 formatlarda film bulunmaktad\u0131r. Bu filmler derse yard\u0131mc\u0131 bilgi kayna\u011f\u0131 olarak etkin olarak kullan\u0131lmaktad\u0131r.[\/vc_column_text]<div class=\"ult-spacer spacer-69f16557e3e3a\" data-id=\"69f16557e3e3a\" data-height=\"30\" data-height-mobile=\"10\" data-height-tab=\"20\" data-height-tab-portrait=\"\" data-height-mobile-landscape=\"\" style=\"clear:both;display:block;\"><\/div>[\/vc_column][\/vc_row]<\/p>\n<\/div>","protected":false},"excerpt":{"rendered":"<p>[vc_row][vc_column][\/vc_column][\/vc_row][vc_row gap=&#8221;30&#8243; padding_top=&#8221;40px&#8221; padding_bottom=&#8221;0px&#8221; padding_left=&#8221;10px&#8221; padding_right=&#8221;10px&#8221; bg_type=&#8221;bg_color&#8221; bg_color_value=&#8221;rgba(247,247,247,0.8)&#8221;][vc_column padding_right=&#8221;10px&#8221;][\/vc_column][\/vc_row][vc_row gap=&#8221;30&#8243; padding_top=&#8221;40px&#8221; padding_bottom=&#8221;0px&#8221; padding_left=&#8221;10px&#8221; padding_right=&#8221;10px&#8221; bg_type=&#8221;bg_color&#8221; bg_color_value=&#8221;rgba(247,247,247,0.8)&#8221;][vc_column][vc_column_text]Adapazar\u0131 ENKA Okullar\u0131 kamp\u00fcs\u00fcnde ilkokul, ortaokul, lise binalar\u0131m\u0131zda \u00f6\u011frencilerimizin ve \u00f6\u011fretmenlerimizin kullan\u0131m\u0131na sunulan \u00fc\u00e7 adet k\u00fct\u00fcphane vard\u0131r. K\u00fct\u00fcphanelerimiz, t\u00fcm kamp\u00fcs payda\u015flar\u0131n\u0131n okuma al\u0131\u015fkanl\u0131\u011f\u0131 ve k\u00fclt\u00fcr\u00fcn\u00fc geli\u015ftirip s\u00fcrd\u00fcr\u00fclebilir d\u00f6n\u00fc\u015f\u00fcm\u00fcn\u00fc sa\u011flamak i\u00e7in etkinlikler geli\u015ftirir ve etkin olarak uygular. Ayn\u0131 zamanda geli\u015fen ve de\u011fi\u015fen m\u00fcfredat i\u00e7in ihtiya\u00e7 duyulan en g\u00fcncel bas\u0131l\u0131 ve dijital&#8230;<\/p>\n","protected":false},"author":2,"featured_media":15526,"parent":383,"menu_order":0,"comment_status":"closed","ping_status":"closed","template":"","meta":{"_acf_changed":false,"om_disable_all_campaigns":false,"inline_featured_image":false,"_monsterinsights_skip_tracking":false,"_monsterinsights_sitenote_active":false,"_monsterinsights_sitenote_note":"","_monsterinsights_sitenote_category":0,"footnotes":""},"class_list":["post-394","page","type-page","status-publish","has-post-thumbnail","hentry","custom-post-type-entry"],"aioseo_notices":[],"acf":[],"_links":{"self":[{"href":"https:\/\/www.enka.k12.tr\/adapazari\/wp-json\/wp\/v2\/pages\/394","targetHints":{"allow":["GET"]}}],"collection":[{"href":"https:\/\/www.enka.k12.tr\/adapazari\/wp-json\/wp\/v2\/pages"}],"about":[{"href":"https:\/\/www.enka.k12.tr\/adapazari\/wp-json\/wp\/v2\/types\/page"}],"author":[{"embeddable":true,"href":"https:\/\/www.enka.k12.tr\/adapazari\/wp-json\/wp\/v2\/users\/2"}],"replies":[{"embeddable":true,"href":"https:\/\/www.enka.k12.tr\/adapazari\/wp-json\/wp\/v2\/comments?post=394"}],"version-history":[{"count":0,"href":"https:\/\/www.enka.k12.tr\/adapazari\/wp-json\/wp\/v2\/pages\/394\/revisions"}],"up":[{"embeddable":true,"href":"https:\/\/www.enka.k12.tr\/adapazari\/wp-json\/wp\/v2\/pages\/383"}],"wp:featuredmedia":[{"embeddable":true,"href":"https:\/\/www.enka.k12.tr\/adapazari\/wp-json\/wp\/v2\/media\/15526"}],"wp:attachment":[{"href":"https:\/\/www.enka.k12.tr\/adapazari\/wp-json\/wp\/v2\/media?parent=394"}],"curies":[{"name":"wp","href":"https:\/\/api.w.org\/{rel}","templated":true}]}}