{"id":430,"date":"2017-07-03T12:10:46","date_gmt":"2017-07-03T12:10:46","guid":{"rendered":"http:\/\/www.enka.com\/foundation\/schools\/adapazari\/campus-life\/operational-workspace\/"},"modified":"2021-03-23T12:55:31","modified_gmt":"2021-03-23T09:55:31","slug":"isletmenin-calisma-alani","status":"publish","type":"page","link":"https:\/\/www.enka.k12.tr\/adapazari\/kampuste-yasam\/isletmenin-calisma-alani\/","title":{"rendered":"\u0130\u015eLETMEN\u0130N \u00c7ALI\u015eMA ALANI"},"content":{"rendered":"<div class=\"wpb-content-wrapper\"><p>[vc_row][vc_column]<div id=\"ultimate-heading-518169e9fda94cca2\" class=\"uvc-heading ult-adjust-bottom-margin ultimate-heading-518169e9fda94cca2 uvc-1276 \" data-hspacer=\"line_with_icon\" data-hline_width=\"auto\" data-hicon_type=\"custom\" data-hborder_style=\"solid\" data-hborder_height=\"3\" data-hborder_color=\"#69b3e7\" data-icon_width=\"200\" data-hfixer=\"30\"  data-halign=\"center\" style=\"text-align:center\"><div class=\"uvc-heading-spacer line_with_icon\" style=\"top\"><div class=\"ult-just-icon-wrapper  \"><div class=\"align-icon\" style=\"text-align:center;\">\n<div class=\"aio-icon-img \" style=\"font-size:200px;display:inline-block;\" >\n\t<img decoding=\"async\" class=\"img-icon\" alt=\"null\" src=\"https:\/\/www.enka.k12.tr\/adapazari\/wp-content\/uploads\/2021\/03\/enka_schools_log_newtr.jpg\"\/>\n<\/div><\/div><\/div><\/div><div class=\"uvc-sub-heading ult-responsive\"  data-ultimate-target='.uvc-heading.ultimate-heading-518169e9fda94cca2 .uvc-sub-heading '  data-responsive-json-new='{\"font-size\":\"\",\"line-height\":\"\"}'  style=\"font-weight:normal;\"><br \/><\/div><\/div><div class=\"ult-spacer spacer-69e9fda94cd08\" data-id=\"69e9fda94cd08\" data-height=\"30\" data-height-mobile=\"10\" data-height-tab=\"20\" data-height-tab-portrait=\"\" data-height-mobile-landscape=\"\" style=\"clear:both;display:block;\"><\/div>[\/vc_column][\/vc_row][vc_row gap=&#8221;30&#8243; padding_top=&#8221;40px&#8221; padding_bottom=&#8221;0px&#8221; padding_left=&#8221;10px&#8221; padding_right=&#8221;10px&#8221; bg_type=&#8221;bg_color&#8221; bg_color_value=&#8221;rgba(247,247,247,0.8)&#8221;][vc_column width=&#8221;1\/3&#8243; padding_right=&#8221;10px&#8221;]<div id=\"ultimate-heading-351569e9fda94cd7c\" class=\"uvc-heading ult-adjust-bottom-margin ultimate-heading-351569e9fda94cd7c uvc-2193 \" data-hspacer=\"line_only\"  data-halign=\"left\" style=\"text-align:left\"><div class=\"uvc-main-heading ult-responsive\"  data-ultimate-target='.uvc-heading.ultimate-heading-351569e9fda94cd7c h2'  data-responsive-json-new='{\"font-size\":\"desktop:20px;\",\"line-height\":\"desktop:50px;\"}' ><h2 style=\"font-weight:normal;color:#000000;\">\u0130\u015eLETMEN\u0130N \u00c7ALI\u015eMA<\/h2><\/div><div class=\"uvc-sub-heading ult-responsive\"  data-ultimate-target='.uvc-heading.ultimate-heading-351569e9fda94cd7c .uvc-sub-heading '  data-responsive-json-new='{\"font-size\":\"desktop:50px;tablet:48px;tablet_portrait:46px;mobile_landscape:44px;mobile:42px;\",\"line-height\":\"desktop:50px;tablet:48px;tablet_portrait:46px;mobile_landscape:44px;mobile:42px;\"}'  style=\"font-weight:bold;color:#000000;\"><span style=\"color: #69b3e7;\">ALANLARI<\/span><\/div><div class=\"uvc-heading-spacer line_only\" style=\"margin-top:10px;height:3px;\"><span class=\"uvc-headings-line\" style=\"border-style:solid;border-bottom-width:3px;border-color:#000000;width:100px;\"><\/span><\/div><\/div><div class=\"ult-spacer spacer-69e9fda94ce00\" data-id=\"69e9fda94ce00\" data-height=\"30\" data-height-mobile=\"10\" data-height-tab=\"20\" data-height-tab-portrait=\"\" data-height-mobile-landscape=\"\" style=\"clear:both;display:block;\"><\/div>[\/vc_column][vc_column width=&#8221;2\/3&#8243;][vc_column_text]Kamp\u00fcs\u00fcm\u00fcz genelinde faaliyet g\u00f6steren \u0130lkokul, Ortaokul ve Lise&#8217;nin her t\u00fcrl\u00fc malzeme, ara\u00e7-gere\u00e7, teknik ve hizmet ihtiya\u00e7lar\u0131n\u0131 kar\u015f\u0131lamak, t\u00fcm \u00e7al\u0131\u015fanlar\u0131n \u00f6demelerini yapmak, bu t\u00fcr giderlerin resmi ve mali sorumluluklar\u0131n\u0131 resmi makamlar nezdinde yerine getirmek, ENKA Spor E\u011fitim ve Sosyal Yard\u0131m Vakf\u0131 taraf\u0131ndan kar\u015f\u0131lanan giderlerin vak\u0131f ile mutabakat\u0131n\u0131 sa\u011flamak ve b\u00fcnyemizde faaliyet g\u00f6steren t\u00fcm e\u011fitim kurumlar\u0131na tam destek vermektir.[\/vc_column_text]<div class=\"ult-spacer spacer-69e9fda94ce2e\" data-id=\"69e9fda94ce2e\" data-height=\"30\" data-height-mobile=\"10\" data-height-tab=\"20\" data-height-tab-portrait=\"\" data-height-mobile-landscape=\"\" style=\"clear:both;display:block;\"><\/div>[\/vc_column][\/vc_row]<\/p>\n<\/div>","protected":false},"excerpt":{"rendered":"<p>[vc_row][vc_column][\/vc_column][\/vc_row][vc_row gap=&#8221;30&#8243; padding_top=&#8221;40px&#8221; padding_bottom=&#8221;0px&#8221; padding_left=&#8221;10px&#8221; padding_right=&#8221;10px&#8221; bg_type=&#8221;bg_color&#8221; bg_color_value=&#8221;rgba(247,247,247,0.8)&#8221;][vc_column width=&#8221;1\/3&#8243; padding_right=&#8221;10px&#8221;][\/vc_column][vc_column width=&#8221;2\/3&#8243;][vc_column_text]Kamp\u00fcs\u00fcm\u00fcz genelinde faaliyet g\u00f6steren \u0130lkokul, Ortaokul ve Lise&#8217;nin her t\u00fcrl\u00fc malzeme, ara\u00e7-gere\u00e7, teknik ve hizmet ihtiya\u00e7lar\u0131n\u0131 kar\u015f\u0131lamak, t\u00fcm \u00e7al\u0131\u015fanlar\u0131n \u00f6demelerini yapmak, bu t\u00fcr giderlerin resmi ve mali sorumluluklar\u0131n\u0131 resmi makamlar nezdinde yerine getirmek, ENKA Spor E\u011fitim ve Sosyal Yard\u0131m Vakf\u0131 taraf\u0131ndan kar\u015f\u0131lanan giderlerin vak\u0131f ile mutabakat\u0131n\u0131 sa\u011flamak ve b\u00fcnyemizde faaliyet g\u00f6steren t\u00fcm e\u011fitim kurumlar\u0131na tam&#8230;<\/p>\n","protected":false},"author":2,"featured_media":1158,"parent":415,"menu_order":0,"comment_status":"closed","ping_status":"closed","template":"","meta":{"_acf_changed":false,"om_disable_all_campaigns":false,"inline_featured_image":false,"_monsterinsights_skip_tracking":false,"_monsterinsights_sitenote_active":false,"_monsterinsights_sitenote_note":"","_monsterinsights_sitenote_category":0,"footnotes":""},"class_list":["post-430","page","type-page","status-publish","has-post-thumbnail","hentry","custom-post-type-entry"],"aioseo_notices":[],"acf":[],"_links":{"self":[{"href":"https:\/\/www.enka.k12.tr\/adapazari\/wp-json\/wp\/v2\/pages\/430","targetHints":{"allow":["GET"]}}],"collection":[{"href":"https:\/\/www.enka.k12.tr\/adapazari\/wp-json\/wp\/v2\/pages"}],"about":[{"href":"https:\/\/www.enka.k12.tr\/adapazari\/wp-json\/wp\/v2\/types\/page"}],"author":[{"embeddable":true,"href":"https:\/\/www.enka.k12.tr\/adapazari\/wp-json\/wp\/v2\/users\/2"}],"replies":[{"embeddable":true,"href":"https:\/\/www.enka.k12.tr\/adapazari\/wp-json\/wp\/v2\/comments?post=430"}],"version-history":[{"count":0,"href":"https:\/\/www.enka.k12.tr\/adapazari\/wp-json\/wp\/v2\/pages\/430\/revisions"}],"up":[{"embeddable":true,"href":"https:\/\/www.enka.k12.tr\/adapazari\/wp-json\/wp\/v2\/pages\/415"}],"wp:featuredmedia":[{"embeddable":true,"href":"https:\/\/www.enka.k12.tr\/adapazari\/wp-json\/wp\/v2\/media\/1158"}],"wp:attachment":[{"href":"https:\/\/www.enka.k12.tr\/adapazari\/wp-json\/wp\/v2\/media?parent=430"}],"curies":[{"name":"wp","href":"https:\/\/api.w.org\/{rel}","templated":true}]}}