{"id":431,"date":"2017-07-03T12:11:10","date_gmt":"2017-07-03T12:11:10","guid":{"rendered":"http:\/\/www.enka.com\/foundation\/schools\/adapazari\/campus-life\/regulations\/"},"modified":"2021-03-23T12:55:50","modified_gmt":"2021-03-23T09:55:50","slug":"yonetmelikler","status":"publish","type":"page","link":"https:\/\/www.enka.k12.tr\/adapazari\/kampuste-yasam\/yonetmelikler\/","title":{"rendered":"Y\u00d6NETMEL\u0130KLER"},"content":{"rendered":"<div class=\"wpb-content-wrapper\"><p>[vc_row][vc_column]<div id=\"ultimate-heading-741169f16396b981a\" class=\"uvc-heading ult-adjust-bottom-margin ultimate-heading-741169f16396b981a uvc-7217 \" data-hspacer=\"line_with_icon\" data-hline_width=\"auto\" data-hicon_type=\"custom\" data-hborder_style=\"solid\" data-hborder_height=\"3\" data-hborder_color=\"#69b3e7\" data-icon_width=\"200\" data-hfixer=\"30\"  data-halign=\"center\" style=\"text-align:center\"><div class=\"uvc-heading-spacer line_with_icon\" style=\"top\"><div class=\"ult-just-icon-wrapper  \"><div class=\"align-icon\" style=\"text-align:center;\">\n<div class=\"aio-icon-img \" style=\"font-size:200px;display:inline-block;\" >\n\t<img decoding=\"async\" class=\"img-icon\" alt=\"null\" src=\"https:\/\/www.enka.k12.tr\/adapazari\/wp-content\/uploads\/2021\/03\/enka_schools_log_newtr.jpg\"\/>\n<\/div><\/div><\/div><\/div><div class=\"uvc-sub-heading ult-responsive\"  data-ultimate-target='.uvc-heading.ultimate-heading-741169f16396b981a .uvc-sub-heading '  data-responsive-json-new='{\"font-size\":\"\",\"line-height\":\"\"}'  style=\"font-weight:normal;\"><br \/><\/div><\/div><div class=\"ult-spacer spacer-69f16396b9896\" data-id=\"69f16396b9896\" data-height=\"30\" data-height-mobile=\"\" data-height-tab=\"20\" data-height-tab-portrait=\"\" data-height-mobile-landscape=\"10\" style=\"clear:both;display:block;\"><\/div>[\/vc_column][\/vc_row][vc_row gap=&#8221;30&#8243; padding_top=&#8221;40px&#8221; padding_bottom=&#8221;0px&#8221; padding_left=&#8221;10px&#8221; padding_right=&#8221;10px&#8221; bg_type=&#8221;bg_color&#8221; bg_color_value=&#8221;rgba(247,247,247,0.8)&#8221;][vc_column padding_right=&#8221;10px&#8221;]<div id=\"ultimate-heading-834169f16396b990c\" class=\"uvc-heading ult-adjust-bottom-margin ultimate-heading-834169f16396b990c uvc-2417 \" data-hspacer=\"line_only\"  data-halign=\"left\" style=\"text-align:left\"><div class=\"uvc-main-heading ult-responsive\"  data-ultimate-target='.uvc-heading.ultimate-heading-834169f16396b990c h2'  data-responsive-json-new='{\"font-size\":\"desktop:20px;\",\"line-height\":\"desktop:50px;\"}' ><h2 style=\"font-weight:normal;color:#000000;\">ENKA OKULLARI \u00d6\u011eRENC\u0130<\/h2><\/div><div class=\"uvc-sub-heading ult-responsive\"  data-ultimate-target='.uvc-heading.ultimate-heading-834169f16396b990c .uvc-sub-heading '  data-responsive-json-new='{\"font-size\":\"desktop:50px;tablet:48px;tablet_portrait:46px;mobile_landscape:44px;mobile:42px;\",\"line-height\":\"desktop:50px;tablet:48px;tablet_portrait:46px;mobile_landscape:44px;mobile:42px;\"}'  style=\"font-weight:bold;color:#000000;\"><strong><span style=\"color: #69b3e7;\">KIYAFET <\/span>Y\u00d6NETMEL\u0130\u011e\u0130<\/strong><\/div><div class=\"uvc-heading-spacer line_only\" style=\"margin-top:10px;height:3px;\"><span class=\"uvc-headings-line\" style=\"border-style:solid;border-bottom-width:3px;border-color:#69b3e7;width:100px;\"><\/span><\/div><\/div><div class=\"ult-spacer spacer-69f16396b998f\" data-id=\"69f16396b998f\" data-height=\"30\" data-height-mobile=\"\" data-height-tab=\"20\" data-height-tab-portrait=\"\" data-height-mobile-landscape=\"10\" style=\"clear:both;display:block;\"><\/div>[vc_column_text]<\/p>\n<p>ENKA Okullar\u0131\u2019nda e\u011fitim g\u00f6ren \u00f6\u011frenci k\u0131yafetlerinde a\u015fa\u011f\u0131daki standartlara uyulur.<\/p>\n<p>[\/vc_column_text][\/vc_column][\/vc_row][vc_row gap=&#8221;30&#8243; padding_top=&#8221;40px&#8221; padding_bottom=&#8221;0px&#8221; padding_left=&#8221;10px&#8221; padding_right=&#8221;10px&#8221; bg_type=&#8221;bg_color&#8221; bg_color_value=&#8221;rgba(247,247,247,0.8)&#8221;][vc_column padding_right=&#8221;10px&#8221;][vc_column_text]<span style=\"font-size: 18pt;\"><strong>\u00dcR\u00dcN \u0130\u00c7ER\u0130K VE \u00d6ZELL\u0130KLER\u0130<\/strong><\/span><\/p>\n<p>K\u0131yafet se\u00e7imlerinde \u00f6\u011frencinin terlemeyece\u011fi ve pi\u015fik, yanma gibi s\u0131k\u0131nt\u0131lar yaratmayacak sa\u011fl\u0131kl\u0131 \u00fcr\u00fcnler tercih edilir. Montlar: penye, \u00fc\u00e7 iplik kap\u015fonlu olarak \u00fcretilip %70 cotton \u2013 %30 polyesterden olu\u015fur. Uzun ve k\u0131sa kollu lacoste: polo yakal\u0131 , %100 pamuk penyeden \u00fcretilir. S\u0131f\u0131r yaka basic penye: %100 pamuk penyeden \u00fcretilir. Pantolon ve Etek: %76 pes mikro-%24 viscon dan olu\u015fur. K\u0131sa \u015fort: %95 pamuk-%5 likradan \u00fcretilir.[\/vc_column_text][\/vc_column][\/vc_row][vc_row gap=&#8221;30&#8243; padding_top=&#8221;40px&#8221; padding_bottom=&#8221;0px&#8221; padding_left=&#8221;10px&#8221; padding_right=&#8221;10px&#8221; bg_type=&#8221;bg_color&#8221; bg_color_value=&#8221;rgba(247,247,247,0.8)&#8221;][vc_column width=&#8221;1\/2&#8243; padding_right=&#8221;10px&#8221;]<div id=\"ultimate-heading-859769f16396b99de\" class=\"uvc-heading ult-adjust-bottom-margin ultimate-heading-859769f16396b99de uvc-6814 \" data-hspacer=\"line_only\"  data-halign=\"left\" style=\"text-align:left\"><div class=\"uvc-main-heading ult-responsive\"  data-ultimate-target='.uvc-heading.ultimate-heading-859769f16396b99de h2'  data-responsive-json-new='{\"font-size\":\"desktop:20px;\",\"line-height\":\"desktop:50px;\"}' ><h2 style=\"font-weight:normal;color:#000000;\">HAVUZ KULLANIM<\/h2><\/div><div class=\"uvc-sub-heading ult-responsive\"  data-ultimate-target='.uvc-heading.ultimate-heading-859769f16396b99de .uvc-sub-heading '  data-responsive-json-new='{\"font-size\":\"desktop:50px;tablet:48px;tablet_portrait:46px;mobile_landscape:44px;mobile:42px;\",\"line-height\":\"desktop:50px;tablet:48px;tablet_portrait:46px;mobile_landscape:44px;mobile:42px;\"}'  style=\"font-weight:bold;color:#000000;\"><span style=\"color: #fe5252;\"><strong>Y\u00d6NETMEL\u0130\u011e\u0130<\/strong><\/span><\/div><div class=\"uvc-heading-spacer line_only\" style=\"margin-top:10px;height:3px;\"><span class=\"uvc-headings-line\" style=\"border-style:solid;border-bottom-width:3px;border-color:#000000;width:100px;\"><\/span><\/div><\/div>[\/vc_column][vc_column width=&#8221;1\/2&#8243;][\/vc_column][\/vc_row][vc_row gap=&#8221;30&#8243; padding_top=&#8221;40px&#8221; padding_bottom=&#8221;0px&#8221; padding_left=&#8221;10px&#8221; padding_right=&#8221;10px&#8221; bg_type=&#8221;bg_color&#8221; bg_color_value=&#8221;rgba(247,247,247,0.8)&#8221;][vc_column padding_right=&#8221;10px&#8221;][vc_column_text]<span style=\"font-size: 18pt;\"><strong>ENKA OKULLARI Y\u00dcZME HAVUZU KULLANIM KURALLARI <\/strong><\/span>[\/vc_column_text][\/vc_column][\/vc_row][vc_row gap=&#8221;30&#8243; padding_top=&#8221;40px&#8221; padding_bottom=&#8221;0px&#8221; padding_left=&#8221;10px&#8221; padding_right=&#8221;10px&#8221; bg_type=&#8221;bg_color&#8221; bg_color_value=&#8221;rgba(247,247,247,0.8)&#8221;][vc_column width=&#8221;1\/2&#8243; padding_right=&#8221;10px&#8221;][vc_column_text]<span style=\"font-size: 14pt;\"><em>HAVUZA G\u0130RMEDEN \u00d6NCE D\u0130KKAT ED\u0130LMES\u0130 GEREKEN KURALLAR<\/em><\/span><\/p>\n<p>Havuza girmeden en az 1 saat \u00f6nce yemek yemi\u015f olunuz. Havuza girmeden \u00f6nce l\u00fctfen tuvalete gidiniz. Ayak temizli\u011fi ba\u015fta olmak \u00fczere du\u015fta y\u0131kan\u0131n\u0131z. V\u00fccudunuzda deri enfeksiyonu, a\u00e7\u0131k yara veya kesikler varsa havuzu kullanmay\u0131n\u0131z. Havuz \u00e7evresine sadece y\u00fczme ama\u00e7l\u0131 malzemelerinizi getiriniz. Terliksiz, g\u00fcnl\u00fck giysiler, ayakkab\u0131, \u00e7anta, torba ve benzeri e\u015fyalar ile havuz alan\u0131na girmeyiniz. Havuz \u00e7evresine yiyecek, i\u00e7ecek getirmeyiniz. Kullan\u0131c\u0131lar mayo giymek zorundad\u0131r. Y\u00fczme ama\u00e7l\u0131 \u00fcretilmi\u015f malzemeler d\u0131\u015f\u0131nda kot pantolon, futbol \u015fortu vs ile havuza girmek yasakt\u0131r. Havuza girmek i\u00e7in kullan\u0131lan mayonun i\u00e7ine i\u00e7 \u00e7ama\u015f\u0131r\u0131 giymeyiniz. D\u0131\u015far\u0131da kullan\u0131lan ayakkab\u0131larla havuz \u00e7evresine girmeyiniz. Havuza bonesiz girmeyiniz. Y\u00fczme bilmeyenlerin havuza girmesi kesinlikle yasakt\u0131r. Yeti\u015fkin veya \u00f6\u011fretmenin bireysel g\u00f6zetimi olmaks\u0131z\u0131n 16 ya\u015f alt\u0131ndaki \u00e7ocuklar tek ba\u015flar\u0131na havuza giremezler. Havuz \u00e7evresinde ko\u015fmak, iti\u015fmek, \u00e7evredekileri rahats\u0131z edecek \u015fekilde suya atlamak kesinlikle yasakt\u0131r. Y\u00fcz maskesi ve palet sadece \u00f6zel sualt\u0131 \u00e7al\u0131\u015fmalar\u0131nda kullan\u0131labilir. Deniz malzemelerinin (deniz topu, deniz yata\u011f\u0131, can simidi, kolluk vb) havuza sokulmas\u0131 yasakt\u0131r. Kullan\u0131c\u0131lar havuza girmeden \u00f6nce b\u00fct\u00fcn tak\u0131lar\u0131n\u0131 \u00e7\u0131kartmal\u0131d\u0131r.<\/p>\n<p><span style=\"font-size: 14pt;\"><em>HAVUZU KULLANIRKEN D\u0130KKAT ED\u0130LMES\u0130 GEREKEN KURALLAR<\/em><\/span><\/p>\n<p>Havuza yabanc\u0131 cisim atmay\u0131n\u0131z. Kulvarlar\u0131n sa\u011f\u0131ndan gidip sa\u011f\u0131ndan d\u00f6nerek y\u00fcz\u00fcn\u00fcz. Kulvarlar\u0131n \u00fczerine oturmay\u0131n\u0131z, bast\u0131rmay\u0131n\u0131z. Havuzun \u00e7evresinde oturmay\u0131n\u0131z. Orta kulvarlar h\u0131zl\u0131 y\u00fczenlere ayr\u0131lm\u0131\u015ft\u0131r. Bu kulvarlar\u0131n ortas\u0131nda durmak yasakt\u0131r. Havuz kullan\u0131m\u0131nda aksi bir uygulama olmad\u0131\u011f\u0131 s\u00fcrece havuzu boylamas\u0131na kullan\u0131n\u0131z. Havuz dibinden nefes tutarak y\u00fczmeyiniz. Havuza girmeden \u00f6nce varsa a\u011fz\u0131n\u0131zdaki sak\u0131z\u0131 \u00e7\u00f6p kutusuna at\u0131n\u0131z.[\/vc_column_text]<div class=\"ult-spacer spacer-69f16396b9a39\" data-id=\"69f16396b9a39\" data-height=\"30\" data-height-mobile=\"\" data-height-tab=\"20\" data-height-tab-portrait=\"\" data-height-mobile-landscape=\"10\" style=\"clear:both;display:block;\"><\/div>[\/vc_column][vc_column width=&#8221;1\/2&#8243;][vc_column_text]<span style=\"font-size: 14pt;\"><em>GENEL KURALLAR<\/em><\/span><\/p>\n<p>Birey ve gruplar, programda kendilerine ayr\u0131lan seans ve kulvar\u0131 kullanmal\u0131d\u0131rlar. Kullan\u0131c\u0131lar mayo ile havuz d\u0131\u015f\u0131na \u00e7\u0131kamazlar. Kullan\u0131c\u0131lar g\u00f6revli ki\u015filerin uyar\u0131lar\u0131na uymak zorundad\u0131r. Kurallara uymayanlardan havuzu terk etmeleri istenecektir, aksi davran\u0131\u015fta bulunanlar\u0131n \u00fcyelikleri iptal edilecektir. \u00dcye olmayanlar\u0131n bir daha tesisi kullanmalar\u0131na izin verilmeyecektir. \u015eahsi e\u015fya kayb\u0131 ve her t\u00fcrl\u00fc kaza halinde ENKA Okullar\u0131 y\u00f6netimi sorumlu de\u011fildir. Herhangi bir sa\u011fl\u0131k sorunu olanlar\u0131n \u00f6nceden bir doktora dan\u0131\u015fmalar\u0131 tavsiye edilir. Havuzda sorun yaratabilecek bir sa\u011fl\u0131k problemi olanlar\u0131n havuza girmeden \u00f6nce g\u00f6revli personele durumlar\u0131n\u0131 bildirmeleri gerekmektedir. Havuz \u00e7evresinde foto\u011fraf, video \u00e7ekimi yapmak yasakt\u0131r. Kullan\u0131c\u0131lar\u0131n, havuz i\u00e7erisinde ve \u00e7evresinde kulland\u0131klar\u0131 malzemelerde meydana getirecekleri hasardan kendileri sorumludurlar ve meydana gelecek maddi zarar\u0131 kar\u015f\u0131lamakla y\u00fck\u00fcml\u00fcd\u00fcrler. Tesiste sigara i\u00e7mek yasakt\u0131r. Yukar\u0131da a\u00e7\u0131klanan kurallar g\u00fcvenli\u011finiz i\u00e7indir. Her kullan\u0131c\u0131 havuza girdi\u011finde bu kurallara uymay\u0131 kabul etmi\u015f say\u0131l\u0131r. Kurallar\u0131n uygulat\u0131c\u0131s\u0131 ve havuz \u00e7evresindeki yetkili havuz giri\u015findeki g\u00f6revlidir. Her kullan\u0131c\u0131 g\u00f6revlinin ikaz\u0131na uymak zorundad\u0131r. Yukar\u0131da yaz\u0131lmam\u0131\u015f durumlar kar\u015f\u0131s\u0131nda sizin ve\/veya \u00e7evrenizdekilerin sa\u011fl\u0131\u011f\u0131 ve g\u00fcvenli\u011fi ile ilgili her t\u00fcrl\u00fc \u00f6nlemi almak ve bunu uygulatmak g\u00f6revlinin sorumlulu\u011fundad\u0131r.[\/vc_column_text][\/vc_column][\/vc_row]<\/p>\n<\/div>","protected":false},"excerpt":{"rendered":"<p>[vc_row][vc_column][\/vc_column][\/vc_row][vc_row gap=&#8221;30&#8243; padding_top=&#8221;40px&#8221; padding_bottom=&#8221;0px&#8221; padding_left=&#8221;10px&#8221; padding_right=&#8221;10px&#8221; bg_type=&#8221;bg_color&#8221; bg_color_value=&#8221;rgba(247,247,247,0.8)&#8221;][vc_column padding_right=&#8221;10px&#8221;][vc_column_text] ENKA Okullar\u0131\u2019nda e\u011fitim g\u00f6ren \u00f6\u011frenci k\u0131yafetlerinde a\u015fa\u011f\u0131daki standartlara uyulur. [\/vc_column_text][\/vc_column][\/vc_row][vc_row gap=&#8221;30&#8243; padding_top=&#8221;40px&#8221; padding_bottom=&#8221;0px&#8221; padding_left=&#8221;10px&#8221; padding_right=&#8221;10px&#8221; bg_type=&#8221;bg_color&#8221; bg_color_value=&#8221;rgba(247,247,247,0.8)&#8221;][vc_column padding_right=&#8221;10px&#8221;][vc_column_text]\u00dcR\u00dcN \u0130\u00c7ER\u0130K VE \u00d6ZELL\u0130KLER\u0130 K\u0131yafet se\u00e7imlerinde \u00f6\u011frencinin terlemeyece\u011fi ve pi\u015fik, yanma gibi s\u0131k\u0131nt\u0131lar yaratmayacak sa\u011fl\u0131kl\u0131 \u00fcr\u00fcnler tercih edilir. Montlar: penye, \u00fc\u00e7 iplik kap\u015fonlu olarak \u00fcretilip %70 cotton \u2013 %30 polyesterden olu\u015fur. Uzun ve k\u0131sa kollu lacoste: polo yakal\u0131 ,&#8230;<\/p>\n","protected":false},"author":2,"featured_media":1461,"parent":415,"menu_order":0,"comment_status":"closed","ping_status":"closed","template":"","meta":{"_acf_changed":false,"om_disable_all_campaigns":false,"inline_featured_image":false,"_monsterinsights_skip_tracking":false,"_monsterinsights_sitenote_active":false,"_monsterinsights_sitenote_note":"","_monsterinsights_sitenote_category":0,"footnotes":""},"class_list":["post-431","page","type-page","status-publish","has-post-thumbnail","hentry","custom-post-type-entry"],"aioseo_notices":[],"acf":[],"_links":{"self":[{"href":"https:\/\/www.enka.k12.tr\/adapazari\/wp-json\/wp\/v2\/pages\/431","targetHints":{"allow":["GET"]}}],"collection":[{"href":"https:\/\/www.enka.k12.tr\/adapazari\/wp-json\/wp\/v2\/pages"}],"about":[{"href":"https:\/\/www.enka.k12.tr\/adapazari\/wp-json\/wp\/v2\/types\/page"}],"author":[{"embeddable":true,"href":"https:\/\/www.enka.k12.tr\/adapazari\/wp-json\/wp\/v2\/users\/2"}],"replies":[{"embeddable":true,"href":"https:\/\/www.enka.k12.tr\/adapazari\/wp-json\/wp\/v2\/comments?post=431"}],"version-history":[{"count":0,"href":"https:\/\/www.enka.k12.tr\/adapazari\/wp-json\/wp\/v2\/pages\/431\/revisions"}],"up":[{"embeddable":true,"href":"https:\/\/www.enka.k12.tr\/adapazari\/wp-json\/wp\/v2\/pages\/415"}],"wp:featuredmedia":[{"embeddable":true,"href":"https:\/\/www.enka.k12.tr\/adapazari\/wp-json\/wp\/v2\/media\/1461"}],"wp:attachment":[{"href":"https:\/\/www.enka.k12.tr\/adapazari\/wp-json\/wp\/v2\/media?parent=431"}],"curies":[{"name":"wp","href":"https:\/\/api.w.org\/{rel}","templated":true}]}}