{"id":436,"date":"2017-07-03T12:12:09","date_gmt":"2017-07-03T12:12:09","guid":{"rendered":"http:\/\/www.enka.com\/foundation\/schools\/adapazari\/campus-life\/occupational-safety-and-health-policy\/"},"modified":"2021-03-23T12:56:10","modified_gmt":"2021-03-23T09:56:10","slug":"is-sagligi-ve-is-guvenligi-politikasi","status":"publish","type":"page","link":"https:\/\/www.enka.k12.tr\/adapazari\/kampuste-yasam\/is-sagligi-ve-is-guvenligi-politikasi\/","title":{"rendered":"\u0130\u015e SA\u011eLI\u011eI VE \u0130\u015e G\u00dcVENL\u0130\u011e\u0130 POL\u0130T\u0130KASI"},"content":{"rendered":"<div class=\"wpb-content-wrapper\"><p>[vc_row][vc_column]<div id=\"ultimate-heading-128569f1649b907cd\" class=\"uvc-heading ult-adjust-bottom-margin ultimate-heading-128569f1649b907cd uvc-759 \" data-hspacer=\"line_with_icon\" data-hline_width=\"auto\" data-hicon_type=\"custom\" data-hborder_style=\"solid\" data-hborder_height=\"3\" data-hborder_color=\"#69b3e7\" data-icon_width=\"200\" data-hfixer=\"30\"  data-halign=\"center\" style=\"text-align:center\"><div class=\"uvc-heading-spacer line_with_icon\" style=\"top\"><div class=\"ult-just-icon-wrapper  \"><div class=\"align-icon\" style=\"text-align:center;\">\n<div class=\"aio-icon-img \" style=\"font-size:200px;display:inline-block;\" >\n\t<img decoding=\"async\" class=\"img-icon\" alt=\"null\" src=\"https:\/\/www.enka.k12.tr\/adapazari\/wp-content\/uploads\/2021\/03\/enka_schools_log_newtr.jpg\"\/>\n<\/div><\/div><\/div><\/div><div class=\"uvc-sub-heading ult-responsive\"  data-ultimate-target='.uvc-heading.ultimate-heading-128569f1649b907cd .uvc-sub-heading '  data-responsive-json-new='{\"font-size\":\"\",\"line-height\":\"\"}'  style=\"font-weight:normal;\"><br \/><\/div><\/div><div class=\"ult-spacer spacer-69f1649b90838\" data-id=\"69f1649b90838\" data-height=\"30\" data-height-mobile=\"10\" data-height-tab=\"20\" data-height-tab-portrait=\"\" data-height-mobile-landscape=\"\" style=\"clear:both;display:block;\"><\/div>[\/vc_column][\/vc_row][vc_row gap=&#8221;30&#8243; padding_top=&#8221;40px&#8221; padding_bottom=&#8221;0px&#8221; padding_left=&#8221;10px&#8221; padding_right=&#8221;10px&#8221; bg_type=&#8221;bg_color&#8221; bg_color_value=&#8221;rgba(247,247,247,0.8)&#8221;][vc_column padding_right=&#8221;10px&#8221;]<div id=\"ultimate-heading-628569f1649b908ac\" class=\"uvc-heading ult-adjust-bottom-margin ultimate-heading-628569f1649b908ac uvc-1136 \" data-hspacer=\"line_only\"  data-halign=\"left\" style=\"text-align:left\"><div class=\"uvc-main-heading ult-responsive\"  data-ultimate-target='.uvc-heading.ultimate-heading-628569f1649b908ac h2'  data-responsive-json-new='{\"font-size\":\"desktop:20px;\",\"line-height\":\"desktop:50px;\"}' ><h2 style=\"font-weight:normal;color:#000000;\">\u0130\u015e SA\u011eLI\u011eI VE<\/h2><\/div><div class=\"uvc-sub-heading ult-responsive\"  data-ultimate-target='.uvc-heading.ultimate-heading-628569f1649b908ac .uvc-sub-heading '  data-responsive-json-new='{\"font-size\":\"desktop:50px;tablet:48px;tablet_portrait:46px;mobile_landscape:44px;mobile:42px;\",\"line-height\":\"desktop:50px;tablet:48px;tablet_portrait:46px;mobile_landscape:44px;mobile:42px;\"}'  style=\"font-weight:bold;color:#000000;\"><strong>\u0130\u015e <span style=\"color: #69b3e7;\">G\u00dcVENL\u0130\u011e\u0130 <\/span>POL\u0130T\u0130KASI<\/strong><\/div><div class=\"uvc-heading-spacer line_only\" style=\"margin-top:10px;height:3px;\"><span class=\"uvc-headings-line\" style=\"border-style:solid;border-bottom-width:3px;border-color:#69b3e7;width:100px;\"><\/span><\/div><\/div>[\/vc_column][\/vc_row][vc_row gap=&#8221;30&#8243; padding_top=&#8221;40px&#8221; padding_bottom=&#8221;10px&#8221; padding_left=&#8221;10px&#8221; padding_right=&#8221;10px&#8221; bg_type=&#8221;bg_color&#8221; bg_color_value=&#8221;rgba(247,247,247,0.8)&#8221;][vc_column][vc_column_text]Adapazar\u0131 ENKA Okullar\u0131, e\u011fitimde f\u0131rsat e\u015fitli\u011fi sunarak t\u00fcm disiplinlerde ele\u015ftirel d\u00fc\u015f\u00fcnme ve ileti\u015fim becerilerini kullanan, sorgulayan, farkl\u0131 dillerde kendini ifade eden, farkl\u0131l\u0131klara sayg\u0131l\u0131, uluslararas\u0131 bilince sahip, yarat\u0131c\u0131 bireyler yeti\u015ftirmeyi ama\u00e7lar.<\/p>\n<p>Belirtilen hedeflerimizle beraber, kurumsal anlamda yerle\u015fkemizde ya\u015fayanlara sa\u011fl\u0131kl\u0131 ve g\u00fcvenli ortam sa\u011flamaktan, \u00e7evreye verdi\u011fimiz zararlar\u0131 minimize etmekten, yerle\u015fkemizdeki do\u011fal dengeleri korumak ve katk\u0131da bulunmaktan da sorumluyuz.<\/p>\n<p>Bu sorumlulu\u011fumuza; \u00f6\u011frenciler, aileleri, \u00e7al\u0131\u015fanlar\u0131m\u0131z, ziyaret\u00e7iler, ta\u015feron, tedarik\u00e7iler ve \u00e7evre halk\u0131 dahildir.<\/p>\n<p>T\u00fcm kazalar\u0131n \u00f6nlenebilir oldu\u011funa inanmaktay\u0131z ve bu hedefe, s\u00fcrekli kendini geli\u015ftirme anlay\u0131\u015f\u0131 ve S\u0131f\u0131r Kaza Politikalar\u0131 sayesinde ula\u015f\u0131laca\u011f\u0131 bilincindeyiz.<\/p>\n<p>T\u00fcm \u00e7al\u0131\u015fanlar\u0131m\u0131zdan kendi faaliyetlerini s\u00fcrd\u00fcr\u00fcrken, i\u015f\u00e7i sa\u011fl\u0131\u011f\u0131 ve i\u015f g\u00fcvenli\u011fi gereklerine uymalar\u0131, \u00e7evreyi, mal ve m\u00fclkiyeti korumalar\u0131 beklenmektedir. Bu beklenti \u00e7al\u0131\u015fanlar\u0131m\u0131z\u0131n yan\u0131 s\u0131ra ta\u015feron ve tedarik\u00e7ilerimizin t\u00fcm\u00fcn\u00fc de kapsamaktad\u0131r.<\/p>\n<p>\u00c7evre, \u0130\u015f Sa\u011fl\u0131\u011f\u0131 ve \u0130\u015f G\u00fcvenli\u011fi (\u00c7GS) Politikam\u0131z yerle\u015fkemizde s\u00fcrd\u00fcr\u00fclen faaliyetlerde \u00f6nleyici tedbirler alarak ve olas\u0131 tehlikeleri ortadan kald\u0131rarak \u00e7al\u0131\u015fanlar\u0131m\u0131z, \u00f6\u011frenciler, aileleri, ziyaret\u00e7iler, ta\u015feron ve tedarik\u00e7iler i\u00e7in g\u00fcvenli bir ortam sa\u011flamakt\u0131r.[\/vc_column_text][\/vc_column][\/vc_row][vc_row gap=&#8221;30&#8243; padding_top=&#8221;40px&#8221; padding_bottom=&#8221;10px&#8221; padding_left=&#8221;10px&#8221; padding_right=&#8221;10px&#8221; bg_type=&#8221;bg_color&#8221; bg_color_value=&#8221;rgba(247,247,247,0.8)&#8221;][vc_column width=&#8221;2\/3&#8243;][vc_column_text]Bu nedenle, birlikte ya\u015fad\u0131\u011f\u0131m\u0131z, bitki \u00f6rt\u00fcs\u00fc ve canl\u0131 varl\u0131\u011f\u0131n\u0131n olumsuz etkilenmemesi i\u00e7in kirlili\u011fi ve \u00e7evreye zarar\u0131 \u00f6nleyecek, yaralanmalar\u0131 ve sa\u011fl\u0131k bozulmalar\u0131n\u0131 \u00f6nleyecek, yerle\u015fkemizdeki b\u00fct\u00fcn canl\u0131lar \u00fczerindeki riskleri en az seviyeye indirecek tedbirleri alarak, y\u00fcr\u00fcl\u00fckteki i\u015f sa\u011fl\u0131\u011f\u0131 ve i\u015f g\u00fcvenli\u011fi yasalar\u0131na ve ba\u011fl\u0131 oldu\u011fumuz grup ve kurumlar\u0131n \u015fartlar\u0131na uyaca\u011f\u0131m\u0131z\u0131, sistemimizi s\u00fcrekli iyile\u015ftirece\u011fimizi taahh\u00fct ederiz.<\/p>\n<p>Bu politikay\u0131 uygulamak i\u00e7in, somut, kapsaml\u0131 ve etkin bir \u00c7evre, \u0130\u015f Sa\u011fl\u0131\u011f\u0131 ve \u0130\u015f G\u00fcvenli\u011fi (\u00c7GS) program\u0131 haz\u0131rlan\u0131r. \u00c7GS program\u0131n\u0131n uygulanmas\u0131nda t\u00fcm \u00e7al\u0131\u015fanlar yetkileri dahilinde gerekli t\u00fcm \u00f6nlemleri almakla sorumludurlar. Bu sorumluluk t\u00fcm tehlikelerin ortadan kald\u0131r\u0131lmas\u0131n\u0131 veya olas\u0131 tehlikelerin amirine bildirilmesini, t\u00fcm i\u015f g\u00fcvenli\u011fi tedbirleri uygulamalar\u0131na aktif bir \u015fekilde kat\u0131lmay\u0131 ve desteklemeyi kapsar.[\/vc_column_text]<div class=\"ult-spacer spacer-69f1649b9091f\" data-id=\"69f1649b9091f\" data-height=\"30\" data-height-mobile=\"10\" data-height-tab=\"20\" data-height-tab-portrait=\"\" data-height-mobile-landscape=\"\" style=\"clear:both;display:block;\"><\/div>[\/vc_column][vc_column width=&#8221;1\/3&#8243;][vc_single_image image=&#8221;3749&#8243; img_size=&#8221;full&#8221;][\/vc_column][\/vc_row]<\/p>\n<\/div>","protected":false},"excerpt":{"rendered":"<p>[vc_row][vc_column][\/vc_column][\/vc_row][vc_row gap=&#8221;30&#8243; padding_top=&#8221;40px&#8221; padding_bottom=&#8221;0px&#8221; padding_left=&#8221;10px&#8221; padding_right=&#8221;10px&#8221; bg_type=&#8221;bg_color&#8221; bg_color_value=&#8221;rgba(247,247,247,0.8)&#8221;][vc_column padding_right=&#8221;10px&#8221;][\/vc_column][\/vc_row][vc_row gap=&#8221;30&#8243; padding_top=&#8221;40px&#8221; padding_bottom=&#8221;10px&#8221; padding_left=&#8221;10px&#8221; padding_right=&#8221;10px&#8221; bg_type=&#8221;bg_color&#8221; bg_color_value=&#8221;rgba(247,247,247,0.8)&#8221;][vc_column][vc_column_text]Adapazar\u0131 ENKA Okullar\u0131, e\u011fitimde f\u0131rsat e\u015fitli\u011fi sunarak t\u00fcm disiplinlerde ele\u015ftirel d\u00fc\u015f\u00fcnme ve ileti\u015fim becerilerini kullanan, sorgulayan, farkl\u0131 dillerde kendini ifade eden, farkl\u0131l\u0131klara sayg\u0131l\u0131, uluslararas\u0131 bilince sahip, yarat\u0131c\u0131 bireyler yeti\u015ftirmeyi ama\u00e7lar. Belirtilen hedeflerimizle beraber, kurumsal anlamda yerle\u015fkemizde ya\u015fayanlara sa\u011fl\u0131kl\u0131 ve g\u00fcvenli ortam sa\u011flamaktan, \u00e7evreye verdi\u011fimiz zararlar\u0131 minimize etmekten, yerle\u015fkemizdeki do\u011fal dengeleri&#8230;<\/p>\n","protected":false},"author":2,"featured_media":1467,"parent":415,"menu_order":0,"comment_status":"closed","ping_status":"closed","template":"","meta":{"_acf_changed":false,"om_disable_all_campaigns":false,"inline_featured_image":false,"_monsterinsights_skip_tracking":false,"_monsterinsights_sitenote_active":false,"_monsterinsights_sitenote_note":"","_monsterinsights_sitenote_category":0,"footnotes":""},"class_list":["post-436","page","type-page","status-publish","has-post-thumbnail","hentry","custom-post-type-entry"],"aioseo_notices":[],"acf":[],"_links":{"self":[{"href":"https:\/\/www.enka.k12.tr\/adapazari\/wp-json\/wp\/v2\/pages\/436","targetHints":{"allow":["GET"]}}],"collection":[{"href":"https:\/\/www.enka.k12.tr\/adapazari\/wp-json\/wp\/v2\/pages"}],"about":[{"href":"https:\/\/www.enka.k12.tr\/adapazari\/wp-json\/wp\/v2\/types\/page"}],"author":[{"embeddable":true,"href":"https:\/\/www.enka.k12.tr\/adapazari\/wp-json\/wp\/v2\/users\/2"}],"replies":[{"embeddable":true,"href":"https:\/\/www.enka.k12.tr\/adapazari\/wp-json\/wp\/v2\/comments?post=436"}],"version-history":[{"count":0,"href":"https:\/\/www.enka.k12.tr\/adapazari\/wp-json\/wp\/v2\/pages\/436\/revisions"}],"up":[{"embeddable":true,"href":"https:\/\/www.enka.k12.tr\/adapazari\/wp-json\/wp\/v2\/pages\/415"}],"wp:featuredmedia":[{"embeddable":true,"href":"https:\/\/www.enka.k12.tr\/adapazari\/wp-json\/wp\/v2\/media\/1467"}],"wp:attachment":[{"href":"https:\/\/www.enka.k12.tr\/adapazari\/wp-json\/wp\/v2\/media?parent=436"}],"curies":[{"name":"wp","href":"https:\/\/api.w.org\/{rel}","templated":true}]}}