{"id":456,"date":"2017-07-03T12:18:45","date_gmt":"2017-07-03T12:18:45","guid":{"rendered":"http:\/\/www.enka.com\/foundation\/schools\/adapazari\/publications\/yazadurmak\/"},"modified":"2025-06-27T10:20:08","modified_gmt":"2025-06-27T07:20:08","slug":"yazadurmak","status":"publish","type":"page","link":"https:\/\/www.enka.k12.tr\/adapazari\/yayinlarimiz\/yazadurmak\/","title":{"rendered":"YAZADURMAK"},"content":{"rendered":"<div class=\"wpb-content-wrapper\"><p>[vc_row][vc_column]<div id=\"ultimate-heading-82016a04a2e92cbb6\" class=\"uvc-heading ult-adjust-bottom-margin ultimate-heading-82016a04a2e92cbb6 uvc-5978 \" data-hspacer=\"line_with_icon\" data-hline_width=\"auto\" data-hicon_type=\"custom\" data-hborder_style=\"solid\" data-hborder_height=\"3\" data-hborder_color=\"#69b3e7\" data-icon_width=\"200\" data-hfixer=\"30\"  data-halign=\"center\" style=\"text-align:center\"><div class=\"uvc-heading-spacer line_with_icon\" style=\"top\"><div class=\"ult-just-icon-wrapper  \"><div class=\"align-icon\" style=\"text-align:center;\">\n<div class=\"aio-icon-img \" style=\"font-size:200px;display:inline-block;\" >\n\t<img decoding=\"async\" class=\"img-icon\" alt=\"null\" src=\"https:\/\/www.enka.k12.tr\/adapazari\/wp-content\/uploads\/2021\/03\/enka_schools_log_newtr.jpg\"\/>\n<\/div><\/div><\/div><\/div><div class=\"uvc-sub-heading ult-responsive\"  data-ultimate-target='.uvc-heading.ultimate-heading-82016a04a2e92cbb6 .uvc-sub-heading '  data-responsive-json-new='{\"font-size\":\"desktop:40px;\",\"line-height\":\"\"}'  style=\"font-weight:normal;\"><\/p>\n<p>YAZADURMAK<\/p>\n<p><\/div><\/div><div class=\"ult-spacer spacer-6a04a2e92cc1f\" data-id=\"6a04a2e92cc1f\" data-height=\"30\" data-height-mobile=\"10\" data-height-tab=\"20\" data-height-tab-portrait=\"\" data-height-mobile-landscape=\"\" style=\"clear:both;display:block;\"><\/div>[\/vc_column][\/vc_row][vc_row gap=&#8221;30&#8243; padding_top=&#8221;40px&#8221; padding_bottom=&#8221;20px&#8221; padding_left=&#8221;10px&#8221; padding_right=&#8221;10px&#8221; bg_type=&#8221;bg_color&#8221; bg_color_value=&#8221;rgba(247,247,247,0.8)&#8221;][vc_column]<div id=\"ultib3-2237894366a04a2e92cec8\" class=\" ultb3-box ult-adjust-bottom-margin  ultb3-hover-3\" style=\"background-color: #b3d4e5;border:1px solid #dddddd;\"><div class=\"ultb3-box-overlay\" style=\"background:rgba(255,255,255,0.7);\"><\/div><img decoding=\"async\" src=\"https:\/\/www.enka.k12.tr\/adapazari\/wp-content\/uploads\/2025\/06\/YAZADURMAK_COVER.png\" style=\"\" class=\"ultb3-img ultb3-img-center-right\" alt=\"null\"\/><div id=\"Info-banner-wrap5856\" class=\"ultb3-info ib3-info-left\" data-animation=\"flipInX\" data-animation-delay=\"03\"><div class=\"ultb3-title ult-responsive\"  data-ultimate-target='#Info-banner-wrap5856 .ultb3-title'  data-responsive-json-new='{\"font-size\":\"desktop:18px;\",\"line-height\":\"\"}'  style=\"font-weight:normal;\">YAZADURMAK 2025<\/div><a href=\"https:\/\/www.enka.k12.tr\/adapazari\/externalfiles\/2025\/YAZADURMAK\/WEB\/index.html\" title=\"Adapazar\u0131 \u00d6zel ENKA Okullar\u0131 yazadurmak\" target=\"target=\"_blank\"\"  class=\"ultb3-btn ult-responsive\"  data-ultimate-target='#Info-banner-wrap5856 .ultb3-btn'  data-responsive-json-new='{\"font-size\":\"\",\"line-height\":\"\"}'  style=\"font-weight:normal;\">Daha Fazlas\u0131<i class=\"Defaults-angle-right\"><\/i><\/a><\/div><\/div><style>\n\t\t\t\t\t#ultib3-2237894366a04a2e92cec8 {\n\t\t\t\t\t\tmin-height:320px;\n\t\t\t\t\t}\n\t\t\t\t\t#ultib3-2237894366a04a2e92cec8 img.ultb3-img {\n\t\t\t\t\t\theight: px;\n\t\t\t\t\t}\n\t\t\t\t\t#ultib3-2237894366a04a2e92cec8 .ultb3-btn {\n\t\t\t\t\t\tborder:2px solid #69b3e7;border-radius:50px;color:#69b3e7;\n\t\t\t\t\t}\n\t\t\t\t\t#ultib3-2237894366a04a2e92cec8 .ultb3-btn:hover {\n\t\t\t\t\t\tbackground:#69b3e7;color:#ffffff;\n\t\t\t\t\t}\n\t\t\t\t\t#ultib3-2237894366a04a2e92cec8 .ultb3-btn:focus {\n\t\t\t\t\t\toutline: 2px solid #005fcc;\n\t\t\t\t\t\toutline-offset: 2px;\n\t\t\t\t\t}\n\t\t\t\t<\/style><div class=\"ult-spacer spacer-6a04a2e92cfa5\" data-id=\"6a04a2e92cfa5\" data-height=\"30\" data-height-mobile=\"10\" data-height-tab=\"20\" data-height-tab-portrait=\"\" data-height-mobile-landscape=\"\" style=\"clear:both;display:block;\"><\/div>[\/vc_column][\/vc_row][vc_row gap=&#8221;30&#8243; padding_top=&#8221;40px&#8221; padding_bottom=&#8221;20px&#8221; padding_left=&#8221;10px&#8221; padding_right=&#8221;10px&#8221; bg_type=&#8221;bg_color&#8221; bg_color_value=&#8221;rgba(247,247,247,0.8)&#8221;][vc_column]<div id=\"ultib3-39168370676a04a2e92d239\" class=\" ultb3-box ult-adjust-bottom-margin  ultb3-hover-3\" style=\"background-color: #b3d4e5;border:1px solid #dddddd;\"><div class=\"ultb3-box-overlay\" style=\"background:rgba(255,255,255,0.7);\"><\/div><img decoding=\"async\" src=\"https:\/\/www.enka.k12.tr\/adapazari\/wp-content\/uploads\/2024\/06\/YAZADURMAK_COVER-1.jpg\" style=\"\" class=\"ultb3-img ultb3-img-center-right\" alt=\"null\"\/><div id=\"Info-banner-wrap2046\" class=\"ultb3-info ib3-info-left\" data-animation=\"flipInX\" data-animation-delay=\"03\"><div class=\"ultb3-title ult-responsive\"  data-ultimate-target='#Info-banner-wrap2046 .ultb3-title'  data-responsive-json-new='{\"font-size\":\"desktop:18px;\",\"line-height\":\"\"}'  style=\"font-weight:normal;\">YAZADURMAK 2024<\/div><a href=\"https:\/\/www.enka.k12.tr\/adapazari\/externalfiles\/YAZADURMAK\/WEB\/index.html\" title=\"Adapazar\u0131 \u00d6zel ENKA Okullar\u0131 yazadurmak\" target=\"target=\"_blank\"\"  class=\"ultb3-btn ult-responsive\"  data-ultimate-target='#Info-banner-wrap2046 .ultb3-btn'  data-responsive-json-new='{\"font-size\":\"\",\"line-height\":\"\"}'  style=\"font-weight:normal;\">Daha Fazlas\u0131<i class=\"Defaults-angle-right\"><\/i><\/a><\/div><\/div><style>\n\t\t\t\t\t#ultib3-39168370676a04a2e92d239 {\n\t\t\t\t\t\tmin-height:320px;\n\t\t\t\t\t}\n\t\t\t\t\t#ultib3-39168370676a04a2e92d239 img.ultb3-img {\n\t\t\t\t\t\theight: px;\n\t\t\t\t\t}\n\t\t\t\t\t#ultib3-39168370676a04a2e92d239 .ultb3-btn {\n\t\t\t\t\t\tborder:2px solid #69b3e7;border-radius:50px;color:#69b3e7;\n\t\t\t\t\t}\n\t\t\t\t\t#ultib3-39168370676a04a2e92d239 .ultb3-btn:hover {\n\t\t\t\t\t\tbackground:#69b3e7;color:#ffffff;\n\t\t\t\t\t}\n\t\t\t\t\t#ultib3-39168370676a04a2e92d239 .ultb3-btn:focus {\n\t\t\t\t\t\toutline: 2px solid #005fcc;\n\t\t\t\t\t\toutline-offset: 2px;\n\t\t\t\t\t}\n\t\t\t\t<\/style><div class=\"ult-spacer spacer-6a04a2e92d2be\" data-id=\"6a04a2e92d2be\" data-height=\"30\" data-height-mobile=\"10\" data-height-tab=\"20\" data-height-tab-portrait=\"\" data-height-mobile-landscape=\"\" style=\"clear:both;display:block;\"><\/div>[\/vc_column][\/vc_row][vc_row gap=&#8221;30&#8243; padding_top=&#8221;40px&#8221; padding_bottom=&#8221;20px&#8221; padding_left=&#8221;10px&#8221; padding_right=&#8221;10px&#8221; bg_type=&#8221;bg_color&#8221; bg_color_value=&#8221;rgba(247,247,247,0.8)&#8221;][vc_column]<div id=\"ultib3-30590839256a04a2e92d546\" class=\" ultb3-box ult-adjust-bottom-margin  ultb3-hover-3\" style=\"background-color: #b3d4e5;border:1px solid #dddddd;\"><div class=\"ultb3-box-overlay\" style=\"background:rgba(255,255,255,0.7);\"><\/div><img decoding=\"async\" src=\"https:\/\/www.enka.k12.tr\/adapazari\/wp-content\/uploads\/2023\/06\/shot.jpg\" style=\"\" class=\"ultb3-img ultb3-img-center-right\" alt=\"null\"\/><div id=\"Info-banner-wrap2526\" class=\"ultb3-info ib3-info-left\" data-animation=\"flipInX\" data-animation-delay=\"03\"><div class=\"ultb3-title ult-responsive\"  data-ultimate-target='#Info-banner-wrap2526 .ultb3-title'  data-responsive-json-new='{\"font-size\":\"desktop:18px;\",\"line-height\":\"\"}'  style=\"font-weight:normal;\">YAZADURMAK 2023<\/div><a href=\"https:\/\/www.enka.k12.tr\/adapazari\/wp-content\/uploads\/2023\/06\/2023-YAZADURMAK.pdf\" title=\"Adapazar\u0131 \u00d6zel ENKA Okullar\u0131 yazadurmak\" target=\"target=\"_blank\"\"  class=\"ultb3-btn ult-responsive\"  data-ultimate-target='#Info-banner-wrap2526 .ultb3-btn'  data-responsive-json-new='{\"font-size\":\"\",\"line-height\":\"\"}'  style=\"font-weight:normal;\">Daha Fazlas\u0131<i class=\"Defaults-angle-right\"><\/i><\/a><\/div><\/div><style>\n\t\t\t\t\t#ultib3-30590839256a04a2e92d546 {\n\t\t\t\t\t\tmin-height:320px;\n\t\t\t\t\t}\n\t\t\t\t\t#ultib3-30590839256a04a2e92d546 img.ultb3-img {\n\t\t\t\t\t\theight: px;\n\t\t\t\t\t}\n\t\t\t\t\t#ultib3-30590839256a04a2e92d546 .ultb3-btn {\n\t\t\t\t\t\tborder:2px solid #69b3e7;border-radius:50px;color:#69b3e7;\n\t\t\t\t\t}\n\t\t\t\t\t#ultib3-30590839256a04a2e92d546 .ultb3-btn:hover {\n\t\t\t\t\t\tbackground:#69b3e7;color:#ffffff;\n\t\t\t\t\t}\n\t\t\t\t\t#ultib3-30590839256a04a2e92d546 .ultb3-btn:focus {\n\t\t\t\t\t\toutline: 2px solid #005fcc;\n\t\t\t\t\t\toutline-offset: 2px;\n\t\t\t\t\t}\n\t\t\t\t<\/style><div class=\"ult-spacer spacer-6a04a2e92d5d9\" data-id=\"6a04a2e92d5d9\" data-height=\"30\" data-height-mobile=\"10\" data-height-tab=\"20\" data-height-tab-portrait=\"\" data-height-mobile-landscape=\"\" style=\"clear:both;display:block;\"><\/div>[\/vc_column][\/vc_row][vc_row gap=&#8221;30&#8243; padding_top=&#8221;40px&#8221; padding_bottom=&#8221;20px&#8221; padding_left=&#8221;10px&#8221; padding_right=&#8221;10px&#8221; bg_type=&#8221;bg_color&#8221; bg_color_value=&#8221;rgba(247,247,247,0.8)&#8221;][vc_column]<div id=\"ultib3-14651753756a04a2e92d84b\" class=\" ultb3-box ult-adjust-bottom-margin  ultb3-hover-3\" style=\"background-color: #b3d4e5;border:1px solid #dddddd;\"><div class=\"ultb3-box-overlay\" style=\"background:rgba(255,255,255,0.7);\"><\/div><img decoding=\"async\" src=\"https:\/\/www.enka.k12.tr\/adapazari\/wp-content\/uploads\/2022\/06\/yazadurmak-2022.jpg\" style=\"\" class=\"ultb3-img ultb3-img-center-right\" alt=\"null\"\/><div id=\"Info-banner-wrap4029\" class=\"ultb3-info ib3-info-left\" data-animation=\"flipInX\" data-animation-delay=\"03\"><div class=\"ultb3-title ult-responsive\"  data-ultimate-target='#Info-banner-wrap4029 .ultb3-title'  data-responsive-json-new='{\"font-size\":\"desktop:18px;\",\"line-height\":\"\"}'  style=\"font-weight:normal;\">YAZADURMAK 2022<\/div><a href=\"https:\/\/www.enka.k12.tr\/adapazari\/wp-content\/uploads\/2022\/06\/2022-yazadurmak-17-sayisi.pdf\" title=\"Adapazar\u0131 \u00d6zel ENKA Okullar\u0131 yazadurmak\" target=\"target=\"_blank\"\"  class=\"ultb3-btn ult-responsive\"  data-ultimate-target='#Info-banner-wrap4029 .ultb3-btn'  data-responsive-json-new='{\"font-size\":\"\",\"line-height\":\"\"}'  style=\"font-weight:normal;\">Daha Fazlas\u0131<i class=\"Defaults-angle-right\"><\/i><\/a><\/div><\/div><style>\n\t\t\t\t\t#ultib3-14651753756a04a2e92d84b {\n\t\t\t\t\t\tmin-height:320px;\n\t\t\t\t\t}\n\t\t\t\t\t#ultib3-14651753756a04a2e92d84b img.ultb3-img {\n\t\t\t\t\t\theight: px;\n\t\t\t\t\t}\n\t\t\t\t\t#ultib3-14651753756a04a2e92d84b .ultb3-btn {\n\t\t\t\t\t\tborder:2px solid #69b3e7;border-radius:50px;color:#69b3e7;\n\t\t\t\t\t}\n\t\t\t\t\t#ultib3-14651753756a04a2e92d84b .ultb3-btn:hover {\n\t\t\t\t\t\tbackground:#69b3e7;color:#ffffff;\n\t\t\t\t\t}\n\t\t\t\t\t#ultib3-14651753756a04a2e92d84b .ultb3-btn:focus {\n\t\t\t\t\t\toutline: 2px solid #005fcc;\n\t\t\t\t\t\toutline-offset: 2px;\n\t\t\t\t\t}\n\t\t\t\t<\/style><div class=\"ult-spacer spacer-6a04a2e92d8c9\" data-id=\"6a04a2e92d8c9\" data-height=\"30\" data-height-mobile=\"10\" data-height-tab=\"20\" data-height-tab-portrait=\"\" data-height-mobile-landscape=\"\" style=\"clear:both;display:block;\"><\/div>[\/vc_column][\/vc_row][vc_row gap=&#8221;30&#8243; padding_top=&#8221;40px&#8221; padding_bottom=&#8221;20px&#8221; padding_left=&#8221;10px&#8221; padding_right=&#8221;10px&#8221; bg_type=&#8221;bg_color&#8221; bg_color_value=&#8221;rgba(247,247,247,0.8)&#8221;][vc_column]<div id=\"ultib3-38735562806a04a2e92db35\" class=\" ultb3-box ult-adjust-bottom-margin  ultb3-hover-3\" style=\"background-color: #b3d4e5;border:1px solid #dddddd;\"><div class=\"ultb3-box-overlay\" style=\"background:rgba(255,255,255,0.7);\"><\/div><img decoding=\"async\" src=\"https:\/\/www.enka.k12.tr\/adapazari\/wp-content\/uploads\/2021\/06\/yazadurmak.jpg\" style=\"\" class=\"ultb3-img ultb3-img-center-right\" alt=\"null\"\/><div id=\"Info-banner-wrap5695\" class=\"ultb3-info ib3-info-left\" data-animation=\"flipInX\" data-animation-delay=\"03\"><div class=\"ultb3-title ult-responsive\"  data-ultimate-target='#Info-banner-wrap5695 .ultb3-title'  data-responsive-json-new='{\"font-size\":\"desktop:18px;\",\"line-height\":\"\"}'  style=\"font-weight:normal;\">YAZADURMAK 2021<\/div><a href=\"https:\/\/www.enka.k12.tr\/adapazari\/wp-content\/uploads\/2021\/06\/Yazadurmak-m.pdf\" title=\"Adapazar\u0131 \u00d6zel ENKA Okullar\u0131 yazadurmak\" target=\"target=\"_blank\"\"  class=\"ultb3-btn ult-responsive\"  data-ultimate-target='#Info-banner-wrap5695 .ultb3-btn'  data-responsive-json-new='{\"font-size\":\"\",\"line-height\":\"\"}'  style=\"font-weight:normal;\">Daha Fazlas\u0131<i class=\"Defaults-angle-right\"><\/i><\/a><\/div><\/div><style>\n\t\t\t\t\t#ultib3-38735562806a04a2e92db35 {\n\t\t\t\t\t\tmin-height:320px;\n\t\t\t\t\t}\n\t\t\t\t\t#ultib3-38735562806a04a2e92db35 img.ultb3-img {\n\t\t\t\t\t\theight: px;\n\t\t\t\t\t}\n\t\t\t\t\t#ultib3-38735562806a04a2e92db35 .ultb3-btn {\n\t\t\t\t\t\tborder:2px solid #69b3e7;border-radius:50px;color:#69b3e7;\n\t\t\t\t\t}\n\t\t\t\t\t#ultib3-38735562806a04a2e92db35 .ultb3-btn:hover {\n\t\t\t\t\t\tbackground:#69b3e7;color:#ffffff;\n\t\t\t\t\t}\n\t\t\t\t\t#ultib3-38735562806a04a2e92db35 .ultb3-btn:focus {\n\t\t\t\t\t\toutline: 2px solid #005fcc;\n\t\t\t\t\t\toutline-offset: 2px;\n\t\t\t\t\t}\n\t\t\t\t<\/style><div class=\"ult-spacer spacer-6a04a2e92dbb6\" data-id=\"6a04a2e92dbb6\" data-height=\"30\" data-height-mobile=\"10\" data-height-tab=\"20\" data-height-tab-portrait=\"\" data-height-mobile-landscape=\"\" style=\"clear:both;display:block;\"><\/div>[\/vc_column][\/vc_row][vc_row gap=&#8221;30&#8243; padding_top=&#8221;40px&#8221; padding_bottom=&#8221;20px&#8221; padding_left=&#8221;10px&#8221; padding_right=&#8221;10px&#8221; bg_type=&#8221;bg_color&#8221; bg_color_value=&#8221;rgba(247,247,247,0.8)&#8221;][vc_column]<div id=\"ultib3-10842359066a04a2e92de4f\" class=\" ultb3-box ult-adjust-bottom-margin  ultb3-hover-3\" style=\"background-color: #b3d4e5;border:1px solid #dddddd;\"><div class=\"ultb3-box-overlay\" style=\"background:rgba(255,255,255,0.7);\"><\/div><img decoding=\"async\" src=\"https:\/\/www.enka.k12.tr\/adapazari\/wp-content\/uploads\/2019\/09\/yazadurmak_14-e1569322931984.png\" style=\"\" class=\"ultb3-img ultb3-img-center-right\" alt=\"null\"\/><div id=\"Info-banner-wrap6952\" class=\"ultb3-info ib3-info-left\" data-animation=\"flipInX\" data-animation-delay=\"03\"><div class=\"ultb3-title ult-responsive\"  data-ultimate-target='#Info-banner-wrap6952 .ultb3-title'  data-responsive-json-new='{\"font-size\":\"desktop:18px;\",\"line-height\":\"\"}'  style=\"font-weight:normal;\">YAZADURMAK 2018<\/div><a href=\"https:\/\/www.enka.k12.tr\/adapazari\/wp-content\/uploads\/2019\/09\/Yazadurmak_14_sayi.pdf\" target=\"target=\"_blank\"\"  class=\"ultb3-btn ult-responsive\"  data-ultimate-target='#Info-banner-wrap6952 .ultb3-btn'  data-responsive-json-new='{\"font-size\":\"\",\"line-height\":\"\"}'  style=\"font-weight:normal;\">Daha Fazlas\u0131<i class=\"Defaults-angle-right\"><\/i><\/a><\/div><\/div><style>\n\t\t\t\t\t#ultib3-10842359066a04a2e92de4f {\n\t\t\t\t\t\tmin-height:320px;\n\t\t\t\t\t}\n\t\t\t\t\t#ultib3-10842359066a04a2e92de4f img.ultb3-img {\n\t\t\t\t\t\theight: px;\n\t\t\t\t\t}\n\t\t\t\t\t#ultib3-10842359066a04a2e92de4f .ultb3-btn {\n\t\t\t\t\t\tborder:2px solid #69b3e7;border-radius:50px;color:#69b3e7;\n\t\t\t\t\t}\n\t\t\t\t\t#ultib3-10842359066a04a2e92de4f .ultb3-btn:hover {\n\t\t\t\t\t\tbackground:#69b3e7;color:#ffffff;\n\t\t\t\t\t}\n\t\t\t\t\t#ultib3-10842359066a04a2e92de4f .ultb3-btn:focus {\n\t\t\t\t\t\toutline: 2px solid #005fcc;\n\t\t\t\t\t\toutline-offset: 2px;\n\t\t\t\t\t}\n\t\t\t\t<\/style><div class=\"ult-spacer spacer-6a04a2e92decd\" data-id=\"6a04a2e92decd\" data-height=\"30\" data-height-mobile=\"10\" data-height-tab=\"20\" data-height-tab-portrait=\"\" data-height-mobile-landscape=\"\" style=\"clear:both;display:block;\"><\/div>[\/vc_column][\/vc_row][vc_row gap=&#8221;30&#8243; padding_top=&#8221;40px&#8221; padding_bottom=&#8221;20px&#8221; padding_left=&#8221;10px&#8221; padding_right=&#8221;10px&#8221; bg_type=&#8221;bg_color&#8221; bg_color_value=&#8221;rgba(247,247,247,0.8)&#8221;][vc_column]<div id=\"ultib3-6222895986a04a2e92e138\" class=\" ultb3-box ult-adjust-bottom-margin  ultb3-hover-3\" style=\"background-color: #b3d4e5;border:1px solid #dddddd;\"><div class=\"ultb3-box-overlay\" style=\"background:rgba(255,255,255,0.7);\"><\/div><img decoding=\"async\" src=\"https:\/\/www.enka.k12.tr\/adapazari\/wp-content\/uploads\/2017\/07\/yazadurmak_new_fi.jpg\" style=\"\" class=\"ultb3-img ultb3-img-center-right\" alt=\"null\"\/><div id=\"Info-banner-wrap8265\" class=\"ultb3-info ib3-info-left\" data-animation=\"flipInX\" data-animation-delay=\"03\"><div class=\"ultb3-title ult-responsive\"  data-ultimate-target='#Info-banner-wrap8265 .ultb3-title'  data-responsive-json-new='{\"font-size\":\"desktop:18px;\",\"line-height\":\"\"}'  style=\"font-weight:normal;\">YAZADURMAK 2017<\/div><a href=\"https:\/\/www.enka.k12.tr\/adapazari\/wp-content\/uploads\/2017\/07\/YAZADURMAK.pdf\" target=\"target=\"_blank\"\"  class=\"ultb3-btn ult-responsive\"  data-ultimate-target='#Info-banner-wrap8265 .ultb3-btn'  data-responsive-json-new='{\"font-size\":\"\",\"line-height\":\"\"}'  style=\"font-weight:normal;\">Daha Fazlas\u0131<i class=\"Defaults-angle-right\"><\/i><\/a><\/div><\/div><style>\n\t\t\t\t\t#ultib3-6222895986a04a2e92e138 {\n\t\t\t\t\t\tmin-height:320px;\n\t\t\t\t\t}\n\t\t\t\t\t#ultib3-6222895986a04a2e92e138 img.ultb3-img {\n\t\t\t\t\t\theight: px;\n\t\t\t\t\t}\n\t\t\t\t\t#ultib3-6222895986a04a2e92e138 .ultb3-btn {\n\t\t\t\t\t\tborder:2px solid #69b3e7;border-radius:50px;color:#69b3e7;\n\t\t\t\t\t}\n\t\t\t\t\t#ultib3-6222895986a04a2e92e138 .ultb3-btn:hover {\n\t\t\t\t\t\tbackground:#69b3e7;color:#ffffff;\n\t\t\t\t\t}\n\t\t\t\t\t#ultib3-6222895986a04a2e92e138 .ultb3-btn:focus {\n\t\t\t\t\t\toutline: 2px solid #005fcc;\n\t\t\t\t\t\toutline-offset: 2px;\n\t\t\t\t\t}\n\t\t\t\t<\/style><div class=\"ult-spacer spacer-6a04a2e92e1cd\" data-id=\"6a04a2e92e1cd\" data-height=\"30\" data-height-mobile=\"10\" data-height-tab=\"20\" data-height-tab-portrait=\"\" data-height-mobile-landscape=\"\" style=\"clear:both;display:block;\"><\/div>[\/vc_column][\/vc_row]<\/p>\n<\/div>","protected":false},"excerpt":{"rendered":"<p>[vc_row][vc_column][\/vc_column][\/vc_row][vc_row gap=&#8221;30&#8243; padding_top=&#8221;40px&#8221; padding_bottom=&#8221;20px&#8221; padding_left=&#8221;10px&#8221; padding_right=&#8221;10px&#8221; bg_type=&#8221;bg_color&#8221; bg_color_value=&#8221;rgba(247,247,247,0.8)&#8221;][vc_column][\/vc_column][\/vc_row][vc_row gap=&#8221;30&#8243; padding_top=&#8221;40px&#8221; padding_bottom=&#8221;20px&#8221; padding_left=&#8221;10px&#8221; padding_right=&#8221;10px&#8221; bg_type=&#8221;bg_color&#8221; bg_color_value=&#8221;rgba(247,247,247,0.8)&#8221;][vc_column][\/vc_column][\/vc_row][vc_row gap=&#8221;30&#8243; padding_top=&#8221;40px&#8221; padding_bottom=&#8221;20px&#8221; padding_left=&#8221;10px&#8221; padding_right=&#8221;10px&#8221; bg_type=&#8221;bg_color&#8221; bg_color_value=&#8221;rgba(247,247,247,0.8)&#8221;][vc_column][\/vc_column][\/vc_row][vc_row gap=&#8221;30&#8243; padding_top=&#8221;40px&#8221; padding_bottom=&#8221;20px&#8221; padding_left=&#8221;10px&#8221; padding_right=&#8221;10px&#8221; bg_type=&#8221;bg_color&#8221; bg_color_value=&#8221;rgba(247,247,247,0.8)&#8221;][vc_column][\/vc_column][\/vc_row][vc_row gap=&#8221;30&#8243; padding_top=&#8221;40px&#8221; padding_bottom=&#8221;20px&#8221; padding_left=&#8221;10px&#8221; padding_right=&#8221;10px&#8221; bg_type=&#8221;bg_color&#8221; bg_color_value=&#8221;rgba(247,247,247,0.8)&#8221;][vc_column][\/vc_column][\/vc_row][vc_row gap=&#8221;30&#8243; padding_top=&#8221;40px&#8221; padding_bottom=&#8221;20px&#8221; padding_left=&#8221;10px&#8221; padding_right=&#8221;10px&#8221; bg_type=&#8221;bg_color&#8221; bg_color_value=&#8221;rgba(247,247,247,0.8)&#8221;][vc_column][\/vc_column][\/vc_row][vc_row gap=&#8221;30&#8243; padding_top=&#8221;40px&#8221; padding_bottom=&#8221;20px&#8221; padding_left=&#8221;10px&#8221; padding_right=&#8221;10px&#8221; bg_type=&#8221;bg_color&#8221; bg_color_value=&#8221;rgba(247,247,247,0.8)&#8221;][vc_column][\/vc_column][\/vc_row]<\/p>\n","protected":false},"author":2,"featured_media":15570,"parent":442,"menu_order":0,"comment_status":"closed","ping_status":"closed","template":"","meta":{"_acf_changed":false,"om_disable_all_campaigns":false,"inline_featured_image":false,"_monsterinsights_skip_tracking":false,"_monsterinsights_sitenote_active":false,"_monsterinsights_sitenote_note":"","_monsterinsights_sitenote_category":0,"footnotes":""},"class_list":["post-456","page","type-page","status-publish","has-post-thumbnail","hentry","custom-post-type-entry"],"aioseo_notices":[],"acf":[],"_links":{"self":[{"href":"https:\/\/www.enka.k12.tr\/adapazari\/wp-json\/wp\/v2\/pages\/456","targetHints":{"allow":["GET"]}}],"collection":[{"href":"https:\/\/www.enka.k12.tr\/adapazari\/wp-json\/wp\/v2\/pages"}],"about":[{"href":"https:\/\/www.enka.k12.tr\/adapazari\/wp-json\/wp\/v2\/types\/page"}],"author":[{"embeddable":true,"href":"https:\/\/www.enka.k12.tr\/adapazari\/wp-json\/wp\/v2\/users\/2"}],"replies":[{"embeddable":true,"href":"https:\/\/www.enka.k12.tr\/adapazari\/wp-json\/wp\/v2\/comments?post=456"}],"version-history":[{"count":0,"href":"https:\/\/www.enka.k12.tr\/adapazari\/wp-json\/wp\/v2\/pages\/456\/revisions"}],"up":[{"embeddable":true,"href":"https:\/\/www.enka.k12.tr\/adapazari\/wp-json\/wp\/v2\/pages\/442"}],"wp:featuredmedia":[{"embeddable":true,"href":"https:\/\/www.enka.k12.tr\/adapazari\/wp-json\/wp\/v2\/media\/15570"}],"wp:attachment":[{"href":"https:\/\/www.enka.k12.tr\/adapazari\/wp-json\/wp\/v2\/media?parent=456"}],"curies":[{"name":"wp","href":"https:\/\/api.w.org\/{rel}","templated":true}]}}