{"id":64,"date":"2017-07-03T08:11:59","date_gmt":"2017-07-03T08:11:59","guid":{"rendered":"http:\/\/www.enka.com\/foundation\/schools\/adapazari\/ib-programs\/personal-projects\/"},"modified":"2021-03-23T10:32:08","modified_gmt":"2021-03-23T07:32:08","slug":"toplum-projesi","status":"publish","type":"page","link":"https:\/\/www.enka.k12.tr\/adapazari\/ib-programlari\/myp\/toplum-projesi\/","title":{"rendered":"TOPLUM PROJES\u0130"},"content":{"rendered":"<div class=\"wpb-content-wrapper\"><p>[vc_row][vc_column]<div id=\"ultimate-heading-42669e9fa8070643\" class=\"uvc-heading ult-adjust-bottom-margin ultimate-heading-42669e9fa8070643 uvc-1954 \" data-hspacer=\"line_with_icon\" data-hline_width=\"auto\" data-hicon_type=\"custom\" data-hborder_style=\"solid\" data-hborder_height=\"3\" data-hborder_color=\"#69b3e7\" data-icon_width=\"200\" data-hfixer=\"30\"  data-halign=\"center\" style=\"text-align:center\"><div class=\"uvc-heading-spacer line_with_icon\" style=\"top\"><div class=\"ult-just-icon-wrapper  \"><div class=\"align-icon\" style=\"text-align:center;\">\n<div class=\"aio-icon-img \" style=\"font-size:200px;display:inline-block;\" >\n\t<img decoding=\"async\" class=\"img-icon\" alt=\"null\" src=\"https:\/\/www.enka.k12.tr\/adapazari\/wp-content\/uploads\/2021\/03\/enka_schools_log_newtr.jpg\"\/>\n<\/div><\/div><\/div><\/div><div class=\"uvc-sub-heading ult-responsive\"  data-ultimate-target='.uvc-heading.ultimate-heading-42669e9fa8070643 .uvc-sub-heading '  data-responsive-json-new='{\"font-size\":\"\",\"line-height\":\"\"}'  style=\"font-weight:normal;\"><br \/><\/div><\/div><div class=\"ult-spacer spacer-69e9fa80706a7\" data-id=\"69e9fa80706a7\" data-height=\"30\" data-height-mobile=\"10\" data-height-tab=\"20\" data-height-tab-portrait=\"\" data-height-mobile-landscape=\"\" style=\"clear:both;display:block;\"><\/div>[\/vc_column][\/vc_row][vc_row padding_top=&#8221;30px&#8221; bg_type=&#8221;bg_color&#8221; bg_color_value=&#8221;#f5f5f5&#8243;][vc_column]<div id=\"ultimate-heading-152169e9fa8070700\" class=\"uvc-heading ult-adjust-bottom-margin ultimate-heading-152169e9fa8070700 uvc-4772 \" data-hspacer=\"line_only\"  data-halign=\"left\" style=\"text-align:left\"><div class=\"uvc-main-heading ult-responsive\"  data-ultimate-target='.uvc-heading.ultimate-heading-152169e9fa8070700 h2'  data-responsive-json-new='{\"font-size\":\"desktop:20px;\",\"line-height\":\"desktop:50px;\"}' ><h2 style=\"font-weight:normal;color:#000000;\">TOPLUM<\/h2><\/div><div class=\"uvc-sub-heading ult-responsive\"  data-ultimate-target='.uvc-heading.ultimate-heading-152169e9fa8070700 .uvc-sub-heading '  data-responsive-json-new='{\"font-size\":\"desktop:50px;tablet:48px;tablet_portrait:46px;mobile_landscape:44px;mobile:42px;\",\"line-height\":\"desktop:50px;tablet:48px;tablet_portrait:46px;mobile_landscape:44px;mobile:42px;\"}'  style=\"font-weight:bold;color:#000000;\"><span style=\"color: #69b3e7;\">PROJES\u0130<\/span><\/div><div class=\"uvc-heading-spacer line_only\" style=\"margin-top:10px;height:3px;\"><span class=\"uvc-headings-line\" style=\"border-style:solid;border-bottom-width:3px;border-color:#000000;width:100px;\"><\/span><\/div><\/div><div class=\"ult-spacer spacer-69e9fa8070771\" data-id=\"69e9fa8070771\" data-height=\"30\" data-height-mobile=\"10\" data-height-tab=\"20\" data-height-tab-portrait=\"\" data-height-mobile-landscape=\"\" style=\"clear:both;display:block;\"><\/div>[\/vc_column][\/vc_row][vc_row padding_top=&#8221;30px&#8221; bg_type=&#8221;bg_color&#8221; bg_color_value=&#8221;#f5f5f5&#8243;][vc_column][vc_column_text]<\/p>\n<p style=\"text-align: justify;\">MYP \u00f6\u011frencileri, program\u0131n \u00fc\u00e7\u00fcnc\u00fc y\u0131l\u0131nda MYP Toplum Projesini tamamlarlar. Bu projenin temel hedefi, \u00f6\u011frencilerin ki\u015fisel ilgilerinden yola \u00e7\u0131karak, onlar\u0131n toplumsal sorunlar\u0131n \u00e7\u00f6z\u00fcm\u00fcnde g\u00f6n\u00fcll\u00fc ve aktif rol almalar\u0131n\u0131 te\u015fvik edecek projeler haz\u0131rlamas\u0131n\u0131 sa\u011flamakt\u0131r.<\/p>\n<p style=\"text-align: justify;\">\u00d6\u011frenciler bu do\u011frultuda ara\u015ft\u0131rma, planlama, eyleme ge\u00e7me ve d\u00f6n\u00fc\u015f\u00fcml\u00fc d\u00fc\u015f\u00fcnme s\u00fcre\u00e7lerinden ge\u00e7erek projelerini tamamlarlar. Toplum projeleri, bireysel ya da grup projeleri olabilir. Proje s\u00fcperviz\u00f6rleri, \u00f6\u011frencilere s\u00fcre\u00e7 boyunca dan\u0131\u015fmanl\u0131k yaparlar.<\/p>\n<p style=\"text-align: justify;\">Toplum projesi \u00e7al\u0131\u015fmas\u0131, \u00f6\u011frencilerin hizmet edecekleri toplumu ve bu toplumun bir ihtiyac\u0131n\u0131 belirlemeleri ile ba\u015flar. Proje s\u00fcperviz\u00f6rlerinin y\u00f6nlendirmesi ile \u00f6\u011frenciler hedefleri do\u011frultusunda ara\u015ft\u0131rma yapmaya ve proje s\u00fcrecini, s\u00fcre\u00e7 g\u00fcnl\u00fcklerinde kay\u0131t alt\u0131na almaya ba\u015flarlar. Projenin planlama a\u015famas\u0131nda, \u00f6\u011frenciler projelerini detayland\u0131rarak, proje \u00f6neri formunu doldururlar. Eyleme ge\u00e7me a\u015famas\u0131nda, planlanan hizmet uygulan\u0131r. D\u00f6n\u00fc\u015f\u00fcml\u00fc d\u00fc\u015f\u00fcnme a\u015famas\u0131nda ise, \u00f6\u011frencinin kendisini ve s\u00fcreci de\u011ferlendirmesi beklenir. Toplum Projesinin son a\u015famas\u0131nda \u00f6\u011frenci, yapt\u0131\u011f\u0131 bir s\u00f6zl\u00fc sunum ile, t\u00fcm s\u00fcreci okul toplumu ile payla\u015f\u0131r ve yeni projelere ilham verir. Toplum projesini ba\u015far\u0131 ile tamamlayan \u00f6\u011frenciler, MYP Tamamlama Sertifikas\u0131 almaya hak kazan\u0131rlar.<\/p>\n<p>[\/vc_column_text][\/vc_column][\/vc_row][vc_row padding_top=&#8221;30px&#8221; bg_type=&#8221;bg_color&#8221; bg_color_value=&#8221;#f5f5f5&#8243;][vc_column]\n\t\t\t\t<script type=\"text\/javascript\">\n\t\t\t\t\tjQuery(function($){\n\t\t\t\t\t\tif ( $.fn.imagesLoaded != undefined && $.fn.carouFredSel != undefined ) {\n\t\t\t\t\t\t\tvar $carouselContainer = $(\"#caroufredsel-39\");\n\t\t\t\t\t\t\t$carouselContainer.imagesLoaded(function() {\n\t\t\t\t\t\t\t\t$carouselContainer.carouFredSel({\n\t\t\t\t\t\t\t\t\tresponsive : true,\n\t\t\t\t\t\t\t\t\theight: \"variable\",\n\t\t\t\t\t\t\t\t\twidth : \"100%\",\n\t\t\t\t\t\t\t\t\tcircular : true,\n\t\t\t\t\t\t\t\t\tinfinite : true,\n\t\t\t\t\t\t\t\t\tauto : {\n\t\t\t\t\t\t\t\t\t\tplay: false,\n\t\t\t\t\t\t\t\t\t\ttimeoutDuration : 5000,\n\t\t\t\t\t\t\t\t\t},\n\t\t\t\t\t\t\t\t\tswipe : {\n\t\t\t\t\t\t\t\t\t\tonTouch: true,\n\t\t\t\t\t\t\t\t\t\tonMouse: true,\n\t\t\t\t\t\t\t\t\t},prev : \"#prev-39\",next : \"#next-39\",items : {\n\t\t\t\t\t\t\t\t\t\twidth : 400,\n\t\t\t\t\t\t\t\t\t\theight: \"variable\",\n\t\t\t\t\t\t\t\t\t\tvisible : {\n\t\t\t\t\t\t\t\t\t\t\tmin : 1,\n\t\t\t\t\t\t\t\t\t\t\tmax : 4\n\t\t\t\t\t\t\t\t\t\t}\n\t\t\t\t\t\t\t\t\t}\n\t\t\t\t\t\t\t\t});\n\t\t\t\t\t\t\t});\n\t\t\t\t\t\t}$(window).load(function(){\n\t\t\t\t\t\t\t\t$(\".vcex-caroufredsel-loading\").removeClass(\"vcex-caroufredsel-loading\");\n\t\t\t\t\t\t\t});});\n\t\t\t\t<\/script><div class=\"vcex-caroufredsel-wrap clr vcex-caroufredsel-portfolio vcex-caroufredsel-default vcex-caroufredsel-loading\"><div class=\"vcex-caroufredsel vcex-gallery-lightbox \"><ul id=\"caroufredsel-39\"><li class=\"vcex-caroufredsel-slide\"><div class=\"vcex-caroufredsel-entry-media vcex-true\"><a href=\"https:\/\/www.enka.k12.tr\/adapazari\/wp-content\/uploads\/2017\/07\/personal_project450x300_1.jpg\" title=\"\" class=\"vcex-caroufredsel-entry-img gallery-lightbox\"><img decoding=\"async\" src=\"https:\/\/www.enka.k12.tr\/adapazari\/wp-content\/uploads\/2017\/07\/personal_project450x300_1.jpg\" alt=\"\" \/><\/a><!-- .vcex-caroufredsel-entry-img --><\/div><\/li><li class=\"vcex-caroufredsel-slide\"><div class=\"vcex-caroufredsel-entry-media vcex-true\"><a href=\"https:\/\/www.enka.k12.tr\/adapazari\/wp-content\/uploads\/2017\/07\/personal_project450x300_2.jpg\" title=\"\" class=\"vcex-caroufredsel-entry-img gallery-lightbox\"><img decoding=\"async\" src=\"https:\/\/www.enka.k12.tr\/adapazari\/wp-content\/uploads\/2017\/07\/personal_project450x300_2.jpg\" alt=\"\" \/><\/a><!-- .vcex-caroufredsel-entry-img --><\/div><\/li><li class=\"vcex-caroufredsel-slide\"><div class=\"vcex-caroufredsel-entry-media vcex-true\"><a href=\"https:\/\/www.enka.k12.tr\/adapazari\/wp-content\/uploads\/2017\/07\/personal_project450x300.jpg\" title=\"\" class=\"vcex-caroufredsel-entry-img gallery-lightbox\"><img decoding=\"async\" src=\"https:\/\/www.enka.k12.tr\/adapazari\/wp-content\/uploads\/2017\/07\/personal_project450x300.jpg\" alt=\"\" \/><\/a><!-- .vcex-caroufredsel-entry-img --><\/div><\/li><\/ul><div id=\"prev-39\" class=\"vcex-caroufredsel-prev\"><span class=\"fa fa-chevron-left\"><\/span><\/div><div id=\"next-39\" class=\"vcex-caroufredsel-next\"><span class=\"fa fa-chevron-right\"><\/span><\/div><\/div><\/div><div class=\"vcex-clear-floats\"><\/div><div class=\"ult-spacer spacer-69e9fa8070fb7\" data-id=\"69e9fa8070fb7\" data-height=\"30\" data-height-mobile=\"10\" data-height-tab=\"20\" data-height-tab-portrait=\"\" data-height-mobile-landscape=\"\" style=\"clear:both;display:block;\"><\/div>[\/vc_column][\/vc_row]<\/p>\n<\/div>","protected":false},"excerpt":{"rendered":"<p>[vc_row][vc_column][\/vc_column][\/vc_row][vc_row padding_top=&#8221;30px&#8221; bg_type=&#8221;bg_color&#8221; bg_color_value=&#8221;#f5f5f5&#8243;][vc_column][\/vc_column][\/vc_row][vc_row padding_top=&#8221;30px&#8221; bg_type=&#8221;bg_color&#8221; bg_color_value=&#8221;#f5f5f5&#8243;][vc_column][vc_column_text] MYP \u00f6\u011frencileri, program\u0131n \u00fc\u00e7\u00fcnc\u00fc y\u0131l\u0131nda MYP Toplum Projesini tamamlarlar. Bu projenin temel hedefi, \u00f6\u011frencilerin ki\u015fisel ilgilerinden yola \u00e7\u0131karak, onlar\u0131n toplumsal sorunlar\u0131n \u00e7\u00f6z\u00fcm\u00fcnde g\u00f6n\u00fcll\u00fc ve aktif rol almalar\u0131n\u0131 te\u015fvik edecek projeler haz\u0131rlamas\u0131n\u0131 sa\u011flamakt\u0131r. \u00d6\u011frenciler bu do\u011frultuda ara\u015ft\u0131rma, planlama, eyleme ge\u00e7me ve d\u00f6n\u00fc\u015f\u00fcml\u00fc d\u00fc\u015f\u00fcnme s\u00fcre\u00e7lerinden ge\u00e7erek projelerini tamamlarlar. Toplum projeleri, bireysel ya da grup projeleri olabilir. Proje s\u00fcperviz\u00f6rleri, \u00f6\u011frencilere s\u00fcre\u00e7&#8230;<\/p>\n","protected":false},"author":2,"featured_media":1111,"parent":42,"menu_order":0,"comment_status":"closed","ping_status":"closed","template":"","meta":{"_acf_changed":false,"om_disable_all_campaigns":false,"inline_featured_image":false,"_monsterinsights_skip_tracking":false,"_monsterinsights_sitenote_active":false,"_monsterinsights_sitenote_note":"","_monsterinsights_sitenote_category":0,"footnotes":""},"class_list":["post-64","page","type-page","status-publish","has-post-thumbnail","hentry","custom-post-type-entry"],"aioseo_notices":[],"acf":[],"_links":{"self":[{"href":"https:\/\/www.enka.k12.tr\/adapazari\/wp-json\/wp\/v2\/pages\/64","targetHints":{"allow":["GET"]}}],"collection":[{"href":"https:\/\/www.enka.k12.tr\/adapazari\/wp-json\/wp\/v2\/pages"}],"about":[{"href":"https:\/\/www.enka.k12.tr\/adapazari\/wp-json\/wp\/v2\/types\/page"}],"author":[{"embeddable":true,"href":"https:\/\/www.enka.k12.tr\/adapazari\/wp-json\/wp\/v2\/users\/2"}],"replies":[{"embeddable":true,"href":"https:\/\/www.enka.k12.tr\/adapazari\/wp-json\/wp\/v2\/comments?post=64"}],"version-history":[{"count":0,"href":"https:\/\/www.enka.k12.tr\/adapazari\/wp-json\/wp\/v2\/pages\/64\/revisions"}],"up":[{"embeddable":true,"href":"https:\/\/www.enka.k12.tr\/adapazari\/wp-json\/wp\/v2\/pages\/42"}],"wp:featuredmedia":[{"embeddable":true,"href":"https:\/\/www.enka.k12.tr\/adapazari\/wp-json\/wp\/v2\/media\/1111"}],"wp:attachment":[{"href":"https:\/\/www.enka.k12.tr\/adapazari\/wp-json\/wp\/v2\/media?parent=64"}],"curies":[{"name":"wp","href":"https:\/\/api.w.org\/{rel}","templated":true}]}}