{"id":69,"date":"2017-07-03T08:13:50","date_gmt":"2017-07-03T08:13:50","guid":{"rendered":"http:\/\/www.enka.com\/foundation\/schools\/adapazari\/ib-programs\/portfolio\/"},"modified":"2021-06-18T15:26:58","modified_gmt":"2021-06-18T12:26:58","slug":"portfolyo","status":"publish","type":"page","link":"https:\/\/www.enka.k12.tr\/adapazari\/ib-programlari\/myp\/portfolyo\/","title":{"rendered":"PORTFOLYO"},"content":{"rendered":"<div class=\"wpb-content-wrapper\"><p>[vc_row][vc_column]<div id=\"ultimate-heading-96796a04a291ed06f\" class=\"uvc-heading ult-adjust-bottom-margin ultimate-heading-96796a04a291ed06f uvc-1129 \" data-hspacer=\"line_with_icon\" data-hline_width=\"auto\" data-hicon_type=\"custom\" data-hborder_style=\"solid\" data-hborder_height=\"3\" data-hborder_color=\"#69b3e7\" data-icon_width=\"200\" data-hfixer=\"30\"  data-halign=\"center\" style=\"text-align:center\"><div class=\"uvc-heading-spacer line_with_icon\" style=\"top\"><div class=\"ult-just-icon-wrapper  \"><div class=\"align-icon\" style=\"text-align:center;\">\n<div class=\"aio-icon-img \" style=\"font-size:200px;display:inline-block;\" >\n\t<img decoding=\"async\" class=\"img-icon\" alt=\"null\" src=\"https:\/\/www.enka.k12.tr\/adapazari\/wp-content\/uploads\/2021\/03\/enka_schools_log_newtr.jpg\"\/>\n<\/div><\/div><\/div><\/div><div class=\"uvc-sub-heading ult-responsive\"  data-ultimate-target='.uvc-heading.ultimate-heading-96796a04a291ed06f .uvc-sub-heading '  data-responsive-json-new='{\"font-size\":\"\",\"line-height\":\"\"}'  style=\"font-weight:normal;\"><br \/>\n<\/div><\/div><div class=\"ult-spacer spacer-6a04a291ed0d2\" data-id=\"6a04a291ed0d2\" data-height=\"30\" data-height-mobile=\"10\" data-height-tab=\"20\" data-height-tab-portrait=\"\" data-height-mobile-landscape=\"\" style=\"clear:both;display:block;\"><\/div>[\/vc_column][\/vc_row][vc_row padding_top=&#8221;30px&#8221; bg_type=&#8221;bg_color&#8221; bg_color_value=&#8221;#f5f5f5&#8243;][vc_column width=&#8221;1\/2&#8243;]<div id=\"ultimate-heading-85566a04a291ed12b\" class=\"uvc-heading ult-adjust-bottom-margin ultimate-heading-85566a04a291ed12b uvc-6347 \" data-hspacer=\"line_only\"  data-halign=\"left\" style=\"text-align:left\"><div class=\"uvc-sub-heading ult-responsive\"  data-ultimate-target='.uvc-heading.ultimate-heading-85566a04a291ed12b .uvc-sub-heading '  data-responsive-json-new='{\"font-size\":\"desktop:50px;tablet:48px;tablet_portrait:46px;mobile_landscape:44px;mobile:42px;\",\"line-height\":\"desktop:50px;tablet:48px;tablet_portrait:46px;mobile_landscape:44px;mobile:42px;\"}'  style=\"font-weight:bold;color:#000000;\">PORTFOLYO<\/div><div class=\"uvc-heading-spacer line_only\" style=\"margin-top:10px;height:3px;\"><span class=\"uvc-headings-line\" style=\"border-style:solid;border-bottom-width:3px;border-color:#69b3e7;width:100px;\"><\/span><\/div><\/div>[\/vc_column][\/vc_row][vc_row padding_top=&#8221;30px&#8221; bg_type=&#8221;bg_color&#8221; bg_color_value=&#8221;#f5f5f5&#8243;][vc_column][vc_column_text]Portfolyolar \u00f6\u011frenci ve \u00f6\u011fretmenlerce \u00f6\u011frenme ba\u015far\u0131lar\u0131n\u0131 kaydetmek ve kimliklerini ifade etmek i\u00e7in kay\u0131t tutmak \u00fczere kullan\u0131labilir. \u00d6\u011frenciler ve \u00f6\u011fretmenler \u00e7al\u0131\u015fmalar se\u00e7ebilir ya da bilgi ve anlay\u0131\u015f seviyelerini ve beceri ve davran\u0131\u015flar\u0131n\u0131 g\u00f6steren di\u011fer de\u011ferlendirme stratejilerinden g\u00f6zlem ve kan\u0131tlar\u0131 dahil edebilirler. Portfolyolar \u00f6\u011frencileri kendi \u00f6\u011frenimlerine ve o \u00f6\u011frenimin de\u011ferlendirmesine dahil etme a\u00e7\u0131s\u0131ndan yararl\u0131d\u0131r.<\/p>\n<p>\u00d6\u011fretmenler ve y\u00f6neticiler kendi okullar\u0131nda kullanmak \u00fczere farkl\u0131 portfolyo modelleri ara\u015ft\u0131rmay\u0131 tercih edebilir, ger\u00e7ek ya da okulun internet sitesi \u00fczerinde sanal klas\u00f6r gibi formatlar\u0131 d\u00fc\u015f\u00fcnebilir. Saklama meselesi her iki formatta da g\u00fcndemde olacakt\u0131r.<\/p>\n<p>De\u011ferlendirme stratejileri uygun ve elveri\u015fli anlay\u0131\u015f performanslar\u0131 geli\u015ftirmek i\u00e7in kullan\u0131labilir.<\/p>\n<p>G\u00f6revler MYP hedeflerine \u00f6zel olacakt\u0131r ancak a\u015fa\u011f\u0131daki listede geni\u015f olarak temsil edilen \u00e7e\u015fitli g\u00f6rev kategorileri yer almaktad\u0131r.[\/vc_column_text][\/vc_column][\/vc_row][vc_row padding_top=&#8221;30px&#8221; bg_type=&#8221;bg_color&#8221; bg_color_value=&#8221;#f5f5f5&#8243;][vc_column width=&#8221;2\/3&#8243;][vc_column_text]<\/p>\n<ul>\n<li>Kompozisyonlar\u2014m\u00fczikal, fiziksel, sanatsal<\/li>\n<li>Sorunlara cevaben \u00e7\u00f6z\u00fcm veya \u00fcr\u00fcn yaratma<\/li>\n<li>Denemeler<\/li>\n<li>S\u0131navlar<\/li>\n<li>Anketler<\/li>\n<li>\u0130ncelemeler<\/li>\n<li>Ara\u015ft\u0131rmalar<\/li>\n<li>Performanslar Sunumlar\u2014s\u00f6zel\u00a0(s\u00f6zl\u00fc ya da yaz\u0131l\u0131), grafik\u00a0(\u00e7e\u015fitli ara\u00e7lar yoluyla)<\/li>\n<\/ul>\n<p>[\/vc_column_text]<div class=\"ult-spacer spacer-6a04a291ed175\" data-id=\"6a04a291ed175\" data-height=\"30\" data-height-mobile=\"10\" data-height-tab=\"20\" data-height-tab-portrait=\"\" data-height-mobile-landscape=\"\" style=\"clear:both;display:block;\"><\/div>[\/vc_column][vc_column width=&#8221;1\/3&#8243;][vc_single_image image=&#8221;1804&#8243; img_size=&#8221;full&#8221;][\/vc_column][\/vc_row][vc_row padding_top=&#8221;30px&#8221; bg_type=&#8221;bg_color&#8221; bg_color_value=&#8221;#f5f5f5&#8243;][vc_column][vc_column_text]MYP\u00a0ders grubu rehberleri, de\u011ferlendirme g\u00f6revleri ve belirli kriterlere uygulanabilirlikleri konusunda daha fazla bilgi vermektedir.[\/vc_column_text][\/vc_column][\/vc_row][vc_row padding_top=&#8221;30px&#8221; bg_type=&#8221;bg_color&#8221; bg_color_value=&#8221;#f5f5f5&#8243;][vc_column width=&#8221;1\/3&#8243;][\/vc_column][vc_column width=&#8221;1\/3&#8243;]<div class=\"aio-icon-component    style_2\"><a class=\"aio-icon-box-link\" href=\"https:\/\/www.enka.k12.tr\/adapazari\/wp-content\/uploads\/2021\/06\/portfolyo-politikasi.pdf\" title=\"MYP PORTFOLYO POL\u0130T\u0130KAS\u0130\" target=\"_blank\" rel=\"noopener\" ><div id=\"Info-box-wrap-3101\" class=\"aio-icon-box square_box-icon\" style=\"border-style:solid;border-width:1px;\" data-min-height='100px' ><div class=\"aio-icon-square_box\"><div class=\"ult-just-icon-wrapper  \"><div class=\"align-icon\" style=\"text-align:center;\">\n<div class=\"aio-icon square \"  style=\"color:#ffffff;background:#69b3e7;font-size:32px;display:inline-block;\">\n\t<i class=\"Defaults-file-pdf-o\"><\/i>\n<\/div><\/div><\/div><\/div><div class=\"aio-icon-header\" ><h3 class=\"aio-icon-title ult-responsive\"  data-ultimate-target='#Info-box-wrap-3101 .aio-icon-title'  data-responsive-json-new='{\"font-size\":\"\",\"line-height\":\"\"}'  style=\"\">PORTFOLYO POL\u0130T\u0130KASI<\/h3><\/div> <!-- header --><\/div> <!-- aio-icon-box --><\/a><\/div> <!-- aio-icon-component -->[\/vc_column][vc_column width=&#8221;1\/3&#8243;][\/vc_column][\/vc_row]<\/p>\n<\/div>","protected":false},"excerpt":{"rendered":"<p>[vc_row][vc_column][\/vc_column][\/vc_row][vc_row padding_top=&#8221;30px&#8221; bg_type=&#8221;bg_color&#8221; bg_color_value=&#8221;#f5f5f5&#8243;][vc_column width=&#8221;1\/2&#8243;][\/vc_column][\/vc_row][vc_row padding_top=&#8221;30px&#8221; bg_type=&#8221;bg_color&#8221; bg_color_value=&#8221;#f5f5f5&#8243;][vc_column][vc_column_text]Portfolyolar \u00f6\u011frenci ve \u00f6\u011fretmenlerce \u00f6\u011frenme ba\u015far\u0131lar\u0131n\u0131 kaydetmek ve kimliklerini ifade etmek i\u00e7in kay\u0131t tutmak \u00fczere kullan\u0131labilir. \u00d6\u011frenciler ve \u00f6\u011fretmenler \u00e7al\u0131\u015fmalar se\u00e7ebilir ya da bilgi ve anlay\u0131\u015f seviyelerini ve beceri ve davran\u0131\u015flar\u0131n\u0131 g\u00f6steren di\u011fer de\u011ferlendirme stratejilerinden g\u00f6zlem ve kan\u0131tlar\u0131 dahil edebilirler. Portfolyolar \u00f6\u011frencileri kendi \u00f6\u011frenimlerine ve o \u00f6\u011frenimin de\u011ferlendirmesine dahil etme a\u00e7\u0131s\u0131ndan yararl\u0131d\u0131r. \u00d6\u011fretmenler ve y\u00f6neticiler kendi okullar\u0131nda kullanmak&#8230;<\/p>\n","protected":false},"author":2,"featured_media":1113,"parent":42,"menu_order":0,"comment_status":"closed","ping_status":"closed","template":"","meta":{"_acf_changed":false,"om_disable_all_campaigns":false,"inline_featured_image":false,"_monsterinsights_skip_tracking":false,"_monsterinsights_sitenote_active":false,"_monsterinsights_sitenote_note":"","_monsterinsights_sitenote_category":0,"footnotes":""},"class_list":["post-69","page","type-page","status-publish","has-post-thumbnail","hentry","custom-post-type-entry"],"aioseo_notices":[],"acf":[],"_links":{"self":[{"href":"https:\/\/www.enka.k12.tr\/adapazari\/wp-json\/wp\/v2\/pages\/69","targetHints":{"allow":["GET"]}}],"collection":[{"href":"https:\/\/www.enka.k12.tr\/adapazari\/wp-json\/wp\/v2\/pages"}],"about":[{"href":"https:\/\/www.enka.k12.tr\/adapazari\/wp-json\/wp\/v2\/types\/page"}],"author":[{"embeddable":true,"href":"https:\/\/www.enka.k12.tr\/adapazari\/wp-json\/wp\/v2\/users\/2"}],"replies":[{"embeddable":true,"href":"https:\/\/www.enka.k12.tr\/adapazari\/wp-json\/wp\/v2\/comments?post=69"}],"version-history":[{"count":0,"href":"https:\/\/www.enka.k12.tr\/adapazari\/wp-json\/wp\/v2\/pages\/69\/revisions"}],"up":[{"embeddable":true,"href":"https:\/\/www.enka.k12.tr\/adapazari\/wp-json\/wp\/v2\/pages\/42"}],"wp:featuredmedia":[{"embeddable":true,"href":"https:\/\/www.enka.k12.tr\/adapazari\/wp-json\/wp\/v2\/media\/1113"}],"wp:attachment":[{"href":"https:\/\/www.enka.k12.tr\/adapazari\/wp-json\/wp\/v2\/media?parent=69"}],"curies":[{"name":"wp","href":"https:\/\/api.w.org\/{rel}","templated":true}]}}