{"id":72,"date":"2017-07-03T08:15:21","date_gmt":"2017-07-03T08:15:21","guid":{"rendered":"http:\/\/www.enka.com\/foundation\/schools\/adapazari\/ib-programs\/international-mindedness\/"},"modified":"2021-03-23T10:33:15","modified_gmt":"2021-03-23T07:33:15","slug":"uluslararasi-bakis","status":"publish","type":"page","link":"https:\/\/www.enka.k12.tr\/adapazari\/ib-programlari\/myp\/uluslararasi-bakis\/","title":{"rendered":"ULUSLARARASI BAKI\u015e"},"content":{"rendered":"<div class=\"wpb-content-wrapper\"><p>[vc_row][vc_column]<div id=\"ultimate-heading-3456a04a28898b5f\" class=\"uvc-heading ult-adjust-bottom-margin ultimate-heading-3456a04a28898b5f uvc-5150 \" data-hspacer=\"line_with_icon\" data-hline_width=\"auto\" data-hicon_type=\"custom\" data-hborder_style=\"solid\" data-hborder_height=\"3\" data-hborder_color=\"#69b3e7\" data-icon_width=\"200\" data-hfixer=\"30\"  data-halign=\"center\" style=\"text-align:center\"><div class=\"uvc-heading-spacer line_with_icon\" style=\"top\"><div class=\"ult-just-icon-wrapper  \"><div class=\"align-icon\" style=\"text-align:center;\">\n<div class=\"aio-icon-img \" style=\"font-size:200px;display:inline-block;\" >\n\t<img decoding=\"async\" class=\"img-icon\" alt=\"null\" src=\"https:\/\/www.enka.k12.tr\/adapazari\/wp-content\/uploads\/2021\/03\/enka_schools_log_newtr.jpg\"\/>\n<\/div><\/div><\/div><\/div><div class=\"uvc-sub-heading ult-responsive\"  data-ultimate-target='.uvc-heading.ultimate-heading-3456a04a28898b5f .uvc-sub-heading '  data-responsive-json-new='{\"font-size\":\"\",\"line-height\":\"\"}'  style=\"font-weight:normal;\"><br \/><\/div><\/div><div class=\"ult-spacer spacer-6a04a28898bbf\" data-id=\"6a04a28898bbf\" data-height=\"30\" data-height-mobile=\"10\" data-height-tab=\"20\" data-height-tab-portrait=\"\" data-height-mobile-landscape=\"\" style=\"clear:both;display:block;\"><\/div>[\/vc_column][\/vc_row][vc_row][vc_column][vc_column_text]<\/p>\n<p>[\/vc_column_text][\/vc_column][\/vc_row][vc_row padding_top=&#8221;30px&#8221; bg_type=&#8221;bg_color&#8221; bg_color_value=&#8221;#f5f5f5&#8243;][vc_column]<div id=\"ultimate-heading-87466a04a28898c2e\" class=\"uvc-heading ult-adjust-bottom-margin ultimate-heading-87466a04a28898c2e uvc-7139 \" data-hspacer=\"line_only\"  data-halign=\"left\" style=\"text-align:left\"><div class=\"uvc-main-heading ult-responsive\"  data-ultimate-target='.uvc-heading.ultimate-heading-87466a04a28898c2e h2'  data-responsive-json-new='{\"font-size\":\"desktop:20px;\",\"line-height\":\"desktop:50px;\"}' ><h2 style=\"font-weight:normal;color:#000000;\">ULUSLARARASI<\/h2><\/div><div class=\"uvc-sub-heading ult-responsive\"  data-ultimate-target='.uvc-heading.ultimate-heading-87466a04a28898c2e .uvc-sub-heading '  data-responsive-json-new='{\"font-size\":\"desktop:50px;tablet_portrait:46px;mobile_landscape:44px;mobile:42px;\",\"line-height\":\"desktop:50px;tablet_portrait:46px;mobile_landscape:44px;mobile:42px;\"}'  style=\"font-weight:bold;color:#000000;\"><span style=\"color: #69b3e7;\">BAKI\u015e<\/span><\/div><div class=\"uvc-heading-spacer line_only\" style=\"margin-top:10px;height:3px;\"><span class=\"uvc-headings-line\" style=\"border-style:solid;border-bottom-width:3px;border-color:#000000;width:100px;\"><\/span><\/div><\/div>[\/vc_column][\/vc_row][vc_row padding_top=&#8221;30px&#8221; bg_type=&#8221;bg_color&#8221; bg_color_value=&#8221;#f5f5f5&#8243;][vc_column][vc_column_text]Adapazar\u0131 ENKA Okullar\u0131\u2019nda e\u011fitim program\u0131n\u0131n \u00f6\u011frencilere aktar\u0131m\u0131 boyunca faydalan\u0131lan t\u00fcm \u00f6\u011frenme ve \u00f6\u011fretme yakla\u015f\u0131mlar\u0131, \u00fczerinde durulan konu ya da \u00fcnitelere yerel oldu\u011fu kadar k\u00fcresel bir bak\u0131\u015f a\u00e7\u0131s\u0131 kazand\u0131rmay\u0131 da hedeflemektedir. \u00c7al\u0131\u015fmalar\u0131m\u0131z \u00f6\u011frencilerde kendi k\u00fclt\u00fcrlerinin fark\u0131nda olmalar\u0131n\u0131 sa\u011flad\u0131\u011f\u0131 gibi d\u00fcnya \u00fczerinde farkl\u0131 toplumlar\u0131n ve farkl\u0131 k\u00fclt\u00fcrlerin de yer ald\u0131\u011f\u0131n\u0131, onlar\u0131n bak\u0131\u015f a\u00e7\u0131lar\u0131ndan da d\u00fcnyay\u0131 g\u00f6rmeleri gerekti\u011fi bilincini kazand\u0131rmaktad\u0131r. Bu kapsamda sadece \u00f6\u011frencilerde de\u011fil okuldaki t\u00fcm \u00f6\u011frenenlerde fark\u0131ndal\u0131k uyand\u0131rmas\u0131 amac\u0131yla \u00e7e\u015fitli etkinliklerle hat\u0131rlanan ve kutlanan ulusal ve uluslararas\u0131 \u00f6nemli g\u00fcnler, sosyal etkinlikler, kul\u00fcp \u00e7al\u0131\u015fmalar\u0131 ve projeler birer d\u00fcnya vatanda\u015f\u0131 yeti\u015ftirme s\u00fcrecimizde bizlere destek olmaktad\u0131r. Bu \u00e7al\u0131\u015fmalar\u0131m\u0131zda okul k\u00fct\u00fcphanelerimizde yer alan farkl\u0131 dillerde ve \u00e7e\u015fitli t\u00fcrlerdeki kaynaklardan ve g\u00fcn\u00fcm\u00fczde e\u011fitimin vazge\u00e7ilmez bir par\u00e7as\u0131 haline gelen, okulumuzda etkin bir \u015fekilde kullan\u0131lan ve d\u00fcnyaya a\u00e7\u0131lan birer pencere olan tabletlerden faydalanmaktay\u0131z. Adapazar\u0131 ENKA Okullar\u0131\u2019ndan mezun olaca\u011f\u0131n\u0131 umdu\u011fumuz \u00f6\u011frenciler, IB \u00d6\u011frenen Profili \u00f6zelliklerine sahip olarak ve bu de\u011ferleri yans\u0131tarak uluslararas\u0131 bilin\u00e7 kavram\u0131n\u0131 somut bir \u015fekilde yans\u0131tacaklard\u0131r.[\/vc_column_text][\/vc_column][\/vc_row][vc_row padding_top=&#8221;30px&#8221; bg_type=&#8221;bg_color&#8221; bg_color_value=&#8221;#f5f5f5&#8243;][vc_column]\n\t\t\t\t<script type=\"text\/javascript\">\n\t\t\t\t\tjQuery(function($){\n\t\t\t\t\t\tif ( $.fn.imagesLoaded != undefined && $.fn.carouFredSel != undefined ) {\n\t\t\t\t\t\t\tvar $carouselContainer = $(\"#caroufredsel-56\");\n\t\t\t\t\t\t\t$carouselContainer.imagesLoaded(function() {\n\t\t\t\t\t\t\t\t$carouselContainer.carouFredSel({\n\t\t\t\t\t\t\t\t\tresponsive : true,\n\t\t\t\t\t\t\t\t\theight: \"variable\",\n\t\t\t\t\t\t\t\t\twidth : \"100%\",\n\t\t\t\t\t\t\t\t\tcircular : true,\n\t\t\t\t\t\t\t\t\tinfinite : true,\n\t\t\t\t\t\t\t\t\tauto : {\n\t\t\t\t\t\t\t\t\t\tplay: false,\n\t\t\t\t\t\t\t\t\t\ttimeoutDuration : 5000,\n\t\t\t\t\t\t\t\t\t},\n\t\t\t\t\t\t\t\t\tswipe : {\n\t\t\t\t\t\t\t\t\t\tonTouch: true,\n\t\t\t\t\t\t\t\t\t\tonMouse: true,\n\t\t\t\t\t\t\t\t\t},prev : \"#prev-56\",next : \"#next-56\",items : {\n\t\t\t\t\t\t\t\t\t\twidth : 400,\n\t\t\t\t\t\t\t\t\t\theight: \"variable\",\n\t\t\t\t\t\t\t\t\t\tvisible : {\n\t\t\t\t\t\t\t\t\t\t\tmin : 1,\n\t\t\t\t\t\t\t\t\t\t\tmax : 4\n\t\t\t\t\t\t\t\t\t\t}\n\t\t\t\t\t\t\t\t\t}\n\t\t\t\t\t\t\t\t});\n\t\t\t\t\t\t\t});\n\t\t\t\t\t\t}$(window).load(function(){\n\t\t\t\t\t\t\t\t$(\".vcex-caroufredsel-loading\").removeClass(\"vcex-caroufredsel-loading\");\n\t\t\t\t\t\t\t});});\n\t\t\t\t<\/script><div class=\"vcex-caroufredsel-wrap clr vcex-caroufredsel-portfolio vcex-caroufredsel-default vcex-caroufredsel-loading\"><div class=\"vcex-caroufredsel vcex-gallery-lightbox \"><ul id=\"caroufredsel-56\"><li class=\"vcex-caroufredsel-slide\"><div class=\"vcex-caroufredsel-entry-media vcex-true\"><a href=\"https:\/\/www.enka.k12.tr\/adapazari\/wp-content\/uploads\/2017\/07\/inter_maindedness450x300_2.jpg\" title=\"\" class=\"vcex-caroufredsel-entry-img gallery-lightbox\"><img decoding=\"async\" src=\"https:\/\/www.enka.k12.tr\/adapazari\/wp-content\/uploads\/2017\/07\/inter_maindedness450x300_2.jpg\" alt=\"\" \/><\/a><!-- .vcex-caroufredsel-entry-img --><\/div><\/li><li class=\"vcex-caroufredsel-slide\"><div class=\"vcex-caroufredsel-entry-media vcex-true\"><a href=\"https:\/\/www.enka.k12.tr\/adapazari\/wp-content\/uploads\/2017\/07\/inter_maindedness450x300.jpg\" title=\"\" class=\"vcex-caroufredsel-entry-img gallery-lightbox\"><img decoding=\"async\" src=\"https:\/\/www.enka.k12.tr\/adapazari\/wp-content\/uploads\/2017\/07\/inter_maindedness450x300.jpg\" alt=\"\" \/><\/a><!-- .vcex-caroufredsel-entry-img --><\/div><\/li><li class=\"vcex-caroufredsel-slide\"><div class=\"vcex-caroufredsel-entry-media vcex-true\"><a href=\"https:\/\/www.enka.k12.tr\/adapazari\/wp-content\/uploads\/2017\/07\/inter_maindedness450x300_1.jpg\" title=\"\" class=\"vcex-caroufredsel-entry-img gallery-lightbox\"><img decoding=\"async\" src=\"https:\/\/www.enka.k12.tr\/adapazari\/wp-content\/uploads\/2017\/07\/inter_maindedness450x300_1.jpg\" alt=\"\" \/><\/a><!-- .vcex-caroufredsel-entry-img --><\/div><\/li><\/ul><div id=\"prev-56\" class=\"vcex-caroufredsel-prev\"><span class=\"fa fa-chevron-left\"><\/span><\/div><div id=\"next-56\" class=\"vcex-caroufredsel-next\"><span class=\"fa fa-chevron-right\"><\/span><\/div><\/div><\/div><div class=\"vcex-clear-floats\"><\/div><div class=\"ult-spacer spacer-6a04a28899406\" data-id=\"6a04a28899406\" data-height=\"24\" data-height-mobile=\"24\" data-height-tab=\"24\" data-height-tab-portrait=\"\" data-height-mobile-landscape=\"\" style=\"clear:both;display:block;\"><\/div>[\/vc_column][\/vc_row]<\/p>\n<\/div>","protected":false},"excerpt":{"rendered":"<p>[vc_row][vc_column][\/vc_column][\/vc_row][vc_row][vc_column][vc_column_text] [\/vc_column_text][\/vc_column][\/vc_row][vc_row padding_top=&#8221;30px&#8221; bg_type=&#8221;bg_color&#8221; bg_color_value=&#8221;#f5f5f5&#8243;][vc_column][\/vc_column][\/vc_row][vc_row padding_top=&#8221;30px&#8221; bg_type=&#8221;bg_color&#8221; bg_color_value=&#8221;#f5f5f5&#8243;][vc_column][vc_column_text]Adapazar\u0131 ENKA Okullar\u0131\u2019nda e\u011fitim program\u0131n\u0131n \u00f6\u011frencilere aktar\u0131m\u0131 boyunca faydalan\u0131lan t\u00fcm \u00f6\u011frenme ve \u00f6\u011fretme yakla\u015f\u0131mlar\u0131, \u00fczerinde durulan konu ya da \u00fcnitelere yerel oldu\u011fu kadar k\u00fcresel bir bak\u0131\u015f a\u00e7\u0131s\u0131 kazand\u0131rmay\u0131 da hedeflemektedir. \u00c7al\u0131\u015fmalar\u0131m\u0131z \u00f6\u011frencilerde kendi k\u00fclt\u00fcrlerinin fark\u0131nda olmalar\u0131n\u0131 sa\u011flad\u0131\u011f\u0131 gibi d\u00fcnya \u00fczerinde farkl\u0131 toplumlar\u0131n ve farkl\u0131 k\u00fclt\u00fcrlerin de yer ald\u0131\u011f\u0131n\u0131, onlar\u0131n bak\u0131\u015f a\u00e7\u0131lar\u0131ndan da d\u00fcnyay\u0131 g\u00f6rmeleri gerekti\u011fi bilincini kazand\u0131rmaktad\u0131r. Bu&#8230;<\/p>\n","protected":false},"author":2,"featured_media":1101,"parent":42,"menu_order":0,"comment_status":"closed","ping_status":"closed","template":"","meta":{"_acf_changed":false,"om_disable_all_campaigns":false,"inline_featured_image":false,"_monsterinsights_skip_tracking":false,"_monsterinsights_sitenote_active":false,"_monsterinsights_sitenote_note":"","_monsterinsights_sitenote_category":0,"footnotes":""},"class_list":["post-72","page","type-page","status-publish","has-post-thumbnail","hentry","custom-post-type-entry"],"aioseo_notices":[],"acf":[],"_links":{"self":[{"href":"https:\/\/www.enka.k12.tr\/adapazari\/wp-json\/wp\/v2\/pages\/72","targetHints":{"allow":["GET"]}}],"collection":[{"href":"https:\/\/www.enka.k12.tr\/adapazari\/wp-json\/wp\/v2\/pages"}],"about":[{"href":"https:\/\/www.enka.k12.tr\/adapazari\/wp-json\/wp\/v2\/types\/page"}],"author":[{"embeddable":true,"href":"https:\/\/www.enka.k12.tr\/adapazari\/wp-json\/wp\/v2\/users\/2"}],"replies":[{"embeddable":true,"href":"https:\/\/www.enka.k12.tr\/adapazari\/wp-json\/wp\/v2\/comments?post=72"}],"version-history":[{"count":0,"href":"https:\/\/www.enka.k12.tr\/adapazari\/wp-json\/wp\/v2\/pages\/72\/revisions"}],"up":[{"embeddable":true,"href":"https:\/\/www.enka.k12.tr\/adapazari\/wp-json\/wp\/v2\/pages\/42"}],"wp:featuredmedia":[{"embeddable":true,"href":"https:\/\/www.enka.k12.tr\/adapazari\/wp-json\/wp\/v2\/media\/1101"}],"wp:attachment":[{"href":"https:\/\/www.enka.k12.tr\/adapazari\/wp-json\/wp\/v2\/media?parent=72"}],"curies":[{"name":"wp","href":"https:\/\/api.w.org\/{rel}","templated":true}]}}