{"id":11814,"date":"2018-04-16T11:25:31","date_gmt":"2018-04-16T08:25:31","guid":{"rendered":"https:\/\/www.enka.com\/foundation\/schools\/istanbul\/?page_id=11814\/"},"modified":"2026-03-25T10:34:28","modified_gmt":"2026-03-25T07:34:28","slug":"ib-atolye-calismalari","status":"publish","type":"page","link":"https:\/\/www.enka.k12.tr\/istanbul\/tr\/akademik-faaliyetler\/ib-atolye-calismalari\/","title":{"rendered":"IB \u00c7ALI\u015eTAYLARI"},"content":{"rendered":"<div class=\"wpb-content-wrapper\"><p>[vc_row padding_top=&#8221;10px&#8221; padding_bottom=&#8221;40px&#8221; padding_left=&#8221;20px&#8221; padding_right=&#8221;20px&#8221; bg_type=&#8221;bg_color&#8221; enable_overlay=&#8221;off&#8221; bg_color_value=&#8221;rgba(247,247,247,0.8)&#8221;][vc_column]<div class=\"ult-spacer spacer-69e44cb2a3ec1\" data-id=\"69e44cb2a3ec1\" data-height=\"30\" data-height-mobile=\"10\" data-height-tab=\"20\" data-height-tab-portrait=\"\" data-height-mobile-landscape=\"\" style=\"clear:both;display:block;\"><\/div>[vc_row_inner][vc_column_inner]<div id=\"ultimate-heading-297969e44cb2a41e1\" class=\"uvc-heading ult-adjust-bottom-margin ultimate-heading-297969e44cb2a41e1 uvc-3862 \" data-hspacer=\"line_with_icon\" data-hline_width=\"auto\" data-hicon_type=\"custom\" data-hborder_style=\"solid\" data-hborder_height=\"3\" data-hborder_color=\"#69b3e7\" data-icon_width=\"200\" data-hfixer=\"30\"  data-halign=\"center\" style=\"text-align:center\"><div class=\"uvc-heading-spacer line_with_icon\" style=\"top\"><div class=\"ult-just-icon-wrapper  \"><div class=\"align-icon\" style=\"text-align:center;\">\n<div class=\"aio-icon-img \" style=\"font-size:200px;display:inline-block;\" >\n\t<img decoding=\"async\" class=\"img-icon\" alt=\"null\" src=\"https:\/\/www.enka.k12.tr\/istanbul\/wp-content\/uploads\/2021\/01\/enka_schools_log_newtr.jpg\"\/>\n<\/div><\/div><\/div><\/div><\/div>[\/vc_column_inner][\/vc_row_inner][vc_row_inner][vc_column_inner][vc_column_text]<b>IB \u00c7ALI\u015eTAYLARI<\/b><\/p>\n<p><span lang=\"tr\">ENKA Okullar\u0131, resmi bir IB \u00e7al\u0131\u015ftaylar\u0131 sa\u011flay\u0131c\u0131s\u0131 olarak IBye ba\u011fl\u0131d\u0131r. T\u00fcm ENKA IB \u00e7al\u0131\u015ftay kat\u0131l\u0131mc\u0131lar\u0131na resmi bir IB sertifikas\u0131 verilmektedir.<\/span><\/p>\n<p><b><span lang=\"tr\">\u00c7al\u0131\u015ftay Liderleri ve \u00c7ift Dil Format\u0131<\/span><\/b><\/p>\n<p><span lang=\"tr\">T\u00fcm \u00e7al\u0131\u015ftaylar resmi olarak tan\u0131nan IB liderleri taraf\u0131ndan y\u00fcr\u00fct\u00fclmektedir. \u00c7al\u0131\u015ftaylar\u0131n dilleri, kat\u0131l\u0131mc\u0131lar\u0131n PYP ve MYP \u00e7al\u0131\u015ftaylar\u0131 i\u00e7in dil se\u00e7imine g\u00f6re belirlenir.\u00a0 \u00c7al\u0131\u015ftay liderleri, iki dile de hakim olabilirler veya \u00e7eviri deste\u011fi sa\u011flanmaktad\u0131r. \u00c7al\u0131\u015ftay materyallerinin \u00e7o\u011fu T\u00fcrk\u00e7e&#8217;ye \u00e7evrilmektedir, ayr\u0131ca \u0130ngilizce orijinalleri de sa\u011flanmaktad\u0131r<\/span><span lang=\"tr\">.<\/span><\/p>\n<p><strong><a href=\"https:\/\/ecatalogue.ibo.org\/publication\/?m=53719&amp;l=1\">\u00c7al\u0131\u015ftaylarla ilgili bilgiler IB katalo\u011funda bulunabilir<\/a><\/strong>.<\/p>\n<p><b>Sorular \u0130\u00e7in: <\/b><a href=\"mailto:ibworkshops@enka.k12.tr\" target=\"_blank\" rel=\"noopener noreferrer\" data-auth=\"NotApplicable\" data-linkindex=\"1\">ibworkshops@enka.k12.tr<\/a>[\/vc_column_text][\/vc_column_inner][\/vc_row_inner][\/vc_column][\/vc_row][vc_row][vc_column width=&#8221;1\/2&#8243;][\/vc_column][vc_column width=&#8221;1\/2&#8243;][\/vc_column][\/vc_row][vc_row][vc_column width=&#8221;1\/2&#8243;][\/vc_column][vc_column width=&#8221;1\/2&#8243;][\/vc_column][\/vc_row][vc_row][vc_column][vc_column_text]<\/p>\n<table style=\"width: 99.6005%; height: 71px;\" width=\"887\">\n<tbody>\n<tr style=\"height: 23px;\">\n<td style=\"width: 717px; height: 23px;\" colspan=\"3\"><strong>26-27 Eyl\u00fcl 2026<\/strong><\/td>\n<td style=\"width: 293.969px; height: 23px;\"><strong>\u00c7al\u0131\u015ftay Dili<\/strong><\/td>\n<td style=\"width: 692.109px; height: 23px;\"><strong>Registration Link \/ Status<\/strong><\/td>\n<\/tr>\n<tr style=\"height: 24px;\">\n<td style=\"width: 69.1406px; height: 24px;\">PYP<\/td>\n<td style=\"width: 69.1406px; height: 24px;\">Cat 1<\/td>\n<td style=\"width: 566.719px; height: 24px;\">B Program\u0131n\u0131z\u0131 Olu\u015fturmak: \u0130lk Y\u0131llar<\/td>\n<td style=\"width: 293.969px; height: 24px;\">\u00c7ift Dilli (T\u00fcrk\u00e7e\/\u0130ngilizce)<\/td>\n<td style=\"width: 692.109px; height: 24px;\">Kay\u0131tlar Nisan ay\u0131nda a\u00e7\u0131lacak<\/td>\n<\/tr>\n<tr style=\"height: 24px;\">\n<td style=\"width: 69.1406px; height: 24px;\">PYP<\/td>\n<td style=\"width: 69.1406px; height: 24px;\">Cat 2<\/td>\n<td style=\"width: 566.719px; height: 24px;\">PYP Sergi \u00dcnitesi<\/td>\n<td style=\"width: 293.969px; height: 24px;\">\u00c7ift Dilli (T\u00fcrk\u00e7e\/\u0130ngilizce)<\/td>\n<td style=\"width: 692.109px; height: 24px;\">Kay\u0131tlar Nisan ay\u0131nda a\u00e7\u0131lacak<\/td>\n<\/tr>\n<tr style=\"height: 24px;\">\n<td style=\"width: 69.1406px; height: 24px;\">MYP<\/td>\n<td style=\"width: 69.1406px; height: 24px;\">Cat 2<\/td>\n<td style=\"width: 566.719px; height: 24px;\">MYP Dil ve Edebiyat &#8211; T\u00fcrk\u00e7e<\/td>\n<td style=\"width: 293.969px; height: 24px;\">T\u00fcrk\u00e7e<\/td>\n<td style=\"width: 692.109px; height: 24px;\">Kay\u0131tlar Nisan ay\u0131nda a\u00e7\u0131lacak<\/td>\n<\/tr>\n<tr style=\"height: 24px;\">\n<td style=\"width: 69.1406px; height: 24px;\">MYP<\/td>\n<td style=\"width: 69.1406px; height: 24px;\">Cat 2<\/td>\n<td style=\"width: 566.719px; height: 24px;\">\u00d6\u011frenme ve \u00d6\u011fretme i\u00e7in K\u00fcresel Ba\u011flamlar<\/td>\n<td style=\"width: 293.969px; height: 24px;\">\u00c7ift Dilli (T\u00fcrk\u00e7e\/\u0130ngilizce)<\/td>\n<td style=\"width: 692.109px; height: 24px;\">Kay\u0131tlar Nisan ay\u0131nda a\u00e7\u0131lacak<\/td>\n<\/tr>\n<tr style=\"height: 24px;\">\n<td style=\"width: 69.1406px; height: 24px;\">MYP<\/td>\n<td style=\"width: 69.1406px; height: 24px;\">Cat 2<\/td>\n<td style=\"width: 566.719px; height: 24px;\">MYP&#8217;de Disiplinleraras\u0131 \u00d6\u011frenme ve \u00d6\u011fretme<\/td>\n<td style=\"width: 293.969px; height: 24px;\">\u00c7ift Dilli (T\u00fcrk\u00e7e\/\u0130ngilizce)<\/td>\n<td style=\"width: 692.109px; height: 24px;\">Kay\u0131tlar Nisan ay\u0131nda a\u00e7\u0131lacak<\/td>\n<\/tr>\n<\/tbody>\n<\/table>\n<p>[\/vc_column_text][\/vc_column][\/vc_row][vc_row][vc_column][vc_empty_space][vc_column_text]<strong><span class=\"TextRun SCXW234328010 BCX0\" lang=\"EN-US\" xml:lang=\"EN-US\" data-contrast=\"auto\"><span class=\"NormalTextRun SpellingErrorV2Themed SCXW234328010 BCX0\">S\u0131k\u00e7a<\/span><span class=\"NormalTextRun SCXW234328010 BCX0\">\u00a0<\/span><span class=\"NormalTextRun SpellingErrorV2Themed SCXW234328010 BCX0\">Sorulan<\/span><span class=\"NormalTextRun SCXW234328010 BCX0\">\u00a0<\/span><span class=\"NormalTextRun SpellingErrorV2Themed SCXW234328010 BCX0\">Sorular<\/span><\/span><span class=\"EOP SCXW234328010 BCX0\" data-ccp-props=\"{}\">\u00a0<\/span><\/strong>[\/vc_column_text][vc_tta_accordion][vc_tta_section title=&#8221;Bu at\u00f6lyeler resmi IB at\u00f6lyeleri midir?&#8221; tab_id=&#8221;1767861987916-d62f24b7-7aaf&#8221;][vc_column_text]<span class=\"NormalTextRun SCXW5052701 BCX0\">Evet. ENKA <\/span><span class=\"NormalTextRun SpellingErrorV2Themed SCXW5052701 BCX0\">olarak<\/span><span class=\"NormalTextRun SCXW5052701 BCX0\">\u00a0<\/span><span class=\"NormalTextRun SpellingErrorV2Themed SCXW5052701 BCX0\">mek\u00e2n<\/span><span class=\"NormalTextRun SCXW5052701 BCX0\">\u00a0<\/span><span class=\"NormalTextRun SpellingErrorV2Themed SCXW5052701 BCX0\">ve<\/span><span class=\"NormalTextRun SCXW5052701 BCX0\">\u00a0<\/span><span class=\"NormalTextRun SpellingErrorV2Themed SCXW5052701 BCX0\">organizasyon<\/span><span class=\"NormalTextRun SCXW5052701 BCX0\">\u00a0<\/span><span class=\"NormalTextRun SpellingErrorV2Themed SCXW5052701 BCX0\">deste\u011fi<\/span><span class=\"NormalTextRun SCXW5052701 BCX0\">\u00a0<\/span><span class=\"NormalTextRun SpellingErrorV2Themed SCXW5052701 BCX0\">sa\u011fl\u0131yoruz<\/span><span class=\"NormalTextRun SCXW5052701 BCX0\">;\u00a0<\/span><span class=\"NormalTextRun SpellingErrorV2Themed SCXW5052701 BCX0\">ancak<\/span><span class=\"NormalTextRun SCXW5052701 BCX0\">\u00a0<\/span><span class=\"NormalTextRun SpellingErrorV2Themed SCXW5052701 BCX0\">at\u00f6lyeler<\/span><span class=\"NormalTextRun SCXW5052701 BCX0\">\u00a0IB\u00a0<\/span><span class=\"NormalTextRun SpellingErrorV2Themed SCXW5052701 BCX0\">taraf\u0131ndan<\/span><span class=\"NormalTextRun SCXW5052701 BCX0\">\u00a0<\/span><span class=\"NormalTextRun SpellingErrorV2Themed SCXW5052701 BCX0\">atanm\u0131\u015f<\/span><span class=\"NormalTextRun SCXW5052701 BCX0\">\u00a0workshop\u00a0<\/span><span class=\"NormalTextRun SpellingErrorV2Themed SCXW5052701 BCX0\">liderleri<\/span><span class=\"NormalTextRun SCXW5052701 BCX0\">\u00a0<\/span><span class=\"NormalTextRun SpellingErrorV2Themed SCXW5052701 BCX0\">taraf\u0131ndan<\/span><span class=\"NormalTextRun SCXW5052701 BCX0\">\u00a0<\/span><span class=\"NormalTextRun SpellingErrorV2Themed SCXW5052701 BCX0\">y\u00fcr\u00fct\u00fclmektedir<\/span><span class=\"NormalTextRun SCXW5052701 BCX0\">.<\/span>[\/vc_column_text][\/vc_tta_section][vc_tta_section title=&#8221;Bu at\u00f6lyelere kimler kat\u0131labilir?&#8221; tab_id=&#8221;1767861987934-f9d1920a-799d&#8221;][vc_column_text]<\/p>\n<ul>\n<li aria-setsize=\"-1\" data-leveltext=\"\uf0b7\" data-font=\"Symbol\" data-listid=\"2\" data-list-defn-props=\"{&quot;335552541&quot;:1,&quot;335559685&quot;:720,&quot;335559991&quot;:360,&quot;469769226&quot;:&quot;Symbol&quot;,&quot;469769242&quot;:[8226],&quot;469777803&quot;:&quot;left&quot;,&quot;469777804&quot;:&quot;\uf0b7&quot;,&quot;469777815&quot;:&quot;multilevel&quot;}\" data-aria-posinset=\"1\" data-aria-level=\"1\"><b><span data-contrast=\"auto\">PYP\u00a0at\u00f6lyeleri:<\/span><\/b><span data-contrast=\"auto\">\u00a0\u0130lkokul\u00a0d\u00fczeyinde\u00a0\u00e7al\u0131\u015fan,\u00a0PYP\u2019ye\u00a0ge\u00e7i\u015f\u00a0yapan\u00a0ya\u00a0da IB\u00a0felsefesi\u00a0ve\u00a0uygulamalar\u0131yla\u00a0ilgilenen\u00a0\u00f6\u011fretmenler.<\/span><span data-ccp-props=\"{}\">\u00a0<\/span><\/li>\n<\/ul>\n<ul>\n<li aria-setsize=\"-1\" data-leveltext=\"\uf0b7\" data-font=\"Symbol\" data-listid=\"2\" data-list-defn-props=\"{&quot;335552541&quot;:1,&quot;335559685&quot;:720,&quot;335559991&quot;:360,&quot;469769226&quot;:&quot;Symbol&quot;,&quot;469769242&quot;:[8226],&quot;469777803&quot;:&quot;left&quot;,&quot;469777804&quot;:&quot;\uf0b7&quot;,&quot;469777815&quot;:&quot;multilevel&quot;}\" data-aria-posinset=\"2\" data-aria-level=\"1\"><b><span data-contrast=\"auto\">MYP\u00a0at\u00f6lyeleri:<\/span><\/b><span data-contrast=\"auto\">\u00a0Ortaokul\u00a0ve\u00a0lise\u00a0d\u00fczeyinde\u00a05\u201310.\u00a0s\u0131n\u0131flar\u0131\u00a0okutan,\u00a0MYP\u2019ye\u00a0ge\u00e7i\u015f\u00a0yapan\u00a0veya\u00a0IB\u00a0felsefesi\u00a0ve\u00a0uygulamalar\u0131na\u00a0ilgi\u00a0duyan\u00a0\u00f6\u011fretmenler.<\/span><span data-ccp-props=\"{}\">\u00a0<\/span><\/li>\n<\/ul>\n<ul>\n<li aria-setsize=\"-1\" data-leveltext=\"\uf0b7\" data-font=\"Symbol\" data-listid=\"2\" data-list-defn-props=\"{&quot;335552541&quot;:1,&quot;335559685&quot;:720,&quot;335559991&quot;:360,&quot;469769226&quot;:&quot;Symbol&quot;,&quot;469769242&quot;:[8226],&quot;469777803&quot;:&quot;left&quot;,&quot;469777804&quot;:&quot;\uf0b7&quot;,&quot;469777815&quot;:&quot;multilevel&quot;}\" data-aria-posinset=\"3\" data-aria-level=\"1\"><b><span data-contrast=\"auto\">IB Education (IBEd)\u00a0at\u00f6lyeleri:<\/span><\/b><span data-contrast=\"auto\">\u00a0IB\u00a0felsefesi\u00a0ve\u00a0uygulamalar\u0131na\u00a0ilgi\u00a0duyan\u00a0t\u00fcm\u00a0\u00f6\u011fretmen\u00a0ve\u00a0okul\u00a0liderlerine\u00a0a\u00e7\u0131kt\u0131r.<\/span><span data-ccp-props=\"{}\">\u00a0<\/span><\/li>\n<\/ul>\n<p>[\/vc_column_text][\/vc_tta_section][vc_tta_section title=&#8221;IB okulunda \u00e7al\u0131\u015fm\u0131yorum. Yine de kat\u0131labilir miyim?&#8221; tab_id=&#8221;1767862163873-bda6a749-edff&#8221;][vc_column_text]<span class=\"NormalTextRun SCXW49015797 BCX0\">Evet. IB\u00a0<\/span><span class=\"NormalTextRun SpellingErrorV2Themed SCXW49015797 BCX0\">felsefesine<\/span><span class=\"NormalTextRun SCXW49015797 BCX0\">,\u00a0<\/span><span class=\"NormalTextRun SpellingErrorV2Themed SCXW49015797 BCX0\">uygulamalar\u0131na<\/span><span class=\"NormalTextRun SCXW49015797 BCX0\">\u00a0<\/span><span class=\"NormalTextRun SpellingErrorV2Themed SCXW49015797 BCX0\">veya<\/span><span class=\"NormalTextRun SCXW49015797 BCX0\">\u00a0<\/span><span class=\"NormalTextRun SpellingErrorV2Themed SCXW49015797 BCX0\">gelecekte<\/span><span class=\"NormalTextRun SCXW49015797 BCX0\">\u00a0<\/span><span class=\"NormalTextRun SpellingErrorV2Themed SCXW49015797 BCX0\">IB\u2019de<\/span><span class=\"NormalTextRun SCXW49015797 BCX0\">\u00a0<\/span><span class=\"NormalTextRun SpellingErrorV2Themed SCXW49015797 BCX0\">\u00e7al\u0131\u015fmaya<\/span><span class=\"NormalTextRun SCXW49015797 BCX0\">\u00a0<\/span><span class=\"NormalTextRun SpellingErrorV2Themed SCXW49015797 BCX0\">ilgi<\/span><span class=\"NormalTextRun SCXW49015797 BCX0\">\u00a0<\/span><span class=\"NormalTextRun SpellingErrorV2Themed SCXW49015797 BCX0\">duyan<\/span><span class=\"NormalTextRun SCXW49015797 BCX0\">\u00a0<\/span><span class=\"NormalTextRun SpellingErrorV2Themed SCXW49015797 BCX0\">t\u00fcm<\/span><span class=\"NormalTextRun SCXW49015797 BCX0\">\u00a0<\/span><span class=\"NormalTextRun SpellingErrorV2Themed SCXW49015797 BCX0\">e\u011fitimciler<\/span><span class=\"NormalTextRun SCXW49015797 BCX0\">\u00a0<\/span><span class=\"NormalTextRun SpellingErrorV2Themed SCXW49015797 BCX0\">kat\u0131labilir<\/span><span class=\"NormalTextRun SCXW49015797 BCX0\">.<\/span>[\/vc_column_text][\/vc_tta_section][vc_tta_section title=&#8221;Kat\u0131l\u0131mc\u0131lar resmi IB sertifikas\u0131 alacak m\u0131?&#8221; tab_id=&#8221;1767862191171-f1cfce05-ba05&#8243;][vc_column_text]<span class=\"NormalTextRun SCXW41572874 BCX0\">Evet.\u00a0<\/span><span class=\"NormalTextRun SpellingErrorV2Themed SCXW41572874 BCX0\">At\u00f6lyeyi<\/span><span class=\"NormalTextRun SCXW41572874 BCX0\">\u00a0<\/span><span class=\"NormalTextRun SpellingErrorV2Themed SCXW41572874 BCX0\">tamamlayan<\/span><span class=\"NormalTextRun SCXW41572874 BCX0\">\u00a0<\/span><span class=\"NormalTextRun SpellingErrorV2Themed SCXW41572874 BCX0\">t\u00fcm<\/span><span class=\"NormalTextRun SCXW41572874 BCX0\">\u00a0<\/span><span class=\"NormalTextRun SpellingErrorV2Themed SCXW41572874 BCX0\">kat\u0131l\u0131mc\u0131lara<\/span><span class=\"NormalTextRun SCXW41572874 BCX0\">\u00a0<\/span><span class=\"NormalTextRun SpellingErrorV2Themed SCXW41572874 BCX0\">resmi<\/span><span class=\"NormalTextRun SCXW41572874 BCX0\">\u00a0IB\u00a0<\/span><span class=\"NormalTextRun SpellingErrorV2Themed SCXW41572874 BCX0\">sertifikas\u0131<\/span><span class=\"NormalTextRun SCXW41572874 BCX0\">\u00a0<\/span><span class=\"NormalTextRun SpellingErrorV2Themed SCXW41572874 BCX0\">verilecektir<\/span><span class=\"NormalTextRun SCXW41572874 BCX0\">.<\/span>[\/vc_column_text][\/vc_tta_section][vc_tta_section title=&#8221;At\u00f6lyelerin \u00fccreti nedir?&#8221; tab_id=&#8221;1767862204935-e64217c6-95c2&#8243;][vc_column_text]<span class=\"NormalTextRun SCXW244166279 BCX0\">Her\u00a0<\/span><span class=\"NormalTextRun SpellingErrorV2Themed SCXW244166279 BCX0\">bir<\/span><span class=\"NormalTextRun SCXW244166279 BCX0\">\u00a0<\/span><span class=\"NormalTextRun SpellingErrorV2Themed SCXW244166279 BCX0\">at\u00f6lye<\/span><span class=\"NormalTextRun SCXW244166279 BCX0\">\u00a0<\/span><span class=\"NormalTextRun SpellingErrorV2Themed SCXW244166279 BCX0\">i\u00e7in<\/span><span class=\"NormalTextRun SCXW244166279 BCX0\">\u00a0<\/span><span class=\"NormalTextRun SpellingErrorV2Themed SCXW244166279 BCX0\">kat\u0131l\u0131m<\/span><span class=\"NormalTextRun SCXW244166279 BCX0\">\u00a0<\/span><span class=\"NormalTextRun SpellingErrorV2Themed SCXW244166279 BCX0\">\u00fccreti<\/span><span class=\"NormalTextRun SCXW244166279 BCX0\">\u00a0<\/span><span class=\"NormalTextRun SpellingErrorV2Themed SCXW244166279 BCX0\">ki\u015fi<\/span><span class=\"NormalTextRun SCXW244166279 BCX0\">\u00a0<\/span><span class=\"NormalTextRun SpellingErrorV2Themed SCXW244166279 BCX0\">ba\u015f\u0131<\/span><span class=\"NormalTextRun SCXW244166279 BCX0\">\u00a0850 \u20ac\u2019dur.<\/span>[\/vc_column_text][\/vc_tta_section][vc_tta_section title=&#8221;Konaklama veya ula\u015f\u0131m sa\u011fl\u0131yor musunuz?&#8221; tab_id=&#8221;1767862260223-4e5949d4-3d03&#8243;][vc_column_text]<span class=\"NormalTextRun SCXW234009879 BCX0\">Hay\u0131r.\u00a0<\/span><span class=\"NormalTextRun SpellingErrorV2Themed SCXW234009879 BCX0\">Kat\u0131l\u0131mc\u0131lar<\/span><span class=\"NormalTextRun SCXW234009879 BCX0\">\u00a0<\/span><span class=\"NormalTextRun SpellingErrorV2Themed SCXW234009879 BCX0\">konaklama<\/span><span class=\"NormalTextRun SCXW234009879 BCX0\">\u00a0<\/span><span class=\"NormalTextRun SpellingErrorV2Themed SCXW234009879 BCX0\">ve<\/span><span class=\"NormalTextRun SCXW234009879 BCX0\">\u00a0<\/span><span class=\"NormalTextRun SpellingErrorV2Themed SCXW234009879 BCX0\">ula\u015f\u0131m<\/span><span class=\"NormalTextRun SCXW234009879 BCX0\">\u00a0<\/span><span class=\"NormalTextRun SpellingErrorV2Themed SCXW234009879 BCX0\">d\u00fczenlemelerini<\/span><span class=\"NormalTextRun SCXW234009879 BCX0\">\u00a0<\/span><span class=\"NormalTextRun SpellingErrorV2Themed SCXW234009879 BCX0\">kendileri<\/span><span class=\"NormalTextRun SCXW234009879 BCX0\">\u00a0<\/span><span class=\"NormalTextRun SpellingErrorV2Themed SCXW234009879 BCX0\">yapmal\u0131d\u0131r<\/span><span class=\"NormalTextRun SCXW234009879 BCX0\">.<\/span>[\/vc_column_text][\/vc_tta_section][vc_tta_section title=&#8221;At\u00f6lyeler hangi dilde yap\u0131lmaktad\u0131r?&#8221; tab_id=&#8221;1767862266063-1763beae-f5b9&#8243;][vc_column_text]<span class=\"NormalTextRun SCXW85370160 BCX0\">At\u00f6lyeler<\/span><span class=\"NormalTextRun SCXW85370160 BCX0\">\u00a0<\/span><span class=\"NormalTextRun SpellingErrorV2Themed SCXW85370160 BCX0\">T\u00fcrk\u00e7e<\/span><span class=\"NormalTextRun SCXW85370160 BCX0\">\u2013<\/span><span class=\"NormalTextRun SpellingErrorV2Themed SCXW85370160 BCX0\">\u0130ngilizce<\/span><span class=\"NormalTextRun SCXW85370160 BCX0\">\u00a0<\/span><span class=\"NormalTextRun SpellingErrorV2Themed SCXW85370160 BCX0\">\u00e7ift<\/span><span class=\"NormalTextRun SCXW85370160 BCX0\">\u00a0<\/span><span class=\"NormalTextRun SpellingErrorV2Themed SCXW85370160 BCX0\">dilli<\/span><span class=\"NormalTextRun SCXW85370160 BCX0\">\u00a0<\/span><span class=\"NormalTextRun SpellingErrorV2Themed SCXW85370160 BCX0\">olarak<\/span><span class=\"NormalTextRun SCXW85370160 BCX0\">\u00a0<\/span><span class=\"NormalTextRun SpellingErrorV2Themed SCXW85370160 BCX0\">planlan\u0131r<\/span><span class=\"NormalTextRun SCXW85370160 BCX0\">\u00a0<\/span><span class=\"NormalTextRun SpellingErrorV2Themed SCXW85370160 BCX0\">ve<\/span><span class=\"NormalTextRun SCXW85370160 BCX0\">\u00a0<\/span><span class=\"NormalTextRun SpellingErrorV2Themed SCXW85370160 BCX0\">kat\u0131l\u0131mc\u0131lar\u0131n<\/span><span class=\"NormalTextRun SCXW85370160 BCX0\">\u00a0<\/span><span class=\"NormalTextRun SpellingErrorV2Themed SCXW85370160 BCX0\">dil<\/span><span class=\"NormalTextRun SCXW85370160 BCX0\">\u00a0<\/span><span class=\"NormalTextRun SpellingErrorV2Themed SCXW85370160 BCX0\">tercihlerine<\/span><span class=\"NormalTextRun SCXW85370160 BCX0\">\u00a0<\/span><span class=\"NormalTextRun SpellingErrorV2Themed SCXW85370160 BCX0\">g\u00f6re<\/span><span class=\"NormalTextRun SCXW85370160 BCX0\">\u00a0<\/span><span class=\"NormalTextRun SpellingErrorV2Themed SCXW85370160 BCX0\">uyarlan\u0131r<\/span><span class=\"NormalTextRun SCXW85370160 BCX0\">.<\/span>[\/vc_column_text][\/vc_tta_section][vc_tta_section title=&#8221;Gelecekte benzer at\u00f6lyeler olacak m\u0131?&#8221; tab_id=&#8221;1767862309726-19c6f191-9f18&#8243;][vc_column_text]<span class=\"NormalTextRun SCXW98139941 BCX0\">Evet.\u00a0<\/span><span class=\"NormalTextRun SpellingErrorV2Themed SCXW98139941 BCX0\">Gelecek<\/span><span class=\"NormalTextRun SCXW98139941 BCX0\">\u00a0<\/span><span class=\"NormalTextRun SpellingErrorV2Themed SCXW98139941 BCX0\">at\u00f6lye<\/span><span class=\"NormalTextRun SCXW98139941 BCX0\">\u00a0<\/span><span class=\"NormalTextRun SpellingErrorV2Themed SCXW98139941 BCX0\">duyurular\u0131<\/span><span class=\"NormalTextRun SCXW98139941 BCX0\">\u00a0<\/span><span class=\"NormalTextRun SpellingErrorV2Themed SCXW98139941 BCX0\">i\u00e7in<\/span><span class=\"NormalTextRun SCXW98139941 BCX0\">\u00a0web\u00a0<\/span><span class=\"NormalTextRun SpellingErrorV2Themed SCXW98139941 BCX0\">sitemizi<\/span><span class=\"NormalTextRun SCXW98139941 BCX0\">\u00a0<\/span><span class=\"NormalTextRun SpellingErrorV2Themed SCXW98139941 BCX0\">d\u00fczenli<\/span><span class=\"NormalTextRun SCXW98139941 BCX0\">\u00a0<\/span><span class=\"NormalTextRun SpellingErrorV2Themed SCXW98139941 BCX0\">olarak<\/span><span class=\"NormalTextRun SCXW98139941 BCX0\">\u00a0<\/span><span class=\"NormalTextRun SpellingErrorV2Themed SCXW98139941 BCX0\">kontrol<\/span><span class=\"NormalTextRun SCXW98139941 BCX0\">\u00a0<\/span><span class=\"NormalTextRun SpellingErrorV2Themed SCXW98139941 BCX0\">edebilirsiniz<\/span><span class=\"NormalTextRun SCXW98139941 BCX0\">.<\/span>[\/vc_column_text][\/vc_tta_section][vc_tta_section title=&#8221;Genel at\u00f6lye program\u0131 nedir?&#8221; tab_id=&#8221;1767862330130-dde75f84-3885&#8243;][vc_column_text]<span class=\"NormalTextRun SCXW26525351 BCX0\">At\u00f6lyeler<\/span><span class=\"NormalTextRun SCXW26525351 BCX0\">\u00a0<\/span><span class=\"NormalTextRun SpellingErrorV2Themed SCXW26525351 BCX0\">hafta<\/span><span class=\"NormalTextRun SCXW26525351 BCX0\">\u00a0<\/span><span class=\"NormalTextRun SpellingErrorV2Themed SCXW26525351 BCX0\">sonu<\/span><span class=\"NormalTextRun SCXW26525351 BCX0\">\u00a0<\/span><span class=\"NormalTextRun SpellingErrorV2Themed SCXW26525351 BCX0\">iki<\/span><span class=\"NormalTextRun SCXW26525351 BCX0\">\u00a0<\/span><span class=\"NormalTextRun SpellingErrorV2Themed SCXW26525351 BCX0\">g\u00fcn<\/span><span class=\"NormalTextRun SCXW26525351 BCX0\">\u00a0<\/span><span class=\"NormalTextRun SpellingErrorV2Themed SCXW26525351 BCX0\">boyunca<\/span><span class=\"NormalTextRun SCXW26525351 BCX0\">\u00a0<\/span><span class=\"NormalTextRun SpellingErrorV2Themed SCXW26525351 BCX0\">ger\u00e7ekle\u015ftirilir<\/span><span class=\"NormalTextRun SCXW26525351 BCX0\">\u00a0<\/span><span class=\"NormalTextRun SpellingErrorV2Themed SCXW26525351 BCX0\">ve<\/span><span class=\"NormalTextRun SCXW26525351 BCX0\">\u00a0<\/span><span class=\"NormalTextRun SpellingErrorV2Themed SCXW26525351 BCX0\">toplam<\/span><span class=\"NormalTextRun SCXW26525351 BCX0\">\u00a015\u00a0<\/span><span class=\"NormalTextRun SpellingErrorV2Themed SCXW26525351 BCX0\">saatlik<\/span><span class=\"NormalTextRun SCXW26525351 BCX0\">\u00a0IB\u00a0<\/span><span class=\"NormalTextRun SpellingErrorV2Themed SCXW26525351 BCX0\">gereklilikler<\/span><span class=\"NormalTextRun SpellingErrorV2Themed SCXW26525351 BCX0\">ini<\/span><span class=\"NormalTextRun SCXW26525351 BCX0\">\u00a0<\/span><span class=\"NormalTextRun SpellingErrorV2Themed SCXW26525351 BCX0\">kar\u015f\u0131layacak<\/span><span class=\"NormalTextRun SCXW26525351 BCX0\">\u00a0<\/span><span class=\"NormalTextRun SpellingErrorV2Themed SCXW26525351 BCX0\">\u015fekilde<\/span><span class=\"NormalTextRun SCXW26525351 BCX0\">\u00a0<\/span><span class=\"NormalTextRun SpellingErrorV2Themed SCXW26525351 BCX0\">planlan\u0131r<\/span><span class=\"NormalTextRun SCXW26525351 BCX0\">.<\/span>[\/vc_column_text][\/vc_tta_section][\/vc_tta_accordion][\/vc_column][\/vc_row]<\/p>\n<\/div>","protected":false},"excerpt":{"rendered":"<p>[vc_row padding_top=&#8221;10px&#8221; padding_bottom=&#8221;40px&#8221; padding_left=&#8221;20px&#8221; padding_right=&#8221;20px&#8221; bg_type=&#8221;bg_color&#8221; enable_overlay=&#8221;off&#8221; bg_color_value=&#8221;rgba(247,247,247,0.8)&#8221;][vc_column][vc_row_inner][vc_column_inner][\/vc_column_inner][\/vc_row_inner][vc_row_inner][vc_column_inner][vc_column_text]IB \u00c7ALI\u015eTAYLARI ENKA Okullar\u0131, resmi bir IB \u00e7al\u0131\u015ftaylar\u0131 sa\u011flay\u0131c\u0131s\u0131 olarak IBye ba\u011fl\u0131d\u0131r. T\u00fcm ENKA IB \u00e7al\u0131\u015ftay kat\u0131l\u0131mc\u0131lar\u0131na resmi bir IB sertifikas\u0131 verilmektedir. \u00c7al\u0131\u015ftay Liderleri ve \u00c7ift Dil Format\u0131 T\u00fcm \u00e7al\u0131\u015ftaylar resmi olarak tan\u0131nan IB liderleri taraf\u0131ndan y\u00fcr\u00fct\u00fclmektedir. \u00c7al\u0131\u015ftaylar\u0131n dilleri, kat\u0131l\u0131mc\u0131lar\u0131n PYP ve MYP \u00e7al\u0131\u015ftaylar\u0131 i\u00e7in dil se\u00e7imine g\u00f6re belirlenir.\u00a0 \u00c7al\u0131\u015ftay liderleri, iki dile de hakim olabilirler veya \u00e7eviri&#8230;<\/p>\n","protected":false},"author":1,"featured_media":13679,"parent":5534,"menu_order":0,"comment_status":"closed","ping_status":"closed","template":"","meta":{"_acf_changed":false,"inline_featured_image":false,"footnotes":""},"class_list":["post-11814","page","type-page","status-publish","has-post-thumbnail","hentry","custom-post-type-entry"],"aioseo_notices":[],"acf":[],"_links":{"self":[{"href":"https:\/\/www.enka.k12.tr\/istanbul\/tr\/wp-json\/wp\/v2\/pages\/11814","targetHints":{"allow":["GET"]}}],"collection":[{"href":"https:\/\/www.enka.k12.tr\/istanbul\/tr\/wp-json\/wp\/v2\/pages"}],"about":[{"href":"https:\/\/www.enka.k12.tr\/istanbul\/tr\/wp-json\/wp\/v2\/types\/page"}],"author":[{"embeddable":true,"href":"https:\/\/www.enka.k12.tr\/istanbul\/tr\/wp-json\/wp\/v2\/users\/1"}],"replies":[{"embeddable":true,"href":"https:\/\/www.enka.k12.tr\/istanbul\/tr\/wp-json\/wp\/v2\/comments?post=11814"}],"version-history":[{"count":7,"href":"https:\/\/www.enka.k12.tr\/istanbul\/tr\/wp-json\/wp\/v2\/pages\/11814\/revisions"}],"predecessor-version":[{"id":39255,"href":"https:\/\/www.enka.k12.tr\/istanbul\/tr\/wp-json\/wp\/v2\/pages\/11814\/revisions\/39255"}],"up":[{"embeddable":true,"href":"https:\/\/www.enka.k12.tr\/istanbul\/tr\/wp-json\/wp\/v2\/pages\/5534"}],"wp:featuredmedia":[{"embeddable":true,"href":"https:\/\/www.enka.k12.tr\/istanbul\/tr\/wp-json\/wp\/v2\/media\/13679"}],"wp:attachment":[{"href":"https:\/\/www.enka.k12.tr\/istanbul\/tr\/wp-json\/wp\/v2\/media?parent=11814"}],"curies":[{"name":"wp","href":"https:\/\/api.w.org\/{rel}","templated":true}]}}