{"id":26245,"date":"2018-11-15T10:52:41","date_gmt":"2018-11-15T07:52:41","guid":{"rendered":"https:\/\/www.enka.k12.tr\/istanbul\/?page_id=26245"},"modified":"2021-03-26T10:46:11","modified_gmt":"2021-03-26T07:46:11","slug":"sarik-taradan","status":"publish","type":"page","link":"https:\/\/www.enka.k12.tr\/istanbul\/tr\/hakkimizda\/sarik-taradan\/","title":{"rendered":"\u015eARIK TARA&#8217;DAN"},"content":{"rendered":"<div class=\"wpb-content-wrapper\"><p>[vc_row padding_left=&#8221;20px&#8221; padding_right=&#8221;20px&#8221; bg_type=&#8221;bg_color&#8221; enable_overlay=&#8221;off&#8221; bg_color_value=&#8221;rgba(247,247,247,0.8)&#8221;][vc_column]<div class=\"ult-spacer spacer-69e44a2c47665\" data-id=\"69e44a2c47665\" data-height=\"30\" data-height-mobile=\"10\" data-height-tab=\"20\" data-height-tab-portrait=\"\" data-height-mobile-landscape=\"\" style=\"clear:both;display:block;\"><\/div>[vc_row_inner][vc_column_inner width=&#8221;1\/6&#8243;][\/vc_column_inner][vc_column_inner width=&#8221;2\/3&#8243;]<div id=\"ultimate-heading-570369e44a2c478d0\" class=\"uvc-heading ult-adjust-bottom-margin ultimate-heading-570369e44a2c478d0 uvc-4121 \" data-hspacer=\"line_with_icon\" data-hline_width=\"auto\" data-hicon_type=\"custom\" data-hborder_style=\"solid\" data-hborder_height=\"3\" data-hborder_color=\"#69b3e7\" data-icon_width=\"200\" data-hfixer=\"30\"  data-halign=\"center\" style=\"text-align:center\"><div class=\"uvc-heading-spacer line_with_icon\" style=\"top\"><div class=\"ult-just-icon-wrapper  \"><div class=\"align-icon\" style=\"text-align:center;\">\n<div class=\"aio-icon-img \" style=\"font-size:200px;display:inline-block;\" >\n\t<img decoding=\"async\" class=\"img-icon\" alt=\"null\" src=\"https:\/\/www.enka.k12.tr\/istanbul\/wp-content\/uploads\/2021\/01\/enka_schools_log_newtr.jpg\"\/>\n<\/div><\/div><\/div><\/div><div class=\"uvc-sub-heading ult-responsive\"  data-ultimate-target='.uvc-heading.ultimate-heading-570369e44a2c478d0 .uvc-sub-heading '  data-responsive-json-new='{\"font-size\":\"\",\"line-height\":\"\"}'  style=\"font-weight:normal;\"><br \/><\/div><\/div>[\/vc_column_inner][vc_column_inner width=&#8221;1\/6&#8243;][\/vc_column_inner][\/vc_row_inner][\/vc_column][\/vc_row][vc_row bg_type=&#8221;bg_color&#8221; bg_color_value=&#8221;#f7f7f7&#8243;][vc_column]<div class=\"ult-spacer spacer-69e44a2c47929\" data-id=\"69e44a2c47929\" data-height=\"30\" data-height-mobile=\"10\" data-height-tab=\"20\" data-height-tab-portrait=\"\" data-height-mobile-landscape=\"\" style=\"clear:both;display:block;\"><\/div>[\/vc_column][\/vc_row][vc_row gap=&#8221;30&#8243; padding_top=&#8221;40px&#8221; padding_bottom=&#8221;40px&#8221; padding_left=&#8221;10px&#8221; padding_right=&#8221;10px&#8221; bg_type=&#8221;bg_color&#8221; bg_color_value=&#8221;rgba(247,247,247,0.8)&#8221;][vc_column width=&#8221;1\/4&#8243; padding_right=&#8221;10px&#8221;]<div id=\"ultimate-heading-79369e44a2c4797e\" class=\"uvc-heading ult-adjust-bottom-margin ultimate-heading-79369e44a2c4797e uvc-3585 \" data-hspacer=\"line_only\"  data-halign=\"left\" style=\"text-align:left\"><div class=\"uvc-sub-heading ult-responsive\"  data-ultimate-target='.uvc-heading.ultimate-heading-79369e44a2c4797e .uvc-sub-heading '  data-responsive-json-new='{\"font-size\":\"desktop:30px;tablet:28px;tablet_portrait:26px;mobile_landscape:24px;mobile:22px;\",\"line-height\":\"desktop:50px;tablet:48px;tablet_portrait:46px;mobile_landscape:44px;mobile:42px;\"}'  style=\"font-weight:bold;color:#000000;\"><span style=\"color: #69b3e7;\">\u015eARIK<\/span> TARA&#8217;DAN<\/div><div class=\"uvc-heading-spacer line_only\" style=\"margin-top:10px;height:3px;\"><span class=\"uvc-headings-line\" style=\"border-style:solid;border-bottom-width:3px;border-color:#69b3e7;width:100px;\"><\/span><\/div><\/div><div class=\"ult-spacer spacer-69e44a2c479bc\" data-id=\"69e44a2c479bc\" data-height=\"30\" data-height-mobile=\"10\" data-height-tab=\"20\" data-height-tab-portrait=\"\" data-height-mobile-landscape=\"\" style=\"clear:both;display:block;\"><\/div>[\/vc_column][vc_column width=&#8221;1\/2&#8243;][vc_column_text]<strong>Sevgili \u00c7ocuklar,<\/strong><\/p>\n<p>Sizler bizim gelece\u011fimizsiniz.<\/p>\n<p>Mutlaka en az bir dili iyi \u00f6\u011frenin.<\/p>\n<p>D\u00fcnyaya a\u00e7\u0131lman\u0131n ilk yolu budur.<\/p>\n<p>\u0130yi evlat, iyi vatanda\u015f olun.<\/p>\n<p>Herkese sevgi ve sayg\u0131 g\u00f6sterin.<\/p>\n<p>\u015eartlar ne olursa olsun d\u00fcr\u00fcstl\u00fckten ayr\u0131lmay\u0131n.<\/p>\n<p>Her zaman ilerici olun. Bunun i\u00e7in en iyi yol Atat\u00fcrk ilkeleridir.<\/p>\n<p>Mesle\u011finizde lider olun ve bunda \u0131srar edin.<\/p>\n<p>Zoru tercih ederseniz \u00e7abuk ilerlersiniz.<\/p>\n<p>Hepinize ba\u015far\u0131lar dilerim.<\/p>\n<p><strong>\u015ear\u0131k Tara<\/strong>[\/vc_column_text][\/vc_column][vc_column width=&#8221;1\/4&#8243;][vc_single_image image=&#8221;26247&#8243; img_size=&#8221;full&#8221; alignment=&#8221;center&#8221;][\/vc_column][\/vc_row]<\/p>\n<\/div>","protected":false},"excerpt":{"rendered":"<p>[vc_row padding_left=&#8221;20px&#8221; padding_right=&#8221;20px&#8221; bg_type=&#8221;bg_color&#8221; enable_overlay=&#8221;off&#8221; bg_color_value=&#8221;rgba(247,247,247,0.8)&#8221;][vc_column][vc_row_inner][vc_column_inner width=&#8221;1\/6&#8243;][\/vc_column_inner][vc_column_inner width=&#8221;2\/3&#8243;][\/vc_column_inner][vc_column_inner width=&#8221;1\/6&#8243;][\/vc_column_inner][\/vc_row_inner][\/vc_column][\/vc_row][vc_row bg_type=&#8221;bg_color&#8221; bg_color_value=&#8221;#f7f7f7&#8243;][vc_column][\/vc_column][\/vc_row][vc_row gap=&#8221;30&#8243; padding_top=&#8221;40px&#8221; padding_bottom=&#8221;40px&#8221; padding_left=&#8221;10px&#8221; padding_right=&#8221;10px&#8221; bg_type=&#8221;bg_color&#8221; bg_color_value=&#8221;rgba(247,247,247,0.8)&#8221;][vc_column width=&#8221;1\/4&#8243; padding_right=&#8221;10px&#8221;][\/vc_column][vc_column width=&#8221;1\/2&#8243;][vc_column_text]Sevgili \u00c7ocuklar, Sizler bizim gelece\u011fimizsiniz. Mutlaka en az bir dili iyi \u00f6\u011frenin. D\u00fcnyaya a\u00e7\u0131lman\u0131n ilk yolu budur. \u0130yi evlat, iyi vatanda\u015f olun. Herkese sevgi ve sayg\u0131 g\u00f6sterin. \u015eartlar ne olursa olsun d\u00fcr\u00fcstl\u00fckten ayr\u0131lmay\u0131n. Her zaman ilerici olun. Bunun i\u00e7in en iyi yol Atat\u00fcrk ilkeleridir. Mesle\u011finizde&#8230;<\/p>\n","protected":false},"author":1,"featured_media":5077,"parent":5072,"menu_order":0,"comment_status":"closed","ping_status":"closed","template":"","meta":{"_acf_changed":false,"inline_featured_image":false,"footnotes":""},"class_list":["post-26245","page","type-page","status-publish","has-post-thumbnail","hentry","custom-post-type-entry"],"aioseo_notices":[],"acf":[],"_links":{"self":[{"href":"https:\/\/www.enka.k12.tr\/istanbul\/tr\/wp-json\/wp\/v2\/pages\/26245","targetHints":{"allow":["GET"]}}],"collection":[{"href":"https:\/\/www.enka.k12.tr\/istanbul\/tr\/wp-json\/wp\/v2\/pages"}],"about":[{"href":"https:\/\/www.enka.k12.tr\/istanbul\/tr\/wp-json\/wp\/v2\/types\/page"}],"author":[{"embeddable":true,"href":"https:\/\/www.enka.k12.tr\/istanbul\/tr\/wp-json\/wp\/v2\/users\/1"}],"replies":[{"embeddable":true,"href":"https:\/\/www.enka.k12.tr\/istanbul\/tr\/wp-json\/wp\/v2\/comments?post=26245"}],"version-history":[{"count":0,"href":"https:\/\/www.enka.k12.tr\/istanbul\/tr\/wp-json\/wp\/v2\/pages\/26245\/revisions"}],"up":[{"embeddable":true,"href":"https:\/\/www.enka.k12.tr\/istanbul\/tr\/wp-json\/wp\/v2\/pages\/5072"}],"wp:featuredmedia":[{"embeddable":true,"href":"https:\/\/www.enka.k12.tr\/istanbul\/tr\/wp-json\/wp\/v2\/media\/5077"}],"wp:attachment":[{"href":"https:\/\/www.enka.k12.tr\/istanbul\/tr\/wp-json\/wp\/v2\/media?parent=26245"}],"curies":[{"name":"wp","href":"https:\/\/api.w.org\/{rel}","templated":true}]}}