{"id":32006,"date":"2021-01-13T10:13:49","date_gmt":"2021-01-13T07:13:49","guid":{"rendered":"https:\/\/www.enka.k12.tr\/istanbul\/?page_id=32006"},"modified":"2021-01-13T10:13:49","modified_gmt":"2021-01-13T07:13:49","slug":"ortaokul-5-sinif-nakil-sinavi-basvuru-formu","status":"publish","type":"page","link":"https:\/\/www.enka.k12.tr\/istanbul\/tr\/kayit-kabul\/aday-kayit-basvuru-yontemi\/ortaokul-5-sinif-nakil-sinavi-basvuru-formu\/","title":{"rendered":"ORTAOKUL 5.SINIF NAK\u0130L SINAVI BA\u015eVURU FORMU"},"content":{"rendered":"<p>\u00dczg\u00fcn\u00fcz. Bu form art\u0131k kullan\u0131lam\u0131yor.<\/p>\n","protected":false},"excerpt":{"rendered":"\u00dczg\u00fcn\u00fcz. Bu form art\u0131k kullan\u0131lam\u0131yor.","protected":false},"author":1,"featured_media":0,"parent":5737,"menu_order":0,"comment_status":"closed","ping_status":"closed","template":"","meta":{"_acf_changed":false,"inline_featured_image":false,"footnotes":""},"class_list":["post-32006","page","type-page","status-publish","hentry","custom-post-type-entry"],"aioseo_notices":[],"acf":[],"_links":{"self":[{"href":"https:\/\/www.enka.k12.tr\/istanbul\/tr\/wp-json\/wp\/v2\/pages\/32006","targetHints":{"allow":["GET"]}}],"collection":[{"href":"https:\/\/www.enka.k12.tr\/istanbul\/tr\/wp-json\/wp\/v2\/pages"}],"about":[{"href":"https:\/\/www.enka.k12.tr\/istanbul\/tr\/wp-json\/wp\/v2\/types\/page"}],"author":[{"embeddable":true,"href":"https:\/\/www.enka.k12.tr\/istanbul\/tr\/wp-json\/wp\/v2\/users\/1"}],"replies":[{"embeddable":true,"href":"https:\/\/www.enka.k12.tr\/istanbul\/tr\/wp-json\/wp\/v2\/comments?post=32006"}],"version-history":[{"count":0,"href":"https:\/\/www.enka.k12.tr\/istanbul\/tr\/wp-json\/wp\/v2\/pages\/32006\/revisions"}],"up":[{"embeddable":true,"href":"https:\/\/www.enka.k12.tr\/istanbul\/tr\/wp-json\/wp\/v2\/pages\/5737"}],"wp:attachment":[{"href":"https:\/\/www.enka.k12.tr\/istanbul\/tr\/wp-json\/wp\/v2\/media?parent=32006"}],"curies":[{"name":"wp","href":"https:\/\/api.w.org\/{rel}","templated":true}]}}