{"id":32011,"date":"2021-01-13T10:27:18","date_gmt":"2021-01-13T07:27:18","guid":{"rendered":"https:\/\/www.enka.k12.tr\/istanbul\/?page_id=32011"},"modified":"2026-02-04T09:40:47","modified_gmt":"2026-02-04T06:40:47","slug":"lise-9-sinif-nakil-sinavi-basvuru-formu","status":"publish","type":"page","link":"https:\/\/www.enka.k12.tr\/istanbul\/tr\/kayit-kabul\/aday-kayit-basvuru-yontemi\/lise-9-sinif-nakil-sinavi-basvuru-formu\/","title":{"rendered":"L\u0130SE 9.SINIF NAK\u0130L SINAVI BA\u015eVURU FORMU"},"content":{"rendered":"<div class=\"wpb-content-wrapper\"><p>[vc_row][vc_column][\/vc_column][\/vc_row][vc_row][vc_column][vc_column_text]Bu sayfadaki kay\u0131t formu, yak\u0131n zamanda eri\u015filebilir hale gelecektir. L\u00fctfen bu sayfay\u0131 d\u00fczenli olarak kontrol ediniz.<\/p>\n<p>[\/vc_column_text][\/vc_column][\/vc_row]<\/p>\n<\/div>","protected":false},"excerpt":{"rendered":"<p>[vc_row][vc_column][\/vc_column][\/vc_row][vc_row][vc_column][vc_column_text]Bu sayfadaki kay\u0131t formu, yak\u0131n zamanda eri\u015filebilir hale gelecektir. L\u00fctfen bu sayfay\u0131 d\u00fczenli olarak kontrol ediniz. [\/vc_column_text][\/vc_column][\/vc_row]<\/p>\n","protected":false},"author":1,"featured_media":0,"parent":5737,"menu_order":0,"comment_status":"closed","ping_status":"closed","template":"","meta":{"_acf_changed":false,"inline_featured_image":false,"footnotes":""},"class_list":["post-32011","page","type-page","status-publish","hentry","custom-post-type-entry"],"aioseo_notices":[],"acf":[],"_links":{"self":[{"href":"https:\/\/www.enka.k12.tr\/istanbul\/tr\/wp-json\/wp\/v2\/pages\/32011","targetHints":{"allow":["GET"]}}],"collection":[{"href":"https:\/\/www.enka.k12.tr\/istanbul\/tr\/wp-json\/wp\/v2\/pages"}],"about":[{"href":"https:\/\/www.enka.k12.tr\/istanbul\/tr\/wp-json\/wp\/v2\/types\/page"}],"author":[{"embeddable":true,"href":"https:\/\/www.enka.k12.tr\/istanbul\/tr\/wp-json\/wp\/v2\/users\/1"}],"replies":[{"embeddable":true,"href":"https:\/\/www.enka.k12.tr\/istanbul\/tr\/wp-json\/wp\/v2\/comments?post=32011"}],"version-history":[{"count":3,"href":"https:\/\/www.enka.k12.tr\/istanbul\/tr\/wp-json\/wp\/v2\/pages\/32011\/revisions"}],"predecessor-version":[{"id":39101,"href":"https:\/\/www.enka.k12.tr\/istanbul\/tr\/wp-json\/wp\/v2\/pages\/32011\/revisions\/39101"}],"up":[{"embeddable":true,"href":"https:\/\/www.enka.k12.tr\/istanbul\/tr\/wp-json\/wp\/v2\/pages\/5737"}],"wp:attachment":[{"href":"https:\/\/www.enka.k12.tr\/istanbul\/tr\/wp-json\/wp\/v2\/media?parent=32011"}],"curies":[{"name":"wp","href":"https:\/\/api.w.org\/{rel}","templated":true}]}}