{"id":32065,"date":"2021-01-15T14:33:52","date_gmt":"2021-01-15T11:33:52","guid":{"rendered":"https:\/\/www.enka.k12.tr\/istanbul\/?page_id=32065"},"modified":"2026-03-04T15:56:15","modified_gmt":"2026-03-04T12:56:15","slug":"anaokul-basvuru","status":"publish","type":"page","link":"https:\/\/www.enka.k12.tr\/istanbul\/tr\/kayit-kabul\/aday-kayit-basvuru-yontemi\/anaokul-basvuru\/","title":{"rendered":"ANAOKUL BA\u015eVURU"},"content":{"rendered":"<div class=\"wpb-content-wrapper\"><p>[vc_row equal_height=&#8221;yes&#8221; margin_left=&#8221;10px&#8221; margin_right=&#8221;10px&#8221;][vc_column bg_color=&#8221;rgba(71,118,135,0.27)&#8221; padding_top=&#8221;10px&#8221; padding_bottom=&#8221;10px&#8221; padding_left=&#8221;10px&#8221; padding_right=&#8221;10px&#8221;]<div id=\"ultimate-heading-545969ee3d6247af0\" class=\"uvc-heading ult-adjust-bottom-margin ultimate-heading-545969ee3d6247af0 uvc-5622 \" data-hspacer=\"line_only\"  data-halign=\"center\" style=\"text-align:center\"><div class=\"uvc-main-heading ult-responsive\"  data-ultimate-target='.uvc-heading.ultimate-heading-545969ee3d6247af0 h1'  data-responsive-json-new='{\"font-size\":\"\",\"line-height\":\"\"}' ><h1 style=\"font-weight:bold;margin-top:10px;\">ANAOKULU BA\u015eVURU<\/h1><\/div><div class=\"uvc-heading-spacer line_only\" style=\"margin-top:10px;margin-bottom:20px;height:3px;\"><span class=\"uvc-headings-line\" style=\"border-style:solid;border-bottom-width:3px;border-color:#dd3333;width:autopx;\"><\/span><\/div><\/div>[vc_tta_accordion style=&#8221;flat&#8221; shape=&#8221;square&#8221; color=&#8221;white&#8221; c_align=&#8221;center&#8221; c_icon=&#8221;triangle&#8221; active_section=&#8221;1&#8243; collapsible_all=&#8221;true&#8221;][vc_tta_section i_icon_fontawesome=&#8221;fas fa-exclamation-circle&#8221; add_icon=&#8221;true&#8221; title=&#8221;\u00d6nemli A\u00e7\u0131klama&#8221; tab_id=&#8221;1609938694335-bc8bf991-dcf7&#8243;][vc_column_text]Okulumuza iletilen aday kay\u0131t formlar\u0131 ba\u015fvuru tarih s\u0131ras\u0131na g\u00f6re ilgili y\u0131llar i\u00e7in bekleme listelerinde s\u0131raya yerle\u015ftirilmektedir. Anaokuluna ba\u015fvuru yapan adaylar\u0131n ilk ba\u015fvurular\u0131nda yaln\u0131zca bir ya\u015f grubuna de\u011fil, istedikleri farkl\u0131 ya\u015f gruplar\u0131na <em><strong>(3, 4, 5 ya\u015f )<\/strong><\/em>\u00a0ayn\u0131 formla ba\u015fvuru yapabilmeleri m\u00fcmk\u00fcnd\u00fcr. Aday kay\u0131t sistemi erken ba\u015fvuruya dayal\u0131d\u0131r.<\/p>\n<p>Aday kay\u0131t ba\u015fvurusu yapan velilere Kay\u0131t Kabul Koordinat\u00f6r\u00fc taraf\u0131ndan ba\u015fvurular\u0131 ile ilgili olarak teyit maili g\u00f6nderilir.<\/p>\n<p>Kay\u0131t Kabul B\u00f6l\u00fcm\u00fc \u0130leti\u015fim Bilgileri:<\/p>\n<p><strong>Telefon:<\/strong> +90 (212) 705 6713 \/ 14<br \/>\n<strong>Kay\u0131t Kabul Koordinat\u00f6r\u00fc:<\/strong> <a href=\"mailto:hilal.melikoglu@enka.k12.tr\">hilal.melikoglu@enka.k12.tr<\/a><br \/>\n<strong>Kay\u0131t Kabul Sorumlusu:<\/strong> <a href=\"mailto:nazan.ucuncu@enka.k12.tr\">nazan.ucuncu@enka.k12.tr<\/a>[\/vc_column_text][\/vc_tta_section][\/vc_tta_accordion][vc_btn title=&#8221;Anaokulu Aday Ba\u015fvuru Formu&#8221; shape=&#8221;square&#8221; color=&#8221;primary&#8221; size=&#8221;lg&#8221; align=&#8221;center&#8221; i_icon_fontawesome=&#8221;fas fa-file-download&#8221; css=&#8221;&#8221; button_block=&#8221;true&#8221; add_icon=&#8221;true&#8221; link=&#8221;url:https%3A%2F%2Fwww.enka.k12.tr%2Fistanbul%2Ftr%2Fkayit-kabul%2Faday-kayit-basvuru-yontemi%2Fanaokulu-aday-basvuru-formu%2F&#8221;][vc_btn title=&#8221;1. Muvafakatname Formu&#8221; shape=&#8221;square&#8221; color=&#8221;primary&#8221; size=&#8221;lg&#8221; align=&#8221;center&#8221; i_icon_fontawesome=&#8221;fas fa-file-download&#8221; css=&#8221;&#8221; button_block=&#8221;true&#8221; add_icon=&#8221;true&#8221; link=&#8221;url:https%3A%2F%2Fwww.enka.k12.tr%2Fistanbul%2Ftr%2Fkayit-kabul%2Faday-kayit-basvuru-yontemi%2Fkvkk-muvafakatname-formu%2F|target:_blank&#8221;]<div class=\"ult-spacer spacer-69ee3d6247b78\" data-id=\"69ee3d6247b78\" data-height=\"32\" data-height-mobile=\"32\" data-height-tab=\"32\" data-height-tab-portrait=\"\" data-height-mobile-landscape=\"\" style=\"clear:both;display:block;\"><\/div>[\/vc_column][\/vc_row]<\/p>\n<\/div>","protected":false},"excerpt":{"rendered":"<p>[vc_row equal_height=&#8221;yes&#8221; margin_left=&#8221;10px&#8221; margin_right=&#8221;10px&#8221;][vc_column bg_color=&#8221;rgba(71,118,135,0.27)&#8221; padding_top=&#8221;10px&#8221; padding_bottom=&#8221;10px&#8221; padding_left=&#8221;10px&#8221; padding_right=&#8221;10px&#8221;][vc_tta_accordion style=&#8221;flat&#8221; shape=&#8221;square&#8221; color=&#8221;white&#8221; c_align=&#8221;center&#8221; c_icon=&#8221;triangle&#8221; active_section=&#8221;1&#8243; collapsible_all=&#8221;true&#8221;][vc_tta_section i_icon_fontawesome=&#8221;fas fa-exclamation-circle&#8221; add_icon=&#8221;true&#8221; title=&#8221;\u00d6nemli A\u00e7\u0131klama&#8221; tab_id=&#8221;1609938694335-bc8bf991-dcf7&#8243;][vc_column_text]Okulumuza iletilen aday kay\u0131t formlar\u0131 ba\u015fvuru tarih s\u0131ras\u0131na g\u00f6re ilgili y\u0131llar i\u00e7in bekleme listelerinde s\u0131raya yerle\u015ftirilmektedir. Anaokuluna ba\u015fvuru yapan adaylar\u0131n ilk ba\u015fvurular\u0131nda yaln\u0131zca bir ya\u015f grubuna de\u011fil, istedikleri farkl\u0131 ya\u015f gruplar\u0131na (3, 4, 5 ya\u015f )\u00a0ayn\u0131 formla ba\u015fvuru yapabilmeleri m\u00fcmk\u00fcnd\u00fcr. Aday kay\u0131t sistemi erken&#8230;<\/p>\n","protected":false},"author":1,"featured_media":0,"parent":5737,"menu_order":0,"comment_status":"closed","ping_status":"closed","template":"","meta":{"_acf_changed":false,"om_disable_all_campaigns":false,"inline_featured_image":false,"_monsterinsights_skip_tracking":false,"_monsterinsights_sitenote_active":false,"_monsterinsights_sitenote_note":"","_monsterinsights_sitenote_category":0,"footnotes":""},"class_list":["post-32065","page","type-page","status-publish","hentry","custom-post-type-entry"],"aioseo_notices":[],"acf":[],"_links":{"self":[{"href":"https:\/\/www.enka.k12.tr\/istanbul\/tr\/wp-json\/wp\/v2\/pages\/32065","targetHints":{"allow":["GET"]}}],"collection":[{"href":"https:\/\/www.enka.k12.tr\/istanbul\/tr\/wp-json\/wp\/v2\/pages"}],"about":[{"href":"https:\/\/www.enka.k12.tr\/istanbul\/tr\/wp-json\/wp\/v2\/types\/page"}],"author":[{"embeddable":true,"href":"https:\/\/www.enka.k12.tr\/istanbul\/tr\/wp-json\/wp\/v2\/users\/1"}],"replies":[{"embeddable":true,"href":"https:\/\/www.enka.k12.tr\/istanbul\/tr\/wp-json\/wp\/v2\/comments?post=32065"}],"version-history":[{"count":1,"href":"https:\/\/www.enka.k12.tr\/istanbul\/tr\/wp-json\/wp\/v2\/pages\/32065\/revisions"}],"predecessor-version":[{"id":39194,"href":"https:\/\/www.enka.k12.tr\/istanbul\/tr\/wp-json\/wp\/v2\/pages\/32065\/revisions\/39194"}],"up":[{"embeddable":true,"href":"https:\/\/www.enka.k12.tr\/istanbul\/tr\/wp-json\/wp\/v2\/pages\/5737"}],"wp:attachment":[{"href":"https:\/\/www.enka.k12.tr\/istanbul\/tr\/wp-json\/wp\/v2\/media?parent=32065"}],"curies":[{"name":"wp","href":"https:\/\/api.w.org\/{rel}","templated":true}]}}