{"id":32077,"date":"2021-01-15T14:39:59","date_gmt":"2021-01-15T11:39:59","guid":{"rendered":"https:\/\/www.enka.k12.tr\/istanbul\/?page_id=32077"},"modified":"2026-01-05T10:09:41","modified_gmt":"2026-01-05T07:09:41","slug":"ortaokul-basvuru","status":"publish","type":"page","link":"https:\/\/www.enka.k12.tr\/istanbul\/tr\/kayit-kabul\/aday-kayit-basvuru-yontemi\/ortaokul-basvuru\/","title":{"rendered":"ORTAOKUL BA\u015eVURU"},"content":{"rendered":"<div class=\"wpb-content-wrapper\"><p>[vc_row equal_height=&#8221;yes&#8221; margin_left=&#8221;10px&#8221; margin_right=&#8221;10px&#8221;][vc_column bg_color=&#8221;#f9d8ba&#8221; padding_top=&#8221;10px&#8221; padding_bottom=&#8221;10px&#8221; padding_left=&#8221;10px&#8221; padding_right=&#8221;10px&#8221;]<div id=\"ultimate-heading-587369ff3596ede9e\" class=\"uvc-heading ult-adjust-bottom-margin ultimate-heading-587369ff3596ede9e uvc-296 \" data-hspacer=\"line_only\"  data-halign=\"center\" style=\"text-align:center\"><div class=\"uvc-main-heading ult-responsive\"  data-ultimate-target='.uvc-heading.ultimate-heading-587369ff3596ede9e h1'  data-responsive-json-new='{\"font-size\":\"\",\"line-height\":\"\"}' ><h1 style=\"font-weight:bold;margin-top:10px;\">ORTAOKUL BA\u015eVURU<\/h1><\/div><div class=\"uvc-heading-spacer line_only\" style=\"margin-top:10px;margin-bottom:20px;height:3px;\"><span class=\"uvc-headings-line\" style=\"border-style:solid;border-bottom-width:3px;border-color:#dd3333;width:autopx;\"><\/span><\/div><\/div>[vc_tta_accordion style=&#8221;flat&#8221; shape=&#8221;square&#8221; color=&#8221;white&#8221; c_align=&#8221;center&#8221; c_icon=&#8221;triangle&#8221; active_section=&#8221;1&#8243; collapsible_all=&#8221;true&#8221;][vc_tta_section i_icon_fontawesome=&#8221;fas fa-exclamation-circle&#8221; add_icon=&#8221;true&#8221; title=&#8221;\u00d6nemli A\u00e7\u0131klama&#8221; tab_id=&#8221;1609945269386-cdbfa549-f537&#8243;][vc_column_text]<span style=\"font-size: 14pt;\">ENKA Ortaokulu 5. s\u0131n\u0131f d\u00fczeyinde \u00f6\u011frenim g\u00f6recek \u00f6\u011frencileri nakil s\u0131nav\u0131 ile okula kabul etmektedir. 2026 nakil s\u0131nav\u0131 <strong>18 Nisan 2026<\/strong> tarihinde yap\u0131lacakt\u0131r.<\/span><\/p>\n<p><span style=\"font-size: 14pt;\">\u00d6\u011frencinin nakil s\u0131nav\u0131na kat\u0131labilmesi i\u00e7in ba\u015fvuru formunun doldurulmas\u0131, \u00f6\u011frencinin resimli kimlik fotokopisinin ve \u015fu an devam etti\u011fi okuldan ald\u0131\u011f\u0131 \u00f6\u011frenci belgesinin sisteme y\u00fcklenmesi gerekmektedir.<\/span>[\/vc_column_text][\/vc_tta_section][\/vc_tta_accordion][vc_row_inner][vc_column_inner][vc_btn title=&#8221;5. S\u0131n\u0131f Nakil S\u0131nav\u0131 Ba\u015fvuru Formu&#8221; style=&#8221;gradient&#8221; gradient_color_1=&#8221;blue&#8221; gradient_color_2=&#8221;sky&#8221; shape=&#8221;square&#8221; size=&#8221;lg&#8221; align=&#8221;center&#8221; i_icon_fontawesome=&#8221;fas fa-file-download&#8221; add_icon=&#8221;true&#8221; link=&#8221;url:https%3A%2F%2Fwww.enka.k12.tr%2Fistanbul%2Ftr%2Fkayit-kabul%2Faday-kayit-basvuru-yontemi%2Fortaokul-5-sinif-nakil-sinavi-basvuru-formu%2F&#8221;][\/vc_column_inner][\/vc_row_inner]<div id=\"ultimate-heading-601769ff3596edf43\" class=\"uvc-heading ult-adjust-bottom-margin ultimate-heading-601769ff3596edf43 uvc-4175 \" data-hspacer=\"line_only\"  data-halign=\"center\" style=\"text-align:center\"><div class=\"uvc-main-heading ult-responsive\"  data-ultimate-target='.uvc-heading.ultimate-heading-601769ff3596edf43 h1'  data-responsive-json-new='{\"font-size\":\"desktop:20px;\",\"line-height\":\"\"}' ><h1 style=\"font-weight:bold;margin-top:30px;\">MAL\u0130 YARDIM S\u00dcREC\u0130<\/h1><\/div><div class=\"uvc-heading-spacer line_only\" style=\"margin-top:10px;margin-bottom:20px;height:2px;\"><span class=\"uvc-headings-line\" style=\"border-style:solid;border-bottom-width:2px;border-color:#ffffff;width:autopx;\"><\/span><\/div><\/div>[vc_tta_accordion style=&#8221;flat&#8221; shape=&#8221;square&#8221; color=&#8221;white&#8221; c_align=&#8221;center&#8221; c_icon=&#8221;triangle&#8221; active_section=&#8221;1&#8243; collapsible_all=&#8221;true&#8221;][vc_tta_section i_icon_fontawesome=&#8221;fas fa-exclamation-circle&#8221; add_icon=&#8221;true&#8221; title=&#8221;\u00d6nemli A\u00e7\u0131klama&#8221; tab_id=&#8221;1609945540528-6aae098a-a2a6&#8243;][vc_column_text]<span style=\"font-size: 14pt;\">ENKA Okullar\u0131, nakil s\u0131nav\u0131 sonucuna g\u00f6re okula kabul edilen ihtiya\u00e7 sahibi \u00f6\u011frencilere mali yard\u0131m sa\u011flayabilmektedir.<\/span><br \/>\n<span style=\"font-size: 14pt;\">\u00d6\u011frencinin okula kabul edilmesi durumunda kay\u0131t kabul birimi ihtiya\u00e7 sahibi aileleri mali yard\u0131m ba\u015fvurusu konusunda y\u00f6nlendirecektir.<\/span><br \/>\n<span style=\"font-size: 14pt;\">S\u0131nav ba\u015fvurusu esnas\u0131nda mali yard\u0131m ba\u015fvurusu yap\u0131lmas\u0131na gerek yoktur.<\/span>[\/vc_column_text][\/vc_tta_section][\/vc_tta_accordion]<div id=\"ultimate-heading-990869ff3596edfad\" class=\"uvc-heading ult-adjust-bottom-margin ultimate-heading-990869ff3596edfad uvc-2925 \" data-hspacer=\"line_only\"  data-halign=\"center\" style=\"text-align:center\"><div class=\"uvc-main-heading ult-responsive\"  data-ultimate-target='.uvc-heading.ultimate-heading-990869ff3596edfad h1'  data-responsive-json-new='{\"font-size\":\"desktop:20px;\",\"line-height\":\"\"}' ><h1 style=\"font-weight:bold;margin-top:30px;\">KES\u0130N KAYIT S\u00dcREC\u0130<\/h1><\/div><div class=\"uvc-heading-spacer line_only\" style=\"margin-top:10px;margin-bottom:20px;height:2px;\"><span class=\"uvc-headings-line\" style=\"border-style:solid;border-bottom-width:2px;border-color:#ffffff;width:autopx;\"><\/span><\/div><\/div>[vc_tta_accordion style=&#8221;flat&#8221; shape=&#8221;square&#8221; color=&#8221;white&#8221; c_align=&#8221;center&#8221; c_icon=&#8221;triangle&#8221; active_section=&#8221;1&#8243; collapsible_all=&#8221;true&#8221;][vc_tta_section i_icon_fontawesome=&#8221;fas fa-exclamation-circle&#8221; add_icon=&#8221;true&#8221; title=&#8221;\u00d6nemli A\u00e7\u0131klama&#8221; tab_id=&#8221;1609945157788-da4ea060-741e&#8221;][vc_column_text]<span style=\"font-size: 14pt;\"><strong>Nakil S\u0131navlar\u0131 sonras\u0131nda okula kabul edilen \u00f6\u011frencilerin velileri Kay\u0131t Kabul birimi taraf\u0131ndan bilgilendirilmektedir.<\/strong><\/span>[\/vc_column_text][\/vc_tta_section][\/vc_tta_accordion][\/vc_column][\/vc_row]<\/p>\n<\/div>","protected":false},"excerpt":{"rendered":"<p>[vc_row equal_height=&#8221;yes&#8221; margin_left=&#8221;10px&#8221; margin_right=&#8221;10px&#8221;][vc_column bg_color=&#8221;#f9d8ba&#8221; padding_top=&#8221;10px&#8221; padding_bottom=&#8221;10px&#8221; padding_left=&#8221;10px&#8221; padding_right=&#8221;10px&#8221;][vc_tta_accordion style=&#8221;flat&#8221; shape=&#8221;square&#8221; color=&#8221;white&#8221; c_align=&#8221;center&#8221; c_icon=&#8221;triangle&#8221; active_section=&#8221;1&#8243; collapsible_all=&#8221;true&#8221;][vc_tta_section i_icon_fontawesome=&#8221;fas fa-exclamation-circle&#8221; add_icon=&#8221;true&#8221; title=&#8221;\u00d6nemli A\u00e7\u0131klama&#8221; tab_id=&#8221;1609945269386-cdbfa549-f537&#8243;][vc_column_text]ENKA Ortaokulu 5. s\u0131n\u0131f d\u00fczeyinde \u00f6\u011frenim g\u00f6recek \u00f6\u011frencileri nakil s\u0131nav\u0131 ile okula kabul etmektedir. 2026 nakil s\u0131nav\u0131 18 Nisan 2026 tarihinde yap\u0131lacakt\u0131r. \u00d6\u011frencinin nakil s\u0131nav\u0131na kat\u0131labilmesi i\u00e7in ba\u015fvuru formunun doldurulmas\u0131, \u00f6\u011frencinin resimli kimlik fotokopisinin ve \u015fu an devam etti\u011fi okuldan ald\u0131\u011f\u0131 \u00f6\u011frenci belgesinin sisteme&#8230;<\/p>\n","protected":false},"author":1,"featured_media":0,"parent":5737,"menu_order":0,"comment_status":"closed","ping_status":"closed","template":"","meta":{"_acf_changed":false,"inline_featured_image":false,"footnotes":""},"class_list":["post-32077","page","type-page","status-publish","hentry","custom-post-type-entry"],"aioseo_notices":[],"acf":[],"_links":{"self":[{"href":"https:\/\/www.enka.k12.tr\/istanbul\/tr\/wp-json\/wp\/v2\/pages\/32077","targetHints":{"allow":["GET"]}}],"collection":[{"href":"https:\/\/www.enka.k12.tr\/istanbul\/tr\/wp-json\/wp\/v2\/pages"}],"about":[{"href":"https:\/\/www.enka.k12.tr\/istanbul\/tr\/wp-json\/wp\/v2\/types\/page"}],"author":[{"embeddable":true,"href":"https:\/\/www.enka.k12.tr\/istanbul\/tr\/wp-json\/wp\/v2\/users\/1"}],"replies":[{"embeddable":true,"href":"https:\/\/www.enka.k12.tr\/istanbul\/tr\/wp-json\/wp\/v2\/comments?post=32077"}],"version-history":[{"count":2,"href":"https:\/\/www.enka.k12.tr\/istanbul\/tr\/wp-json\/wp\/v2\/pages\/32077\/revisions"}],"predecessor-version":[{"id":38901,"href":"https:\/\/www.enka.k12.tr\/istanbul\/tr\/wp-json\/wp\/v2\/pages\/32077\/revisions\/38901"}],"up":[{"embeddable":true,"href":"https:\/\/www.enka.k12.tr\/istanbul\/tr\/wp-json\/wp\/v2\/pages\/5737"}],"wp:attachment":[{"href":"https:\/\/www.enka.k12.tr\/istanbul\/tr\/wp-json\/wp\/v2\/media?parent=32077"}],"curies":[{"name":"wp","href":"https:\/\/api.w.org\/{rel}","templated":true}]}}