{"id":32083,"date":"2021-01-15T14:42:07","date_gmt":"2021-01-15T11:42:07","guid":{"rendered":"https:\/\/www.enka.k12.tr\/istanbul\/?page_id=32083"},"modified":"2026-03-06T08:04:45","modified_gmt":"2026-03-06T05:04:45","slug":"lise-basvuru","status":"publish","type":"page","link":"https:\/\/www.enka.k12.tr\/istanbul\/tr\/kayit-kabul\/aday-kayit-basvuru-yontemi\/lise-basvuru\/","title":{"rendered":"L\u0130SE BA\u015eVURU"},"content":{"rendered":"<div class=\"wpb-content-wrapper\"><p>[vc_row equal_height=&#8221;yes&#8221; margin_left=&#8221;10px&#8221; margin_right=&#8221;10px&#8221;][vc_column bg_color=&#8221;#dbe6d5&#8243; padding_top=&#8221;10px&#8221; padding_bottom=&#8221;10px&#8221; padding_left=&#8221;10px&#8221; padding_right=&#8221;10px&#8221;]<div id=\"ultimate-heading-360769e453924249d\" class=\"uvc-heading ult-adjust-bottom-margin ultimate-heading-360769e453924249d uvc-3341 \" data-hspacer=\"line_only\"  data-halign=\"center\" style=\"text-align:center\"><div class=\"uvc-main-heading ult-responsive\"  data-ultimate-target='.uvc-heading.ultimate-heading-360769e453924249d h1'  data-responsive-json-new='{\"font-size\":\"\",\"line-height\":\"\"}' ><h1 style=\"font-weight:bold;margin-top:10px;\">L\u0130SE BA\u015eVURU<\/h1><\/div><div class=\"uvc-heading-spacer line_only\" style=\"margin-top:10px;margin-bottom:20px;height:3px;\"><span class=\"uvc-headings-line\" style=\"border-style:solid;border-bottom-width:3px;border-color:#dd3333;width:autopx;\"><\/span><\/div><\/div>[vc_row_inner][vc_column_inner][\/vc_column_inner][\/vc_row_inner][vc_tta_accordion style=&#8221;flat&#8221; shape=&#8221;square&#8221; color=&#8221;white&#8221; c_align=&#8221;center&#8221; c_icon=&#8221;triangle&#8221; active_section=&#8221;1&#8243; collapsible_all=&#8221;true&#8221;][vc_tta_section i_icon_fontawesome=&#8221;fas fa-exclamation-circle&#8221; add_icon=&#8221;true&#8221; title=&#8221;\u00d6nemli A\u00e7\u0131klama&#8221; tab_id=&#8221;1609944800494-c3504b80-babd&#8221;][vc_column_text]<\/p>\n<p class=\"x_MsoNormal\"><strong>DE\u011eERL\u0130 ADAY \u00d6\u011eRENC\u0130LER\u0130M\u0130Z, ADAY VEL\u0130LER\u0130M\u0130Z,<\/strong><\/p>\n<p class=\"x_MsoNormal\"><b>\u00a0<\/b><\/p>\n<p class=\"x_MsoNormal\"><strong>10 May\u0131s 2026 Pazar g\u00fcn\u00fc\u00a0 okulumuzda Anadolu Lisemiz ile Fen ve Teknoloji Lisemizin detayl\u0131 tan\u0131t\u0131mlar\u0131 yap\u0131lacakt\u0131r.<\/strong><\/p>\n<p class=\"x_MsoNormal\">Tan\u0131t\u0131m etkinli\u011fi ENKA \u0130stanbul Okullar\u0131 kamp\u00fcs\u00fcnde bulunan ENKA E\u015fref Denizhan A\u00e7\u0131k Hava Tiyatrosu&#8217;nda saat 10.00 \u2013 12.00 aras\u0131nda d\u00fczenlenecektir.<\/p>\n<p class=\"x_MsoNormal\">Okul bah\u00e7emizde park imk\u00e2n\u0131 olmay\u0131p aday velilerimizin vak\u0131f otopark\u0131n\u0131\u00a0ya da \u00e7evrede bulunan park alanlar\u0131n\u0131 kullanmalar\u0131 gerekecektir.<\/p>\n<p class=\"x_MsoNormal\"><strong>Tan\u0131t\u0131m etkinli\u011fine kat\u0131lmak i\u00e7in duyurunun en alt\u0131nda yer alan formu doldurman\u0131z\u0131 rica ederiz.<\/strong><\/p>\n<p class=\"x_MsoNormal\"><strong>Fen ve Teknoloji Lisemize<\/strong>, LGS puan\u0131 + okulumuzun kendi yapaca\u011f\u0131 \u00f6\u011frenci se\u00e7me s\u0131nav\u0131 puan toplam\u0131na g\u00f6re \u00f6\u011frenci al\u0131nacakt\u0131r.<br \/>\nFen ve Teknoloji Lisemize kay\u0131t olacak t\u00fcm \u00f6\u011frenciler <strong>ENKA Vakf\u0131 taraf\u0131ndan verilecek \u00f6\u011frenim bursundan faydalanacakt\u0131r.<\/strong> Vak\u0131f bursu, \u00f6\u011frencilerin e\u011fitim \u00f6\u011fretim giderlerini, servis ve yemek \u00fccretlerini kar\u015f\u0131lamakta olup \u00f6\u011frencinin ders ba\u015far\u0131s\u0131 devam etti\u011fi s\u00fcrece t\u00fcm lise\u00a0e\u011fitimini\u00a0kapsamaktad\u0131r. \u0130l d\u0131\u015f\u0131ndan gelecek \u00f6\u011frencilere vak\u0131f bursu kapsam\u0131nda okul kamp\u00fcs\u00fcm\u00fczde bulunan k\u0131z ve erkek pansiyonumuzda \u00fccretsiz konaklama imk\u00e2n\u0131 da sa\u011flanmaktad\u0131r.<\/p>\n<p class=\"x_MsoNormal\"><strong>Anadolu Lisemize<\/strong>\u00a0ise sadece LGS puan\u0131 ile \u00f6\u011frenci al\u0131nacakt\u0131r. LGS puan\u0131na g\u00f6re s\u0131ralanacak \u00f6\u011frenciler i\u00e7erisinden vak\u0131f taraf\u0131ndan verilen kontenjana girenler ENKA Vakf\u0131 burslu olarak, di\u011fer \u00f6\u011frencilerden nakil kontenjan\u0131na girenler ise \u00fccretli kay\u0131t olabilecektir. Vak\u0131f bursu, \u00f6\u011frencilerin e\u011fitim \u00f6\u011fretim giderlerini, servis ve yemek \u00fccretlerini kar\u015f\u0131lamaktad\u0131r. \u00a0<b data-ogsc=\"\"><\/b><\/p>\n<p class=\"x_MsoNormal\"><b>\u00a0<\/b>Her iki lisemizde de haz\u0131rl\u0131k + 4 y\u0131l olmak \u00fczere toplam 5 y\u0131l e\u011fitim verilmektedir. Liselerimize kay\u0131t olan t\u00fcm \u00f6\u011frenciler haz\u0131rl\u0131k s\u0131n\u0131f\u0131n\u0131 okumaktad\u0131rlar.<\/p>\n<p class=\"x_MsoNormal\"><strong>ANADOLU L\u0130SES\u0130 \u00d6\u011eRENC\u0130 KAYITLARIMIZ<\/strong><\/p>\n<p class=\"x_MsoNormal\">LGS puanlar\u0131n\u0131n a\u00e7\u0131klanmas\u0131 ile birlikte bu sayfada Anadolu Lisesi \u00f6n kay\u0131t m\u00fcracaat formumuz a\u00e7\u0131lacakt\u0131r.<\/p>\n<p class=\"x_MsoNormal\">Aday \u00f6\u011frencilerimiz LGS sonu\u00e7lar\u0131n\u0131 \u00f6n kay\u0131t ba\u015fvuru formuna gireceklerdir. \u00d6n kay\u0131tlar al\u0131nd\u0131ktan sonra aday \u00f6\u011frencilerimiz LGS puan \u00fcst\u00fcnl\u00fc\u011f\u00fcne g\u00f6re s\u0131ralanarak vak\u0131f burslu asil liste, vak\u0131f burslu yedek liste, \u00fccretli asil liste ve \u00fccretli yedek liste olarak s\u0131ralanarak kay\u0131t sonu\u00e7lar\u0131 ilan edilecektir.<\/p>\n<p class=\"x_MsoNormal\">Kay\u0131t takvimi i\u00e7erisinde asil listeden kay\u0131t olmayan ya da kay\u0131t olduktan sonra kayd\u0131n\u0131 sildiren \u00f6\u011frencilerin yerine yedek listeden kay\u0131tlara devam edilecektir.<\/p>\n<p class=\"x_MsoNormal\">MEB taraf\u0131ndan \u00f6zel okul kay\u0131t tarihleri a\u00e7\u0131kland\u0131\u011f\u0131nda kay\u0131t takvimimiz\u00a0bu sayfada ilan edilecektir.<\/p>\n<p class=\"x_MsoNormal\"><strong>FEN VE TEKNOLOJ\u0130 L\u0130SES\u0130 \u00d6\u011eRENC\u0130 SE\u00c7ME SINAVIMIZ<\/strong><\/p>\n<p class=\"x_MsoNormal\">LGS puanlar\u0131n\u0131n a\u00e7\u0131klanmas\u0131 ile birlikte bu sayfada Fen ve Teknoloji Lisesi \u00f6\u011frenci se\u00e7me s\u0131nav\u0131 \u00f6n kay\u0131t m\u00fcracaat formumuz a\u00e7\u0131lacakt\u0131r.<\/p>\n<p class=\"x_MsoNormal\">Se\u00e7me s\u0131nav\u0131 \u00f6n kay\u0131tlar\u0131 tamamland\u0131\u011f\u0131nda s\u0131nav kontenjan\u0131na giren \u00f6\u011frenciler okulumuzda \u00f6\u011frenci se\u00e7me s\u0131nav\u0131na al\u0131nacaklard\u0131r.<\/p>\n<p class=\"x_MsoNormal\">Se\u00e7me s\u0131nav\u0131n\u0131n ard\u0131ndan \u00f6\u011frencilerin se\u00e7me s\u0131nav\u0131ndan ald\u0131klar\u0131 puanlar\u0131 ve LGS puanlar\u0131 toplanarak kay\u0131t s\u0131ralamas\u0131 yap\u0131lacakt\u0131r.<\/p>\n<p class=\"x_MsoNormal\">Puanlar toplan\u0131rken aday \u00f6\u011frencilerin ortaokul T\u00dcB\u0130TAK Bilim Olimpiyat ba\u015far\u0131lar\u0131 da dikkate al\u0131nacakt\u0131r. Ortaokul bilim olimpiyatlar\u0131nda 1. a\u015famay\u0131 ge\u00e7en veya madalya alan \u00f6\u011frencilere olimpiyat ba\u015far\u0131lar\u0131na g\u00f6re ilave puanlar verilecektir.<\/p>\n<p class=\"x_MsoNormal\">Fen ve Teknoloji Lisesi \u00f6\u011frenci se\u00e7me s\u0131nav\u0131m\u0131z\u0131n tarihi\u00a0ve\u00a0s\u0131nav esaslar\u0131 MEB taraf\u0131ndan \u00f6zel okul kay\u0131t tarihleri a\u00e7\u0131kland\u0131\u011f\u0131nda bu sayfada ilan edilecektir.<\/p>\n<p class=\"x_MsoNormal\">T\u00fcm aday \u00f6\u011frenci ve velilerimizi 10 May\u0131s 2026 Pazar g\u00fcn\u00fc yapaca\u011f\u0131m\u0131z tan\u0131t\u0131m etkinli\u011fimize bekleriz.<\/p>\n<p>[\/vc_column_text][\/vc_tta_section][\/vc_tta_accordion][vc_row_inner][vc_column_inner][vc_btn title=&#8221;L\u0130SE TANITIM G\u00dcN\u00dc KATILIM BA\u015eVURUSU&#8221; color=&#8221;primary&#8221; size=&#8221;lg&#8221; align=&#8221;center&#8221; css=&#8221;&#8221; link=&#8221;url:https%3A%2F%2Fdocs.google.com%2Fforms%2Fd%2Fe%2F1FAIpQLSfJK5sAOrYXdC_UpA94TrQuI8a2Blbt7ES9gqIwElCLMVU82A%2Fviewform&#8221;][\/vc_column_inner][\/vc_row_inner][\/vc_column][\/vc_row][vc_row][vc_column][\/vc_column][\/vc_row]<\/p>\n<\/div>","protected":false},"excerpt":{"rendered":"<p>[vc_row equal_height=&#8221;yes&#8221; margin_left=&#8221;10px&#8221; margin_right=&#8221;10px&#8221;][vc_column bg_color=&#8221;#dbe6d5&#8243; padding_top=&#8221;10px&#8221; padding_bottom=&#8221;10px&#8221; padding_left=&#8221;10px&#8221; padding_right=&#8221;10px&#8221;][vc_row_inner][vc_column_inner][\/vc_column_inner][\/vc_row_inner][vc_tta_accordion style=&#8221;flat&#8221; shape=&#8221;square&#8221; color=&#8221;white&#8221; c_align=&#8221;center&#8221; c_icon=&#8221;triangle&#8221; active_section=&#8221;1&#8243; collapsible_all=&#8221;true&#8221;][vc_tta_section i_icon_fontawesome=&#8221;fas fa-exclamation-circle&#8221; add_icon=&#8221;true&#8221; title=&#8221;\u00d6nemli A\u00e7\u0131klama&#8221; tab_id=&#8221;1609944800494-c3504b80-babd&#8221;][vc_column_text] DE\u011eERL\u0130 ADAY \u00d6\u011eRENC\u0130LER\u0130M\u0130Z, ADAY VEL\u0130LER\u0130M\u0130Z, \u00a0 10 May\u0131s 2026 Pazar g\u00fcn\u00fc\u00a0 okulumuzda Anadolu Lisemiz ile Fen ve Teknoloji Lisemizin detayl\u0131 tan\u0131t\u0131mlar\u0131 yap\u0131lacakt\u0131r. Tan\u0131t\u0131m etkinli\u011fi ENKA \u0130stanbul Okullar\u0131 kamp\u00fcs\u00fcnde bulunan ENKA E\u015fref Denizhan A\u00e7\u0131k Hava Tiyatrosu&#8217;nda saat 10.00 \u2013 12.00 aras\u0131nda d\u00fczenlenecektir. Okul bah\u00e7emizde&#8230;<\/p>\n","protected":false},"author":1,"featured_media":0,"parent":5737,"menu_order":0,"comment_status":"closed","ping_status":"closed","template":"","meta":{"_acf_changed":false,"inline_featured_image":false,"footnotes":""},"class_list":["post-32083","page","type-page","status-publish","hentry","custom-post-type-entry"],"aioseo_notices":[],"acf":[],"_links":{"self":[{"href":"https:\/\/www.enka.k12.tr\/istanbul\/tr\/wp-json\/wp\/v2\/pages\/32083","targetHints":{"allow":["GET"]}}],"collection":[{"href":"https:\/\/www.enka.k12.tr\/istanbul\/tr\/wp-json\/wp\/v2\/pages"}],"about":[{"href":"https:\/\/www.enka.k12.tr\/istanbul\/tr\/wp-json\/wp\/v2\/types\/page"}],"author":[{"embeddable":true,"href":"https:\/\/www.enka.k12.tr\/istanbul\/tr\/wp-json\/wp\/v2\/users\/1"}],"replies":[{"embeddable":true,"href":"https:\/\/www.enka.k12.tr\/istanbul\/tr\/wp-json\/wp\/v2\/comments?post=32083"}],"version-history":[{"count":33,"href":"https:\/\/www.enka.k12.tr\/istanbul\/tr\/wp-json\/wp\/v2\/pages\/32083\/revisions"}],"predecessor-version":[{"id":39220,"href":"https:\/\/www.enka.k12.tr\/istanbul\/tr\/wp-json\/wp\/v2\/pages\/32083\/revisions\/39220"}],"up":[{"embeddable":true,"href":"https:\/\/www.enka.k12.tr\/istanbul\/tr\/wp-json\/wp\/v2\/pages\/5737"}],"wp:attachment":[{"href":"https:\/\/www.enka.k12.tr\/istanbul\/tr\/wp-json\/wp\/v2\/media?parent=32083"}],"curies":[{"name":"wp","href":"https:\/\/api.w.org\/{rel}","templated":true}]}}