{"id":33522,"date":"2023-12-25T14:43:46","date_gmt":"2023-12-25T11:43:46","guid":{"rendered":"https:\/\/www.enka.k12.tr\/istanbul\/?page_id=33522"},"modified":"2025-01-02T21:49:22","modified_gmt":"2025-01-02T18:49:22","slug":"my-login","status":"publish","type":"page","link":"https:\/\/www.enka.k12.tr\/istanbul\/tr\/my-login\/","title":{"rendered":"MY login"},"content":{"rendered":"<div class=\"wpb-content-wrapper\"><p>[vc_row full_width=&#8221;stretch_row_content&#8221;][vc_column][vc_column_text]<\/p>\n<p>&nbsp;<\/p>\n<p>&nbsp;<\/p>\n<p>&nbsp;<\/p>\n    <style>\r\n        .login-container {\r\n            max-width: 400px;\r\n            margin: 50px auto;\r\n            padding: 40px;\r\n            background-color: #fff;\r\n            border-radius: 10px;\r\n            box-shadow: 0 4px 10px rgba(0, 0, 0, 0.1);\r\n            text-align: center;\r\n        }\r\n        .login-container h2 {\r\n            margin-bottom: 20px;\r\n            font-size: 24px;\r\n            color: #333;\r\n        }\r\n        .login-container input {\r\n            width: 100%;\r\n            padding: 10px;\r\n            margin: 10px 0;\r\n            border: 1px solid #ddd;\r\n            border-radius: 5px;\r\n        }\r\n        .login-container button {\r\n            width: 100%;\r\n            padding: 10px;\r\n            background-color: #007bff;\r\n            color: #fff;\r\n            border: none;\r\n            border-radius: 5px;\r\n            cursor: pointer;\r\n        }\r\n        .login-container button:hover {\r\n            background-color: #0122169;\r\n        }\r\n        body {\r\n            background-color: #e5e5e5;\r\n            font-family: Arial, sans-serif;\r\n        }\r\n    <\/style>\r\n\r\n    <div class=\"login-container\">\r\n        <h2>Mali Yard\u0131m Giri\u015f<\/h2>\r\n        <h3>Yaln\u0131zca Okulumuza Kay\u0131tl\u0131 \u00d6\u011frenciler<\/h3>\r\n       \r\n        <form method=\"post\">\r\n            <input type=\"text\" name=\"username\" placeholder=\"Kay\u0131tl\u0131 \u00d6\u011frenci TC No Giriniz\" required>\r\n            <button type=\"submit\" name=\"login_submit\">Forma Giri\u015f Yap\u0131n<\/button>\r\n        <\/form>\r\n    <\/div>\r\n    \n<p>&nbsp;<\/p>\n<p>&nbsp;<\/p>\n<p>&nbsp;<\/p>\n<p>&nbsp;<\/p>\n<p>[\/vc_column_text][\/vc_column][\/vc_row]<\/p>\n<\/div>","protected":false},"excerpt":{"rendered":"<p>[vc_row full_width=&#8221;stretch_row_content&#8221;][vc_column][vc_column_text] &nbsp; &nbsp; &nbsp; &nbsp; &nbsp; &nbsp; &nbsp; [\/vc_column_text][\/vc_column][\/vc_row]<\/p>\n","protected":false},"author":1,"featured_media":0,"parent":0,"menu_order":0,"comment_status":"closed","ping_status":"closed","template":"logintemplate.php","meta":{"_acf_changed":false,"inline_featured_image":false,"footnotes":""},"class_list":["post-33522","page","type-page","status-publish","hentry","custom-post-type-entry"],"aioseo_notices":[],"acf":[],"_links":{"self":[{"href":"https:\/\/www.enka.k12.tr\/istanbul\/tr\/wp-json\/wp\/v2\/pages\/33522","targetHints":{"allow":["GET"]}}],"collection":[{"href":"https:\/\/www.enka.k12.tr\/istanbul\/tr\/wp-json\/wp\/v2\/pages"}],"about":[{"href":"https:\/\/www.enka.k12.tr\/istanbul\/tr\/wp-json\/wp\/v2\/types\/page"}],"author":[{"embeddable":true,"href":"https:\/\/www.enka.k12.tr\/istanbul\/tr\/wp-json\/wp\/v2\/users\/1"}],"replies":[{"embeddable":true,"href":"https:\/\/www.enka.k12.tr\/istanbul\/tr\/wp-json\/wp\/v2\/comments?post=33522"}],"version-history":[{"count":0,"href":"https:\/\/www.enka.k12.tr\/istanbul\/tr\/wp-json\/wp\/v2\/pages\/33522\/revisions"}],"wp:attachment":[{"href":"https:\/\/www.enka.k12.tr\/istanbul\/tr\/wp-json\/wp\/v2\/media?parent=33522"}],"curies":[{"name":"wp","href":"https:\/\/api.w.org\/{rel}","templated":true}]}}