{"id":33989,"date":"2022-07-22T18:23:58","date_gmt":"2022-07-22T15:23:58","guid":{"rendered":"https:\/\/www.enka.k12.tr\/istanbul\/?page_id=33989"},"modified":"2025-05-12T11:42:55","modified_gmt":"2025-05-12T08:42:55","slug":"advanced-placement","status":"publish","type":"page","link":"https:\/\/www.enka.k12.tr\/istanbul\/tr\/akademik-faaliyetler\/advanced-placement\/","title":{"rendered":"ADVANCED PLACEMENT"},"content":{"rendered":"<div class=\"wpb-content-wrapper\"><p>[vc_row_inner][vc_column_inner width=&#8221;1\/6&#8243;][\/vc_column_inner][vc_column_inner width=&#8221;2\/3&#8243;]<div id=\"ultimate-heading-886969f380cf4ade7\" class=\"uvc-heading ult-adjust-bottom-margin ultimate-heading-886969f380cf4ade7 uvc-4321 \" data-hspacer=\"line_with_icon\" data-hline_width=\"auto\" data-hicon_type=\"custom\" data-hborder_style=\"solid\" data-hborder_height=\"3\" data-hborder_color=\"#69b3e7\" data-icon_width=\"200\" data-hfixer=\"30\"  data-halign=\"center\" style=\"text-align:center\"><div class=\"uvc-heading-spacer line_with_icon\" style=\"top\"><div class=\"ult-just-icon-wrapper  \"><div class=\"align-icon\" style=\"text-align:center;\">\n<div class=\"aio-icon-img \" style=\"font-size:200px;display:inline-block;\" >\n\t<img decoding=\"async\" class=\"img-icon\" alt=\"null\" src=\"https:\/\/www.enka.k12.tr\/istanbul\/wp-content\/uploads\/2021\/01\/enka_schools_log_newtr.jpg\"\/>\n<\/div><\/div><\/div><\/div><div class=\"uvc-sub-heading ult-responsive\"  data-ultimate-target='.uvc-heading.ultimate-heading-886969f380cf4ade7 .uvc-sub-heading '  data-responsive-json-new='{\"font-size\":\"\",\"line-height\":\"\"}'  style=\"font-weight:normal;\"><br \/>\n<\/div><\/div>[\/vc_column_inner][vc_column_inner width=&#8221;1\/6&#8243;][\/vc_column_inner][\/vc_row_inner][vc_row bg_type=&#8221;bg_color&#8221; bg_color_value=&#8221;#ffffff&#8221;][vc_column]<div class=\"ult-spacer spacer-69f380cf4ae9a\" data-id=\"69f380cf4ae9a\" data-height=\"30\" data-height-mobile=\"10\" data-height-tab=\"20\" data-height-tab-portrait=\"\" data-height-mobile-landscape=\"\" style=\"clear:both;display:block;\"><\/div>[\/vc_column][\/vc_row][vc_row gap=&#8221;30&#8243; padding_top=&#8221;40px&#8221; padding_bottom=&#8221;40px&#8221; padding_left=&#8221;10px&#8221; padding_right=&#8221;10px&#8221; bg_type=&#8221;bg_color&#8221; bg_color_value=&#8221;rgba(247,247,247,0.8)&#8221;][vc_column width=&#8221;1\/4&#8243; padding_right=&#8221;10px&#8221;]<div id=\"ultimate-heading-252169f380cf4af5c\" class=\"uvc-heading ult-adjust-bottom-margin ultimate-heading-252169f380cf4af5c uvc-6381 \" data-hspacer=\"line_only\"  data-halign=\"left\" style=\"text-align:left\"><div class=\"uvc-main-heading ult-responsive\"  data-ultimate-target='.uvc-heading.ultimate-heading-252169f380cf4af5c h2'  data-responsive-json-new='{\"font-size\":\"desktop:20px;tablet:18px;tablet_portrait:17px;mobile_landscape:16px;mobile:15px;\",\"line-height\":\"desktop:20px;tablet:18px;tablet_portrait:17px;mobile_landscape:16px;mobile:15px;\"}' ><h2 style=\"font-weight:normal;color:#000000;\">Advanced Placement<\/h2><\/div><div class=\"uvc-sub-heading ult-responsive\"  data-ultimate-target='.uvc-heading.ultimate-heading-252169f380cf4af5c .uvc-sub-heading '  data-responsive-json-new='{\"font-size\":\"desktop:30px;tablet:28px;tablet_portrait:26px;mobile_landscape:24px;mobile:22px;\",\"line-height\":\"desktop:50px;tablet:48px;tablet_portrait:46px;mobile_landscape:44px;mobile:42px;\"}'  style=\"font-weight:bold;color:#000000;\">11-12. S\u0131n\u0131f<\/div><div class=\"uvc-heading-spacer line_only\" style=\"margin-top:10px;height:3px;\"><span class=\"uvc-headings-line\" style=\"border-style:solid;border-bottom-width:3px;border-color:#69b3e7;width:100px;\"><\/span><\/div><\/div><div class=\"ult-spacer spacer-69f380cf4b026\" data-id=\"69f380cf4b026\" data-height=\"30\" data-height-mobile=\"15\" data-height-tab=\"30\" data-height-tab-portrait=\"30\" data-height-mobile-landscape=\"30\" style=\"clear:both;display:block;\"><\/div>[vc_single_image image=&#8221;34924&#8243; onclick=&#8221;custom_link&#8221; link=&#8221;https:\/\/www.enka.k12.tr\/istanbul\/wp-content\/uploads\/2022\/07\/ap-brochure-keep-advancing.pdf&#8221;][\/vc_column][vc_column width=&#8221;3\/4&#8243;][vc_column_text]ENKA \u0130stanbul Lisesi, \u00f6\u011frencilerine hem Milli E\u011fitim Bakanl\u0131\u011f\u0131 m\u00fcfredat\u0131n\u0131 hem de Advanced Placement (AP) program\u0131n\u0131 sunar. ENKA \u0130stanbul\u2019daki AP Program\u0131, \u00f6\u011frencilere lise y\u0131llar\u0131nda \u00fcniversite d\u00fczeyinde dersler alma ve bu derslerin s\u0131navlar\u0131na girme f\u0131rsat\u0131 tan\u0131yan mod\u00fcler bir programd\u0131r. AP derslerini ba\u015far\u0131yla tamamlayan \u00f6\u011frenciler, bir\u00e7ok \u00fcniversitede kredi kazanma ve\/veya ileri d\u00fczey derslerden muaf olma imk\u00e2n\u0131na sahip olabilirler.[\/vc_column_text]<div class=\"ult-spacer spacer-69f380cf4b092\" data-id=\"69f380cf4b092\" data-height=\"30\" data-height-mobile=\"15\" data-height-tab=\"30\" data-height-tab-portrait=\"30\" data-height-mobile-landscape=\"30\" style=\"clear:both;display:block;\"><\/div>[\/vc_column][\/vc_row][vc_row gap=&#8221;30&#8243; padding_top=&#8221;40px&#8221; padding_bottom=&#8221;40px&#8221; padding_left=&#8221;10px&#8221; padding_right=&#8221;10px&#8221; bg_type=&#8221;bg_color&#8221; bg_color_value=&#8221;rgba(247,247,247,0.8)&#8221;][vc_column width=&#8221;1\/4&#8243; padding_right=&#8221;10px&#8221;]<div id=\"ultimate-heading-798669f380cf4b11a\" class=\"uvc-heading ult-adjust-bottom-margin ultimate-heading-798669f380cf4b11a uvc-1146 \" data-hspacer=\"line_only\"  data-halign=\"left\" style=\"text-align:left\"><div class=\"uvc-main-heading ult-responsive\"  data-ultimate-target='.uvc-heading.ultimate-heading-798669f380cf4b11a h2'  data-responsive-json-new='{\"font-size\":\"desktop:20px;tablet:18px;tablet_portrait:17px;mobile_landscape:16px;mobile:15px;\",\"line-height\":\"desktop:20px;tablet:18px;tablet_portrait:17px;mobile_landscape:16px;mobile:15px;\"}' ><h2 style=\"font-weight:normal;color:#000000;\">Advanced Placement Program\u0131<\/h2><\/div><div class=\"uvc-sub-heading ult-responsive\"  data-ultimate-target='.uvc-heading.ultimate-heading-798669f380cf4b11a .uvc-sub-heading '  data-responsive-json-new='{\"font-size\":\"desktop:30px;tablet:28px;tablet_portrait:26px;mobile_landscape:24px;mobile:22px;\",\"line-height\":\"desktop:50px;tablet:48px;tablet_portrait:46px;mobile_landscape:44px;mobile:42px;\"}'  style=\"font-weight:bold;color:#000000;\">A\u00e7\u0131klamas\u0131<\/div><div class=\"uvc-heading-spacer line_only\" style=\"margin-top:10px;height:3px;\"><span class=\"uvc-headings-line\" style=\"border-style:solid;border-bottom-width:3px;border-color:#69b3e7;width:100px;\"><\/span><\/div><\/div><div class=\"ult-spacer spacer-69f380cf4b1c5\" data-id=\"69f380cf4b1c5\" data-height=\"30\" data-height-mobile=\"15\" data-height-tab=\"30\" data-height-tab-portrait=\"30\" data-height-mobile-landscape=\"30\" style=\"clear:both;display:block;\"><\/div>[vc_single_image image=&#8221;34922&#8243; onclick=&#8221;custom_link&#8221; link=&#8221;https:\/\/www.enka.k12.tr\/istanbul\/wp-content\/uploads\/2022\/07\/ap-brochure-choose-ap.pdf&#8221;][\/vc_column][vc_column width=&#8221;3\/4&#8243;][vc_column_text]<\/p>\n<p data-start=\"0\" data-end=\"189\">Advanced Placement (AP), Amerika Birle\u015fik Devletleri ve Kanada&#8217;da College Board taraf\u0131ndan olu\u015fturulan ve lise \u00f6\u011frencilerine \u00fcniversite d\u00fczeyinde dersler ve s\u0131navlar sunan bir programd\u0131r.<\/p>\n<p data-start=\"191\" data-end=\"427\"><strong>AP, d\u00fcnya genelinde 60&#8217;tan fazla \u00fclkedeki \u00fcniversiteler taraf\u0131ndan akademik m\u00fckemmeliyetin bir g\u00f6stergesi olarak kabul edilmektedir.<\/strong><\/p>\n<p data-start=\"191\" data-end=\"427\">Kar amac\u0131 g\u00fctmeyen bir kurulu\u015f olan College Board, 1955 y\u0131l\u0131ndan bu yana AP program\u0131n\u0131 y\u00fcr\u00fctmektedir.<\/p>\n<p data-start=\"429\" data-end=\"928\">Okulumuzda 11. ve 12. s\u0131n\u0131f \u00f6\u011frencilerine sunulan Advanced Placement program\u0131 sayesinde \u00f6\u011frenciler, tamamlad\u0131klar\u0131 AP derslerini \u00f6zellikle ABD\u2019deki bir\u00e7ok \u00fcniversitede kredi olarak kullanabilirler. Ba\u015far\u0131l\u0131 AP s\u0131nav puanlar\u0131na sahip \u00f6\u011frenciler, \u00e7e\u015fitli vak\u0131flar\u0131n ve vak\u0131f \u00fcniversitelerinin burs olanaklar\u0131ndan faydalanabilir; hatta baz\u0131 \u00fcniversite derslerinden muaf tutulabilirler. T\u00fcrkiye\u2019de de giderek daha fazla \u00fcniversite AP derslerini tan\u0131makta, \u00f6\u011frencilere kredi ve burs imk\u00e2n\u0131 sunmaktad\u0131r.<\/p>\n<p data-start=\"930\" data-end=\"1007\">2019 y\u0131l\u0131nda 60&#8217;tan fazla \u00fclkede yakla\u015f\u0131k 5 milyon AP s\u0131nav\u0131 uygulanm\u0131\u015ft\u0131r.<\/p>\n<p data-start=\"1009\" data-end=\"1281\">Advanced Placement (AP), lise diplomas\u0131 ile sonu\u00e7lanan bir program de\u011fildir. Ancak \u00f6\u011frencilerin belirledikleri alanlarda daha ileri seviyede ve zorlu dersler almalar\u0131na olanak tan\u0131r. Ayn\u0131 zamanda AP dersleri, Milli E\u011fitim Bakanl\u0131\u011f\u0131 diploma program\u0131nda da yer almaktad\u0131r.<\/p>\n<p data-start=\"1283\" data-end=\"1685\">AP dersleri, \u00f6\u011frencilerin belirli bir konuda ba\u015far\u0131l\u0131 olmalar\u0131 i\u00e7in \u00fcniversite d\u00fczeyinde bir e\u011fitim almalar\u0131n\u0131 sa\u011flayacak \u015fekilde tasarlanm\u0131\u015ft\u0131r. Bu program, \u00f6zellikle \u00fcniversitede hangi b\u00f6l\u00fcm\u00fc okumak istedi\u011fini bilen \u00f6\u011frenciler i\u00e7in b\u00fcy\u00fck bir avantaj sunar. AP dersleri, \u00f6nemli miktarda okuma gerektirir ve bireysel \u00f6\u011frenmeye dayal\u0131 bir sistem sunarak \u00fcniversite e\u011fitimine benzer bir deneyim sa\u011flar.<\/p>\n<p data-start=\"1687\" data-end=\"1970\" data-is-last-node=\"\" data-is-only-node=\"\">AP dersleri; akademik olarak ba\u015far\u0131l\u0131 \u00f6\u011frenciler, se\u00e7tikleri alanda \u00fcniversite e\u011fitimi almay\u0131 planlayanlar, \u00fcniversiteye kabul s\u00fcrecinde transkriptlerini g\u00fc\u00e7lendirmek isteyenler ve s\u0131navlarda s\u0131n\u0131f i\u00e7i performanslar\u0131na k\u0131yasla daha ba\u015far\u0131l\u0131 olan \u00f6\u011frenciler i\u00e7in ideal bir se\u00e7enektir.<\/p>\n<p>[\/vc_column_text][\/vc_column][\/vc_row][vc_row gap=&#8221;30&#8243; padding_top=&#8221;40px&#8221; padding_bottom=&#8221;40px&#8221; padding_left=&#8221;10px&#8221; padding_right=&#8221;10px&#8221; bg_type=&#8221;bg_color&#8221; bg_color_value=&#8221;rgba(247,247,247,0.8)&#8221;][vc_column width=&#8221;1\/4&#8243; padding_right=&#8221;10px&#8221;]<div id=\"ultimate-heading-606069f380cf4b24e\" class=\"uvc-heading ult-adjust-bottom-margin ultimate-heading-606069f380cf4b24e uvc-2851 \" data-hspacer=\"line_only\"  data-halign=\"left\" style=\"text-align:left\"><div class=\"uvc-main-heading ult-responsive\"  data-ultimate-target='.uvc-heading.ultimate-heading-606069f380cf4b24e h2'  data-responsive-json-new='{\"font-size\":\"desktop:20px;tablet:18px;tablet_portrait:17px;mobile_landscape:16px;mobile:15px;\",\"line-height\":\"desktop:20px;tablet:18px;tablet_portrait:17px;mobile_landscape:16px;mobile:15px;\"}' ><h2 style=\"font-weight:normal;color:#000000;\">Advanced Placement Program\u0131<\/h2><\/div><div class=\"uvc-sub-heading ult-responsive\"  data-ultimate-target='.uvc-heading.ultimate-heading-606069f380cf4b24e .uvc-sub-heading '  data-responsive-json-new='{\"font-size\":\"desktop:30px;tablet:28px;tablet_portrait:26px;mobile_landscape:24px;mobile:22px;\",\"line-height\":\"desktop:50px;tablet:48px;tablet_portrait:46px;mobile_landscape:44px;mobile:42px;\"}'  style=\"font-weight:bold;color:#000000;\"><span style=\"font-weight: 400;\">S\u0131navlar\u0131 ve De\u011ferlendirmeleri<\/span><\/div><div class=\"uvc-heading-spacer line_only\" style=\"margin-top:10px;height:3px;\"><span class=\"uvc-headings-line\" style=\"border-style:solid;border-bottom-width:3px;border-color:#69b3e7;width:100px;\"><\/span><\/div><\/div><div class=\"ult-spacer spacer-69f380cf4b30e\" data-id=\"69f380cf4b30e\" data-height=\"30\" data-height-mobile=\"15\" data-height-tab=\"30\" data-height-tab-portrait=\"30\" data-height-mobile-landscape=\"30\" style=\"clear:both;display:block;\"><\/div>[\/vc_column][vc_column width=&#8221;3\/4&#8243;][vc_column_text]<\/p>\n<p data-start=\"0\" data-end=\"232\">AP Program\u0131, belirli bir dersin i\u00e7eri\u011finde uzmanla\u015fmaya odaklanan, geleneksel akademik yap\u0131y\u0131 takip eden bir programd\u0131r. Disiplinleraras\u0131 bir yakla\u015f\u0131mdan \u00e7ok, belirli bir konu alan\u0131nda derinlemesine bilgi edinmeyi te\u015fvik eder.<\/p>\n<p data-start=\"234\" data-end=\"323\">AP program\u0131ndaki final s\u0131navlar\u0131, kapsaml\u0131 ve yo\u011fun de\u011ferlendirme s\u00fcre\u00e7leri i\u00e7erir.<\/p>\n<ul style=\"list-style-type: circle;\">\n<li>Her bir AP Dersi bir AP S\u0131nav\u0131 ile sona ermektedir. Bu de\u011ferlendirmeler, dersi tasarlayan ayn\u0131 uzman komite taraf\u0131ndan haz\u0131rlanm\u0131\u015ft\u0131r.<\/li>\n<li>S\u0131navlar, \u00fcniversite profes\u00f6rleri ve deneyimli AP \u00f6\u011fretmenleri taraf\u0131ndan 1 ile 5 aras\u0131nda bir \u00f6l\u00e7ekte puanland\u0131r\u0131l\u0131r.<\/li>\n<li>Bir\u00e7ok ABD \u00fcniversitesi 3 veya daha y\u00fcksek olan AP S\u0131nav\u0131 puanlar\u0131 i\u00e7in kredi sunmaktad\u0131r.<\/li>\n<li>AP s\u0131navlar\u0131, yetkili okullarda ve test merkezlerinde uygulan\u0131r.<\/li>\n<li>AP dersleri sunan \u00e7o\u011fu lise, kendi \u00f6\u011frencilerinin yan\u0131 s\u0131ra di\u011fer okullar\u0131n \u00f6\u011frencileri i\u00e7in de AP s\u0131navlar\u0131 yapar.<\/li>\n<\/ul>\n<p>[\/vc_column_text][\/vc_column][\/vc_row][vc_row gap=&#8221;30&#8243; padding_top=&#8221;40px&#8221; padding_bottom=&#8221;40px&#8221; padding_left=&#8221;10px&#8221; padding_right=&#8221;10px&#8221; bg_type=&#8221;bg_color&#8221; bg_color_value=&#8221;rgba(247,247,247,0.8)&#8221;][vc_column width=&#8221;1\/4&#8243; padding_right=&#8221;10px&#8221;]<div id=\"ultimate-heading-745569f380cf4b396\" class=\"uvc-heading ult-adjust-bottom-margin ultimate-heading-745569f380cf4b396 uvc-1384 \" data-hspacer=\"line_only\"  data-halign=\"left\" style=\"text-align:left\"><div class=\"uvc-main-heading ult-responsive\"  data-ultimate-target='.uvc-heading.ultimate-heading-745569f380cf4b396 h2'  data-responsive-json-new='{\"font-size\":\"desktop:20px;tablet:18px;tablet_portrait:17px;mobile_landscape:16px;mobile:15px;\",\"line-height\":\"desktop:20px;tablet:18px;tablet_portrait:17px;mobile_landscape:16px;mobile:15px;\"}' ><h2 style=\"font-weight:normal;color:#000000;\">Advanced Placement Program\u0131<\/h2><\/div><div class=\"uvc-sub-heading ult-responsive\"  data-ultimate-target='.uvc-heading.ultimate-heading-745569f380cf4b396 .uvc-sub-heading '  data-responsive-json-new='{\"font-size\":\"desktop:30px;tablet:28px;tablet_portrait:26px;mobile_landscape:24px;mobile:22px;\",\"line-height\":\"desktop:50px;tablet:48px;tablet_portrait:46px;mobile_landscape:44px;mobile:42px;\"}'  style=\"font-weight:bold;color:#000000;\">\u00d6\u011frencilere Sa\u011flar<\/div><div class=\"uvc-heading-spacer line_only\" style=\"margin-top:10px;height:3px;\"><span class=\"uvc-headings-line\" style=\"border-style:solid;border-bottom-width:3px;border-color:#69b3e7;width:100px;\"><\/span><\/div><\/div><div class=\"ult-spacer spacer-69f380cf4b42d\" data-id=\"69f380cf4b42d\" data-height=\"30\" data-height-mobile=\"15\" data-height-tab=\"30\" data-height-tab-portrait=\"30\" data-height-mobile-landscape=\"30\" style=\"clear:both;display:block;\"><\/div>[\/vc_column][vc_column width=&#8221;3\/4&#8243;][vc_column_text]<span style=\"font-weight: 400;\">AP Program\u0131 \u00f6\u011frencilerin;\u00a0<\/span><\/p>\n<ul>\n<li style=\"list-style-type: none;\">\n<ul style=\"list-style-type: circle;\">\n<li style=\"font-weight: 400;\" aria-level=\"1\"><span style=\"font-weight: 400;\">\u0130lgi alanlar\u0131na g\u00f6re potansiyel b\u00f6l\u00fcmlerini ke\u015ffetmelerini,<\/span><\/li>\n<li style=\"font-weight: 400;\" aria-level=\"1\"><span style=\"font-weight: 400;\">\u00dcniversite becerilerini ve \u00f6zg\u00fcvenlerini geli\u015ftirmelerini,<\/span><\/li>\n<li style=\"font-weight: 400;\" aria-level=\"1\"><span style=\"font-weight: 400;\">\u00dcniversite kabul s\u00fcrecinde \u00f6ne \u00e7\u0131kmalar\u0131n\u0131,<\/span><\/li>\n<li style=\"font-weight: 400;\" aria-level=\"1\"><span style=\"font-weight: 400;\">\u00dcniversitede ge\u00e7erli olacak ders kredilerini kazanmalar\u0131n\u0131,<\/span><\/li>\n<li style=\"font-weight: 400;\" aria-level=\"1\"><span style=\"font-weight: 400;\">\u00dcniversitedeki giri\u015f derslerinden muaf olmalar\u0131n\u0131,<\/span><\/li>\n<li style=\"font-weight: 400;\" aria-level=\"1\"><span style=\"font-weight: 400;\">Sevdikleri dersleri, tatmin edici kariyer yollar\u0131na d\u00f6n\u00fc\u015ft\u00fcrmelerini <\/span><span style=\"font-weight: 400;\">sa\u011flar.<\/span><\/li>\n<\/ul>\n<\/li>\n<\/ul>\n<p>[\/vc_column_text][\/vc_column][\/vc_row][vc_row gap=&#8221;30&#8243; padding_top=&#8221;40px&#8221; padding_bottom=&#8221;40px&#8221; padding_left=&#8221;10px&#8221; padding_right=&#8221;10px&#8221; bg_type=&#8221;bg_color&#8221; bg_color_value=&#8221;rgba(247,247,247,0.8)&#8221;][vc_column width=&#8221;1\/4&#8243; padding_right=&#8221;10px&#8221;]<div id=\"ultimate-heading-745469f380cf4b4b2\" class=\"uvc-heading ult-adjust-bottom-margin ultimate-heading-745469f380cf4b4b2 uvc-1515 \" data-hspacer=\"line_only\"  data-halign=\"left\" style=\"text-align:left\"><div class=\"uvc-main-heading ult-responsive\"  data-ultimate-target='.uvc-heading.ultimate-heading-745469f380cf4b4b2 h2'  data-responsive-json-new='{\"font-size\":\"desktop:20px;tablet:18px;tablet_portrait:17px;mobile_landscape:16px;mobile:15px;\",\"line-height\":\"desktop:20px;tablet:18px;tablet_portrait:17px;mobile_landscape:16px;mobile:15px;\"}' ><h2 style=\"font-weight:normal;color:#000000;\">ENKA'da<\/h2><\/div><div class=\"uvc-sub-heading ult-responsive\"  data-ultimate-target='.uvc-heading.ultimate-heading-745469f380cf4b4b2 .uvc-sub-heading '  data-responsive-json-new='{\"font-size\":\"desktop:30px;tablet:28px;tablet_portrait:26px;mobile_landscape:24px;mobile:22px;\",\"line-height\":\"desktop:50px;tablet:48px;tablet_portrait:46px;mobile_landscape:44px;mobile:42px;\"}'  style=\"font-weight:bold;color:#000000;\">A\u00e7\u0131lan AP Dersleri<\/div><div class=\"uvc-heading-spacer line_only\" style=\"margin-top:10px;height:3px;\"><span class=\"uvc-headings-line\" style=\"border-style:solid;border-bottom-width:3px;border-color:#69b3e7;width:100px;\"><\/span><\/div><\/div><div class=\"ult-spacer spacer-69f380cf4b542\" data-id=\"69f380cf4b542\" data-height=\"30\" data-height-mobile=\"15\" data-height-tab=\"30\" data-height-tab-portrait=\"30\" data-height-mobile-landscape=\"30\" style=\"clear:both;display:block;\"><\/div>[\/vc_column][vc_column width=&#8221;3\/4&#8243;][vc_column_text]<span style=\"font-weight: 400;\">Okulumuzda, kay\u0131t durumuna ba\u011fl\u0131 olarak 12 adede kadar AP kursu sunulmaktad\u0131r.<\/span><\/p>\n<p><span style=\"font-weight: 400;\">Sunulan mevcut AP kurslar\u0131 \u015funlar\u0131 i\u00e7erir:<\/span><\/p>\n<p><strong>11. S\u0131n\u0131f<\/strong><\/p>\n<ul style=\"list-style-type: circle;\">\n<li>T\u00fcrk Dili ve Edebiyat\u0131<\/li>\n<li>Tarih<\/li>\n<li>Felsefe<\/li>\n<li>Din K\u00fclt\u00fcr\u00fc Ahlak Bilgisi<\/li>\n<li>AP MFL (Almanca-Frans\u0131zca-\u0130spanyolca)<\/li>\n<li>AP Kimya<\/li>\n<li>Calculus AB<\/li>\n<li>Calculus BC<\/li>\n<li>\u0130ngilizce<\/li>\n<li>AP \u0130ngilizce<\/li>\n<li>AP Fizik 1<\/li>\n<li>AP Biyoloji<\/li>\n<li>AP 2D Art + Sanat Tarihi<\/li>\n<li>AP Psikoloji<\/li>\n<li>AP Kar\u015f. H\u00fck\u00fcmet ve Politika<\/li>\n<li>AP 2D Art + Sanat Tarihi<\/li>\n<li>AP Mikro. + Sanat tarihi<\/li>\n<\/ul>\n<p>&nbsp;<\/p>\n<p><strong>12. S\u0131n\u0131f<\/strong><\/p>\n<ul style=\"list-style-type: circle;\">\n<li>T\u00fcrk Dili ve Edebiyat\u0131<\/li>\n<li>Tarih<\/li>\n<li>Din K\u00fclt\u00fcr\u00fc Ahlak Bilgisi<\/li>\n<li>MFL (Almanca-Frans\u0131zca-\u0130spanyolca)<\/li>\n<li>\u0130ngilizce<\/li>\n<li>AP Calculus BC<\/li>\n<li>Matematik<\/li>\n<li>AP Physics C<\/li>\n<li>AP \u0130statistik<\/li>\n<li>AP Makroekonomi<\/li>\n<li>AP 3D Art<\/li>\n<li>\u0130ngilizce<\/li>\n<li>Sosyoloji<\/li>\n<li>Co\u011frafya<\/li>\n<li>AP D\u00fcnya Tarihi<\/li>\n<\/ul>\n<p>[\/vc_column_text][\/vc_column][\/vc_row]<\/p>\n<\/div>","protected":false},"excerpt":{"rendered":"<p>[vc_row_inner][vc_column_inner width=&#8221;1\/6&#8243;][\/vc_column_inner][vc_column_inner width=&#8221;2\/3&#8243;][\/vc_column_inner][vc_column_inner width=&#8221;1\/6&#8243;][\/vc_column_inner][\/vc_row_inner][vc_row bg_type=&#8221;bg_color&#8221; bg_color_value=&#8221;#ffffff&#8221;][vc_column][\/vc_column][\/vc_row][vc_row gap=&#8221;30&#8243; padding_top=&#8221;40px&#8221; padding_bottom=&#8221;40px&#8221; padding_left=&#8221;10px&#8221; padding_right=&#8221;10px&#8221; bg_type=&#8221;bg_color&#8221; bg_color_value=&#8221;rgba(247,247,247,0.8)&#8221;][vc_column width=&#8221;1\/4&#8243; padding_right=&#8221;10px&#8221;][vc_single_image image=&#8221;34924&#8243; onclick=&#8221;custom_link&#8221; link=&#8221;https:\/\/www.enka.k12.tr\/istanbul\/wp-content\/uploads\/2022\/07\/ap-brochure-keep-advancing.pdf&#8221;][\/vc_column][vc_column width=&#8221;3\/4&#8243;][vc_column_text]ENKA \u0130stanbul Lisesi, \u00f6\u011frencilerine hem Milli E\u011fitim Bakanl\u0131\u011f\u0131 m\u00fcfredat\u0131n\u0131 hem de Advanced Placement (AP) program\u0131n\u0131 sunar. ENKA \u0130stanbul\u2019daki AP Program\u0131, \u00f6\u011frencilere lise y\u0131llar\u0131nda \u00fcniversite d\u00fczeyinde dersler alma ve bu derslerin s\u0131navlar\u0131na girme f\u0131rsat\u0131 tan\u0131yan mod\u00fcler bir programd\u0131r. AP derslerini ba\u015far\u0131yla tamamlayan \u00f6\u011frenciler, bir\u00e7ok \u00fcniversitede kredi kazanma ve\/veya&#8230;<\/p>\n","protected":false},"author":1,"featured_media":27677,"parent":5534,"menu_order":0,"comment_status":"closed","ping_status":"closed","template":"","meta":{"_acf_changed":false,"om_disable_all_campaigns":false,"inline_featured_image":false,"_monsterinsights_skip_tracking":false,"_monsterinsights_sitenote_active":false,"_monsterinsights_sitenote_note":"","_monsterinsights_sitenote_category":0,"footnotes":""},"class_list":["post-33989","page","type-page","status-publish","has-post-thumbnail","hentry","custom-post-type-entry"],"aioseo_notices":[],"acf":[],"_links":{"self":[{"href":"https:\/\/www.enka.k12.tr\/istanbul\/tr\/wp-json\/wp\/v2\/pages\/33989","targetHints":{"allow":["GET"]}}],"collection":[{"href":"https:\/\/www.enka.k12.tr\/istanbul\/tr\/wp-json\/wp\/v2\/pages"}],"about":[{"href":"https:\/\/www.enka.k12.tr\/istanbul\/tr\/wp-json\/wp\/v2\/types\/page"}],"author":[{"embeddable":true,"href":"https:\/\/www.enka.k12.tr\/istanbul\/tr\/wp-json\/wp\/v2\/users\/1"}],"replies":[{"embeddable":true,"href":"https:\/\/www.enka.k12.tr\/istanbul\/tr\/wp-json\/wp\/v2\/comments?post=33989"}],"version-history":[{"count":0,"href":"https:\/\/www.enka.k12.tr\/istanbul\/tr\/wp-json\/wp\/v2\/pages\/33989\/revisions"}],"up":[{"embeddable":true,"href":"https:\/\/www.enka.k12.tr\/istanbul\/tr\/wp-json\/wp\/v2\/pages\/5534"}],"wp:featuredmedia":[{"embeddable":true,"href":"https:\/\/www.enka.k12.tr\/istanbul\/tr\/wp-json\/wp\/v2\/media\/27677"}],"wp:attachment":[{"href":"https:\/\/www.enka.k12.tr\/istanbul\/tr\/wp-json\/wp\/v2\/media?parent=33989"}],"curies":[{"name":"wp","href":"https:\/\/api.w.org\/{rel}","templated":true}]}}